{"id":9957,"date":"2024-06-13T15:50:44","date_gmt":"2024-06-13T08:50:44","guid":{"rendered":"https:\/\/huepress.vn\/?post_type=product&#038;p=9957"},"modified":"2024-11-05T11:08:45","modified_gmt":"2024-11-05T04:08:45","slug":"huebox-pro-cct","status":"publish","type":"product","link":"https:\/\/huepress.vn\/en\/product\/huebox-pro-cct\/","title":{"rendered":"HueBox CCT PRO- H\u1ed9p \u0111i\u1ec1u khi\u1ec3n 600W (\u0110\u1ed9c quy\u1ec1n NPP)"},"content":{"rendered":"<div class=\"video video-fit mb\" style=\"padding-top:56.25%;\"><p><iframe loading=\"lazy\" title=\"H\u1ec7 th\u1ed1ng smart lighting m\u1ea1ng kh\u00f4ng d\u00e2y WiFi BLE mesh k\u1ebft h\u1ee3p cho \u0111\u00e8n \u0111\u1ed5i m\u00e0u CCT HuePress\" width=\"1020\" height=\"574\" src=\"https:\/\/www.youtube.com\/embed\/nsOnsGj6AfA?feature=oembed\" frameborder=\"0\" allow=\"accelerometer; autoplay; clipboard-write; encrypted-media; gyroscope; picture-in-picture; web-share\" referrerpolicy=\"strict-origin-when-cross-origin\" allowfullscreen><\/iframe><\/p>\n<\/div>\n<div class=\"video video-fit mb\" style=\"padding-top:56.25%;\"><p><iframe loading=\"lazy\" title=\"H\u01b0\u1edbng d\u1eabn l\u1eafp t\u1ee7 din ray cho h\u1ec7 th\u1ed1ng smart led driver v\u00e0 Hub trung t\u00e2m DMX pro\" width=\"1020\" height=\"574\" src=\"https:\/\/www.youtube.com\/embed\/ylhLC1ppx6A?feature=oembed\" frameborder=\"0\" allow=\"accelerometer; autoplay; clipboard-write; encrypted-media; gyroscope; picture-in-picture; web-share\" referrerpolicy=\"strict-origin-when-cross-origin\" allowfullscreen><\/iframe><\/p>\n<\/div>\n<h3>Video tr\u1ea3i nghi\u1ec7m s\u1ea3n ph\u1ea9m HueBox CCT mini:<\/h3>\n<div class=\"video video-fit mb\" style=\"padding-top:56.25%;\"><p><iframe loading=\"lazy\" title=\"(smarthome 50$)- Part 2 - Bi\u1ebfn m\u1ecdi lo\u1ea1i \u0111\u00e8n th\u01b0\u1eddng 3 ch\u1ebf \u0111\u1ed9 th\u00e0nh \u0111\u00e8n th\u00f4ng minh\" width=\"1020\" height=\"574\" src=\"https:\/\/www.youtube.com\/embed\/uOcDQk0AB-s?feature=oembed\" frameborder=\"0\" allow=\"accelerometer; autoplay; clipboard-write; encrypted-media; gyroscope; picture-in-picture; web-share\" referrerpolicy=\"strict-origin-when-cross-origin\" allowfullscreen><\/iframe><\/p>\n<\/div>\n<p>&nbsp;<\/p>\n<p><img loading=\"lazy\" decoding=\"async\" class=\"size-medium wp-image-7840 aligncenter\" src=\"https:\/\/huepress.vn\/wp-content\/uploads\/2023\/06\/extension-HueBox-C-800x400.jpg\" alt=\"\" width=\"800\" height=\"400\" srcset=\"https:\/\/huepress.vn\/wp-content\/uploads\/2023\/06\/extension-HueBox-C-800x400.jpg 800w, https:\/\/huepress.vn\/wp-content\/uploads\/2023\/06\/extension-HueBox-C-1400x700.jpg 1400w, https:\/\/huepress.vn\/wp-content\/uploads\/2023\/06\/extension-HueBox-C-768x384.jpg 768w, https:\/\/huepress.vn\/wp-content\/uploads\/2023\/06\/extension-HueBox-C-1536x768.jpg 1536w, https:\/\/huepress.vn\/wp-content\/uploads\/2023\/06\/extension-HueBox-C-2048x1024.jpg 2048w, https:\/\/huepress.vn\/wp-content\/uploads\/2023\/06\/extension-HueBox-C-350x175.jpg 350w\" sizes=\"auto, (max-width: 800px) 100vw, 800px\" \/><\/p>\n<table style=\"height: 773px;\" width=\"875\">\n<tbody>\n<tr>\n<td colspan=\"2\" width=\"435\"><strong>Th\u00f4ng tin s\u1ea3n ph\u1ea9m<\/strong><\/td>\n<td width=\"92\"><strong>\u00a0<\/strong><\/td>\n<td width=\"192\"><strong>\u00a0<\/strong><\/td>\n<\/tr>\n<tr>\n<td colspan=\"4\" width=\"718\">T\u1ea5t c\u1ea3 c\u00e1c th\u00f4ng s\u1ed1 k\u1ef9 thu\u1eadt ti\u00eau chu\u1ea9n \u1edf 25 \u00b0C tr\u1eeb khi c\u00f3 quy \u0111\u1ecbnh kh\u00e1c.<\/td>\n<\/tr>\n<tr>\n<td width=\"255\">&nbsp;<\/p>\n<p>&nbsp;<\/td>\n<td width=\"180\"><\/td>\n<td width=\"92\"><\/td>\n<td width=\"192\"><\/td>\n<\/tr>\n<tr>\n<td width=\"255\"><strong>Th\u00f4ng s\u1ed1 \u0111i\u1ec7n<\/strong><\/td>\n<td width=\"180\"><strong>\u00a0<\/strong><\/td>\n<td width=\"92\"><strong>\u00a0<\/strong><\/td>\n<td width=\"192\"><strong>\u00a0<\/strong><\/td>\n<\/tr>\n<tr>\n<td width=\"255\"><strong>Th\u00f4ng s\u1ed1 k\u1ef9 thu\u1eadt<\/strong><\/td>\n<td width=\"180\"><strong>Gi\u00e1 tr\u1ecb<\/strong><\/td>\n<td width=\"92\"><strong>\u0110\u01a1n v\u1ecb<\/strong><\/td>\n<td width=\"192\"><strong>\u0110i\u1ec1u ki\u1ec7n<\/strong><\/td>\n<\/tr>\n<tr>\n<td width=\"255\">\u0110i\u1ec7n \u00e1p \u0111\u1ecbnh m\u1ee9c \u0111\u1ea7u v\u00e0o<\/td>\n<td width=\"180\">24 ~ 36<\/td>\n<td width=\"92\">Vdc<\/td>\n<td width=\"192\">Ph\u1ea1m vi \u0111i\u1ec1u khi\u1ec3n<\/td>\n<\/tr>\n<tr>\n<td width=\"255\">D\u00f2ng \u0111i\u1ec7n \u0111\u1ecbnh m\u1ee9c \u0111\u1ea7u v\u00e0o<\/td>\n<td width=\"180\">5<\/td>\n<td width=\"92\">A<\/td>\n<td width=\"192\">@ C\u00f4ng su\u1ea5t \u0111\u1ea7u ra t\u1ed1i \u0111a<\/td>\n<\/tr>\n<tr>\n<td width=\"255\">C\u00f4ng su\u1ea5t \u0111\u1ea7u v\u00e0o<\/td>\n<td width=\"180\">200<\/td>\n<td width=\"92\">W<\/td>\n<td width=\"192\">@ C\u00f4ng su\u1ea5t \u0111\u1ea7u ra t\u1ed1i \u0111a @ \u0110i\u1ec7n \u00e1p \u0111\u1ecbnh m\u1ee9c \u0111\u1ea7u v\u00e0o t\u1ed1i \u0111a<\/td>\n<\/tr>\n<tr>\n<td width=\"255\">D\u00f2ng \u0111i\u1ec7n \u0111\u1ecbnh m\u1ee9c \u0111\u1ea7u ra<\/td>\n<td width=\"180\">5<\/td>\n<td width=\"92\">A<\/td>\n<td width=\"192\">@D\u00f2ng \u0111i\u1ec7n t\u1ed1i \u0111a@T\u1ef7 l\u1ec7 ngh\u1ecbch v\u1edbi \u0111i\u1ec7n \u00e1p v\u00e0o<\/td>\n<\/tr>\n<tr>\n<td width=\"255\">\u0110i\u1ec7n \u00e1p ph\u1ee5 t\u1ea3i<\/td>\n<td width=\"180\">12 ~ 100<\/td>\n<td width=\"92\">V<\/td>\n<td width=\"192\">@Li\u00ean h\u1ec7 h\u1ed7 tr\u1ee3 k\u1ef9 thu\u1eadt<\/td>\n<\/tr>\n<tr>\n<td width=\"255\">C\u00f4ng su\u1ea5t ti\u00eau th\u1ee5<\/td>\n<td width=\"180\">0.1<\/td>\n<td width=\"92\">W<\/td>\n<td width=\"192\">@ \u0110i\u1ec7n \u00e1p \u0111\u1ecbnh m\u1ee9c \u0111\u1ea7u v\u00e0o<\/td>\n<\/tr>\n<tr>\n<td width=\"255\">Ch\u1ed1ng t\u00ednh \u0111i\u1ec7n<\/td>\n<td width=\"180\">4KV @ HBM, 8KV @ kh\u00f4ng kh\u00ed<\/td>\n<td width=\"92\"><\/td>\n<td width=\"192\"><\/td>\n<\/tr>\n<\/tbody>\n<\/table>\n<p><img loading=\"lazy\" decoding=\"async\" class=\"size-full wp-image-7847 aligncenter\" src=\"https:\/\/huepress.vn\/wp-content\/uploads\/2023\/06\/huebox-C2-1.jpg\" alt=\"\" width=\"777\" height=\"181\" srcset=\"https:\/\/huepress.vn\/wp-content\/uploads\/2023\/06\/huebox-C2-1.jpg 777w, https:\/\/huepress.vn\/wp-content\/uploads\/2023\/06\/huebox-C2-1-768x179.jpg 768w, https:\/\/huepress.vn\/wp-content\/uploads\/2023\/06\/huebox-C2-1-350x82.jpg 350w\" sizes=\"auto, (max-width: 777px) 100vw, 777px\" \/><\/p>\n<table width=\"100%\">\n<tbody>\n<tr>\n<td colspan=\"4\" width=\"100%\"><strong>\u0110\u1ecbnh ngh\u0129a d\u00e2y<\/strong><\/td>\n<\/tr>\n<tr>\n<td width=\"6%\"><strong>\u00a0<\/strong><\/td>\n<td width=\"26%\"><strong>Th\u00f4ng s\u1ed1 k\u1ef9 thu\u1eadt<\/strong><\/td>\n<td width=\"34%\"><strong>\u0110\u1ecbnh ngh\u0129a<\/strong><\/td>\n<td width=\"32%\"><strong>Ch\u00fa th\u00edch<\/strong><\/td>\n<\/tr>\n<tr>\n<td width=\"6%\">A<\/td>\n<td width=\"26%\">R (+) \u0110\u1ecf<\/td>\n<td width=\"34%\">Ngu\u1ed3n \u0111i\u1ec7n DC \u0111\u1ea7u ra d\u01b0\u01a1ng<\/td>\n<td width=\"32%\"><\/td>\n<\/tr>\n<tr>\n<td width=\"6%\">B<\/td>\n<td width=\"26%\">Y (-) V\u00e0ng<\/td>\n<td width=\"34%\">D\u00e2y \u0111i\u1ec1u khi\u1ec3n LED V\u00e0ng<\/td>\n<td width=\"32%\"><\/td>\n<\/tr>\n<tr>\n<td width=\"6%\">C<\/td>\n<td width=\"26%\">W (-) Tr\u1eafng<\/td>\n<td width=\"34%\">D\u00e2y \u0111i\u1ec1u khi\u1ec3n LED Tr\u1eafng<\/td>\n<td width=\"32%\"><\/td>\n<\/tr>\n<tr>\n<td width=\"6%\">D<\/td>\n<td width=\"26%\">V (+) \u0110en<\/td>\n<td width=\"34%\">Ngu\u1ed3n \u0111i\u1ec7n DC \u0111\u1ea7u v\u00e0o \u00e2m<\/td>\n<td width=\"32%\"><\/td>\n<\/tr>\n<tr>\n<td width=\"6%\">E<\/td>\n<td width=\"26%\">V (-) \u0110\u1ecf<\/td>\n<td width=\"34%\">Ngu\u1ed3n \u0111i\u1ec7n DC \u0111\u1ea7u v\u00e0o d\u01b0\u01a1ng<\/td>\n<td width=\"32%\"><\/td>\n<\/tr>\n<\/tbody>\n<\/table>\n<p>&nbsp;<\/p>\n<p><img loading=\"lazy\" decoding=\"async\" class=\"size-medium wp-image-7849 aligncenter\" src=\"https:\/\/huepress.vn\/wp-content\/uploads\/2023\/06\/huebox-C2-2-800x175.jpg\" alt=\"\" width=\"800\" height=\"175\" srcset=\"https:\/\/huepress.vn\/wp-content\/uploads\/2023\/06\/huebox-C2-2-800x175.jpg 800w, https:\/\/huepress.vn\/wp-content\/uploads\/2023\/06\/huebox-C2-2-768x168.jpg 768w, https:\/\/huepress.vn\/wp-content\/uploads\/2023\/06\/huebox-C2-2-350x76.jpg 350w, https:\/\/huepress.vn\/wp-content\/uploads\/2023\/06\/huebox-C2-2.jpg 1122w\" sizes=\"auto, (max-width: 800px) 100vw, 800px\" \/> <img loading=\"lazy\" decoding=\"async\" class=\"size-medium wp-image-7851 aligncenter\" src=\"https:\/\/huepress.vn\/wp-content\/uploads\/2023\/06\/huebox-C2-3-800x169.jpg\" alt=\"\" width=\"800\" height=\"169\" srcset=\"https:\/\/huepress.vn\/wp-content\/uploads\/2023\/06\/huebox-C2-3-800x169.jpg 800w, https:\/\/huepress.vn\/wp-content\/uploads\/2023\/06\/huebox-C2-3-768x162.jpg 768w, https:\/\/huepress.vn\/wp-content\/uploads\/2023\/06\/huebox-C2-3-350x74.jpg 350w, https:\/\/huepress.vn\/wp-content\/uploads\/2023\/06\/huebox-C2-3.jpg 933w\" sizes=\"auto, (max-width: 800px) 100vw, 800px\" \/><\/p>\n<table style=\"height: 246px;\" width=\"873\">\n<tbody>\n<tr>\n<td width=\"255\"><strong>K\u00edch th\u01b0\u1edbc v\u00e0 tr\u1ecdng l\u01b0\u1ee3ng<\/strong><\/td>\n<td width=\"180\"><strong>\u00a0<\/strong><\/td>\n<td width=\"92\"><strong>\u00a0<\/strong><\/td>\n<td width=\"192\"><strong>\u00a0<\/strong><\/td>\n<\/tr>\n<tr>\n<td width=\"255\"><strong>Th\u00f4ng s\u1ed1 k\u1ef9 thu\u1eadt<\/strong><\/td>\n<td width=\"180\"><strong>Gi\u00e1 tr\u1ecb<\/strong><\/td>\n<td width=\"92\"><strong>\u0110\u01a1n v\u1ecb<\/strong><\/td>\n<td width=\"192\"><strong>\u0110i\u1ec1u ki\u1ec7n<\/strong><\/td>\n<\/tr>\n<tr>\n<td width=\"255\">K\u00edch th\u01b0\u1edbc (D\u00e0i x R\u1ed9ng x Cao)<\/td>\n<td width=\"180\">94 x 46 x 21.5<\/td>\n<td width=\"92\">mm<\/td>\n<td width=\"192\">Dung sai +\/- 1mm<\/td>\n<\/tr>\n<tr>\n<td width=\"255\">M\u00e0u s\u1eafc<\/td>\n<td width=\"180\">\u0110en<\/td>\n<td width=\"92\"><\/td>\n<td width=\"192\"><\/td>\n<\/tr>\n<tr>\n<td width=\"255\">Tr\u1ecdng l\u01b0\u1ee3ng<\/td>\n<td width=\"180\">70<\/td>\n<td width=\"92\">gram<\/td>\n<td width=\"192\"><\/td>\n<\/tr>\n<\/tbody>\n<\/table>\n<p><img loading=\"lazy\" decoding=\"async\" class=\"size-medium wp-image-7828 aligncenter\" src=\"https:\/\/huepress.vn\/wp-content\/uploads\/2023\/06\/HueBox-C1-4-500x400.jpg\" alt=\"\" width=\"500\" height=\"400\" srcset=\"https:\/\/huepress.vn\/wp-content\/uploads\/2023\/06\/HueBox-C1-4-500x400.jpg 500w, https:\/\/huepress.vn\/wp-content\/uploads\/2023\/06\/HueBox-C1-4-768x614.jpg 768w, https:\/\/huepress.vn\/wp-content\/uploads\/2023\/06\/HueBox-C1-4-350x280.jpg 350w, https:\/\/huepress.vn\/wp-content\/uploads\/2023\/06\/HueBox-C1-4.jpg 943w\" sizes=\"auto, (max-width: 500px) 100vw, 500px\" \/><\/p>\n<p>&nbsp;<\/p>\n","protected":false},"excerpt":{"rendered":"<p>Video tr\u1ea3i nghi\u1ec7m s\u1ea3n ph\u1ea9m HueBox CCT mini: &nbsp; Th\u00f4ng tin s\u1ea3n ph\u1ea9m \u00a0 \u00a0 T\u1ea5t c\u1ea3 c\u00e1c th\u00f4ng s\u1ed1 k\u1ef9 thu\u1eadt ti\u00eau chu\u1ea9n \u1edf 25 \u00b0C tr\u1eeb khi c\u00f3 quy \u0111\u1ecbnh kh\u00e1c. &nbsp; &nbsp; Th\u00f4ng s\u1ed1 \u0111i\u1ec7n \u00a0 \u00a0 \u00a0 Th\u00f4ng s\u1ed1 k\u1ef9 thu\u1eadt Gi\u00e1 tr\u1ecb \u0110\u01a1n v\u1ecb \u0110i\u1ec1u ki\u1ec7n \u0110i\u1ec7n \u00e1p \u0111\u1ecbnh m\u1ee9c<\/p>\n","protected":false},"featured_media":9958,"comment_status":"open","ping_status":"closed","template":"","meta":{"_acf_changed":false,"inline_featured_image":false},"product_brand":[],"product_cat":[365,366,190],"product_tag":[],"class_list":{"0":"post-9957","1":"product","2":"type-product","3":"status-publish","4":"has-post-thumbnail","6":"product_cat-thiet-bi-dieu-khien-master","7":"product_cat-huebox-c","8":"product_cat-module-dieu-khien","10":"first","11":"instock","12":"shipping-taxable","13":"purchasable","14":"product-type-simple"},"acf":[],"_links":{"self":[{"href":"https:\/\/huepress.vn\/en\/wp-json\/wp\/v2\/product\/9957","targetHints":{"allow":["GET"]}}],"collection":[{"href":"https:\/\/huepress.vn\/en\/wp-json\/wp\/v2\/product"}],"about":[{"href":"https:\/\/huepress.vn\/en\/wp-json\/wp\/v2\/types\/product"}],"replies":[{"embeddable":true,"href":"https:\/\/huepress.vn\/en\/wp-json\/wp\/v2\/comments?post=9957"}],"wp:featuredmedia":[{"embeddable":true,"href":"https:\/\/huepress.vn\/en\/wp-json\/wp\/v2\/media\/9958"}],"wp:attachment":[{"href":"https:\/\/huepress.vn\/en\/wp-json\/wp\/v2\/media?parent=9957"}],"wp:term":[{"taxonomy":"product_brand","embeddable":true,"href":"https:\/\/huepress.vn\/en\/wp-json\/wp\/v2\/product_brand?post=9957"},{"taxonomy":"product_cat","embeddable":true,"href":"https:\/\/huepress.vn\/en\/wp-json\/wp\/v2\/product_cat?post=9957"},{"taxonomy":"product_tag","embeddable":true,"href":"https:\/\/huepress.vn\/en\/wp-json\/wp\/v2\/product_tag?post=9957"}],"curies":[{"name":"wp","href":"https:\/\/api.w.org\/{rel}","templated":true}]}}