{"id":9665,"date":"2024-01-05T20:51:16","date_gmt":"2024-01-05T13:51:16","guid":{"rendered":"https:\/\/huepress.vn\/san-pham\/wifi-rgbw-huebox-wifi-strip-controller-60w\/"},"modified":"2024-01-05T20:51:16","modified_gmt":"2024-01-05T13:51:16","slug":"wifi-rgbw-huebox-wifi-strip-controller-60w","status":"publish","type":"product","link":"https:\/\/huepress.vn\/en\/product\/wifi-rgbw-huebox-wifi-strip-controller-60w\/","title":{"rendered":"WIFI RGBW HueBox WiFi strip controller 60W"},"content":{"rendered":"<div class=\"panel entry-content\"> <span style=\"font-size: 23.04px;\">HUEPRESS led strip controller &#8211; WiFi control RGBW <\/span><\/div>\n<div class=\"panel entry-content\">\n<h2 class=\"irIKAp\">Model wifi control &#8211; wifi controller for 5050 RGBW 5PIN led strip<\/h2>\n<ul>\n<li class=\"irIKAp\">Advanced plastic materials<\/li>\n<li class=\"irIKAp\">Size: DxRxC : 5.5 x 3.5 x 1.8 (cm)<\/li>\n<li class=\"irIKAp\">Weight: 50g<\/li>\n<li class=\"irIKAp\">coonector: 10cm, 5PIN (RGBW +DC)<\/li>\n<\/ul>\n<h2 class=\"irIKAp\">Tech specs:<\/h2>\n<ul>\n<li class=\"irIKAp\">Connectivity: Wifi IEEE 802.11 b\/g\/n 2.4GHz<\/li>\n<li class=\"irIKAp\">Input\/output : DC 12V-24V<\/li>\n<li class=\"irIKAp\">Max current: 2A (max)<\/li>\n<li class=\"irIKAp\">Max power (W): 60W<\/li>\n<li class=\"irIKAp\">input DC jack: 5.5 * 2.5mm (competible with 5.5 * 2.1mm)<\/li>\n<li class=\"irIKAp\">Output: 5PIN for led 5050 10mm<\/li>\n<\/ul>\n<\/div>\n<ul class=\"ux-products-list product_list_widget\">\n\t\t\t\t\t<li>\n\t<a href=\"https:\/\/huepress.vn\/en\/product\/cuon-led-day-strip-led-smd5050-rgbw-in-1-mh036-l001\/\" title=\"Cu\u1ed9n 5m led d\u00e2y strip led SMD5050 (RGBW in 1) 60led\/m\">\n\t\t<img loading=\"lazy\" decoding=\"async\" width=\"100\" height=\"100\" src=\"https:\/\/huepress.vn\/wp-content\/uploads\/2023\/06\/sg-11134201-7qvdm-lez2p4l0pcvz17-100x100.jpg\" class=\"attachment-woocommerce_gallery_thumbnail size-woocommerce_gallery_thumbnail\" alt=\"Cu\u1ed9n 5m led d\u00e2y strip led SMD5050 (RGBW in 1) 60led\/m\" srcset=\"https:\/\/huepress.vn\/wp-content\/uploads\/2023\/06\/sg-11134201-7qvdm-lez2p4l0pcvz17-100x100.jpg 100w, https:\/\/huepress.vn\/wp-content\/uploads\/2023\/06\/sg-11134201-7qvdm-lez2p4l0pcvz17-400x400.jpg 400w, https:\/\/huepress.vn\/wp-content\/uploads\/2023\/06\/sg-11134201-7qvdm-lez2p4l0pcvz17-800x800.jpg 800w, https:\/\/huepress.vn\/wp-content\/uploads\/2023\/06\/sg-11134201-7qvdm-lez2p4l0pcvz17-280x280.jpg 280w, https:\/\/huepress.vn\/wp-content\/uploads\/2023\/06\/sg-11134201-7qvdm-lez2p4l0pcvz17-768x768.jpg 768w, https:\/\/huepress.vn\/wp-content\/uploads\/2023\/06\/sg-11134201-7qvdm-lez2p4l0pcvz17-350x350.jpg 350w, https:\/\/huepress.vn\/wp-content\/uploads\/2023\/06\/sg-11134201-7qvdm-lez2p4l0pcvz17.jpg 1000w\" sizes=\"auto, (max-width: 100px) 100vw, 100px\" \/>\t\t<span class=\"product-title\">Cu\u1ed9n 5m led d\u00e2y strip led SMD5050 (RGBW in 1) 60led\/m<\/span>\n\t<\/a>\n\t\t<span class=\"woocommerce-Price-amount amount\"><bdi>400.000&nbsp;<span class=\"woocommerce-Price-currencySymbol\">&#8363;<\/span><\/bdi><\/span><\/li>\n\t\t\t\t\t<li>\n\t<a href=\"https:\/\/huepress.vn\/en\/product\/led-day-myhue-strip-l1-rgbcw\/\" title=\"Cu\u1ed9n 5m led myHue\u00ae RGBW 5050 60 pcs\/m (kh\u00f4ng k\u00e8m \u0111i\u1ec1u khi\u1ec3n)\">\n\t\t<img loading=\"lazy\" decoding=\"async\" width=\"100\" height=\"100\" src=\"https:\/\/huepress.vn\/wp-content\/uploads\/2022\/10\/De\u0300n-da\u0302y-100x100.jpg\" class=\"attachment-woocommerce_gallery_thumbnail size-woocommerce_gallery_thumbnail\" alt=\"Cu\u1ed9n 5m led myHue\u00ae RGBW 5050 60 pcs\/m (kh\u00f4ng k\u00e8m \u0111i\u1ec1u khi\u1ec3n)\" srcset=\"https:\/\/huepress.vn\/wp-content\/uploads\/2022\/10\/De\u0300n-da\u0302y-100x100.jpg 100w, https:\/\/huepress.vn\/wp-content\/uploads\/2022\/10\/De\u0300n-da\u0302y-400x400.jpg 400w, https:\/\/huepress.vn\/wp-content\/uploads\/2022\/10\/De\u0300n-da\u0302y-800x800.jpg 800w, https:\/\/huepress.vn\/wp-content\/uploads\/2022\/10\/De\u0300n-da\u0302y-280x280.jpg 280w, https:\/\/huepress.vn\/wp-content\/uploads\/2022\/10\/De\u0300n-da\u0302y-768x768.jpg 768w, https:\/\/huepress.vn\/wp-content\/uploads\/2022\/10\/De\u0300n-da\u0302y-350x350.jpg 350w, https:\/\/huepress.vn\/wp-content\/uploads\/2022\/10\/De\u0300n-da\u0302y.jpg 1200w\" sizes=\"auto, (max-width: 100px) 100vw, 100px\" \/>\t\t<span class=\"product-title\">Cu\u1ed9n 5m led myHue\u00ae RGBW 5050 60 pcs\/m (kh\u00f4ng k\u00e8m \u0111i\u1ec1u khi\u1ec3n)<\/span>\n\t<\/a>\n\t<div class=\"star-rating\" role=\"img\" aria-label=\"Rated 4.88 out of 5\"><span style=\"width:97.6%\">Rated <strong class=\"rating\">4.88<\/strong> out of 5 based on <span class=\"rating\">269<\/span> customer ratings<\/span><\/div>\t<span class=\"woocommerce-Price-amount amount\"><bdi>500.000&nbsp;<span class=\"woocommerce-Price-currencySymbol\">&#8363;<\/span><\/bdi><\/span><\/li>\n\t\t\n\t\t<\/ul>\n<ul class=\"ux-products-list product_list_widget\">\n\t\t\t\t\t<li>\n\t<a href=\"https:\/\/huepress.vn\/en\/product\/cuon-led-day-strip-led-cob-rgbw\/\" title=\"Cu\u1ed9n 5m led d\u00e2y strip led COB RGBW 840LED\/M si\u00eau s\u00e1ng\">\n\t\t<img loading=\"lazy\" decoding=\"async\" width=\"100\" height=\"100\" src=\"https:\/\/huepress.vn\/wp-content\/uploads\/2024\/01\/my-rgbw-100x100.jpg\" class=\"attachment-woocommerce_gallery_thumbnail size-woocommerce_gallery_thumbnail\" alt=\"Cu\u1ed9n 5m led d\u00e2y strip led COB RGBW 840LED\/M si\u00eau s\u00e1ng\" srcset=\"https:\/\/huepress.vn\/wp-content\/uploads\/2024\/01\/my-rgbw-100x100.jpg 100w, https:\/\/huepress.vn\/wp-content\/uploads\/2024\/01\/my-rgbw-400x400.jpg 400w, https:\/\/huepress.vn\/wp-content\/uploads\/2024\/01\/my-rgbw-800x800.jpg 800w, https:\/\/huepress.vn\/wp-content\/uploads\/2024\/01\/my-rgbw-280x280.jpg 280w, https:\/\/huepress.vn\/wp-content\/uploads\/2024\/01\/my-rgbw-768x768.jpg 768w, https:\/\/huepress.vn\/wp-content\/uploads\/2024\/01\/my-rgbw-350x350.jpg 350w, https:\/\/huepress.vn\/wp-content\/uploads\/2024\/01\/my-rgbw.jpg 1000w\" sizes=\"auto, (max-width: 100px) 100vw, 100px\" \/>\t\t<span class=\"product-title\">Cu\u1ed9n 5m led d\u00e2y strip led COB RGBW 840LED\/M si\u00eau s\u00e1ng<\/span>\n\t<\/a>\n\t\t<span class=\"woocommerce-Price-amount amount\"><bdi>1.490.000&nbsp;<span class=\"woocommerce-Price-currencySymbol\">&#8363;<\/span><\/bdi><\/span><\/li>\n\t\t\t\t\t<li>\n\t<a href=\"https:\/\/huepress.vn\/en\/product\/cong-neon-deo-led-strip\/\" title=\"\u1ed0ng neon d\u1ebbo t\u1ea3n s\u00e1ng cho led d\u00e2y - gi\u00e1\/m\">\n\t\t<img loading=\"lazy\" decoding=\"async\" width=\"100\" height=\"100\" src=\"https:\/\/huepress.vn\/wp-content\/uploads\/2024\/01\/OUT-1L-100x100.png\" class=\"attachment-woocommerce_gallery_thumbnail size-woocommerce_gallery_thumbnail\" alt=\"\u1ed0ng neon d\u1ebbo t\u1ea3n s\u00e1ng cho led d\u00e2y - gi\u00e1\/m\" srcset=\"https:\/\/huepress.vn\/wp-content\/uploads\/2024\/01\/OUT-1L-100x100.png 100w, https:\/\/huepress.vn\/wp-content\/uploads\/2024\/01\/OUT-1L-400x400.png 400w, https:\/\/huepress.vn\/wp-content\/uploads\/2024\/01\/OUT-1L-800x800.png 800w, https:\/\/huepress.vn\/wp-content\/uploads\/2024\/01\/OUT-1L-280x280.png 280w, https:\/\/huepress.vn\/wp-content\/uploads\/2024\/01\/OUT-1L-768x768.png 768w, https:\/\/huepress.vn\/wp-content\/uploads\/2024\/01\/OUT-1L-1536x1536.png 1536w, https:\/\/huepress.vn\/wp-content\/uploads\/2024\/01\/OUT-1L-350x350.png 350w, https:\/\/huepress.vn\/wp-content\/uploads\/2024\/01\/OUT-1L.png 1600w\" sizes=\"auto, (max-width: 100px) 100vw, 100px\" \/>\t\t<span class=\"product-title\">\u1ed0ng neon d\u1ebbo t\u1ea3n s\u00e1ng cho led d\u00e2y - gi\u00e1\/m<\/span>\n\t<\/a>\n\t\t<span class=\"woocommerce-Price-amount amount\"><bdi>60.000&nbsp;<span class=\"woocommerce-Price-currencySymbol\">&#8363;<\/span><\/bdi><\/span><\/li>\n\t\t\n\t\t<\/ul>\n<div id=\"row-178136065\" class=\"row row-collapse\">\n<div id=\"col-1652197718\" class=\"col small-12 large-12\">\n<div class=\"col-inner box-shadow-1\">\n<div class=\"product-page-sections\">\n<div class=\"product-section\">\n<div class=\"row\">\n<div class=\"large-10 col pb-0 mb-0\">\n<div class=\"panel entry-content\">\n<h2 class=\"irIKAp\">Supported features (When combined with WiFi control myHue):<\/h2>\n<ul>\n<li class=\"irIKAp\">WiFi direct does not require a Hub switch<\/li>\n<li class=\"irIKAp\">Adjust brightness easily<\/li>\n<li class=\"irIKAp\">\u0110i\u1ec1u khi\u1ec3n ngay c\u1ea3 khi m\u1ea5t internet<\/li>\n<li class=\"irIKAp\">\u0110i\u1ec1u khi\u1ec3n t\u1eeb xa<\/li>\n<li class=\"irIKAp\">Chi\u1ebfu s\u00e1ng theo c\u1ea3m x\u00fac<\/li>\n<li class=\"irIKAp\">\u0110i\u1ec1u khi\u1ec3n gi\u1ecdng n\u00f3i ti\u1ebfng Anh\/Vi\u1ec7t<\/li>\n<li class=\"irIKAp\">C\u00e0i \u0111\u1eb7t nh\u00f3m v\u00e0 v\u1ecb tr\u00ed.<\/li>\n<li class=\"irIKAp\">Chi\u1ebfu s\u00e1ng theo l\u1ecbch tr\u00ecnh<\/li>\n<li class=\"irIKAp\">Chi\u1ebfu s\u00e1ng b\u00e1o th\u1ee9c<\/li>\n<li class=\"irIKAp\">Dance theo nh\u1ea1c.<\/li>\n<li class=\"irIKAp\">K\u1ebft n\u1ed1i n\u1ec1n t\u1ea3ng Smart home to\u00e0n c\u1ea7u<\/li>\n<li class=\"irIKAp\">Ti\u00eau chu\u1ea9n ch\u1ea5t l\u01b0\u1ee3ng qu\u1ed1c t\u1ebf<\/li>\n<\/ul>\n<\/div>\n<\/div>\n<\/div>\n<\/div>\n<\/div>\n<\/div>\n<\/div>\n<\/div>\n<div class=\"video video-fit mb\" style=\"padding-top:56.25%;\"><p><iframe loading=\"lazy\" title=\"Tr\u1ea3i Nghi\u1ec7m T\u00ednh N\u0103ng \u0110\u00e8n Led D\u00e2y Th\u00f4ng Minh HUEPRESS MyHue Strip L1 Wifi 16 tri\u1ec7u m\u00e0u RGBCW\" width=\"1020\" height=\"574\" src=\"https:\/\/www.youtube.com\/embed\/TWFJKoqV-oA?feature=oembed\" frameborder=\"0\" allow=\"accelerometer; autoplay; clipboard-write; encrypted-media; gyroscope; picture-in-picture; web-share\" allowfullscreen><\/iframe><\/p>\n<\/div>\n","protected":false},"excerpt":{"rendered":"<p>HUEPRESS led strip controller &#8211; WiFi control RGBW Model wifi control &#8211; wifi controller for 5050 RGBW 5PIN led strip Advanced plastic materials Size: DxRxC : 5.5 x 3.5 x 1.8 (cm) Weight: 50g coonector: 10cm, 5PIN (RGBW +DC) Tech specs: Connectivity: Wifi IEEE 802.11 b\/g\/n 2.4GHz Input\/output : DC 12V-24V Max current: 2A (max)<\/p>\n","protected":false},"featured_media":9496,"comment_status":"open","ping_status":"closed","template":"","meta":{"_acf_changed":false,"inline_featured_image":false},"product_brand":[],"product_cat":[622,584,624,623,568,563],"product_tag":[641,638,629,642,635,628,639,640,633,636,632,630,631,627,637,634,626,625],"class_list":{"0":"post-9665","1":"product","2":"type-product","3":"status-publish","4":"has-post-thumbnail","6":"product_cat-ban-chay","7":"product_cat-module-controller","8":"product_cat-myhuel1-en","9":"product_cat-phan-loai-den-khong-chong-nuoc","10":"product_cat-hue-smart-leds","11":"product_cat-huebox-c-en","12":"product_tag-den-day-nhay-theo-nhac-en","13":"product_tag-den-day-thong-minh-en","14":"product_tag-den-dieu-chinh-mau-en","15":"product_tag-den-dieu-khien-bang-giong-noi-en","16":"product_tag-den-huepress-en","17":"product_tag-den-ket-noi-wifi-en","18":"product_tag-den-led-day-ket-noi-wifi-en","19":"product_tag-den-led-stip-16-trieu-mau-en","20":"product_tag-den-myhue-l1-en","21":"product_tag-den-myhue-thong-minh-en","22":"product_tag-den-nhay-theo-nhac-en","23":"product_tag-den-rgb-en","24":"product_tag-den-rgbcw-en","25":"product_tag-den-thong-minh-en","26":"product_tag-den-thong-minh-viet-nam-en","27":"product_tag-den-tron-thong-minh-en","28":"product_tag-led-smart-en","29":"product_tag-myhue-en","31":"first","32":"instock","33":"featured","34":"shipping-taxable","35":"purchasable","36":"product-type-simple"},"acf":[],"_links":{"self":[{"href":"https:\/\/huepress.vn\/en\/wp-json\/wp\/v2\/product\/9665","targetHints":{"allow":["GET"]}}],"collection":[{"href":"https:\/\/huepress.vn\/en\/wp-json\/wp\/v2\/product"}],"about":[{"href":"https:\/\/huepress.vn\/en\/wp-json\/wp\/v2\/types\/product"}],"replies":[{"embeddable":true,"href":"https:\/\/huepress.vn\/en\/wp-json\/wp\/v2\/comments?post=9665"}],"wp:featuredmedia":[{"embeddable":true,"href":"https:\/\/huepress.vn\/en\/wp-json\/wp\/v2\/media\/9496"}],"wp:attachment":[{"href":"https:\/\/huepress.vn\/en\/wp-json\/wp\/v2\/media?parent=9665"}],"wp:term":[{"taxonomy":"product_brand","embeddable":true,"href":"https:\/\/huepress.vn\/en\/wp-json\/wp\/v2\/product_brand?post=9665"},{"taxonomy":"product_cat","embeddable":true,"href":"https:\/\/huepress.vn\/en\/wp-json\/wp\/v2\/product_cat?post=9665"},{"taxonomy":"product_tag","embeddable":true,"href":"https:\/\/huepress.vn\/en\/wp-json\/wp\/v2\/product_tag?post=9665"}],"curies":[{"name":"wp","href":"https:\/\/api.w.org\/{rel}","templated":true}]}}