{"id":9661,"date":"2024-01-11T14:42:40","date_gmt":"2024-01-11T07:42:40","guid":{"rendered":"https:\/\/huepress.vn\/san-pham\/huebox-c2-r-dim-box-to-dim-magnetic-ray-lights\/"},"modified":"2024-01-11T14:42:40","modified_gmt":"2024-01-11T07:42:40","slug":"huebox-c2-r-dim-box-to-dim-magnetic-ray-lights","status":"publish","type":"product","link":"https:\/\/huepress.vn\/en\/product\/huebox-c2-r-dim-box-to-dim-magnetic-ray-lights\/","title":{"rendered":"HueBox C2-R Dim- Box to Dim magnetic ray lights"},"content":{"rendered":"<h3>Product experience video:<\/h3>\n<div class=\"video video-fit mb\" style=\"padding-top:56.25%;\"><p><iframe loading=\"lazy\" title=\"HueBox h\u00f4 bi\u1ebfn m\u1ecdi lo\u1ea1i ray nam ch\u00e2m th\u00e0nh th\u00f4ng minh #huepress #smart_light\" width=\"1020\" height=\"574\" src=\"https:\/\/www.youtube.com\/embed\/8OMzUe1stA4?feature=oembed\" frameborder=\"0\" allow=\"accelerometer; autoplay; clipboard-write; encrypted-media; gyroscope; picture-in-picture; web-share\" allowfullscreen><\/iframe><\/p>\n<\/div>\n<p>&nbsp;<\/p>\n<p>&nbsp;<\/p>\n<table style=\"height: 773px;\" width=\"875\">\n<tbody>\n<tr>\n<td colspan=\"2\" width=\"435\"><strong>Infor of the product:<\/strong><\/td>\n<td width=\"92\"><strong> <\/strong><\/td>\n<td width=\"192\"><strong> <\/strong><\/td>\n<\/tr>\n<tr>\n<td colspan=\"4\" width=\"718\">All standard specifications at 25 \u00b0C unless otherwise stated.<\/td>\n<\/tr>\n<tr>\n<td width=\"255\">&nbsp;<\/p>\n<p>&nbsp;<\/td>\n<td width=\"180\"><\/td>\n<td width=\"92\"><\/td>\n<td width=\"192\"><\/td>\n<\/tr>\n<tr>\n<td width=\"255\"><strong>Electrical parameters<\/strong><\/td>\n<td width=\"180\"><strong> <\/strong><\/td>\n<td width=\"92\"><strong> <\/strong><\/td>\n<td width=\"192\"><strong> <\/strong><\/td>\n<\/tr>\n<tr>\n<td width=\"255\"><strong>Technical specs<\/strong><\/td>\n<td width=\"180\"><strong>Value<\/strong><\/td>\n<td width=\"92\"><strong>Unit<\/strong><\/td>\n<td width=\"192\"><strong>Condition<\/strong><\/td>\n<\/tr>\n<tr>\n<td width=\"255\">Rated input voltage<\/td>\n<td width=\"180\">24 ~ 48<\/td>\n<td width=\"92\">Vdc<\/td>\n<td width=\"192\">Control range<\/td>\n<\/tr>\n<tr>\n<td width=\"255\">Rated input current<\/td>\n<td width=\"180\">5<\/td>\n<td width=\"92\">A<\/td>\n<td width=\"192\">@ Maximum output power<\/td>\n<\/tr>\n<tr>\n<td width=\"255\">Input power<\/td>\n<td width=\"180\">200<\/td>\n<td width=\"92\">W<\/td>\n<td width=\"192\">@ Maximum output power @ Maximum input rated voltage<\/td>\n<\/tr>\n<tr>\n<td width=\"255\">Rated output current<\/td>\n<td width=\"180\">5<\/td>\n<td width=\"92\">A<\/td>\n<td width=\"192\">@Maximum current@Inversely proportional to input voltage<\/td>\n<\/tr>\n<tr>\n<td width=\"255\">Load voltage<\/td>\n<td width=\"180\">12 ~ 100<\/td>\n<td width=\"92\">V<\/td>\n<td width=\"192\">@Contact technical support<\/td>\n<\/tr>\n<tr>\n<td width=\"255\">Power Consumption<\/td>\n<td width=\"180\">0.1<\/td>\n<td width=\"92\">W<\/td>\n<td width=\"192\">@ Rated input voltage<\/td>\n<\/tr>\n<tr>\n<td width=\"255\">Anti-electricity<\/td>\n<td width=\"180\">4KV @ HBM, 8KV @ atmosphere<\/td>\n<td width=\"92\"><\/td>\n<td width=\"192\"><\/td>\n<\/tr>\n<\/tbody>\n<\/table>\n<p>&nbsp;<\/p>\n<p>&nbsp;<\/p>\n","protected":false},"excerpt":{"rendered":"<p>Product experience video: &nbsp; &nbsp; Infor of the product: All standard specifications at 25 \u00b0C unless otherwise stated. &nbsp; &nbsp; Electrical parameters Technical specs Value Unit Condition Rated input voltage 24 ~ 48 Vdc Control range Rated input current 5 A @ Maximum output power Input power 200 W @ Maximum output power @ Maximum<\/p>\n","protected":false},"featured_media":9555,"comment_status":"open","ping_status":"closed","template":"","meta":{"_acf_changed":false,"inline_featured_image":false},"product_brand":[],"product_cat":[563,562,584],"product_tag":[621,620,619],"class_list":{"0":"post-9661","1":"product","2":"type-product","3":"status-publish","4":"has-post-thumbnail","6":"product_cat-huebox-c-en","7":"product_cat-master-led-drivers","8":"product_cat-module-controller","9":"product_tag-dim-en","10":"product_tag-huebox-en","11":"product_tag-magnetic-ray","13":"first","14":"instock","15":"shipping-taxable","16":"purchasable","17":"product-type-simple"},"acf":[],"_links":{"self":[{"href":"https:\/\/huepress.vn\/en\/wp-json\/wp\/v2\/product\/9661","targetHints":{"allow":["GET"]}}],"collection":[{"href":"https:\/\/huepress.vn\/en\/wp-json\/wp\/v2\/product"}],"about":[{"href":"https:\/\/huepress.vn\/en\/wp-json\/wp\/v2\/types\/product"}],"replies":[{"embeddable":true,"href":"https:\/\/huepress.vn\/en\/wp-json\/wp\/v2\/comments?post=9661"}],"wp:featuredmedia":[{"embeddable":true,"href":"https:\/\/huepress.vn\/en\/wp-json\/wp\/v2\/media\/9555"}],"wp:attachment":[{"href":"https:\/\/huepress.vn\/en\/wp-json\/wp\/v2\/media?parent=9661"}],"wp:term":[{"taxonomy":"product_brand","embeddable":true,"href":"https:\/\/huepress.vn\/en\/wp-json\/wp\/v2\/product_brand?post=9661"},{"taxonomy":"product_cat","embeddable":true,"href":"https:\/\/huepress.vn\/en\/wp-json\/wp\/v2\/product_cat?post=9661"},{"taxonomy":"product_tag","embeddable":true,"href":"https:\/\/huepress.vn\/en\/wp-json\/wp\/v2\/product_tag?post=9661"}],"curies":[{"name":"wp","href":"https:\/\/api.w.org\/{rel}","templated":true}]}}