{"id":9638,"date":"2023-10-11T22:06:18","date_gmt":"2023-10-11T15:06:18","guid":{"rendered":"https:\/\/huepress.vn\/san-pham\/huepress-smart-anti-glare-led-light-bridgelux-led-chip-12w-phi90\/"},"modified":"2024-01-15T12:10:45","modified_gmt":"2024-01-15T05:10:45","slug":"huepress-smart-anti-glare-led-light-bridgelux-led-chip-12w-phi90","status":"publish","type":"product","link":"https:\/\/huepress.vn\/en\/product\/huepress-smart-anti-glare-led-light-bridgelux-led-chip-12w-phi90\/","title":{"rendered":"HuePress smart anti-glare LED light &#8211; Bridgelux led chip &#8211; 12W Phi90"},"content":{"rendered":"<div class=\"video video-fit mb\" style=\"padding-top:56.25%;\"><p><iframe loading=\"lazy\" title=\"\u0110\u00e8n led \u00e2m tr\u1ea7n th\u00f4ng minh HuePress - Down light Bluetooth mesh 12W 24\u00b0 CCT DIM 2700K-6500K\" width=\"1020\" height=\"574\" src=\"https:\/\/www.youtube.com\/embed\/-sER3x5vURw?feature=oembed\" frameborder=\"0\" allow=\"accelerometer; autoplay; clipboard-write; encrypted-media; gyroscope; picture-in-picture; web-share\" allowfullscreen><\/iframe><\/p>\n<\/div>\n<div class=\"video video-fit mb\" style=\"padding-top:56.25%;\"><p><iframe loading=\"lazy\" title=\"\u0110\u00e8n \u0111\u1ed5i m\u00e0u CCT ph\u00e2n kh\u00fac cao c\u1ea5p - HuePress\" width=\"1020\" height=\"574\" src=\"https:\/\/www.youtube.com\/embed\/WZE2Wj7Sa-U?feature=oembed\" frameborder=\"0\" allow=\"accelerometer; autoplay; clipboard-write; encrypted-media; gyroscope; picture-in-picture; web-share\" allowfullscreen><\/iframe><\/p>\n<\/div>\n<p>HuePress smart anti-scratch LED ceiling light &#8211; Spotlight 12W 24 degrees CCT DIM 2700K-6500K<\/p>\n<p>The lamp runs on 220V electricity, like other common 220V ceiling lights. No need for another controller. Bluetooth mesh control chip integrated in the lamp.<\/p>\n<p>Supports individual control of 1 lamp or group of lamps at the same time, color range 2700k-6500k DIM 1%-100%<\/p>\n<p>&#8212;<\/p>\n<p>Brand: HUEPRESS, chip led BRIDGELUX<\/p>\n<p>Model: MH002-L0xx<\/p>\n<p>\u25fc Tech specs:<\/p>\n<p><strong>&#8211; Lamp power: 12W<\/strong><\/p>\n<p>&#8211; Voltage: AC 85-265V, 50\/60Hz<\/p>\n<p><strong>&#8211; Brightness: 150lm\/W<\/strong><\/p>\n<p>&#8211; Color rendering index (CRI) 95<\/p>\n<p><strong>&#8211; Tunable white CCT: 2700K to 6500K (Light)<\/strong><\/p>\n<p>&nbsp;<\/p>\n<p>&#8211; Lifespan: 60,000 hours<\/p>\n<p>&#8211; Wireless technology: Bluetooth Mesh and WiFi combined<\/p>\n<p>&#8212;-<\/p>\n<p>&nbsp;<\/p>\n<p>Reference information about lighting angle (Beam Angle).<\/p>\n<p><img loading=\"lazy\" decoding=\"async\" class=\"aligncenter\" src=\"https:\/\/cf.shopee.vn\/file\/vn-11134208-7qukw-lgiz2zl7wyga53\" width=\"331\" height=\"114\" data-uploading=\"uploaded\" data-upload-status=\"success\"><\/p>\n<p>&#8212;-<\/p>\n<p>\u2714\ufe0f High performance LED chip structure, long lifespan<\/p>\n<p>\u2714\ufe0f Can wirelessly control Bluetooth Mesh for easy operation via Smartphone.<\/p>\n<p>\u2714\ufe0f Unlimited control devices<\/p>\n<p>\u2714\ufe0f Without using Hub, you can still manage many devices, saving costs.<\/p>\n<p>\u2714\ufe0f Customize color and brightness to your liking: white light color range 6500K to 2700K yellow<\/p>\n<p>\u2714\ufe0f Compatible with Vietnamese and International Smarthome platforms<\/p>\n<p>\u2714\ufe0f Easy self-installation in 5 minutes<\/p>\n<p>Upgraded features if used with Hue Box C:<\/p>\n<p>\u2714\ufe0f Supports Vietnamese\/English voice control (Google Home smart speaker, Alexa, FPT play box S,&#8230;)<\/p>\n<p>\u2714\ufe0f Set timer to turn off\/on the light, timer to change light color<\/p>\n<p>\u2714\ufe0f Custom contextual lighting such as: customizing lighting effects and changing color over time.<\/p>\n<p>\u2714\ufe0f Color synchronization: the whole room\/lights will flash to the music at the same time<\/p>\n<p>Supports connection with Samsung SmartThings, Google Home, Apple HomeKit, IFTTT.<\/p>\n<p>Voice control via smart speakers, Alexa, Google home virtual assistant, Siri Shortcuts<\/p>\n<p>The product is the result of more than 10 years of international R&amp;D experience in IoT technology, LiFi digitizing light, AI, and big data, HuePress provides smart lighting solutions in the true &#8220;science of lighting&#8221;.<\/p>\n<p>&#8212;-<\/p>\n<p>The product is protected by 15 Vietnamese patents and 2 international patents.<\/p>\n<p>Has CE electrical safety quality certificates, RoHS electromagnetic safety certificates, as well as Vietnam&#8217;s QCVN-19 standards<\/p>\n<p>\u25fc Warranty information<\/p>\n<p>\u2714 Warranty period: 24 months<\/p>\n<p>\u2714 1 for 1 error<\/p>\n<p>\u25fc Note:<\/p>\n<p>&#8211; When using a large number of wifi lights, you need a wifi set that can support the appropriate number of wifi devices.<\/p>\n<p>&#8211; Each wifi smart lamp will be counted as a wifi device similar to a smart TV or smartphone<\/p>\n<p>&#8212;-<\/p>\n<p>C\u00d4NG TY CP \u00c1NH S\u00c1NG S\u1ed0 HUEPRESS<\/p>\n<p>&nbsp;<\/p>\n<p>#HUEPRESS #myHue #\u0111\u00e8n_led_th\u00f4ng_minh #smarthome #\u0111\u00e8n_th\u00f4ng_minh #\u0111\u00e8n_led_wifi #nh\u00e0_th\u00f4ng_minh #bongdenledwifi #bongdenleddieukhienquaapp #denledthongminh #downlight #denamtran #\u0111\u00e8n_\u00e2m_tr\u1ea7n #denled #bongden #bongdenled #bongledmyhue #nhathongminh<\/p>\n<p>#LiFi #lighting<\/p>\n","protected":false},"excerpt":{"rendered":"<p>HuePress smart anti-scratch LED ceiling light &#8211; Spotlight 12W 24 degrees CCT DIM 2700K-6500K The lamp runs on 220V electricity, like other common 220V ceiling lights. No need for another controller. Bluetooth mesh control chip integrated in the lamp. Supports individual control of 1 lamp or group of lamps at the same time, color range<\/p>\n","protected":false},"featured_media":8974,"comment_status":"open","ping_status":"closed","template":"","meta":{"_acf_changed":false,"inline_featured_image":false},"product_brand":[],"product_cat":[591,572],"product_tag":[596,593,592,594,595],"class_list":{"0":"post-9638","1":"product","2":"type-product","3":"status-publish","4":"has-post-thumbnail","6":"product_cat-spotlight-smart-osram","7":"product_cat-osram-bridgelux-down-spot-light","8":"product_tag-bridgelux-en","9":"product_tag-chip-led-osram-en","10":"product_tag-osram-en","11":"product_tag-osram-smart","12":"product_tag-spotlight-en","14":"first","15":"instock","16":"shipping-taxable","17":"purchasable","18":"product-type-simple"},"acf":[],"_links":{"self":[{"href":"https:\/\/huepress.vn\/en\/wp-json\/wp\/v2\/product\/9638","targetHints":{"allow":["GET"]}}],"collection":[{"href":"https:\/\/huepress.vn\/en\/wp-json\/wp\/v2\/product"}],"about":[{"href":"https:\/\/huepress.vn\/en\/wp-json\/wp\/v2\/types\/product"}],"replies":[{"embeddable":true,"href":"https:\/\/huepress.vn\/en\/wp-json\/wp\/v2\/comments?post=9638"}],"wp:featuredmedia":[{"embeddable":true,"href":"https:\/\/huepress.vn\/en\/wp-json\/wp\/v2\/media\/8974"}],"wp:attachment":[{"href":"https:\/\/huepress.vn\/en\/wp-json\/wp\/v2\/media?parent=9638"}],"wp:term":[{"taxonomy":"product_brand","embeddable":true,"href":"https:\/\/huepress.vn\/en\/wp-json\/wp\/v2\/product_brand?post=9638"},{"taxonomy":"product_cat","embeddable":true,"href":"https:\/\/huepress.vn\/en\/wp-json\/wp\/v2\/product_cat?post=9638"},{"taxonomy":"product_tag","embeddable":true,"href":"https:\/\/huepress.vn\/en\/wp-json\/wp\/v2\/product_tag?post=9638"}],"curies":[{"name":"wp","href":"https:\/\/api.w.org\/{rel}","templated":true}]}}