{"id":9637,"date":"2023-12-29T14:11:55","date_gmt":"2023-12-29T07:11:55","guid":{"rendered":"https:\/\/huepress.vn\/san-pham\/smart-switch-hub-cct-dim-switch-with-integrated-wifi-ble-hub\/"},"modified":"2023-12-29T14:11:55","modified_gmt":"2023-12-29T07:11:55","slug":"smart-switch-hub-cct-dim-switch-with-integrated-wifi-ble-hub","status":"publish","type":"product","link":"https:\/\/huepress.vn\/en\/product\/smart-switch-hub-cct-dim-switch-with-integrated-wifi-ble-hub\/","title":{"rendered":"smart Switch Hub- CCT Dim switch with integrated WiFi-BLE Hub"},"content":{"rendered":"<p>&nbsp;<\/p>\n<h3>Hub integrated in smart switch:<\/h3>\n<div class=\"video video-fit mb\" style=\"padding-top:56.25%;\"><p><iframe loading=\"lazy\" title=\"(LIFI HOME) NH\u00c0 TH\u00d4NG MINH KH\u00d4NG C\u1ea6N HUB RA SAO\" width=\"1020\" height=\"574\" src=\"https:\/\/www.youtube.com\/embed\/eY5f3lVemVE?feature=oembed\" frameborder=\"0\" allow=\"accelerometer; autoplay; clipboard-write; encrypted-media; gyroscope; picture-in-picture; web-share\" allowfullscreen><\/iframe><\/p>\n<\/div>\n<p>&nbsp;<\/p>\n<h3>If the Hub is broken, will the system still work?<\/h3>\n<div class=\"video video-fit mb\" style=\"padding-top:56.25%;\"><p><iframe loading=\"lazy\" title=\"(LiFi Home) Hub h\u1ecfng th\u00ec thi\u1ebft b\u1ecb c\u00f2n ho\u1ea1t \u0111\u1ed9ng\" width=\"1020\" height=\"574\" src=\"https:\/\/www.youtube.com\/embed\/qC1o2nFQXu4?feature=oembed\" frameborder=\"0\" allow=\"accelerometer; autoplay; clipboard-write; encrypted-media; gyroscope; picture-in-picture; web-share\" allowfullscreen><\/iframe><\/p>\n<\/div>\n","protected":false},"excerpt":{"rendered":"<p>&nbsp; Hub integrated in smart switch: &nbsp; If the Hub is broken, will the system still work?<\/p>\n","protected":false},"featured_media":9519,"comment_status":"open","ping_status":"closed","template":"","meta":{"_acf_changed":false,"inline_featured_image":false},"product_brand":[],"product_cat":[589,584,581,574,579,573,565],"product_tag":[590],"class_list":{"0":"post-9637","1":"product","2":"type-product","3":"status-publish","4":"has-post-thumbnail","6":"product_cat-function-control","7":"product_cat-module-controller","8":"product_cat-on-off-switch","9":"product_cat-scene-switch-ac220v","10":"product_cat-smarthome-basic","11":"product_cat-wall-panel-addons","12":"product_cat-huedriver-iot-wireless","13":"product_tag-hub-switch-cct-color-change-dimmer-en","15":"first","16":"instock","17":"shipping-taxable","18":"purchasable","19":"product-type-simple"},"acf":[],"_links":{"self":[{"href":"https:\/\/huepress.vn\/en\/wp-json\/wp\/v2\/product\/9637","targetHints":{"allow":["GET"]}}],"collection":[{"href":"https:\/\/huepress.vn\/en\/wp-json\/wp\/v2\/product"}],"about":[{"href":"https:\/\/huepress.vn\/en\/wp-json\/wp\/v2\/types\/product"}],"replies":[{"embeddable":true,"href":"https:\/\/huepress.vn\/en\/wp-json\/wp\/v2\/comments?post=9637"}],"wp:featuredmedia":[{"embeddable":true,"href":"https:\/\/huepress.vn\/en\/wp-json\/wp\/v2\/media\/9519"}],"wp:attachment":[{"href":"https:\/\/huepress.vn\/en\/wp-json\/wp\/v2\/media?parent=9637"}],"wp:term":[{"taxonomy":"product_brand","embeddable":true,"href":"https:\/\/huepress.vn\/en\/wp-json\/wp\/v2\/product_brand?post=9637"},{"taxonomy":"product_cat","embeddable":true,"href":"https:\/\/huepress.vn\/en\/wp-json\/wp\/v2\/product_cat?post=9637"},{"taxonomy":"product_tag","embeddable":true,"href":"https:\/\/huepress.vn\/en\/wp-json\/wp\/v2\/product_tag?post=9637"}],"curies":[{"name":"wp","href":"https:\/\/api.w.org\/{rel}","templated":true}]}}