{"id":9483,"date":"2024-01-05T10:37:16","date_gmt":"2024-01-05T03:37:16","guid":{"rendered":"https:\/\/huepress.vn\/?post_type=product&#038;p=9483"},"modified":"2024-04-01T23:29:21","modified_gmt":"2024-04-01T16:29:21","slug":"cuon-5m-led-day-strip-led-duoi-cob-rgb-720leds-m","status":"publish","type":"product","link":"https:\/\/huepress.vn\/en\/product\/cuon-5m-led-day-strip-led-duoi-cob-rgb-720leds-m\/","title":{"rendered":"Cu\u1ed9n 5m led cob &#8211; led \u0111u\u1ed5i COB RGB 720leds\/m"},"content":{"rendered":"<h3>COB LED strip &#8211; lo\u1ea1i led \u0111u\u1ed5i WS2811 UCS1903<\/h3>\n<ul>\n<li style=\"list-style-type: none;\">\n<ul>\n<li>Hi\u1ec7u \u1ee9ng led li\u1ec1n m\u1ea1ch<\/li>\n<li>LED si\u00eau s\u00e1ng, t\u1edbi 720 leds\/m<\/li>\n<li>Lo\u1ea1i IC: WS2811\/UCS1903<\/li>\n<li>S\u1ed1 \u0111i\u1ec3m IC: 1 m\u00e9t 16 pixel (16IC), 20 pixel (20 IC)<\/li>\n<li>S\u1ed1 l\u01b0\u1ee3ng \u0111\u00e8n LED : 576 leds\/m\u00e9t m\u1ed7i c\u1ee5m 6cm c\u00f3 th\u1ec3 c\u1eaft, 720 leds\/m\u00e9t ,m\u1ed7i c\u1ee5m 5cm c\u00f3 th\u1ec3 c\u1eaft<\/li>\n<li>G\u00f3c chi\u1ebfu s\u00e1ng: 180 \u00b0<\/li>\n<li>\u0110i\u1ec7n \u00e1p l\u00e0m vi\u1ec7c ti\u00eau chu\u1ea9n : DC 12V<\/li>\n<li>C\u00f4ng su\u1ea5t :18W\/m\u00e9t<\/li>\n<li>\u0110\u00e1nh gi\u00e1 ch\u1ed1ng th\u1ea5m n\u01b0\u1edbc: IP30 (kh\u00f4ng th\u1ea5m n\u01b0\u1edbc)<\/li>\n<li>K\u00edch th\u01b0\u1edbc b\u1ea3ng FPCB : chi\u1ec1u r\u1ed9ng 10mm v\u00e0 12mm, \u0111\u1ed9 d\u1ea7y: 4 mm<\/li>\n<\/ul>\n<\/li>\n<\/ul>\n<h3>Tr\u1ea3i nghi\u1ec7m s\u1ea3n ph\u1ea9m:<\/h3>\n<p>C\u00f4ng ngh\u1ec7 COB v\u1edbi led \u0111u\u1ed5i IC:<\/p>\n<div class=\"video video-fit mb\" style=\"padding-top:56.25%;\"><p><iframe loading=\"lazy\" title=\"COB LED strip - lo\u1ea1i led \u0111u\u1ed5i WS2811 UCS1903\" width=\"1020\" height=\"574\" src=\"https:\/\/www.youtube.com\/embed\/cCE1R0HLEsM?feature=oembed\" frameborder=\"0\" allow=\"accelerometer; autoplay; clipboard-write; encrypted-media; gyroscope; picture-in-picture; web-share\" allowfullscreen><\/iframe><\/p>\n<\/div>\n","protected":false},"excerpt":{"rendered":"<p>COB LED strip &#8211; lo\u1ea1i led \u0111u\u1ed5i WS2811 UCS1903 Hi\u1ec7u \u1ee9ng led li\u1ec1n m\u1ea1ch LED si\u00eau s\u00e1ng, t\u1edbi 720 leds\/m Lo\u1ea1i IC: WS2811\/UCS1903 S\u1ed1 \u0111i\u1ec3m IC: 1 m\u00e9t 16 pixel (16IC), 20 pixel (20 IC) S\u1ed1 l\u01b0\u1ee3ng \u0111\u00e8n LED : 576 leds\/m\u00e9t m\u1ed7i c\u1ee5m 6cm c\u00f3 th\u1ec3 c\u1eaft, 720 leds\/m\u00e9t ,m\u1ed7i c\u1ee5m 5cm c\u00f3 th\u1ec3<\/p>\n","protected":false},"featured_media":9484,"comment_status":"open","ping_status":"closed","template":"","meta":{"_acf_changed":false,"inline_featured_image":false},"product_brand":[],"product_cat":[374],"product_tag":[526,528,556,525,527,557],"class_list":{"0":"post-9483","1":"product","2":"type-product","3":"status-publish","4":"has-post-thumbnail","6":"product_cat-led-strip-2","7":"product_tag-12v","8":"product_tag-5m","9":"product_tag-cob","10":"product_tag-led-duoi","11":"product_tag-led-ic","12":"product_tag-ws2811","14":"first","15":"instock","16":"shipping-taxable","17":"purchasable","18":"product-type-simple"},"acf":[],"_links":{"self":[{"href":"https:\/\/huepress.vn\/en\/wp-json\/wp\/v2\/product\/9483","targetHints":{"allow":["GET"]}}],"collection":[{"href":"https:\/\/huepress.vn\/en\/wp-json\/wp\/v2\/product"}],"about":[{"href":"https:\/\/huepress.vn\/en\/wp-json\/wp\/v2\/types\/product"}],"replies":[{"embeddable":true,"href":"https:\/\/huepress.vn\/en\/wp-json\/wp\/v2\/comments?post=9483"}],"wp:featuredmedia":[{"embeddable":true,"href":"https:\/\/huepress.vn\/en\/wp-json\/wp\/v2\/media\/9484"}],"wp:attachment":[{"href":"https:\/\/huepress.vn\/en\/wp-json\/wp\/v2\/media?parent=9483"}],"wp:term":[{"taxonomy":"product_brand","embeddable":true,"href":"https:\/\/huepress.vn\/en\/wp-json\/wp\/v2\/product_brand?post=9483"},{"taxonomy":"product_cat","embeddable":true,"href":"https:\/\/huepress.vn\/en\/wp-json\/wp\/v2\/product_cat?post=9483"},{"taxonomy":"product_tag","embeddable":true,"href":"https:\/\/huepress.vn\/en\/wp-json\/wp\/v2\/product_tag?post=9483"}],"curies":[{"name":"wp","href":"https:\/\/api.w.org\/{rel}","templated":true}]}}