{"id":9430,"date":"2024-01-03T06:56:42","date_gmt":"2024-01-02T23:56:42","guid":{"rendered":"https:\/\/huepress.vn\/?post_type=product&#038;p=9430"},"modified":"2024-01-03T07:02:52","modified_gmt":"2024-01-03T00:02:52","slug":"smart-curtain-rem-thong-minh-hub","status":"publish","type":"product","link":"https:\/\/huepress.vn\/en\/product\/smart-curtain-rem-thong-minh-hub\/","title":{"rendered":"Smart Curtain x2- R\u00e8m \u0111\u00f4i th\u00f4ng minh &#8211; Hub WiFi-BLE t\u00edch h\u1ee3p"},"content":{"rendered":"<h2 class=\"uppercase\">GI\u1edaI THI\u1ec6U<\/h2>\n<ul>\n<li>C\u00f4ng t\u1eafc r\u00e8m \u0111\u00f4i th\u00f4ng minh c\u00f3 th\u1ec3 tr\u1edf th\u00e0nh Hub qu\u1ea3n l\u00fd 100 thi\u1ebft b\u1ecb v\u00e0 k\u1ecbch b\u1ea3n trong ph\u00f2ng ng\u1ee7, ph\u00f2ng l\u00e0m vi\u1ec7c<\/li>\n<li>T\u00f9y \u00fd h\u1eb9n gi\u1edd, t\u1ea1o k\u1ecbch b\u1ea3n chi\u1ebfu s\u00e1ng k\u1ebft h\u1ee3p v\u1edbi k\u1ecbch b\u1ea3n r\u00e8m<\/li>\n<\/ul>\n<h2 class=\"uppercase\">Th\u00f4ng s\u1ed1 k\u1ef9 thu\u1eadt<\/h2>\n<p>C\u00f4ng t\u1eafc c\u00f4ng su\u1ea5t cao h\u00ecnh ch\u1eef nh\u1eadt vi\u1ec1n nh\u00f4m<\/p>\n<ul>\n<li>M\u1eb7t k\u00ednh c\u1ea3m \u1ee9ng c\u01b0\u1eddng l\u1ef1c, ch\u1ed1ng x\u01b0\u1edbc ch\u1ed1ng va \u0111\u1eadp t\u1ed1t<\/li>\n<li>Thi\u1ebft k\u1ebf sang tr\u1ecdng, hi\u1ec7n \u0111\u1ea1i<\/li>\n<li>B\u1eadt\/t\u1eaft \u0111i\u1ec1u khi\u1ec3n thi\u1ebft b\u1ecb t\u1eeb xa tr\u00ean \u0111i\u1ec7n tho\u1ea1i<\/li>\n<li>H\u1eb9n gi\u1edd, l\u00ean l\u1ecbch ho\u1ea1t \u0111\u1ed9ng cho thi\u1ebft b\u1ecb<\/li>\n<li>M\u1ea1ch c\u00e1ch ly an to\u00e0n, c\u00e1ch \u0111i\u1ec7n c\u1ef1c t\u1ed1t<\/li>\n<li>\u0110i\u1ec1u khi\u1ec3n b\u1eb1ng gi\u1ecdng n\u00f3i qua loa th\u00f4ng minh<\/li>\n<\/ul>\n<div class=\"slider-wrapper relative\" id=\"slider-1243827453\" >\n    <div class=\"slider slider-nav-circle slider-nav-large slider-nav-light slider-style-normal\"\n        data-flickity-options='{\n            \"cellAlign\": \"center\",\n            \"imagesLoaded\": true,\n            \"lazyLoad\": 1,\n            \"freeScroll\": false,\n            \"wrapAround\": true,\n            \"autoPlay\": 6000,\n            \"pauseAutoPlayOnHover\" : true,\n            \"prevNextButtons\": true,\n            \"contain\" : true,\n            \"adaptiveHeight\" : true,\n            \"dragThreshold\" : 10,\n            \"percentPosition\": true,\n            \"pageDots\": true,\n            \"rightToLeft\": false,\n            \"draggable\": true,\n            \"selectedAttraction\": 0.1,\n            \"parallax\" : 0,\n            \"friction\": 0.6        }'\n        >\n        \n\t<div class=\"img has-hover x md-x lg-x y md-y lg-y\" id=\"image_1487324159\">\n\t\t\t\t\t\t\t\t<div class=\"img-inner dark\" >\n\t\t\t<img loading=\"lazy\" decoding=\"async\" width=\"464\" height=\"253\" src=\"https:\/\/huepress.vn\/wp-content\/uploads\/2023\/09\/dac-diem-noi-troi-cua-cua-cuon-austdoor.jpg\" class=\"attachment-large size-large\" alt=\"\" srcset=\"https:\/\/huepress.vn\/wp-content\/uploads\/2023\/09\/dac-diem-noi-troi-cua-cua-cuon-austdoor.jpg 464w, https:\/\/huepress.vn\/wp-content\/uploads\/2023\/09\/dac-diem-noi-troi-cua-cua-cuon-austdoor-350x191.jpg 350w\" sizes=\"auto, (max-width: 464px) 100vw, 464px\" \/>\t\t\t\t\t\t\n\t\t\t\t\t<\/div>\n\t\t\t\t\t\t\t\t\n<style>\n#image_1487324159 {\n  width: 100%;\n}\n<\/style>\n\t<\/div>\n\t\n\t<div class=\"img has-hover x md-x lg-x y md-y lg-y\" id=\"image_2064702505\">\n\t\t\t\t\t\t\t\t<div class=\"img-inner dark\" >\n\t\t\t<img loading=\"lazy\" decoding=\"async\" width=\"800\" height=\"800\" src=\"https:\/\/huepress.vn\/wp-content\/uploads\/2023\/09\/cong-tac-cong-tu-dong-makihome-2-800x800.png\" class=\"attachment-large size-large\" alt=\"\" srcset=\"https:\/\/huepress.vn\/wp-content\/uploads\/2023\/09\/cong-tac-cong-tu-dong-makihome-2-800x800.png 800w, https:\/\/huepress.vn\/wp-content\/uploads\/2023\/09\/cong-tac-cong-tu-dong-makihome-2-400x400.png 400w, https:\/\/huepress.vn\/wp-content\/uploads\/2023\/09\/cong-tac-cong-tu-dong-makihome-2-280x280.png 280w, https:\/\/huepress.vn\/wp-content\/uploads\/2023\/09\/cong-tac-cong-tu-dong-makihome-2-768x768.png 768w, https:\/\/huepress.vn\/wp-content\/uploads\/2023\/09\/cong-tac-cong-tu-dong-makihome-2-350x350.png 350w, https:\/\/huepress.vn\/wp-content\/uploads\/2023\/09\/cong-tac-cong-tu-dong-makihome-2-100x100.png 100w, https:\/\/huepress.vn\/wp-content\/uploads\/2023\/09\/cong-tac-cong-tu-dong-makihome-2.png 1000w\" sizes=\"auto, (max-width: 800px) 100vw, 800px\" \/>\t\t\t\t\t\t\n\t\t\t\t\t<\/div>\n\t\t\t\t\t\t\t\t\n<style>\n#image_2064702505 {\n  width: 100%;\n}\n<\/style>\n\t<\/div>\n\t\n     <\/div>\n\n     <div class=\"loading-spin dark large centered\"><\/div>\n\n\t<\/div>\n\n\n<h3><\/h3>\n<h3>Video tr\u1ea3i nghi\u1ec7m s\u1ea3n ph\u1ea9m:<\/h3>\n<div class=\"video video-fit mb\" style=\"padding-top:56.25%;\"><p><iframe loading=\"lazy\" title=\"R\u00e8m th\u00f4ng minh \u0111\u00f4i - \u0111i\u1ec1u khi\u1ec3n tr\u00ean App LiFi Home\" width=\"1020\" height=\"765\" src=\"https:\/\/www.youtube.com\/embed\/KBnw5irN1yM?feature=oembed\" frameborder=\"0\" allow=\"accelerometer; autoplay; clipboard-write; encrypted-media; gyroscope; picture-in-picture; web-share\" allowfullscreen><\/iframe><\/p>\n<\/div>\n<h3>Video tr\u1ea3i nghi\u1ec7m s\u1ea3n ph\u1ea9m:<\/h3>\n<div class=\"video video-fit mb\" style=\"padding-top:56.25%;\"><p><iframe loading=\"lazy\" title=\"C\u00f4ng t\u1eafc th\u00f4ng minh -B\u00ecnh n\u00f3ng l\u1ea1nh - c\u1eeda cu\u1ed1n - c\u1eeda s\u1eaft - Make in Vietnam\" width=\"1020\" height=\"574\" src=\"https:\/\/www.youtube.com\/embed\/-hY9D9V34aM?feature=oembed\" frameborder=\"0\" allow=\"accelerometer; autoplay; clipboard-write; encrypted-media; gyroscope; picture-in-picture; web-share\" allowfullscreen><\/iframe><\/p>\n<\/div>\n","protected":false},"excerpt":{"rendered":"<p>GI\u1edaI THI\u1ec6U C\u00f4ng t\u1eafc r\u00e8m \u0111\u00f4i th\u00f4ng minh c\u00f3 th\u1ec3 tr\u1edf th\u00e0nh Hub qu\u1ea3n l\u00fd 100 thi\u1ebft b\u1ecb v\u00e0 k\u1ecbch b\u1ea3n trong ph\u00f2ng ng\u1ee7, ph\u00f2ng l\u00e0m vi\u1ec7c T\u00f9y \u00fd h\u1eb9n gi\u1edd, t\u1ea1o k\u1ecbch b\u1ea3n chi\u1ebfu s\u00e1ng k\u1ebft h\u1ee3p v\u1edbi k\u1ecbch b\u1ea3n r\u00e8m Th\u00f4ng s\u1ed1 k\u1ef9 thu\u1eadt C\u00f4ng t\u1eafc c\u00f4ng su\u1ea5t cao h\u00ecnh ch\u1eef nh\u1eadt vi\u1ec1n<\/p>\n","protected":false},"featured_media":9435,"comment_status":"open","ping_status":"closed","template":"","meta":{"_acf_changed":false,"inline_featured_image":false},"product_brand":[],"product_cat":[375,454,190],"product_tag":[459,460,461],"class_list":{"0":"post-9430","1":"product","2":"type-product","3":"status-publish","4":"has-post-thumbnail","6":"product_cat-dieu-khien-thong-minh-2","7":"product_cat-rem-thong-minh","8":"product_cat-module-dieu-khien","9":"product_tag-rem","10":"product_tag-rem-thong-minh","11":"product_tag-smart-curtain","13":"first","14":"instock","15":"shipping-taxable","16":"purchasable","17":"product-type-simple"},"acf":[],"_links":{"self":[{"href":"https:\/\/huepress.vn\/en\/wp-json\/wp\/v2\/product\/9430","targetHints":{"allow":["GET"]}}],"collection":[{"href":"https:\/\/huepress.vn\/en\/wp-json\/wp\/v2\/product"}],"about":[{"href":"https:\/\/huepress.vn\/en\/wp-json\/wp\/v2\/types\/product"}],"replies":[{"embeddable":true,"href":"https:\/\/huepress.vn\/en\/wp-json\/wp\/v2\/comments?post=9430"}],"wp:featuredmedia":[{"embeddable":true,"href":"https:\/\/huepress.vn\/en\/wp-json\/wp\/v2\/media\/9435"}],"wp:attachment":[{"href":"https:\/\/huepress.vn\/en\/wp-json\/wp\/v2\/media?parent=9430"}],"wp:term":[{"taxonomy":"product_brand","embeddable":true,"href":"https:\/\/huepress.vn\/en\/wp-json\/wp\/v2\/product_brand?post=9430"},{"taxonomy":"product_cat","embeddable":true,"href":"https:\/\/huepress.vn\/en\/wp-json\/wp\/v2\/product_cat?post=9430"},{"taxonomy":"product_tag","embeddable":true,"href":"https:\/\/huepress.vn\/en\/wp-json\/wp\/v2\/product_tag?post=9430"}],"curies":[{"name":"wp","href":"https:\/\/api.w.org\/{rel}","templated":true}]}}