{"id":9382,"date":"2024-01-02T06:17:33","date_gmt":"2024-01-01T23:17:33","guid":{"rendered":"https:\/\/huepress.vn\/?post_type=product&#038;p=9382"},"modified":"2024-04-01T23:29:32","modified_gmt":"2024-04-01T16:29:32","slug":"cong-neon-deo-led-strip","status":"publish","type":"product","link":"https:\/\/huepress.vn\/en\/product\/cong-neon-deo-led-strip\/","title":{"rendered":"\u1ed0ng neon d\u1ebbo t\u1ea3n s\u00e1ng cho led d\u00e2y &#8211; gi\u00e1\/m"},"content":{"rendered":"<h3><b>Gi\u1edbi thi\u1ec7u:<\/b><\/h3>\n<p>\u0110\u00e8n led d\u00e2y silicon c\u00f3 th\u1ec3 s\u1eed d\u1ee5ng trong nh\u00e0 v\u00e0 ngo\u00e0i tr\u1eddi, c\u00f3 th\u1ec3 u\u1ed1n cong t\u1ef1 do, chi\u1ebfu s\u00e1ng d\u01b0\u1edbi t\u1ee7, n\u1ed9i th\u1ea5t, chi\u1ebfu s\u00e1ng t\u00f2a nh\u00e0, \u0111\u00e8n ng\u1ee7, \u0111\u00e8n c\u1eeda s\u1ed5, tri\u1ec3n l\u00e3m.<\/p>\n<p><strong>LED Silicon \u0111\u1ecbnh h\u00ecnh<\/strong>\u00a0c\u00f3 t\u00ednh d\u1ebbo, b\u1ebb cong t\u1ed1t k\u1ebft h\u1ee3p c\u00f9ng LED d\u00e2y b\u00ean trong\u00a0\u0111em l\u1ea1i c\u1ea3m h\u1ee9ng m\u1edbi\u00a0trong\u00a0thi\u1ebft k\u1ebf chi\u1ebfu s\u00e1ng.<\/p>\n<p>\u0110\u01b0\u1ee3c s\u1ea3n xu\u1ea5t tr\u00ean k\u1ef9 thu\u1eadt \u0111\u00fac khu\u00f4ng, nguy\u00ean kh\u1ed1i, h\u1ea1n ch\u1ebf \u0111i\u1ec3m n\u1ed1i th\u1ebf n\u00ean LED Silicon \u0111\u1ecbnh h\u00ecnh c\u00f3 th\u1ec3 s\u1eed d\u1ee5ng ngo\u00e0i tr\u1eddi, t\u1ea1o d\u1ea3i s\u00e1ng li\u1ec1n m\u1ea1ch, d\u1ec5 d\u00e0ng thi c\u00f4ng,\u00a0c\u1ea5u t\u1ea1o v\u1eadt li\u1ec7u \u0111\u1eb7c bi\u1ec7t b\u1ec1n b\u1ec9 trong \u0111i\u1ec1u ki\u1ec7n th\u1eddi\u00a0ti\u1ebft kh\u1eafc nghi\u1ec7t, silicon ch\u1ed1ng ch\u00e1y an to\u00e0n khi c\u00f3 s\u1ef1 c\u1ed1 x\u1ea3y ra.<\/p>\n<h3><b>Th\u00f4ng s\u1ed1:<\/b><\/h3>\n<ul>\n<li>K\u00edch th\u01b0\u1edbc ph\u1ed5 bi\u1ebfn : 12&#215;12, 20&#215;14,20&#215;20, 30&#215;20,40&#215;25, 50&#215;25<\/li>\n<li>Silicon u\u1ed1n cong, t\u1ea1o v\u00f2ng, \u0111\u1ed1t kh\u00f4ng ch\u00e1y, d\u00f9ng ngo\u00e0i tr\u1eddi , ch\u1ecbu \u0111\u01b0\u1ee3c nhi\u1ec7t \u0111\u1ed9 ngo\u00e0i tr\u1eddi cao<\/li>\n<li>C\u1ea5p b\u1ea3o v\u1ec7 IP67 , c\u00f3 th\u1ec3 ch\u1ed1ng n\u01b0\u1edbc hi\u1ec7u qu\u1ea3 , thi c\u00f4ng b\u1ecbt hai \u0111\u1ea7u ch\u1ed1ng n\u01b0\u1edbc t\u1ed1t<\/li>\n<li>B\u1eb1ng ch\u1ea5t li\u1ec7u silicon ch\u1ecbu nhi\u1ec7t , \u0111\u1ed1t ch\u1ed1ng ch\u00e1y , co gi\u1ea3n t\u1ed1t<\/li>\n<li>\u0110i\u1ec7n \u00e1p s\u1eed d\u1ee5ng : 12v \/ 24v<\/li>\n<li>C\u00f4ng su\u1ea5t : 10w , 12w , 16w<\/li>\n<li>Led d\u00e2y silicon g\u1eafn trong silicon b\u1ea3ng 8 li 10w, ho\u1eb7c b\u1ea3ng 10 li 16w \u0111\u1ec1u \u0111\u01b0\u1ee3c<\/li>\n<li>Mi\u1ebfng nh\u1ef1a silicon gi\u00fap cho \u00e1nh s\u00e1ng chi\u1ebfu ra t\u1ecfa, t\u1ea1o v\u1ec7t d\u00e0i, kh\u00f4ng b\u1ecb t\u1eafc s\u00e1ng<\/li>\n<\/ul>\n<p>&nbsp;<\/p>\n<p><img decoding=\"async\" class=\"aligncenter\" src=\"https:\/\/file.hstatic.net\/1000378243\/file\/z3702674532234_7fa71e4207cafa69b12143792283cb92_fcb71acee9124e539aa6fcb12a3da42d_grande.jpg\" \/><\/p>\n","protected":false},"excerpt":{"rendered":"<p>Gi\u1edbi thi\u1ec7u: \u0110\u00e8n led d\u00e2y silicon c\u00f3 th\u1ec3 s\u1eed d\u1ee5ng trong nh\u00e0 v\u00e0 ngo\u00e0i tr\u1eddi, c\u00f3 th\u1ec3 u\u1ed1n cong t\u1ef1 do, chi\u1ebfu s\u00e1ng d\u01b0\u1edbi t\u1ee7, n\u1ed9i th\u1ea5t, chi\u1ebfu s\u00e1ng t\u00f2a nh\u00e0, \u0111\u00e8n ng\u1ee7, \u0111\u00e8n c\u1eeda s\u1ed5, tri\u1ec3n l\u00e3m. LED Silicon \u0111\u1ecbnh h\u00ecnh\u00a0c\u00f3 t\u00ednh d\u1ebbo, b\u1ebb cong t\u1ed1t k\u1ebft h\u1ee3p c\u00f9ng LED d\u00e2y b\u00ean trong\u00a0\u0111em l\u1ea1i<\/p>\n","protected":false},"featured_media":9395,"comment_status":"open","ping_status":"closed","template":"","meta":{"_acf_changed":false,"inline_featured_image":false},"product_brand":[],"product_cat":[374],"product_tag":[526,528,525,527,544,545],"class_list":{"0":"post-9382","1":"product","2":"type-product","3":"status-publish","4":"has-post-thumbnail","6":"product_cat-led-strip-2","7":"product_tag-12v","8":"product_tag-5m","9":"product_tag-led-duoi","10":"product_tag-led-ic","11":"product_tag-neon","12":"product_tag-ong-deo","14":"first","15":"instock","16":"shipping-taxable","17":"purchasable","18":"product-type-simple"},"acf":[],"_links":{"self":[{"href":"https:\/\/huepress.vn\/en\/wp-json\/wp\/v2\/product\/9382","targetHints":{"allow":["GET"]}}],"collection":[{"href":"https:\/\/huepress.vn\/en\/wp-json\/wp\/v2\/product"}],"about":[{"href":"https:\/\/huepress.vn\/en\/wp-json\/wp\/v2\/types\/product"}],"replies":[{"embeddable":true,"href":"https:\/\/huepress.vn\/en\/wp-json\/wp\/v2\/comments?post=9382"}],"wp:featuredmedia":[{"embeddable":true,"href":"https:\/\/huepress.vn\/en\/wp-json\/wp\/v2\/media\/9395"}],"wp:attachment":[{"href":"https:\/\/huepress.vn\/en\/wp-json\/wp\/v2\/media?parent=9382"}],"wp:term":[{"taxonomy":"product_brand","embeddable":true,"href":"https:\/\/huepress.vn\/en\/wp-json\/wp\/v2\/product_brand?post=9382"},{"taxonomy":"product_cat","embeddable":true,"href":"https:\/\/huepress.vn\/en\/wp-json\/wp\/v2\/product_cat?post=9382"},{"taxonomy":"product_tag","embeddable":true,"href":"https:\/\/huepress.vn\/en\/wp-json\/wp\/v2\/product_tag?post=9382"}],"curies":[{"name":"wp","href":"https:\/\/api.w.org\/{rel}","templated":true}]}}