{"id":9274,"date":"2024-01-01T07:11:28","date_gmt":"2024-01-01T00:11:28","guid":{"rendered":"https:\/\/huepress.vn\/?post_type=product&#038;p=9274"},"modified":"2024-01-01T07:34:56","modified_gmt":"2024-01-01T00:34:56","slug":"ble-to-dali-adapter-s1","status":"publish","type":"product","link":"https:\/\/huepress.vn\/en\/product\/ble-to-dali-adapter-s1\/","title":{"rendered":"BLE-to-DALI adapter S1"},"content":{"rendered":"<p>&nbsp;<\/p>\n<h3>DALI-2 led driver \u0111i\u1ec1u khi\u1ec3n \u0110\u1ed9 s\u00e1ng v\u00e0 m\u00e0u CCT qua push dim<\/h3>\n<div class=\"video video-fit mb\" style=\"padding-top:56.25%;\"><p><iframe loading=\"lazy\" title=\"DALI-2 push \u0111\u1ec3 t\u00f9y ch\u1ec9nh \u0111\u1ed9 s\u00e1ng \u0111\u1ed9 \u1ea5m CCT #huepress #smart_light\" width=\"1020\" height=\"574\" src=\"https:\/\/www.youtube.com\/embed\/9JlPCNnmzOw?feature=oembed\" frameborder=\"0\" allow=\"accelerometer; autoplay; clipboard-write; encrypted-media; gyroscope; picture-in-picture; web-share\" allowfullscreen><\/iframe><\/p>\n<\/div>\n<p>&nbsp;<\/p>\n<h3>DALI-2 led driver \u0111i\u1ec1u khi\u1ec3n \u0110\u1ed9 s\u00e1ng v\u00e0 m\u00e0u CCT qua Knob Dimmer:<\/h3>\n<div class=\"video video-fit mb\" style=\"padding-top:56.25%;\"><p><iframe loading=\"lazy\" title=\"DALI Knob Dimmer - B\u1ea3o h\u00e0nh 5 n\u0103m #huepress #smart_light #Dali\" width=\"1020\" height=\"574\" src=\"https:\/\/www.youtube.com\/embed\/1efGXJYb7Sk?feature=oembed\" frameborder=\"0\" allow=\"accelerometer; autoplay; clipboard-write; encrypted-media; gyroscope; picture-in-picture; web-share\" allowfullscreen><\/iframe><\/p>\n<\/div>\n<h3>DALI-2 led driver \u0111i\u1ec1u khi\u1ec3n \u0110\u1ed9 s\u00e1ng v\u00e0 m\u00e0u CCT qua App:<\/h3>\n<div class=\"video video-fit mb\" style=\"padding-top:56.25%;\"><p><iframe loading=\"lazy\" title=\"(LiFi Building) H\u1ec7 th\u1ed1ng ph\u1ee9c h\u1ee3p IoT cho to\u00e0 nh\u00e0 - DALI DMX KNX IoT\" width=\"1020\" height=\"574\" src=\"https:\/\/www.youtube.com\/embed\/nYCBmsSxq8M?feature=oembed\" frameborder=\"0\" allow=\"accelerometer; autoplay; clipboard-write; encrypted-media; gyroscope; picture-in-picture; web-share\" allowfullscreen><\/iframe><\/p>\n<\/div>\n","protected":false},"excerpt":{"rendered":"<p>&nbsp; DALI-2 led driver \u0111i\u1ec1u khi\u1ec3n \u0110\u1ed9 s\u00e1ng v\u00e0 m\u00e0u CCT qua push dim &nbsp; DALI-2 led driver \u0111i\u1ec1u khi\u1ec3n \u0110\u1ed9 s\u00e1ng v\u00e0 m\u00e0u CCT qua Knob Dimmer: DALI-2 led driver \u0111i\u1ec1u khi\u1ec3n \u0110\u1ed9 s\u00e1ng v\u00e0 m\u00e0u CCT qua App:<\/p>\n","protected":false},"featured_media":9297,"comment_status":"open","ping_status":"closed","template":"","meta":{"_acf_changed":false,"inline_featured_image":false},"product_brand":[],"product_cat":[365,367,513,190],"product_tag":[257,521,508,520],"class_list":{"0":"post-9274","1":"product","2":"type-product","3":"status-publish","4":"has-post-thumbnail","6":"product_cat-thiet-bi-dieu-khien-master","7":"product_cat-huebox-d","8":"product_cat-huedriver-dali","9":"product_cat-module-dieu-khien","10":"product_tag-adapter","11":"product_tag-ble","12":"product_tag-dali","13":"product_tag-dali-2","15":"first","16":"instock","17":"shipping-taxable","18":"purchasable","19":"product-type-simple"},"acf":[],"_links":{"self":[{"href":"https:\/\/huepress.vn\/en\/wp-json\/wp\/v2\/product\/9274","targetHints":{"allow":["GET"]}}],"collection":[{"href":"https:\/\/huepress.vn\/en\/wp-json\/wp\/v2\/product"}],"about":[{"href":"https:\/\/huepress.vn\/en\/wp-json\/wp\/v2\/types\/product"}],"replies":[{"embeddable":true,"href":"https:\/\/huepress.vn\/en\/wp-json\/wp\/v2\/comments?post=9274"}],"wp:featuredmedia":[{"embeddable":true,"href":"https:\/\/huepress.vn\/en\/wp-json\/wp\/v2\/media\/9297"}],"wp:attachment":[{"href":"https:\/\/huepress.vn\/en\/wp-json\/wp\/v2\/media?parent=9274"}],"wp:term":[{"taxonomy":"product_brand","embeddable":true,"href":"https:\/\/huepress.vn\/en\/wp-json\/wp\/v2\/product_brand?post=9274"},{"taxonomy":"product_cat","embeddable":true,"href":"https:\/\/huepress.vn\/en\/wp-json\/wp\/v2\/product_cat?post=9274"},{"taxonomy":"product_tag","embeddable":true,"href":"https:\/\/huepress.vn\/en\/wp-json\/wp\/v2\/product_tag?post=9274"}],"curies":[{"name":"wp","href":"https:\/\/api.w.org\/{rel}","templated":true}]}}