{"id":9244,"date":"2024-01-01T06:52:08","date_gmt":"2023-12-31T23:52:08","guid":{"rendered":"https:\/\/huepress.vn\/?post_type=product&#038;p=9244"},"modified":"2024-11-15T16:03:42","modified_gmt":"2024-11-15T09:03:42","slug":"huedriver-dmx-rgbw-vdc","status":"publish","type":"product","link":"https:\/\/huepress.vn\/en\/product\/huedriver-dmx-rgbw-vdc\/","title":{"rendered":"Driver DMX RDM (CCT RGBW)- Ngu\u1ed3n 12V 36V -DC input 480W"},"content":{"rendered":"<h3>S\u01a1 \u0111\u1ed3 k\u1ebft n\u1ed1i:<\/h3>\n<p><img loading=\"lazy\" decoding=\"async\" class=\"size-medium wp-image-10112 aligncenter\" src=\"https:\/\/huepress.vn\/wp-content\/uploads\/2024\/01\/z5730558201343_0c445e1fa82d94910fdd6df423c82e61-800x300.jpg\" alt=\"\" width=\"800\" height=\"300\" srcset=\"https:\/\/huepress.vn\/wp-content\/uploads\/2024\/01\/z5730558201343_0c445e1fa82d94910fdd6df423c82e61-800x300.jpg 800w, https:\/\/huepress.vn\/wp-content\/uploads\/2024\/01\/z5730558201343_0c445e1fa82d94910fdd6df423c82e61-1400x525.jpg 1400w, https:\/\/huepress.vn\/wp-content\/uploads\/2024\/01\/z5730558201343_0c445e1fa82d94910fdd6df423c82e61-768x288.jpg 768w, https:\/\/huepress.vn\/wp-content\/uploads\/2024\/01\/z5730558201343_0c445e1fa82d94910fdd6df423c82e61-1536x576.jpg 1536w, https:\/\/huepress.vn\/wp-content\/uploads\/2024\/01\/z5730558201343_0c445e1fa82d94910fdd6df423c82e61-350x131.jpg 350w, https:\/\/huepress.vn\/wp-content\/uploads\/2024\/01\/z5730558201343_0c445e1fa82d94910fdd6df423c82e61.jpg 2000w\" sizes=\"auto, (max-width: 800px) 100vw, 800px\" \/><\/p>\n<p>&nbsp;<\/p>\n<h3>H\u01b0\u1edbng d\u1eabn \u0111i theo l\u1ed9 \u0111\u00e8n CCT:<\/h3>\n<div class=\"video video-fit mb\" style=\"padding-top:56.25%;\"><p><iframe loading=\"lazy\" title=\"Qu\u1ea3n l\u00fd l\u1ed9 \u0111\u00e8n \u0111\u01a1n gi\u1ea3n v\u00e0 s\u1ed1 l\u01b0\u1ee3ng l\u1edbn\" width=\"1020\" height=\"574\" src=\"https:\/\/www.youtube.com\/embed\/WR_DZnwsCw4?feature=oembed\" frameborder=\"0\" allow=\"accelerometer; autoplay; clipboard-write; encrypted-media; gyroscope; picture-in-picture; web-share\" referrerpolicy=\"strict-origin-when-cross-origin\" allowfullscreen><\/iframe><\/p>\n<\/div>\n<h3>K\u1ebft n\u1ed1i global smarthome (Samsung, Apple, Google&#8230;):<\/h3>\n<div class=\"video video-fit mb\" style=\"padding-top:56.25%;\"><p><iframe loading=\"lazy\" title=\"#Samsung #smartthings 3D map view \u0111i\u1ec1u khi\u1ec3n \u0111\u00e8n HUE h\u1ec7 wired v\u00e0 wireless #HuePress\" width=\"1020\" height=\"574\" src=\"https:\/\/www.youtube.com\/embed\/3XEKPFpEFVo?feature=oembed\" frameborder=\"0\" allow=\"accelerometer; autoplay; clipboard-write; encrypted-media; gyroscope; picture-in-picture; web-share\" referrerpolicy=\"strict-origin-when-cross-origin\" allowfullscreen><\/iframe><\/p>\n<\/div>\n<h3>Video tr\u1ea3i nghi\u1ec7m s\u1ea3n ph\u1ea9m li\u00ean quan:<\/h3>\n<div class=\"video video-fit mb\" style=\"padding-top:56.25%;\"><p><iframe loading=\"lazy\" title=\"Ph\u00e2n bi\u1ec7t led driver th\u00f4ng minh h\u1ec7 Bluetooth DALI DMX v\u00e0 \u1ee9ng d\u1ee5ng\" width=\"1020\" height=\"574\" src=\"https:\/\/www.youtube.com\/embed\/EpzxgWwUMlc?feature=oembed\" frameborder=\"0\" allow=\"accelerometer; autoplay; clipboard-write; encrypted-media; gyroscope; picture-in-picture; web-share\" allowfullscreen><\/iframe><\/p>\n<\/div>\n<p>&nbsp;<\/p>\n","protected":false},"excerpt":{"rendered":"<p>S\u01a1 \u0111\u1ed3 k\u1ebft n\u1ed1i: &nbsp; H\u01b0\u1edbng d\u1eabn \u0111i theo l\u1ed9 \u0111\u00e8n CCT: K\u1ebft n\u1ed1i global smarthome (Samsung, Apple, Google&#8230;): Video tr\u1ea3i nghi\u1ec7m s\u1ea3n ph\u1ea9m li\u00ean quan: &nbsp;<\/p>\n","protected":false},"featured_media":9245,"comment_status":"open","ping_status":"closed","template":"","meta":{"_acf_changed":false,"inline_featured_image":false},"product_brand":[],"product_cat":[514,190,365],"product_tag":[517,416,429,261,427,519],"class_list":{"0":"post-9244","1":"product","2":"type-product","3":"status-publish","4":"has-post-thumbnail","6":"product_cat-huedriver-dmx","7":"product_cat-module-dieu-khien","8":"product_cat-thiet-bi-dieu-khien-master","9":"product_tag-constant-voltage","10":"product_tag-dmx","11":"product_tag-nguon-chong-nuoc","12":"product_tag-rgbw","13":"product_tag-smart-led-power","14":"product_tag-vdc","16":"first","17":"instock","18":"sale","19":"shipping-taxable","20":"purchasable","21":"product-type-simple"},"acf":[],"_links":{"self":[{"href":"https:\/\/huepress.vn\/en\/wp-json\/wp\/v2\/product\/9244","targetHints":{"allow":["GET"]}}],"collection":[{"href":"https:\/\/huepress.vn\/en\/wp-json\/wp\/v2\/product"}],"about":[{"href":"https:\/\/huepress.vn\/en\/wp-json\/wp\/v2\/types\/product"}],"replies":[{"embeddable":true,"href":"https:\/\/huepress.vn\/en\/wp-json\/wp\/v2\/comments?post=9244"}],"wp:featuredmedia":[{"embeddable":true,"href":"https:\/\/huepress.vn\/en\/wp-json\/wp\/v2\/media\/9245"}],"wp:attachment":[{"href":"https:\/\/huepress.vn\/en\/wp-json\/wp\/v2\/media?parent=9244"}],"wp:term":[{"taxonomy":"product_brand","embeddable":true,"href":"https:\/\/huepress.vn\/en\/wp-json\/wp\/v2\/product_brand?post=9244"},{"taxonomy":"product_cat","embeddable":true,"href":"https:\/\/huepress.vn\/en\/wp-json\/wp\/v2\/product_cat?post=9244"},{"taxonomy":"product_tag","embeddable":true,"href":"https:\/\/huepress.vn\/en\/wp-json\/wp\/v2\/product_tag?post=9244"}],"curies":[{"name":"wp","href":"https:\/\/api.w.org\/{rel}","templated":true}]}}