{"id":9192,"date":"2023-12-29T14:49:26","date_gmt":"2023-12-29T07:49:26","guid":{"rendered":"https:\/\/huepress.vn\/?post_type=product&#038;p=9192"},"modified":"2024-04-01T20:40:07","modified_gmt":"2024-04-01T13:40:07","slug":"dali-knob-cong-tac-xoay-dimmer","status":"publish","type":"product","link":"https:\/\/huepress.vn\/en\/product\/dali-knob-cong-tac-xoay-dimmer\/","title":{"rendered":"DALI-2 Knob Dimmer &#8211; \u0111i\u1ec1u khi\u1ec3n \u0111\u1ed9 s\u00e1ng \u0111\u00e8n Dali"},"content":{"rendered":"<h3>DALI-2 led driver h\u1ed7 tr\u1ee3 push dim v\u1edbi c\u00f4ng t\u1eafc c\u01a1 th\u00f4ng th\u01b0\u1eddng<\/h3>\n<div class=\"video video-fit mb\" style=\"padding-top:56.25%;\"><p><iframe loading=\"lazy\" title=\"DALI-2 push \u0111\u1ec3 t\u00f9y ch\u1ec9nh \u0111\u1ed9 s\u00e1ng \u0111\u1ed9 \u1ea5m CCT #huepress #smart_light\" width=\"1020\" height=\"574\" src=\"https:\/\/www.youtube.com\/embed\/9JlPCNnmzOw?feature=oembed\" frameborder=\"0\" allow=\"accelerometer; autoplay; clipboard-write; encrypted-media; gyroscope; picture-in-picture; web-share\" allowfullscreen><\/iframe><\/p>\n<\/div>\n<h3>DALI-2 led driver h\u1ed7 tr\u1ee3 DALI dim v\u1edbi c\u00f4ng t\u1eafc xoay<\/h3>\n<div class=\"video video-fit mb\" style=\"padding-top:56.25%;\"><p><iframe loading=\"lazy\" title=\"(LiFi Building) H\u1ec7 th\u1ed1ng ph\u1ee9c h\u1ee3p IoT cho to\u00e0 nh\u00e0 - DALI DMX KNX IoT\" width=\"1020\" height=\"574\" src=\"https:\/\/www.youtube.com\/embed\/nYCBmsSxq8M?feature=oembed\" frameborder=\"0\" allow=\"accelerometer; autoplay; clipboard-write; encrypted-media; gyroscope; picture-in-picture; web-share\" allowfullscreen><\/iframe><\/p>\n<\/div>\n","protected":false},"excerpt":{"rendered":"<p>DALI-2 led driver h\u1ed7 tr\u1ee3 push dim v\u1edbi c\u00f4ng t\u1eafc c\u01a1 th\u00f4ng th\u01b0\u1eddng DALI-2 led driver h\u1ed7 tr\u1ee3 DALI dim v\u1edbi c\u00f4ng t\u1eafc xoay<\/p>\n","protected":false},"featured_media":9193,"comment_status":"open","ping_status":"closed","template":"","meta":{"_acf_changed":false,"inline_featured_image":false},"product_brand":[],"product_cat":[380,382,513],"product_tag":[511,508,510,523,509],"class_list":{"0":"post-9192","1":"product","2":"type-product","3":"status-publish","4":"has-post-thumbnail","6":"product_cat-bang-dieu-khien-ux-panel","7":"product_cat-cong-tac-xoay-knob","8":"product_cat-huedriver-dali","9":"product_tag-cong-tac-xoay","10":"product_tag-dali","11":"product_tag-dimmer","12":"product_tag-dt6","13":"product_tag-knob-dimmer","15":"first","16":"instock","17":"shipping-taxable","18":"purchasable","19":"product-type-simple"},"acf":[],"_links":{"self":[{"href":"https:\/\/huepress.vn\/en\/wp-json\/wp\/v2\/product\/9192","targetHints":{"allow":["GET"]}}],"collection":[{"href":"https:\/\/huepress.vn\/en\/wp-json\/wp\/v2\/product"}],"about":[{"href":"https:\/\/huepress.vn\/en\/wp-json\/wp\/v2\/types\/product"}],"replies":[{"embeddable":true,"href":"https:\/\/huepress.vn\/en\/wp-json\/wp\/v2\/comments?post=9192"}],"wp:featuredmedia":[{"embeddable":true,"href":"https:\/\/huepress.vn\/en\/wp-json\/wp\/v2\/media\/9193"}],"wp:attachment":[{"href":"https:\/\/huepress.vn\/en\/wp-json\/wp\/v2\/media?parent=9192"}],"wp:term":[{"taxonomy":"product_brand","embeddable":true,"href":"https:\/\/huepress.vn\/en\/wp-json\/wp\/v2\/product_brand?post=9192"},{"taxonomy":"product_cat","embeddable":true,"href":"https:\/\/huepress.vn\/en\/wp-json\/wp\/v2\/product_cat?post=9192"},{"taxonomy":"product_tag","embeddable":true,"href":"https:\/\/huepress.vn\/en\/wp-json\/wp\/v2\/product_tag?post=9192"}],"curies":[{"name":"wp","href":"https:\/\/api.w.org\/{rel}","templated":true}]}}