{"id":9188,"date":"2023-12-29T14:45:11","date_gmt":"2023-12-29T07:45:11","guid":{"rendered":"https:\/\/huepress.vn\/?post_type=product&#038;p=9188"},"modified":"2024-04-01T23:13:16","modified_gmt":"2024-04-01T16:13:16","slug":"dali-2-led-driver-cct-60w-ho-tro-chip-led-bridgelux","status":"publish","type":"product","link":"https:\/\/huepress.vn\/en\/product\/dali-2-led-driver-cct-60w-ho-tro-chip-led-bridgelux\/","title":{"rendered":"DALI-2 led driver CCT 60W (h\u1ed7 tr\u1ee3 chip led Bridgelux)"},"content":{"rendered":"<p>&nbsp;<\/p>\n<h3>DALI-2 led driver \u0111i\u1ec1u khi\u1ec3n \u0110\u1ed9 s\u00e1ng v\u00e0 m\u00e0u CCT qua push dim<\/h3>\n<div class=\"video video-fit mb\" style=\"padding-top:56.25%;\"><p><iframe loading=\"lazy\" title=\"DALI-2 push \u0111\u1ec3 t\u00f9y ch\u1ec9nh \u0111\u1ed9 s\u00e1ng \u0111\u1ed9 \u1ea5m CCT #huepress #smart_light\" width=\"1020\" height=\"574\" src=\"https:\/\/www.youtube.com\/embed\/9JlPCNnmzOw?feature=oembed\" frameborder=\"0\" allow=\"accelerometer; autoplay; clipboard-write; encrypted-media; gyroscope; picture-in-picture; web-share\" allowfullscreen><\/iframe><\/p>\n<\/div>\n<p>&nbsp;<\/p>\n<h3>DALI-2 led driver \u0111i\u1ec1u khi\u1ec3n \u0110\u1ed9 s\u00e1ng v\u00e0 m\u00e0u CCT qua Knob Dimmer:<\/h3>\n<div class=\"video video-fit mb\" style=\"padding-top:56.25%;\"><p><iframe loading=\"lazy\" title=\"DALI Knob Dimmer - B\u1ea3o h\u00e0nh 5 n\u0103m #huepress #smart_light #Dali\" width=\"1020\" height=\"574\" src=\"https:\/\/www.youtube.com\/embed\/1efGXJYb7Sk?feature=oembed\" frameborder=\"0\" allow=\"accelerometer; autoplay; clipboard-write; encrypted-media; gyroscope; picture-in-picture; web-share\" allowfullscreen><\/iframe><\/p>\n<\/div>\n<h3>DALI-2 led driver \u0111i\u1ec1u khi\u1ec3n \u0110\u1ed9 s\u00e1ng v\u00e0 m\u00e0u CCT qua App:<\/h3>\n<div class=\"video video-fit mb\" style=\"padding-top:56.25%;\"><p><iframe loading=\"lazy\" title=\"(LiFi Building) H\u1ec7 th\u1ed1ng ph\u1ee9c h\u1ee3p IoT cho to\u00e0 nh\u00e0 - DALI DMX KNX IoT\" width=\"1020\" height=\"574\" src=\"https:\/\/www.youtube.com\/embed\/nYCBmsSxq8M?feature=oembed\" frameborder=\"0\" allow=\"accelerometer; autoplay; clipboard-write; encrypted-media; gyroscope; picture-in-picture; web-share\" allowfullscreen><\/iframe><\/p>\n<\/div>\n","protected":false},"excerpt":{"rendered":"<p>&nbsp; DALI-2 led driver \u0111i\u1ec1u khi\u1ec3n \u0110\u1ed9 s\u00e1ng v\u00e0 m\u00e0u CCT qua push dim &nbsp; DALI-2 led driver \u0111i\u1ec1u khi\u1ec3n \u0110\u1ed9 s\u00e1ng v\u00e0 m\u00e0u CCT qua Knob Dimmer: DALI-2 led driver \u0111i\u1ec1u khi\u1ec3n \u0110\u1ed9 s\u00e1ng v\u00e0 m\u00e0u CCT qua App:<\/p>\n","protected":false},"featured_media":9176,"comment_status":"open","ping_status":"closed","template":"","meta":{"_acf_changed":false,"inline_featured_image":false},"product_brand":[],"product_cat":[365,513,190],"product_tag":[515],"class_list":{"0":"post-9188","1":"product","2":"type-product","3":"status-publish","4":"has-post-thumbnail","6":"product_cat-thiet-bi-dieu-khien-master","7":"product_cat-huedriver-dali","8":"product_cat-module-dieu-khien","9":"product_tag-dali-dali-2-led-driver-bridgelux","11":"first","12":"instock","13":"shipping-taxable","14":"purchasable","15":"product-type-simple"},"acf":[],"_links":{"self":[{"href":"https:\/\/huepress.vn\/en\/wp-json\/wp\/v2\/product\/9188","targetHints":{"allow":["GET"]}}],"collection":[{"href":"https:\/\/huepress.vn\/en\/wp-json\/wp\/v2\/product"}],"about":[{"href":"https:\/\/huepress.vn\/en\/wp-json\/wp\/v2\/types\/product"}],"replies":[{"embeddable":true,"href":"https:\/\/huepress.vn\/en\/wp-json\/wp\/v2\/comments?post=9188"}],"wp:featuredmedia":[{"embeddable":true,"href":"https:\/\/huepress.vn\/en\/wp-json\/wp\/v2\/media\/9176"}],"wp:attachment":[{"href":"https:\/\/huepress.vn\/en\/wp-json\/wp\/v2\/media?parent=9188"}],"wp:term":[{"taxonomy":"product_brand","embeddable":true,"href":"https:\/\/huepress.vn\/en\/wp-json\/wp\/v2\/product_brand?post=9188"},{"taxonomy":"product_cat","embeddable":true,"href":"https:\/\/huepress.vn\/en\/wp-json\/wp\/v2\/product_cat?post=9188"},{"taxonomy":"product_tag","embeddable":true,"href":"https:\/\/huepress.vn\/en\/wp-json\/wp\/v2\/product_tag?post=9188"}],"curies":[{"name":"wp","href":"https:\/\/api.w.org\/{rel}","templated":true}]}}