{"id":9081,"date":"2023-12-19T13:54:22","date_gmt":"2023-12-19T06:54:22","guid":{"rendered":"https:\/\/huepress.vn\/?post_type=product&#038;p=9081"},"modified":"2024-01-15T12:00:05","modified_gmt":"2024-01-15T05:00:05","slug":"led-osram-tunable-white","status":"publish","type":"product","link":"https:\/\/huepress.vn\/en\/product\/led-osram-tunable-white\/","title":{"rendered":"OSRAM CCT tunable white- COB-TW-10.2W MR16"},"content":{"rendered":"<div class=\"video video-fit mb\" style=\"padding-top:56.25%;\"><p><iframe loading=\"lazy\" title=\"(OSRAM x HUEPRESS) H\u1ec6 TH\u1ed0NG \u0110\u00c8N TH\u00d4NG MINH B\u1ea2O H\u00c0NH 5 N\u0102M\" width=\"1020\" height=\"574\" src=\"https:\/\/www.youtube.com\/embed\/TQWdnTU4sFY?feature=oembed\" frameborder=\"0\" allow=\"accelerometer; autoplay; clipboard-write; encrypted-media; gyroscope; picture-in-picture; web-share\" allowfullscreen><\/iframe><\/p>\n<\/div>\n<p><strong>Benefits of the product line<\/strong><\/p>\n<ul>\n<li>Compact form factor compatible with conventional CDM MR16 lamps<\/li>\n<li>Wide CCT range from 2700 K to 6500 K<\/li>\n<li>Targeting human-centered lighting (HCL)<\/li>\n<\/ul>\n<p><strong>Application areas<\/strong><\/p>\n<ul>\n<li>Retail<\/li>\n<li>Shop<\/li>\n<li>Restaurant<\/li>\n<li>Hospital<\/li>\n<li>Museum<\/li>\n<li>Exhibition room<\/li>\n<li>Suitable for indoor applications<\/li>\n<\/ul>\n<p>&#8212;<\/p>\n<div class=\"row space-small\">\n<div class=\"section-techinfo col-xs-12\">\n<div class=\"row space-small\" data-group-id=\"ZPIM1GR10009\">\n<div class=\"col-xs-12\">\n<div class=\"techinfo-group\"><\/div>\n<\/div>\n<\/div>\n<\/div>\n<\/div>\n<div class=\"slider-wrapper relative\" id=\"slider-1888558847\" >\n    <div class=\"slider slider-nav-circle slider-nav-large slider-nav-light slider-style-normal\"\n        data-flickity-options='{\n            \"cellAlign\": \"center\",\n            \"imagesLoaded\": true,\n            \"lazyLoad\": 1,\n            \"freeScroll\": false,\n            \"wrapAround\": true,\n            \"autoPlay\": 6000,\n            \"pauseAutoPlayOnHover\" : true,\n            \"prevNextButtons\": true,\n            \"contain\" : true,\n            \"adaptiveHeight\" : true,\n            \"dragThreshold\" : 10,\n            \"percentPosition\": true,\n            \"pageDots\": true,\n            \"rightToLeft\": false,\n            \"draggable\": true,\n            \"selectedAttraction\": 0.1,\n            \"parallax\" : 0,\n            \"friction\": 0.6        }'\n        >\n        \n\t<div class=\"img has-hover x md-x lg-x y md-y lg-y\" id=\"image_2061252152\">\n\t\t\t\t\t\t\t\t<div class=\"img-inner dark\" >\n\t\t\t<img loading=\"lazy\" decoding=\"async\" width=\"1020\" height=\"680\" src=\"https:\/\/huepress.vn\/wp-content\/uploads\/2023\/12\/IMG_1285-1200x800.jpg\" class=\"attachment-large size-large\" alt=\"\" srcset=\"https:\/\/huepress.vn\/wp-content\/uploads\/2023\/12\/IMG_1285-1200x800.jpg 1200w, https:\/\/huepress.vn\/wp-content\/uploads\/2023\/12\/IMG_1285-600x400.jpg 600w, https:\/\/huepress.vn\/wp-content\/uploads\/2023\/12\/IMG_1285-768x512.jpg 768w, https:\/\/huepress.vn\/wp-content\/uploads\/2023\/12\/IMG_1285-1536x1024.jpg 1536w, https:\/\/huepress.vn\/wp-content\/uploads\/2023\/12\/IMG_1285-2048x1365.jpg 2048w, https:\/\/huepress.vn\/wp-content\/uploads\/2023\/12\/IMG_1285-350x233.jpg 350w\" sizes=\"auto, (max-width: 1020px) 100vw, 1020px\" \/>\t\t\t\t\t\t\n\t\t\t\t\t<\/div>\n\t\t\t\t\t\t\t\t\n<style>\n#image_2061252152 {\n  width: 100%;\n}\n<\/style>\n\t<\/div>\n\t\n\t<div class=\"img has-hover x md-x lg-x y md-y lg-y\" id=\"image_1675480506\">\n\t\t\t\t\t\t\t\t<div class=\"img-inner dark\" >\n\t\t\t<img loading=\"lazy\" decoding=\"async\" width=\"1020\" height=\"680\" src=\"https:\/\/huepress.vn\/wp-content\/uploads\/2023\/12\/IMG_1291-1200x800.jpg\" class=\"attachment-large size-large\" alt=\"\" srcset=\"https:\/\/huepress.vn\/wp-content\/uploads\/2023\/12\/IMG_1291-1200x800.jpg 1200w, https:\/\/huepress.vn\/wp-content\/uploads\/2023\/12\/IMG_1291-600x400.jpg 600w, https:\/\/huepress.vn\/wp-content\/uploads\/2023\/12\/IMG_1291-768x512.jpg 768w, https:\/\/huepress.vn\/wp-content\/uploads\/2023\/12\/IMG_1291-1536x1024.jpg 1536w, https:\/\/huepress.vn\/wp-content\/uploads\/2023\/12\/IMG_1291-2048x1365.jpg 2048w, https:\/\/huepress.vn\/wp-content\/uploads\/2023\/12\/IMG_1291-350x233.jpg 350w\" sizes=\"auto, (max-width: 1020px) 100vw, 1020px\" \/>\t\t\t\t\t\t\n\t\t\t\t\t<\/div>\n\t\t\t\t\t\t\t\t\n<style>\n#image_1675480506 {\n  width: 100%;\n}\n<\/style>\n\t<\/div>\n\t\n\t<div class=\"img has-hover x md-x lg-x y md-y lg-y\" id=\"image_1649801874\">\n\t\t\t\t\t\t\t\t<div class=\"img-inner dark\" >\n\t\t\t<img loading=\"lazy\" decoding=\"async\" width=\"1020\" height=\"680\" src=\"https:\/\/huepress.vn\/wp-content\/uploads\/2023\/12\/IMG_1292-1200x800.jpg\" class=\"attachment-large size-large\" alt=\"\" srcset=\"https:\/\/huepress.vn\/wp-content\/uploads\/2023\/12\/IMG_1292-1200x800.jpg 1200w, https:\/\/huepress.vn\/wp-content\/uploads\/2023\/12\/IMG_1292-600x400.jpg 600w, https:\/\/huepress.vn\/wp-content\/uploads\/2023\/12\/IMG_1292-768x512.jpg 768w, https:\/\/huepress.vn\/wp-content\/uploads\/2023\/12\/IMG_1292-1536x1024.jpg 1536w, https:\/\/huepress.vn\/wp-content\/uploads\/2023\/12\/IMG_1292-2048x1365.jpg 2048w, https:\/\/huepress.vn\/wp-content\/uploads\/2023\/12\/IMG_1292-350x233.jpg 350w\" sizes=\"auto, (max-width: 1020px) 100vw, 1020px\" \/>\t\t\t\t\t\t\n\t\t\t\t\t<\/div>\n\t\t\t\t\t\t\t\t\n<style>\n#image_1649801874 {\n  width: 100%;\n}\n<\/style>\n\t<\/div>\n\t\n     <\/div>\n\n     <div class=\"loading-spin dark large centered\"><\/div>\n\n\t<\/div>\n\n\n<div class=\"row space-small\">\n<div class=\"section-techinfo col-xs-12\">\n<div class=\"row space-small\" data-group-id=\"ZPIM1GR10009\">\n<div class=\"col-xs-12\">\n<div class=\"techinfo-group\"><\/div>\n<\/div>\n<\/div>\n<\/div>\n<\/div>\n<div class=\"row space-small\">\n<div class=\"col-xs-12\"><\/div>\n<\/div>\n<p>Reference information about lighting angle (Beam Angle).<\/p>\n<p><img loading=\"lazy\" decoding=\"async\" class=\"aligncenter\" src=\"https:\/\/cf.shopee.vn\/file\/vn-11134208-7qukw-lgiz2zl7wyga53\" width=\"331\" height=\"114\" data-uploading=\"uploaded\" data-upload-status=\"success\" \/><\/p>\n<p>&#8212;-<\/p>\n<p>\u2714\ufe0f High performance LED chip structure, long lifespan<\/p>\n<p>\u2714\ufe0f Can wirelessly control Bluetooth Mesh for easy operation via Smartphone.<\/p>\n<p>\u2714\ufe0f Unlimited control devices<\/p>\n<p>\u2714\ufe0f Without using Hub, you can still manage many devices, saving costs.<\/p>\n<p>\u2714\ufe0f Customize color and brightness to your liking: white light color range 6500K to 2700K yellow<\/p>\n<p>\u2714\ufe0f Compatible with Vietnamese and International Smarthome platforms<\/p>\n<p>\u2714\ufe0f Easy self-installation in 5 minutes<\/p>\n<p>Upgraded features if used with Hue Box C:<\/p>\n<p>\u2714\ufe0f Supports Vietnamese\/English voice control (Google Home smart speaker, Alexa, FPT play box S,&#8230;)<\/p>\n<p>\u2714\ufe0f Set timer to turn off\/on the light, timer to change light color<\/p>\n<p>\u2714\ufe0f Custom contextual lighting such as: customizing lighting effects and changing color over time.<\/p>\n<p>\u2714\ufe0f Color synchronization: the whole room\/lights will flash to the music at the same time<\/p>\n<p>&nbsp;<\/p>\n<p>Supports connection with Samsung SmartThings, Google Home, Apple HomeKit, IFTTT.<\/p>\n<p>Voice control via smart speakers, Alexa, Google home virtual assistant, Siri Shortcuts<\/p>\n<p>The product is the result of more than 10 years of international R&amp;D experience in IoT technology, LiFi digitizing light, AI, and big data, HuePress provides smart lighting solutions in the true &#8220;science of lighting&#8221;.<\/p>\n<p>&nbsp;<\/p>\n<p>&#8212;-<\/p>\n<p>HUEPRESS DIGITAL LIGHTING JOINT STOCK COMPANY<\/p>\n<p>#HUEPRESS #myHue #\u0111\u00e8n_led_th\u00f4ng_minh #smarthome #\u0111\u00e8n_th\u00f4ng_minh #\u0111\u00e8n_led_wifi #nh\u00e0_th\u00f4ng_minh #bongdenledwifi #bongdenleddieukhienquaapp #denledthongminh #downlight #denamtran #\u0111\u00e8n_\u00e2m_tr\u1ea7n #denled #bongden #bongdenled #bongledmyhue #nhathongminh<\/p>\n<p>#LiFi #lighting<\/p>\n","protected":false},"excerpt":{"rendered":"<p>Benefits of the product line Compact form factor compatible with conventional CDM MR16 lamps Wide CCT range from 2700 K to 6500 K Targeting human-centered lighting (HCL) Application areas Retail Shop Restaurant Hospital Museum Exhibition room Suitable for indoor applications &#8212; Reference information about lighting angle (Beam Angle). &#8212;- \u2714\ufe0f High performance LED chip structure,<\/p>\n","protected":false},"featured_media":9092,"comment_status":"open","ping_status":"closed","template":"","meta":{"_acf_changed":false,"inline_featured_image":false},"product_brand":[],"product_cat":[173],"product_tag":[],"class_list":{"0":"post-9081","1":"product","2":"type-product","3":"status-publish","4":"has-post-thumbnail","6":"product_cat-indoor-chieu-sang-khoa-hoc","8":"first","9":"instock","10":"sale","11":"shipping-taxable","12":"purchasable","13":"product-type-simple"},"acf":[],"_links":{"self":[{"href":"https:\/\/huepress.vn\/en\/wp-json\/wp\/v2\/product\/9081","targetHints":{"allow":["GET"]}}],"collection":[{"href":"https:\/\/huepress.vn\/en\/wp-json\/wp\/v2\/product"}],"about":[{"href":"https:\/\/huepress.vn\/en\/wp-json\/wp\/v2\/types\/product"}],"replies":[{"embeddable":true,"href":"https:\/\/huepress.vn\/en\/wp-json\/wp\/v2\/comments?post=9081"}],"wp:featuredmedia":[{"embeddable":true,"href":"https:\/\/huepress.vn\/en\/wp-json\/wp\/v2\/media\/9092"}],"wp:attachment":[{"href":"https:\/\/huepress.vn\/en\/wp-json\/wp\/v2\/media?parent=9081"}],"wp:term":[{"taxonomy":"product_brand","embeddable":true,"href":"https:\/\/huepress.vn\/en\/wp-json\/wp\/v2\/product_brand?post=9081"},{"taxonomy":"product_cat","embeddable":true,"href":"https:\/\/huepress.vn\/en\/wp-json\/wp\/v2\/product_cat?post=9081"},{"taxonomy":"product_tag","embeddable":true,"href":"https:\/\/huepress.vn\/en\/wp-json\/wp\/v2\/product_tag?post=9081"}],"curies":[{"name":"wp","href":"https:\/\/api.w.org\/{rel}","templated":true}]}}