{"id":8790,"date":"2023-09-23T13:20:05","date_gmt":"2023-09-23T06:20:05","guid":{"rendered":"https:\/\/huepress.vn\/?post_type=product&#038;p=8790"},"modified":"2024-05-24T09:34:19","modified_gmt":"2024-05-24T02:34:19","slug":"den-led-spotlight-thong-minh-cct-20w-30w","status":"publish","type":"product","link":"https:\/\/huepress.vn\/en\/product\/den-led-spotlight-thong-minh-cct-20w-30w\/","title":{"rendered":"20W 30W CCT -\u0110\u00e8n led spotlight th\u00f4ng minh HuePress- Phi 120"},"content":{"rendered":"<div class=\"video video-fit mb\" style=\"padding-top:56.25%;\"><p><iframe loading=\"lazy\" title=\"\u0110\u00e8n led \u00e2m tr\u1ea7n th\u00f4ng minh HuePress - Down light Bluetooth mesh 12W 24\u00b0 CCT DIM 2700K-6500K\" width=\"1020\" height=\"574\" src=\"https:\/\/www.youtube.com\/embed\/-sER3x5vURw?feature=oembed\" frameborder=\"0\" allow=\"accelerometer; autoplay; clipboard-write; encrypted-media; gyroscope; picture-in-picture; web-share\" allowfullscreen><\/iframe><\/p>\n<\/div>\n<div class=\"video video-fit mb\" style=\"padding-top:56.25%;\"><p><iframe loading=\"lazy\" title=\"\u0110\u00e8n th\u00f4ng t\u1ea7ng th\u00f4ng minh 20W - t\u00f9y ch\u1ec9nh \u0111\u1ed9 \u1ea5m CCT \u0111\u1ed9 s\u00e1ng\" width=\"1020\" height=\"574\" src=\"https:\/\/www.youtube.com\/embed\/He4KeDr_Mp4?feature=oembed\" frameborder=\"0\" allow=\"accelerometer; autoplay; clipboard-write; encrypted-media; gyroscope; picture-in-picture; web-share\" referrerpolicy=\"strict-origin-when-cross-origin\" allowfullscreen><\/iframe><\/p>\n<\/div>\n<p>\u0110\u00e8n led th\u00f4ng t\u1ea7ng chi\u1ebfu \u0111i\u1ec3m th\u00f4ng minh HuePress &#8211; Spotlight 20W 30W \u0111\u1ed9 CCT DIM 2700K-6500K<\/p>\n<p>H\u1ed7 tr\u1ee3 \u0111i\u1ec1u khi\u1ec3n ri\u00eang 1 \u0111\u00e8n ho\u1eb7c \u0111\u1ed3ng th\u1eddi theo nh\u00f3m \u0111\u00e8n, d\u1ea3i m\u00e0u 2700k-6500k DIM 1%-100%<\/p>\n<p>&#8212;<\/p>\n<p>Th\u01b0\u01a1ng hi\u1ec7u: HUEPRESS chip led OSRAM\/CREE\/BRIDGELUX 20W-30W<\/p>\n<p>M\u00e3 SP: MH002-L0xx<\/p>\n<p>\u25fc Th\u00f4ng s\u1ed1 k\u1ef9 thu\u1eadt:<\/p>\n<p>&#8211; C\u00f4ng su\u1ea5t: 25W (t\u00f9y ch\u1ec9nh 20W-30W)<\/p>\n<p>&#8211; Ngu\u1ed3n \u0111i\u1ec7n ho\u1ea1t \u0111\u1ed9ng: AC 85-265V, 50\/60Hz<\/p>\n<p>&#8211; \u0110\u1ed9 s\u00e1ng: 2800 Lm<\/p>\n<p>&#8211; Ch\u1ec9 s\u1ed1 ho\u00e0n m\u00e0u (CRI) 95<\/p>\n<p>&#8211; Nhi\u1ec7t \u0111\u1ed9 m\u00e0u CCT: 2700K \u0111\u1ebfn 6500K (Light)<\/p>\n<p>\u00a0<\/p>\n<p>&#8211; K\u00edch th\u01b0\u1edbc l\u1ed7 kho\u00e9t: 120mm<\/p>\n<p>&#8211; Tu\u1ed5i th\u1ecd: 60.000 gi\u1edd<\/p>\n<p>&#8211; C\u00f4ng ngh\u1ec7 kh\u00f4ng d\u00e2y: Bluetooth Mesh v\u00e0 WiFi k\u1ebft h\u1ee3p<\/p>\n<p>&#8212;-<\/p>\n<p>\u00a0<\/p>\n<p>Th\u00f4ng tin tham kh\u1ea3o v\u1ec1 g\u00f3c (Beam Angle) chi\u1ebfu s\u00e1ng<\/p>\n<p><img loading=\"lazy\" decoding=\"async\" class=\"aligncenter\" src=\"https:\/\/cf.shopee.vn\/file\/vn-11134208-7qukw-lgiz2zl7wyga53\" width=\"331\" height=\"114\" data-uploading=\"uploaded\" data-upload-status=\"success\" \/><\/p>\n<p>&#8212;-<\/p>\n<p>\u00a0<\/p>\n<p>S\u1ea3n ph\u1ea9m l\u00e0 th\u00e0nh qu\u1ea3 c\u1ee7a qu\u00e1 tr\u00ecnh h\u01a1n 10 n\u0103m kinh nghi\u1ec7m R&amp;D qu\u1ed1c t\u1ebf v\u1ec1 c\u00f4ng ngh\u1ec7 IoT, LiFi s\u1ed1 h\u00f3a \u00e1nh s\u00e1ng, AI, v\u00e0 big data, HuePress cung c\u1ea5p c\u00e1c gi\u1ea3i ph\u00e1p \u0111\u00e8n th\u00f4ng minh \u0111\u00fang ngh\u0129a \u201cscience of lighting\u201d.<\/p>\n<p>&#8212;-<\/p>\n<p>S\u1ea3n ph\u1ea9m \u0111\u01b0\u1ee3c b\u1ea3o h\u1ed9 b\u1edfi 15 s\u00e1ng ch\u1ebf Vi\u1ec7t Nam v\u00e0 2 s\u00e1ng ch\u1ebf Qu\u1ed1c t\u1ebf.<\/p>\n<p>C\u00f3 ch\u1ee9ng ch\u1ec9 ch\u1ea5t l\u01b0\u1ee3ng an to\u00e0n \u0111i\u1ec7n CE, an to\u00e0n \u0111i\u1ec7n t\u1eeb RoHS, c\u0169ng nh\u01b0 quy chu\u1ea9n QCVN-19 c\u1ee7a Vi\u1ec7t Nam<\/p>\n<p>\u25fc Th\u00f4ng tin b\u1ea3o h\u00e0nh<\/p>\n<p>\u2714 Th\u1eddi gian b\u1ea3o h\u00e0nh: 12 th\u00e1ng<\/p>\n<p>\u2714 L\u1ed7i 1 \u0111\u1ed5i 1<\/p>\n<p>\u25fc L\u01b0u \u00fd:<\/p>\n<p>&#8211; Khi s\u1eed d\u1ee5ng s\u1ed1 l\u01b0\u1ee3ng l\u1edbn \u0111\u00e8n wifi th\u00ec c\u1ea7n c\u00f3 1 b\u1ed9 wifi c\u00f3 th\u1ec3 h\u1ed7 tr\u1ee3 s\u1ed1 l\u01b0\u1ee3ng thi\u1ebft b\u1ecb wifi cho ph\u00f9 h\u1ee3p<\/p>\n<p>&#8211; M\u1ed7i 1 chi\u1ebfc \u0111\u00e8n th\u00f4ng minh wifi s\u1ebd \u0111\u01b0\u1ee3c t\u00ednh l\u00e0 1 thi\u1ebft b\u1ecb wifi t\u01b0\u01a1ng t\u1ef1 nh\u01b0 smart tivi hay smartphone<\/p>\n<p>&#8212;-<\/p>\n<p>C\u00d4NG TY CP \u00c1NH S\u00c1NG S\u1ed0 HUEPRESS<\/p>\n<p>\u0110\u1ecba ch\u1ec9: S\u1ed1 1 ng\u00f5 188 Kh\u01b0\u01a1ng \u0110\u00ecnh, Q. Thanh Xu\u00e2n, H\u00e0 N\u1ed9i<\/p>\n<p>#HUEPRESS #myHue #\u0111\u00e8n_led_th\u00f4ng_minh #smarthome #\u0111\u00e8n_th\u00f4ng_minh #\u0111\u00e8n_led_wifi #nh\u00e0_th\u00f4ng_minh #bongdenledwifi #bongdenleddieukhienquaapp #denledthongminh #downlight #denamtran #\u0111\u00e8n_\u00e2m_tr\u1ea7n #denled #bongden #bongdenled #bongledmyhue #nhathongminh<\/p>\n<p>#LiFi #lighting<\/p>\n","protected":false},"excerpt":{"rendered":"<p>\u0110\u00e8n led th\u00f4ng t\u1ea7ng chi\u1ebfu \u0111i\u1ec3m th\u00f4ng minh HuePress &#8211; Spotlight 20W 30W \u0111\u1ed9 CCT DIM 2700K-6500K H\u1ed7 tr\u1ee3 \u0111i\u1ec1u khi\u1ec3n ri\u00eang 1 \u0111\u00e8n ho\u1eb7c \u0111\u1ed3ng th\u1eddi theo nh\u00f3m \u0111\u00e8n, d\u1ea3i m\u00e0u 2700k-6500k DIM 1%-100% &#8212; Th\u01b0\u01a1ng hi\u1ec7u: HUEPRESS chip led OSRAM\/CREE\/BRIDGELUX 20W-30W M\u00e3 SP: MH002-L0xx \u25fc Th\u00f4ng s\u1ed1 k\u1ef9 thu\u1eadt: &#8211; C\u00f4ng su\u1ea5t: 25W<\/p>\n","protected":false},"featured_media":8793,"comment_status":"open","ping_status":"closed","template":"","meta":{"_acf_changed":false,"inline_featured_image":false},"product_brand":[],"product_cat":[187,471],"product_tag":[473,472,474,475,690],"class_list":{"0":"post-8790","1":"product","2":"type-product","3":"status-publish","4":"has-post-thumbnail","6":"product_cat-den-osram-bridgelux-thong-minh","7":"product_cat-spotlight-thong-minh-osram","8":"product_tag-chip-led-osram","9":"product_tag-osram","10":"product_tag-osram-thong-minh","11":"product_tag-spotlight","12":"product_tag-thong-tang","13":"product_shipping_class-chuyen-khoan-ngan-hang","15":"first","16":"instock","17":"shipping-taxable","18":"purchasable","19":"product-type-simple"},"acf":[],"_links":{"self":[{"href":"https:\/\/huepress.vn\/en\/wp-json\/wp\/v2\/product\/8790","targetHints":{"allow":["GET"]}}],"collection":[{"href":"https:\/\/huepress.vn\/en\/wp-json\/wp\/v2\/product"}],"about":[{"href":"https:\/\/huepress.vn\/en\/wp-json\/wp\/v2\/types\/product"}],"replies":[{"embeddable":true,"href":"https:\/\/huepress.vn\/en\/wp-json\/wp\/v2\/comments?post=8790"}],"wp:featuredmedia":[{"embeddable":true,"href":"https:\/\/huepress.vn\/en\/wp-json\/wp\/v2\/media\/8793"}],"wp:attachment":[{"href":"https:\/\/huepress.vn\/en\/wp-json\/wp\/v2\/media?parent=8790"}],"wp:term":[{"taxonomy":"product_brand","embeddable":true,"href":"https:\/\/huepress.vn\/en\/wp-json\/wp\/v2\/product_brand?post=8790"},{"taxonomy":"product_cat","embeddable":true,"href":"https:\/\/huepress.vn\/en\/wp-json\/wp\/v2\/product_cat?post=8790"},{"taxonomy":"product_tag","embeddable":true,"href":"https:\/\/huepress.vn\/en\/wp-json\/wp\/v2\/product_tag?post=8790"}],"curies":[{"name":"wp","href":"https:\/\/api.w.org\/{rel}","templated":true}]}}