{"id":8694,"date":"2023-09-22T22:29:10","date_gmt":"2023-09-22T15:29:10","guid":{"rendered":"https:\/\/huepress.vn\/?post_type=product&#038;p=8694"},"modified":"2023-09-23T10:48:03","modified_gmt":"2023-09-23T03:48:03","slug":"smart-curtain-rem-wifi-ble-mesh-sao-chep","status":"publish","type":"product","link":"https:\/\/huepress.vn\/en\/product\/smart-curtain-rem-wifi-ble-mesh-sao-chep\/","title":{"rendered":"Smart Curtain- R\u00e8m th\u00f4ng minh &#8211; WiFi -BLE mesh"},"content":{"rendered":"<h2 class=\"uppercase\">Th\u00f4ng s\u1ed1 k\u1ef9 thu\u1eadt<\/h2>\n<p>C\u00f4ng t\u1eafc c\u00f4ng su\u1ea5t cao h\u00ecnh ch\u1eef nh\u1eadt vi\u1ec1n nh\u00f4m<\/p>\n<ul>\n<li>M\u1eb7t k\u00ednh c\u1ea3m \u1ee9ng c\u01b0\u1eddng l\u1ef1c, ch\u1ed1ng x\u01b0\u1edbc ch\u1ed1ng va \u0111\u1eadp t\u1ed1t<\/li>\n<li>Thi\u1ebft k\u1ebf sang tr\u1ecdng, hi\u1ec7n \u0111\u1ea1i<\/li>\n<li>B\u1eadt\/t\u1eaft \u0111i\u1ec1u khi\u1ec3n thi\u1ebft b\u1ecb t\u1eeb xa tr\u00ean \u0111i\u1ec7n tho\u1ea1i<\/li>\n<li>H\u1eb9n gi\u1edd, l\u00ean l\u1ecbch ho\u1ea1t \u0111\u1ed9ng cho thi\u1ebft b\u1ecb<\/li>\n<li>M\u1ea1ch c\u00e1ch ly an to\u00e0n, c\u00e1ch \u0111i\u1ec7n c\u1ef1c t\u1ed1t<\/li>\n<li>\u0110i\u1ec1u khi\u1ec3n b\u1eb1ng gi\u1ecdng n\u00f3i qua loa th\u00f4ng minh<\/li>\n<\/ul>\n<div class=\"slider-wrapper relative\" id=\"slider-449600802\" >\n    <div class=\"slider slider-nav-circle slider-nav-large slider-nav-light slider-style-normal\"\n        data-flickity-options='{\n            \"cellAlign\": \"center\",\n            \"imagesLoaded\": true,\n            \"lazyLoad\": 1,\n            \"freeScroll\": false,\n            \"wrapAround\": true,\n            \"autoPlay\": 6000,\n            \"pauseAutoPlayOnHover\" : true,\n            \"prevNextButtons\": true,\n            \"contain\" : true,\n            \"adaptiveHeight\" : true,\n            \"dragThreshold\" : 10,\n            \"percentPosition\": true,\n            \"pageDots\": true,\n            \"rightToLeft\": false,\n            \"draggable\": true,\n            \"selectedAttraction\": 0.1,\n            \"parallax\" : 0,\n            \"friction\": 0.6        }'\n        >\n        \n\t<div class=\"img has-hover x md-x lg-x y md-y lg-y\" id=\"image_225135069\">\n\t\t\t\t\t\t\t\t<div class=\"img-inner dark\" >\n\t\t\t<img loading=\"lazy\" decoding=\"async\" width=\"464\" height=\"253\" src=\"https:\/\/huepress.vn\/wp-content\/uploads\/2023\/09\/dac-diem-noi-troi-cua-cua-cuon-austdoor.jpg\" class=\"attachment-large size-large\" alt=\"\" srcset=\"https:\/\/huepress.vn\/wp-content\/uploads\/2023\/09\/dac-diem-noi-troi-cua-cua-cuon-austdoor.jpg 464w, https:\/\/huepress.vn\/wp-content\/uploads\/2023\/09\/dac-diem-noi-troi-cua-cua-cuon-austdoor-350x191.jpg 350w\" sizes=\"auto, (max-width: 464px) 100vw, 464px\" \/>\t\t\t\t\t\t\n\t\t\t\t\t<\/div>\n\t\t\t\t\t\t\t\t\n<style>\n#image_225135069 {\n  width: 100%;\n}\n<\/style>\n\t<\/div>\n\t\n\t<div class=\"img has-hover x md-x lg-x y md-y lg-y\" id=\"image_583393293\">\n\t\t\t\t\t\t\t\t<div class=\"img-inner dark\" >\n\t\t\t<img loading=\"lazy\" decoding=\"async\" width=\"800\" height=\"800\" src=\"https:\/\/huepress.vn\/wp-content\/uploads\/2023\/09\/cong-tac-cong-tu-dong-makihome-2-800x800.png\" class=\"attachment-large size-large\" alt=\"\" srcset=\"https:\/\/huepress.vn\/wp-content\/uploads\/2023\/09\/cong-tac-cong-tu-dong-makihome-2-800x800.png 800w, https:\/\/huepress.vn\/wp-content\/uploads\/2023\/09\/cong-tac-cong-tu-dong-makihome-2-400x400.png 400w, https:\/\/huepress.vn\/wp-content\/uploads\/2023\/09\/cong-tac-cong-tu-dong-makihome-2-280x280.png 280w, https:\/\/huepress.vn\/wp-content\/uploads\/2023\/09\/cong-tac-cong-tu-dong-makihome-2-768x768.png 768w, https:\/\/huepress.vn\/wp-content\/uploads\/2023\/09\/cong-tac-cong-tu-dong-makihome-2-350x350.png 350w, https:\/\/huepress.vn\/wp-content\/uploads\/2023\/09\/cong-tac-cong-tu-dong-makihome-2-100x100.png 100w, https:\/\/huepress.vn\/wp-content\/uploads\/2023\/09\/cong-tac-cong-tu-dong-makihome-2.png 1000w\" sizes=\"auto, (max-width: 800px) 100vw, 800px\" \/>\t\t\t\t\t\t\n\t\t\t\t\t<\/div>\n\t\t\t\t\t\t\t\t\n<style>\n#image_583393293 {\n  width: 100%;\n}\n<\/style>\n\t<\/div>\n\t\n     <\/div>\n\n     <div class=\"loading-spin dark large centered\"><\/div>\n\n\t<\/div>\n\n\n<p>&nbsp;<\/p>\n<h3>Video tr\u1ea3i nghi\u1ec7m s\u1ea3n ph\u1ea9m:<\/h3>\n<div class=\"video video-fit mb\" style=\"padding-top:56.25%;\"><p><iframe loading=\"lazy\" title=\"C\u00f4ng t\u1eafc th\u00f4ng minh -B\u00ecnh n\u00f3ng l\u1ea1nh - c\u1eeda cu\u1ed1n - c\u1eeda s\u1eaft - Make in Vietnam\" width=\"1020\" height=\"574\" src=\"https:\/\/www.youtube.com\/embed\/-hY9D9V34aM?feature=oembed\" frameborder=\"0\" allow=\"accelerometer; autoplay; clipboard-write; encrypted-media; gyroscope; picture-in-picture; web-share\" allowfullscreen><\/iframe><\/p>\n<\/div>\n","protected":false},"excerpt":{"rendered":"<p>Th\u00f4ng s\u1ed1 k\u1ef9 thu\u1eadt C\u00f4ng t\u1eafc c\u00f4ng su\u1ea5t cao h\u00ecnh ch\u1eef nh\u1eadt vi\u1ec1n nh\u00f4m M\u1eb7t k\u00ednh c\u1ea3m \u1ee9ng c\u01b0\u1eddng l\u1ef1c, ch\u1ed1ng x\u01b0\u1edbc ch\u1ed1ng va \u0111\u1eadp t\u1ed1t Thi\u1ebft k\u1ebf sang tr\u1ecdng, hi\u1ec7n \u0111\u1ea1i B\u1eadt\/t\u1eaft \u0111i\u1ec1u khi\u1ec3n thi\u1ebft b\u1ecb t\u1eeb xa tr\u00ean \u0111i\u1ec7n tho\u1ea1i H\u1eb9n gi\u1edd, l\u00ean l\u1ecbch ho\u1ea1t \u0111\u1ed9ng cho thi\u1ebft b\u1ecb M\u1ea1ch c\u00e1ch ly an<\/p>\n","protected":false},"featured_media":8725,"comment_status":"open","ping_status":"closed","template":"","meta":{"_acf_changed":false,"inline_featured_image":false},"product_brand":[],"product_cat":[190,375,454],"product_tag":[459,460,461],"class_list":{"0":"post-8694","1":"product","2":"type-product","3":"status-publish","4":"has-post-thumbnail","6":"product_cat-module-dieu-khien","7":"product_cat-dieu-khien-thong-minh-2","8":"product_cat-rem-thong-minh","9":"product_tag-rem","10":"product_tag-rem-thong-minh","11":"product_tag-smart-curtain","13":"first","14":"instock","15":"shipping-taxable","16":"purchasable","17":"product-type-simple"},"acf":[],"_links":{"self":[{"href":"https:\/\/huepress.vn\/en\/wp-json\/wp\/v2\/product\/8694","targetHints":{"allow":["GET"]}}],"collection":[{"href":"https:\/\/huepress.vn\/en\/wp-json\/wp\/v2\/product"}],"about":[{"href":"https:\/\/huepress.vn\/en\/wp-json\/wp\/v2\/types\/product"}],"replies":[{"embeddable":true,"href":"https:\/\/huepress.vn\/en\/wp-json\/wp\/v2\/comments?post=8694"}],"wp:featuredmedia":[{"embeddable":true,"href":"https:\/\/huepress.vn\/en\/wp-json\/wp\/v2\/media\/8725"}],"wp:attachment":[{"href":"https:\/\/huepress.vn\/en\/wp-json\/wp\/v2\/media?parent=8694"}],"wp:term":[{"taxonomy":"product_brand","embeddable":true,"href":"https:\/\/huepress.vn\/en\/wp-json\/wp\/v2\/product_brand?post=8694"},{"taxonomy":"product_cat","embeddable":true,"href":"https:\/\/huepress.vn\/en\/wp-json\/wp\/v2\/product_cat?post=8694"},{"taxonomy":"product_tag","embeddable":true,"href":"https:\/\/huepress.vn\/en\/wp-json\/wp\/v2\/product_tag?post=8694"}],"curies":[{"name":"wp","href":"https:\/\/api.w.org\/{rel}","templated":true}]}}