{"id":8323,"date":"2023-06-19T14:30:43","date_gmt":"2023-06-19T07:30:43","guid":{"rendered":"https:\/\/huepress.vn\/?post_type=product&#038;p=8323"},"modified":"2024-04-01T23:31:46","modified_gmt":"2024-04-01T16:31:46","slug":"cuon-led-day-strip-led-cob-rgb","status":"publish","type":"product","link":"https:\/\/huepress.vn\/en\/product\/cuon-led-day-strip-led-cob-rgb\/","title":{"rendered":"Cu\u1ed9n 5m led d\u00e2y strip led COB RGB 768 leds\/m si\u00eau s\u00e1ng"},"content":{"rendered":"<h2 class=\"irIKAp\">Th\u00f4ng s\u1ed1 d\u1ea3i led COB RGB<\/h2>\n<ul>\n<li class=\"irIKAp\">Chi\u1ec1u d\u00e0i: 5m \/ 10m<\/li>\n<li class=\"irIKAp\">Chi\u1ec1u r\u1ed9ng d\u1ea3i COB: 10mm<\/li>\n<li class=\"irIKAp\">\u0110i\u1ec7n \u00e1p l\u00e0m vi\u1ec7c: DC 12V \/ 24V<\/li>\n<li class=\"irIKAp\">S\u1ed1 l\u01b0\u1ee3ng LED: 768LEDs \/ m<\/li>\n<li class=\"irIKAp\">M\u00e0u \u00e1nh s\u00e1ng: RGB<\/li>\n<\/ul>\n<h2><strong>Video minh h\u1ecda s\u1ea3n ph\u1ea9m<\/strong><\/h2>\n<div style=\"width: 1020px;\" class=\"wp-video\"><video class=\"wp-video-shortcode\" id=\"video-8323-1\" width=\"1020\" height=\"574\" preload=\"metadata\" controls=\"controls\"><source type=\"video\/mp4\" src=\"https:\/\/huepress.vn\/wp-content\/uploads\/2023\/06\/c92d55b3d1358d1408c3c20bb6c56c49.mp4?_=1\" \/><a href=\"https:\/\/huepress.vn\/wp-content\/uploads\/2023\/06\/c92d55b3d1358d1408c3c20bb6c56c49.mp4\">https:\/\/huepress.vn\/wp-content\/uploads\/2023\/06\/c92d55b3d1358d1408c3c20bb6c56c49.mp4<\/a><\/video><\/div>\n","protected":false},"excerpt":{"rendered":"<p>Th\u00f4ng s\u1ed1 d\u1ea3i led COB RGB Chi\u1ec1u d\u00e0i: 5m \/ 10m Chi\u1ec1u r\u1ed9ng d\u1ea3i COB: 10mm \u0110i\u1ec7n \u00e1p l\u00e0m vi\u1ec7c: DC 12V \/ 24V S\u1ed1 l\u01b0\u1ee3ng LED: 768LEDs \/ m M\u00e0u \u00e1nh s\u00e1ng: RGB Video minh h\u1ecda s\u1ea3n ph\u1ea9m<\/p>\n","protected":false},"featured_media":9329,"comment_status":"open","ping_status":"closed","template":"","meta":{"_acf_changed":false,"inline_featured_image":false},"product_brand":[],"product_cat":[374],"product_tag":[528,530,529,531,540],"class_list":{"0":"post-8323","1":"product","2":"type-product","3":"status-publish","4":"has-post-thumbnail","6":"product_cat-led-strip-2","7":"product_tag-5m","8":"product_tag-cob-rgb","9":"product_tag-led-rgb","10":"product_tag-led-sieu-sang","11":"product_tag-led-strip","13":"first","14":"instock","15":"shipping-taxable","16":"purchasable","17":"product-type-simple"},"acf":[],"_links":{"self":[{"href":"https:\/\/huepress.vn\/en\/wp-json\/wp\/v2\/product\/8323","targetHints":{"allow":["GET"]}}],"collection":[{"href":"https:\/\/huepress.vn\/en\/wp-json\/wp\/v2\/product"}],"about":[{"href":"https:\/\/huepress.vn\/en\/wp-json\/wp\/v2\/types\/product"}],"replies":[{"embeddable":true,"href":"https:\/\/huepress.vn\/en\/wp-json\/wp\/v2\/comments?post=8323"}],"wp:featuredmedia":[{"embeddable":true,"href":"https:\/\/huepress.vn\/en\/wp-json\/wp\/v2\/media\/9329"}],"wp:attachment":[{"href":"https:\/\/huepress.vn\/en\/wp-json\/wp\/v2\/media?parent=8323"}],"wp:term":[{"taxonomy":"product_brand","embeddable":true,"href":"https:\/\/huepress.vn\/en\/wp-json\/wp\/v2\/product_brand?post=8323"},{"taxonomy":"product_cat","embeddable":true,"href":"https:\/\/huepress.vn\/en\/wp-json\/wp\/v2\/product_cat?post=8323"},{"taxonomy":"product_tag","embeddable":true,"href":"https:\/\/huepress.vn\/en\/wp-json\/wp\/v2\/product_tag?post=8323"}],"curies":[{"name":"wp","href":"https:\/\/api.w.org\/{rel}","templated":true}]}}