{"id":8314,"date":"2023-06-19T14:25:59","date_gmt":"2023-06-19T07:25:59","guid":{"rendered":"https:\/\/huepress.vn\/?post_type=product&#038;p=8314"},"modified":"2024-04-01T23:31:56","modified_gmt":"2024-04-01T16:31:56","slug":"cuon-led-day-strip-led-smd5050-rgbw-in-1-mh036-l001","status":"publish","type":"product","link":"https:\/\/huepress.vn\/en\/product\/cuon-led-day-strip-led-smd5050-rgbw-in-1-mh036-l001\/","title":{"rendered":"Cu\u1ed9n 5m led d\u00e2y strip led SMD5050 (RGBW in 1) 60led\/m"},"content":{"rendered":"<div class=\"video video-fit mb\" style=\"padding-top:56.25%;\"><p><iframe loading=\"lazy\" title=\"Module Hue-C \u0111i\u1ec1u khi\u1ec3n c\u00e1c \u0111\u00e8n spotlight RGBW th\u00f4ng minh ngu\u1ed3n 12V-36V\" width=\"1020\" height=\"574\" src=\"https:\/\/www.youtube.com\/embed\/qv1pjgj2VMg?feature=oembed\" frameborder=\"0\" allow=\"accelerometer; autoplay; clipboard-write; encrypted-media; gyroscope; picture-in-picture; web-share\" allowfullscreen><\/iframe><\/p>\n<\/div>\n","protected":false},"excerpt":{"rendered":"","protected":false},"featured_media":9352,"comment_status":"open","ping_status":"closed","template":"","meta":{"_acf_changed":false,"inline_featured_image":false},"product_brand":[],"product_cat":[374],"product_tag":[524],"class_list":{"0":"post-8314","1":"product","2":"type-product","3":"status-publish","4":"has-post-thumbnail","6":"product_cat-led-strip-2","7":"product_tag-5m-rgbw-60led-m","9":"first","10":"instock","11":"shipping-taxable","12":"purchasable","13":"product-type-simple"},"acf":[],"_links":{"self":[{"href":"https:\/\/huepress.vn\/en\/wp-json\/wp\/v2\/product\/8314","targetHints":{"allow":["GET"]}}],"collection":[{"href":"https:\/\/huepress.vn\/en\/wp-json\/wp\/v2\/product"}],"about":[{"href":"https:\/\/huepress.vn\/en\/wp-json\/wp\/v2\/types\/product"}],"replies":[{"embeddable":true,"href":"https:\/\/huepress.vn\/en\/wp-json\/wp\/v2\/comments?post=8314"}],"wp:featuredmedia":[{"embeddable":true,"href":"https:\/\/huepress.vn\/en\/wp-json\/wp\/v2\/media\/9352"}],"wp:attachment":[{"href":"https:\/\/huepress.vn\/en\/wp-json\/wp\/v2\/media?parent=8314"}],"wp:term":[{"taxonomy":"product_brand","embeddable":true,"href":"https:\/\/huepress.vn\/en\/wp-json\/wp\/v2\/product_brand?post=8314"},{"taxonomy":"product_cat","embeddable":true,"href":"https:\/\/huepress.vn\/en\/wp-json\/wp\/v2\/product_cat?post=8314"},{"taxonomy":"product_tag","embeddable":true,"href":"https:\/\/huepress.vn\/en\/wp-json\/wp\/v2\/product_tag?post=8314"}],"curies":[{"name":"wp","href":"https:\/\/api.w.org\/{rel}","templated":true}]}}