{"id":8221,"date":"2023-06-19T10:29:34","date_gmt":"2023-06-19T03:29:34","guid":{"rendered":"https:\/\/huepress.vn\/?post_type=product&#038;p=8221"},"modified":"2024-05-24T09:35:17","modified_gmt":"2024-05-24T02:35:17","slug":"den-spike-light-san-vuon-canh-quan-dmx-chong-nuoc-ip68-rgb-12w-24w","status":"publish","type":"product","link":"https:\/\/huepress.vn\/en\/product\/den-spike-light-san-vuon-canh-quan-dmx-chong-nuoc-ip68-rgb-12w-24w\/","title":{"rendered":"DMX Spike light &#8211; Ch\u1ed1ng n\u01b0\u1edbc IP68 RGB RGBW 12W-24W"},"content":{"rendered":"<h3>Tr\u1ea3i nghi\u1ec7m s\u1ea3n ph\u1ea9m \u0111\u00e8n DMX<\/h3>\n<p>C\u00f4ng ngh\u1ec7 DMX chi\u1ebfu s\u00e1ng c\u1ea3nh quan t\u00f2a nh\u00e0, s\u00e2n v\u01b0\u1eddn, b\u1ec3 b\u01a1i<\/p>\n<div class=\"video video-fit mb\" style=\"padding-top:56.25%;\"><p><iframe loading=\"lazy\" title=\"(LiFi building) Suitcase for outdoor landscape lighting - DMX smart light\" width=\"1020\" height=\"574\" src=\"https:\/\/www.youtube.com\/embed\/-dJmi6aeqW0?feature=oembed\" frameborder=\"0\" allow=\"accelerometer; autoplay; clipboard-write; encrypted-media; gyroscope; picture-in-picture; web-share\" allowfullscreen><\/iframe><\/p>\n<\/div>\n","protected":false},"excerpt":{"rendered":"<p>Tr\u1ea3i nghi\u1ec7m s\u1ea3n ph\u1ea9m \u0111\u00e8n DMX C\u00f4ng ngh\u1ec7 DMX chi\u1ebfu s\u00e1ng c\u1ea3nh quan t\u00f2a nh\u00e0, s\u00e2n v\u01b0\u1eddn, b\u1ec3 b\u01a1i<\/p>\n","protected":false},"featured_media":9428,"comment_status":"open","ping_status":"closed","template":"","meta":{"_acf_changed":false,"inline_featured_image":false},"product_brand":[],"product_cat":[373,180,181],"product_tag":[416,547,546,261],"class_list":{"0":"post-8221","1":"product","2":"type-product","3":"status-publish","4":"has-post-thumbnail","6":"product_cat-den-dmx-spi-rgb","7":"product_cat-den-chong-nuoc","8":"product_cat-outdoor-spotlight","9":"product_tag-dmx","10":"product_tag-dmx-512","11":"product_tag-den-cam-co","12":"product_tag-rgbw","14":"first","15":"instock","16":"shipping-taxable","17":"purchasable","18":"product-type-simple"},"acf":[],"_links":{"self":[{"href":"https:\/\/huepress.vn\/en\/wp-json\/wp\/v2\/product\/8221","targetHints":{"allow":["GET"]}}],"collection":[{"href":"https:\/\/huepress.vn\/en\/wp-json\/wp\/v2\/product"}],"about":[{"href":"https:\/\/huepress.vn\/en\/wp-json\/wp\/v2\/types\/product"}],"replies":[{"embeddable":true,"href":"https:\/\/huepress.vn\/en\/wp-json\/wp\/v2\/comments?post=8221"}],"wp:featuredmedia":[{"embeddable":true,"href":"https:\/\/huepress.vn\/en\/wp-json\/wp\/v2\/media\/9428"}],"wp:attachment":[{"href":"https:\/\/huepress.vn\/en\/wp-json\/wp\/v2\/media?parent=8221"}],"wp:term":[{"taxonomy":"product_brand","embeddable":true,"href":"https:\/\/huepress.vn\/en\/wp-json\/wp\/v2\/product_brand?post=8221"},{"taxonomy":"product_cat","embeddable":true,"href":"https:\/\/huepress.vn\/en\/wp-json\/wp\/v2\/product_cat?post=8221"},{"taxonomy":"product_tag","embeddable":true,"href":"https:\/\/huepress.vn\/en\/wp-json\/wp\/v2\/product_tag?post=8221"}],"curies":[{"name":"wp","href":"https:\/\/api.w.org\/{rel}","templated":true}]}}