{"id":7976,"date":"2023-06-15T17:08:01","date_gmt":"2023-06-15T10:08:01","guid":{"rendered":"https:\/\/huepress.vn\/?post_type=product&#038;p=7976"},"modified":"2024-10-17T05:17:25","modified_gmt":"2024-10-16T22:17:25","slug":"huepower-p1-nguon-thong-minh-cho-den-cct","status":"publish","type":"product","link":"https:\/\/huepress.vn\/en\/product\/huepower-p1-nguon-thong-minh-cho-den-cct\/","title":{"rendered":"HuePower P1 BLE &#8211; Ngu\u1ed3n th\u00f4ng minh \u0111\u1ed5i m\u00e0u cho OSRAM BRIDGELUX"},"content":{"rendered":"<p>&nbsp;<\/p>\n<h3>Ngu\u1ed3n led th\u00f4ng minh cao c\u1ea5p &#8211; s\u1eed d\u1ee5ng cho led OSRAM v\u00e0 led BRIDGELUX:<\/h3>\n<div class=\"video video-fit mb\" style=\"padding-top:56.25%;\"><p><iframe loading=\"lazy\" title=\"H\u1ec6 TH\u1ed0NG \u0110\u00c8N TH\u00d4NG MINH OSRAM x HUEPRESS - B\u1ea2O H\u00c0NH 5 N\u0102M\" width=\"1020\" height=\"574\" src=\"https:\/\/www.youtube.com\/embed\/TQWdnTU4sFY?feature=oembed\" frameborder=\"0\" allow=\"accelerometer; autoplay; clipboard-write; encrypted-media; gyroscope; picture-in-picture; web-share\" allowfullscreen><\/iframe><\/p>\n<\/div>\n<p>&nbsp;<\/p>\n<p>&nbsp;<\/p>\n<h1>T\u00ednh n\u0103ng<\/h1>\n<table width=\"673\">\n<tbody>\n<tr>\n<td width=\"283\">\u0110\u1ea7u ra:<\/td>\n<td width=\"390\">\u0110i\u1ec7n \u00e1p kh\u00f4ng \u0111\u1ed5i CV<\/td>\n<\/tr>\n<tr>\n<td width=\"283\">D\u1ea3i \u0111i\u1ec7n \u00e1p h\u0111:<\/td>\n<td width=\"390\">100-277VAC<\/td>\n<\/tr>\n<tr>\n<td width=\"283\">Thi\u1ebft k\u1ebf PFC:<\/td>\n<td width=\"390\">Ch\u1ee9c n\u0103ng PFC ho\u1ea1t \u0111\u1ed9ng t\u00edch h\u1ee3p<\/td>\n<\/tr>\n<tr>\n<td width=\"283\">Hi\u1ec7u n\u0103ng:<\/td>\n<td width=\"390\">L\u00ean \u0111\u1ebfn 90%<\/td>\n<\/tr>\n<tr>\n<td width=\"283\">B\u1ea3o v\u1ec7:<\/td>\n<td width=\"390\">Ng\u1eafn m\u1ea1ch \/ qu\u00e1 t\u1ea3i \/ qu\u00e1 nhi\u1ec7t \u0111\u1ed9<\/td>\n<\/tr>\n<tr>\n<td width=\"283\">T\u1ea3n nhi\u1ec7t:<\/td>\n<td width=\"390\">L\u00e0m m\u00e1t b\u1eb1ng \u0111\u1ed1i l\u01b0u kh\u00f4ng kh\u00ed t\u1ef1 do<\/td>\n<\/tr>\n<tr>\n<td width=\"283\">Hi\u1ec7u su\u1ea5t ch\u1ed1ng th\u1ea5m n\u01b0\u1edbc:<\/td>\n<td width=\"390\">IP20 cho trong nh\u00e0, v\u1ecf nh\u1ef1a \u0111\u1ea7y \u0111\u1ee7, cho v\u1ecb tr\u00ed kh\u00f4 r\u00e1o, \u1ea9m \u01b0\u1edbt<\/td>\n<\/tr>\n<tr>\n<td width=\"283\">Ch\u1ee9c n\u0103ng Dim:<\/td>\n<td width=\"390\">BLE MESH Dim. Dim k\u1ef9 thu\u1eadt s\u1ed1, kh\u00f4ng nh\u00e1y<\/td>\n<\/tr>\n<tr>\n<td width=\"283\">Ph\u1ea1m vi m\u1edd:<\/p>\n<p>Ch\u1ee9c n\u0103ng tinh ch\u1ec9nh \u0111i\u1ec7n \u00e1p:<\/td>\n<td width=\"390\">0-100%\u00a0\u00a0\u00a0 Deep Dimming: 0,1%<\/p>\n<p>Tinh ch\u1ec9nh \u0111i\u1ec7n \u00e1p \u0111\u1ea7u ra cho \u0111\u00e8n OSRAM v\u00e0 BRIDGELUX<\/td>\n<\/tr>\n<tr>\n<td width=\"283\">\u1ee8ng d\u1ee5ng:<\/td>\n<td width=\"390\">Th\u00edch h\u1ee3p cho c\u00e1c \u1ee9ng d\u1ee5ng chi\u1ebfu s\u00e1ng LED v\u00e0 hi\u1ec7u \u1ee9ng b\u1ea3ng hi\u1ec7u<\/td>\n<\/tr>\n<tr>\n<td width=\"283\">B\u1ea3o \u0111\u1ea3m:<\/td>\n<td width=\"390\">B\u1ea3o h\u00e0nh 5 n\u0103m<\/td>\n<\/tr>\n<\/tbody>\n<\/table>\n<h1><\/h1>\n<p>&nbsp;<\/p>\n","protected":false},"excerpt":{"rendered":"<p>&nbsp; Ngu\u1ed3n led th\u00f4ng minh cao c\u1ea5p &#8211; s\u1eed d\u1ee5ng cho led OSRAM v\u00e0 led BRIDGELUX: &nbsp; &nbsp; T\u00ednh n\u0103ng \u0110\u1ea7u ra: \u0110i\u1ec7n \u00e1p kh\u00f4ng \u0111\u1ed5i CV D\u1ea3i \u0111i\u1ec7n \u00e1p h\u0111: 100-277VAC Thi\u1ebft k\u1ebf PFC: Ch\u1ee9c n\u0103ng PFC ho\u1ea1t \u0111\u1ed9ng t\u00edch h\u1ee3p Hi\u1ec7u n\u0103ng: L\u00ean \u0111\u1ebfn 90% B\u1ea3o v\u1ec7: Ng\u1eafn m\u1ea1ch \/ qu\u00e1 t\u1ea3i \/<\/p>\n","protected":false},"featured_media":9120,"comment_status":"open","ping_status":"closed","template":"","meta":{"_acf_changed":false,"inline_featured_image":false},"product_brand":[],"product_cat":[365,368,190],"product_tag":[420,479,425,501,502,500,499,472],"class_list":{"0":"post-7976","1":"product","2":"type-product","3":"status-publish","4":"has-post-thumbnail","6":"product_cat-thiet-bi-dieu-khien-master","7":"product_cat-huedriver-iot","8":"product_cat-module-dieu-khien","9":"product_tag-ble-mesh","10":"product_tag-bridgelux","11":"product_tag-cct","12":"product_tag-doi-mau","13":"product_tag-led-power","14":"product_tag-nguon-led","15":"product_tag-nguon-thong-minh","16":"product_tag-osram","18":"first","19":"instock","20":"sale","21":"shipping-taxable","22":"purchasable","23":"product-type-simple"},"acf":[],"_links":{"self":[{"href":"https:\/\/huepress.vn\/en\/wp-json\/wp\/v2\/product\/7976","targetHints":{"allow":["GET"]}}],"collection":[{"href":"https:\/\/huepress.vn\/en\/wp-json\/wp\/v2\/product"}],"about":[{"href":"https:\/\/huepress.vn\/en\/wp-json\/wp\/v2\/types\/product"}],"replies":[{"embeddable":true,"href":"https:\/\/huepress.vn\/en\/wp-json\/wp\/v2\/comments?post=7976"}],"wp:featuredmedia":[{"embeddable":true,"href":"https:\/\/huepress.vn\/en\/wp-json\/wp\/v2\/media\/9120"}],"wp:attachment":[{"href":"https:\/\/huepress.vn\/en\/wp-json\/wp\/v2\/media?parent=7976"}],"wp:term":[{"taxonomy":"product_brand","embeddable":true,"href":"https:\/\/huepress.vn\/en\/wp-json\/wp\/v2\/product_brand?post=7976"},{"taxonomy":"product_cat","embeddable":true,"href":"https:\/\/huepress.vn\/en\/wp-json\/wp\/v2\/product_cat?post=7976"},{"taxonomy":"product_tag","embeddable":true,"href":"https:\/\/huepress.vn\/en\/wp-json\/wp\/v2\/product_tag?post=7976"}],"curies":[{"name":"wp","href":"https:\/\/api.w.org\/{rel}","templated":true}]}}