{"id":7949,"date":"2023-06-15T15:52:28","date_gmt":"2023-06-15T08:52:28","guid":{"rendered":"https:\/\/huepress.vn\/?post_type=product&#038;p=7949"},"modified":"2024-04-01T23:14:02","modified_gmt":"2024-04-01T16:14:02","slug":"cong-tac-kich-ban-scene-220v-dieu-khien-den-cct-rf-2-4g-dmx","status":"publish","type":"product","link":"https:\/\/huepress.vn\/en\/product\/cong-tac-kich-ban-scene-220v-dieu-khien-den-cct-rf-2-4g-dmx\/","title":{"rendered":"C\u00f4ng t\u1eafc k\u1ecbch b\u1ea3n Scene 220V &#8211; \u0111i\u1ec1u khi\u1ec3n \u0111\u00e8n CCT RF2.4G DMX"},"content":{"rendered":"<h3>C\u00f4ng t\u1eafc k\u1ecbch b\u1ea3n 8 n\u00fat DMX:<\/h3>\n<div class=\"video video-fit mb\" style=\"padding-top:56.25%;\"><p><iframe loading=\"lazy\" title=\"(DMX scene) c\u00e0i \u0111\u1eb7t c\u00f4ng t\u1eafc c\u1ea3nh 8 n\u00fat cho h\u1ec7 th\u1ed1ng DMX\" width=\"1020\" height=\"574\" src=\"https:\/\/www.youtube.com\/embed\/kkr0Cm1c0o8?feature=oembed\" frameborder=\"0\" allow=\"accelerometer; autoplay; clipboard-write; encrypted-media; gyroscope; picture-in-picture; web-share\" allowfullscreen><\/iframe><\/p>\n<\/div>\n<h3>Vali tr\u1ea3i nghi\u1ec7m s\u1ea3n ph\u1ea9m:<\/h3>\n<div class=\"video video-fit mb\" style=\"padding-top:56.25%;\"><p><iframe loading=\"lazy\" title=\"(HueBox C Series) - Vali cho \u0110\u1ea1i l\u00fd - HuePress\" width=\"1020\" height=\"574\" src=\"https:\/\/www.youtube.com\/embed\/fL7HZ9_2m3A?feature=oembed\" frameborder=\"0\" allow=\"accelerometer; autoplay; clipboard-write; encrypted-media; gyroscope; picture-in-picture; web-share\" allowfullscreen><\/iframe><\/p>\n<\/div>\n<p>&nbsp;<\/p>\n<div class=\"attribute-item\">\n<ul>\n<li style=\"list-style-type: none;\">\n<ul>\n<li class=\"left\" data-spm-anchor-id=\"a2700.details.0.i84.387d72e45mVV0y\">Connection: RF 2.4GHz\uff0cDMX512<\/li>\n<li class=\"left\" data-spm-anchor-id=\"a2700.details.0.i84.387d72e45mVV0y\">Product name:\u00a0<span style=\"font-size: 14.4px;\">Wall-mounted scene or switch panel<\/span><\/li>\n<li class=\"left\" data-spm-anchor-id=\"a2700.details.0.i84.387d72e45mVV0y\">Input voltage:\u00a0<span style=\"font-size: 14.4px;\">AC100 ~ 240V<\/span><\/li>\n<li class=\"left\" data-spm-anchor-id=\"a2700.details.0.i84.387d72e45mVV0y\">Input current:\u00a0<span style=\"font-size: 14.4px;\">Max 0.1A<\/span><\/li>\n<li class=\"left\" data-spm-anchor-id=\"a2700.details.0.i84.387d72e45mVV0y\">Output signal:\u00a0<span style=\"font-size: 14.4px;\">RF 2.4GHz\uff0cDMX512<\/span><\/li>\n<li class=\"left\" data-spm-anchor-id=\"a2700.details.0.i84.387d72e45mVV0y\">size:\u00a0<span style=\"font-size: 14.4px;\">86(L)* 86(W)* 33(H)<\/span><\/li>\n<li class=\"left\" data-spm-anchor-id=\"a2700.details.0.i84.387d72e45mVV0y\">Enter the signal:\u00a0<span style=\"font-size: 14.4px;\">Button + RF 2.4GHz<\/span><\/li>\n<li class=\"left\" data-spm-anchor-id=\"a2700.details.0.i84.387d72e45mVV0y\">RF control distance:\u00a0<span style=\"font-size: 14.4px;\">10m<\/span><\/li>\n<li class=\"left\" data-spm-anchor-id=\"a2700.details.0.i84.387d72e45mVV0y\">IP rating: <span style=\"font-size: 14.4px;\">IP20<\/span><\/li>\n<\/ul>\n<\/li>\n<\/ul>\n<\/div>\n","protected":false},"excerpt":{"rendered":"<p>C\u00f4ng t\u1eafc k\u1ecbch b\u1ea3n 8 n\u00fat DMX: Vali tr\u1ea3i nghi\u1ec7m s\u1ea3n ph\u1ea9m: &nbsp; Connection: RF 2.4GHz\uff0cDMX512 Product name:\u00a0Wall-mounted scene or switch panel Input voltage:\u00a0AC100 ~ 240V Input current:\u00a0Max 0.1A Output signal:\u00a0RF 2.4GHz\uff0cDMX512 size:\u00a086(L)* 86(W)* 33(H) Enter the signal:\u00a0Button + RF 2.4GHz RF control distance:\u00a010m IP rating: IP20<\/p>\n","protected":false},"featured_media":7953,"comment_status":"open","ping_status":"closed","template":"","meta":{"_acf_changed":false,"inline_featured_image":false},"product_brand":[],"product_cat":[380,383,514],"product_tag":[538],"class_list":{"0":"post-7949","1":"product","2":"type-product","3":"status-publish","4":"has-post-thumbnail","6":"product_cat-bang-dieu-khien-ux-panel","7":"product_cat-cong-tac-kich-ban-scene-ac","8":"product_cat-huedriver-dmx","9":"product_tag-dmx-scene-kich-ban","11":"first","12":"instock","13":"shipping-taxable","14":"purchasable","15":"product-type-simple"},"acf":[],"_links":{"self":[{"href":"https:\/\/huepress.vn\/en\/wp-json\/wp\/v2\/product\/7949","targetHints":{"allow":["GET"]}}],"collection":[{"href":"https:\/\/huepress.vn\/en\/wp-json\/wp\/v2\/product"}],"about":[{"href":"https:\/\/huepress.vn\/en\/wp-json\/wp\/v2\/types\/product"}],"replies":[{"embeddable":true,"href":"https:\/\/huepress.vn\/en\/wp-json\/wp\/v2\/comments?post=7949"}],"wp:featuredmedia":[{"embeddable":true,"href":"https:\/\/huepress.vn\/en\/wp-json\/wp\/v2\/media\/7953"}],"wp:attachment":[{"href":"https:\/\/huepress.vn\/en\/wp-json\/wp\/v2\/media?parent=7949"}],"wp:term":[{"taxonomy":"product_brand","embeddable":true,"href":"https:\/\/huepress.vn\/en\/wp-json\/wp\/v2\/product_brand?post=7949"},{"taxonomy":"product_cat","embeddable":true,"href":"https:\/\/huepress.vn\/en\/wp-json\/wp\/v2\/product_cat?post=7949"},{"taxonomy":"product_tag","embeddable":true,"href":"https:\/\/huepress.vn\/en\/wp-json\/wp\/v2\/product_tag?post=7949"}],"curies":[{"name":"wp","href":"https:\/\/api.w.org\/{rel}","templated":true}]}}