{"id":7920,"date":"2023-06-15T15:15:30","date_gmt":"2023-06-15T08:15:30","guid":{"rendered":"https:\/\/huepress.vn\/?post_type=product&#038;p=7920"},"modified":"2024-10-16T20:10:29","modified_gmt":"2024-10-16T13:10:29","slug":"knob-cong-tac-xoay-220v-dieu-khien-den-cct-rf-2-4g-dmx512","status":"publish","type":"product","link":"https:\/\/huepress.vn\/en\/product\/knob-cong-tac-xoay-220v-dieu-khien-den-cct-rf-2-4g-dmx512\/","title":{"rendered":"DMX Knob c\u00f4ng t\u1eafc xoay 220V &#8211; \u0111i\u1ec1u khi\u1ec3n \u0111\u00e8n CCT RF 2.4G DMX512"},"content":{"rendered":"<h3>Video tr\u1ea3i nghi\u1ec7m s\u1ea3n ph\u1ea9m:<\/h3>\n<div class=\"video video-fit mb\" style=\"padding-top:56.25%;\"><p><iframe loading=\"lazy\" title=\"C\u00f4ng t\u1eafc xoay \u0111\u1ed5i m\u00e0u CCT v\u00e0 Dim (k\u00e8m remote) - Knob Dim.CCT c\u00f3 h\u1ed7 tr\u1ee3 App\" width=\"1020\" height=\"574\" src=\"https:\/\/www.youtube.com\/embed\/nhCrRA7tLq8?feature=oembed\" frameborder=\"0\" allow=\"accelerometer; autoplay; clipboard-write; encrypted-media; gyroscope; picture-in-picture; web-share\" referrerpolicy=\"strict-origin-when-cross-origin\" allowfullscreen><\/iframe><\/p>\n<\/div>\n","protected":false},"excerpt":{"rendered":"<p>Video tr\u1ea3i nghi\u1ec7m s\u1ea3n ph\u1ea9m:<\/p>\n","protected":false},"featured_media":7946,"comment_status":"open","ping_status":"closed","template":"","meta":{"_acf_changed":false,"inline_featured_image":false},"product_brand":[],"product_cat":[380,382,514],"product_tag":[425,554,416,553],"class_list":{"0":"post-7920","1":"product","2":"type-product","3":"status-publish","4":"has-post-thumbnail","6":"product_cat-bang-dieu-khien-ux-panel","7":"product_cat-cong-tac-xoay-knob","8":"product_cat-huedriver-dmx","9":"product_tag-cct","10":"product_tag-dim","11":"product_tag-dmx","12":"product_tag-knob","14":"first","15":"instock","16":"shipping-taxable","17":"purchasable","18":"product-type-simple"},"acf":[],"_links":{"self":[{"href":"https:\/\/huepress.vn\/en\/wp-json\/wp\/v2\/product\/7920","targetHints":{"allow":["GET"]}}],"collection":[{"href":"https:\/\/huepress.vn\/en\/wp-json\/wp\/v2\/product"}],"about":[{"href":"https:\/\/huepress.vn\/en\/wp-json\/wp\/v2\/types\/product"}],"replies":[{"embeddable":true,"href":"https:\/\/huepress.vn\/en\/wp-json\/wp\/v2\/comments?post=7920"}],"wp:featuredmedia":[{"embeddable":true,"href":"https:\/\/huepress.vn\/en\/wp-json\/wp\/v2\/media\/7946"}],"wp:attachment":[{"href":"https:\/\/huepress.vn\/en\/wp-json\/wp\/v2\/media?parent=7920"}],"wp:term":[{"taxonomy":"product_brand","embeddable":true,"href":"https:\/\/huepress.vn\/en\/wp-json\/wp\/v2\/product_brand?post=7920"},{"taxonomy":"product_cat","embeddable":true,"href":"https:\/\/huepress.vn\/en\/wp-json\/wp\/v2\/product_cat?post=7920"},{"taxonomy":"product_tag","embeddable":true,"href":"https:\/\/huepress.vn\/en\/wp-json\/wp\/v2\/product_tag?post=7920"}],"curies":[{"name":"wp","href":"https:\/\/api.w.org\/{rel}","templated":true}]}}