{"id":7881,"date":"2023-06-15T14:27:32","date_gmt":"2023-06-15T07:27:32","guid":{"rendered":"https:\/\/huepress.vn\/?post_type=product&#038;p=7881"},"modified":"2024-10-17T12:21:10","modified_gmt":"2024-10-17T05:21:10","slug":"dmx-pro-master-controller","status":"publish","type":"product","link":"https:\/\/huepress.vn\/en\/product\/dmx-pro-master-controller\/","title":{"rendered":"DMX PRO- master controller cho \u0111\u00e8n th\u00f4ng minh wired v\u00e0 wireless"},"content":{"rendered":"<h2>T\u1ed5ng quan DMX-Pro:<\/h2>\n<div class=\"slider-wrapper relative\" id=\"slider-2120516980\" >\n    <div class=\"slider slider-nav-circle slider-nav-large slider-nav-light slider-style-normal\"\n        data-flickity-options='{\n            \"cellAlign\": \"center\",\n            \"imagesLoaded\": true,\n            \"lazyLoad\": 1,\n            \"freeScroll\": false,\n            \"wrapAround\": true,\n            \"autoPlay\": 6000,\n            \"pauseAutoPlayOnHover\" : true,\n            \"prevNextButtons\": true,\n            \"contain\" : true,\n            \"adaptiveHeight\" : true,\n            \"dragThreshold\" : 10,\n            \"percentPosition\": true,\n            \"pageDots\": true,\n            \"rightToLeft\": false,\n            \"draggable\": true,\n            \"selectedAttraction\": 0.1,\n            \"parallax\" : 0,\n            \"friction\": 0.6        }'\n        >\n        \n\t<div class=\"img has-hover x md-x lg-x y md-y lg-y\" id=\"image_2119561280\">\n\t\t\t\t\t\t\t\t<div class=\"img-inner dark\" >\n\t\t\t<img loading=\"lazy\" decoding=\"async\" width=\"1020\" height=\"697\" src=\"https:\/\/huepress.vn\/wp-content\/uploads\/2023\/06\/Slide1.png\" class=\"attachment-large size-large\" alt=\"\" srcset=\"https:\/\/huepress.vn\/wp-content\/uploads\/2023\/06\/Slide1.png 1054w, https:\/\/huepress.vn\/wp-content\/uploads\/2023\/06\/Slide1-586x400.png 586w, https:\/\/huepress.vn\/wp-content\/uploads\/2023\/06\/Slide1-768x525.png 768w, https:\/\/huepress.vn\/wp-content\/uploads\/2023\/06\/Slide1-350x239.png 350w\" sizes=\"auto, (max-width: 1020px) 100vw, 1020px\" \/>\t\t\t\t\t\t\n\t\t\t\t\t<\/div>\n\t\t\t\t\t\t\t\t\n<style>\n#image_2119561280 {\n  width: 100%;\n}\n<\/style>\n\t<\/div>\n\t\n\t<div class=\"img has-hover x md-x lg-x y md-y lg-y\" id=\"image_981025521\">\n\t\t\t\t\t\t\t\t<div class=\"img-inner dark\" >\n\t\t\t<img loading=\"lazy\" decoding=\"async\" width=\"1020\" height=\"697\" src=\"https:\/\/huepress.vn\/wp-content\/uploads\/2023\/06\/Slide2-1.png\" class=\"attachment-large size-large\" alt=\"\" srcset=\"https:\/\/huepress.vn\/wp-content\/uploads\/2023\/06\/Slide2-1.png 1054w, https:\/\/huepress.vn\/wp-content\/uploads\/2023\/06\/Slide2-1-586x400.png 586w, https:\/\/huepress.vn\/wp-content\/uploads\/2023\/06\/Slide2-1-768x525.png 768w, https:\/\/huepress.vn\/wp-content\/uploads\/2023\/06\/Slide2-1-350x239.png 350w\" sizes=\"auto, (max-width: 1020px) 100vw, 1020px\" \/>\t\t\t\t\t\t\n\t\t\t\t\t<\/div>\n\t\t\t\t\t\t\t\t\n<style>\n#image_981025521 {\n  width: 100%;\n}\n<\/style>\n\t<\/div>\n\t\n\t<div class=\"img has-hover x md-x lg-x y md-y lg-y\" id=\"image_1171792088\">\n\t\t\t\t\t\t\t\t<div class=\"img-inner dark\" >\n\t\t\t<img loading=\"lazy\" decoding=\"async\" width=\"1020\" height=\"697\" src=\"https:\/\/huepress.vn\/wp-content\/uploads\/2023\/06\/Slide3-1.png\" class=\"attachment-large size-large\" alt=\"\" srcset=\"https:\/\/huepress.vn\/wp-content\/uploads\/2023\/06\/Slide3-1.png 1054w, https:\/\/huepress.vn\/wp-content\/uploads\/2023\/06\/Slide3-1-586x400.png 586w, https:\/\/huepress.vn\/wp-content\/uploads\/2023\/06\/Slide3-1-768x525.png 768w, https:\/\/huepress.vn\/wp-content\/uploads\/2023\/06\/Slide3-1-350x239.png 350w\" sizes=\"auto, (max-width: 1020px) 100vw, 1020px\" \/>\t\t\t\t\t\t\n\t\t\t\t\t<\/div>\n\t\t\t\t\t\t\t\t\n<style>\n#image_1171792088 {\n  width: 100%;\n}\n<\/style>\n\t<\/div>\n\t\n     <\/div>\n\n     <div class=\"loading-spin dark large centered\"><\/div>\n\n\t<\/div>\n\n\n\t<div id=\"gap-1783027783\" class=\"gap-element clearfix\" style=\"display:block; height:auto;\">\n\t\t\n<style>\n#gap-1783027783 {\n  padding-top: 30px;\n}\n<\/style>\n\t<\/div>\n\t\n<h3>Video tr\u1ea3i nghi\u1ec7m s\u1ea3n ph\u1ea9m DMX Pro:<\/h3>\n<div class=\"video video-fit mb\" style=\"padding-top:56.25%;\"><p><iframe loading=\"lazy\" title=\"(global HuePress) H\u1ec7 th\u1ed1ng Smart Light k\u1ebft n\u1ed1i c\u00f3 d\u00e2y h\u1ed7 tr\u1ee3 c\u00e1c n\u1ec1n t\u1ea3ng #SmartHome to\u00e0n c\u1ea7u\" width=\"1020\" height=\"574\" src=\"https:\/\/www.youtube.com\/embed\/etC2Vvybf0k?feature=oembed\" frameborder=\"0\" allow=\"accelerometer; autoplay; clipboard-write; encrypted-media; gyroscope; picture-in-picture; web-share\" referrerpolicy=\"strict-origin-when-cross-origin\" allowfullscreen><\/iframe><\/p>\n<\/div>\n<p>\u00a0<\/p>\n<h3>DMX C5 \u1ee9ng d\u1ee5ng cho DMX c\u1ea3nh quan s\u00e2n v\u01b0\u1eddn:<\/h3>\n<div class=\"video video-fit mb\" style=\"padding-top:56.25%;\"><p><iframe loading=\"lazy\" title=\"(HueBox C Series) - Vali cho \u0110\u1ea1i l\u00fd - HuePress\" width=\"1020\" height=\"574\" src=\"https:\/\/www.youtube.com\/embed\/fL7HZ9_2m3A?feature=oembed\" frameborder=\"0\" allow=\"accelerometer; autoplay; clipboard-write; encrypted-media; gyroscope; picture-in-picture; web-share\" allowfullscreen><\/iframe><\/p>\n<\/div>\n","protected":false},"excerpt":{"rendered":"<p>T\u1ed5ng quan DMX-Pro: Video tr\u1ea3i nghi\u1ec7m s\u1ea3n ph\u1ea9m DMX Pro: \u00a0 DMX C5 \u1ee9ng d\u1ee5ng cho DMX c\u1ea3nh quan s\u00e2n v\u01b0\u1eddn:<\/p>\n","protected":false},"featured_media":9916,"comment_status":"open","ping_status":"closed","template":"","meta":{"_acf_changed":false,"inline_featured_image":false},"product_brand":[],"product_cat":[373,365,366,514,180,190],"product_tag":[417,422,420,421,416,691,418,483,419],"class_list":{"0":"post-7881","1":"product","2":"type-product","3":"status-publish","4":"has-post-thumbnail","6":"product_cat-den-dmx-spi-rgb","7":"product_cat-thiet-bi-dieu-khien-master","8":"product_cat-huebox-c","9":"product_cat-huedriver-dmx","10":"product_cat-den-chong-nuoc","11":"product_cat-module-dieu-khien","12":"product_tag-600w","13":"product_tag-am-thanh-anh-sang","14":"product_tag-ble-mesh","15":"product_tag-chieu-sang-canh-quan","16":"product_tag-dmx","17":"product_tag-dmx-pro","18":"product_tag-dual-song","19":"product_tag-huebox","20":"product_tag-wifi","22":"first","23":"instock","24":"shipping-taxable","25":"purchasable","26":"product-type-simple"},"acf":[],"_links":{"self":[{"href":"https:\/\/huepress.vn\/en\/wp-json\/wp\/v2\/product\/7881","targetHints":{"allow":["GET"]}}],"collection":[{"href":"https:\/\/huepress.vn\/en\/wp-json\/wp\/v2\/product"}],"about":[{"href":"https:\/\/huepress.vn\/en\/wp-json\/wp\/v2\/types\/product"}],"replies":[{"embeddable":true,"href":"https:\/\/huepress.vn\/en\/wp-json\/wp\/v2\/comments?post=7881"}],"wp:featuredmedia":[{"embeddable":true,"href":"https:\/\/huepress.vn\/en\/wp-json\/wp\/v2\/media\/9916"}],"wp:attachment":[{"href":"https:\/\/huepress.vn\/en\/wp-json\/wp\/v2\/media?parent=7881"}],"wp:term":[{"taxonomy":"product_brand","embeddable":true,"href":"https:\/\/huepress.vn\/en\/wp-json\/wp\/v2\/product_brand?post=7881"},{"taxonomy":"product_cat","embeddable":true,"href":"https:\/\/huepress.vn\/en\/wp-json\/wp\/v2\/product_cat?post=7881"},{"taxonomy":"product_tag","embeddable":true,"href":"https:\/\/huepress.vn\/en\/wp-json\/wp\/v2\/product_tag?post=7881"}],"curies":[{"name":"wp","href":"https:\/\/api.w.org\/{rel}","templated":true}]}}