{"id":7874,"date":"2023-06-15T14:16:23","date_gmt":"2023-06-15T07:16:23","guid":{"rendered":"https:\/\/huepress.vn\/?post_type=product&#038;p=7874"},"modified":"2024-04-01T20:23:28","modified_gmt":"2024-04-01T13:23:28","slug":"huebox-c4-hop-dieu-khien-cho-den-thong-minh-dmx-wifi-bluetooth-controler","status":"publish","type":"product","link":"https:\/\/huepress.vn\/en\/product\/huebox-c4-hop-dieu-khien-cho-den-thong-minh-dmx-wifi-bluetooth-controler\/","title":{"rendered":"HueBox C4 DMX &#8211; H\u1ed9p \u0111i\u1ec1u khi\u1ec3n cho \u0111\u00e8n th\u00f4ng minh DMX &#8211;  WiFi Bluetooth controler"},"content":{"rendered":"<p><img loading=\"lazy\" decoding=\"async\" class=\"size-medium wp-image-7840 aligncenter\" src=\"https:\/\/huepress.vn\/wp-content\/uploads\/2023\/06\/extension-HueBox-C-800x400.jpg\" alt=\"\" width=\"800\" height=\"400\" srcset=\"https:\/\/huepress.vn\/wp-content\/uploads\/2023\/06\/extension-HueBox-C-800x400.jpg 800w, https:\/\/huepress.vn\/wp-content\/uploads\/2023\/06\/extension-HueBox-C-1400x700.jpg 1400w, https:\/\/huepress.vn\/wp-content\/uploads\/2023\/06\/extension-HueBox-C-768x384.jpg 768w, https:\/\/huepress.vn\/wp-content\/uploads\/2023\/06\/extension-HueBox-C-1536x768.jpg 1536w, https:\/\/huepress.vn\/wp-content\/uploads\/2023\/06\/extension-HueBox-C-2048x1024.jpg 2048w, https:\/\/huepress.vn\/wp-content\/uploads\/2023\/06\/extension-HueBox-C-350x175.jpg 350w\" sizes=\"auto, (max-width: 800px) 100vw, 800px\" \/><\/p>\n<p>&nbsp;<\/p>\n<p><img loading=\"lazy\" decoding=\"async\" class=\"size-medium wp-image-7828 aligncenter\" src=\"https:\/\/huepress.vn\/wp-content\/uploads\/2023\/06\/HueBox-C1-4-500x400.jpg\" alt=\"\" width=\"500\" height=\"400\" srcset=\"https:\/\/huepress.vn\/wp-content\/uploads\/2023\/06\/HueBox-C1-4-500x400.jpg 500w, https:\/\/huepress.vn\/wp-content\/uploads\/2023\/06\/HueBox-C1-4-768x614.jpg 768w, https:\/\/huepress.vn\/wp-content\/uploads\/2023\/06\/HueBox-C1-4-350x280.jpg 350w, https:\/\/huepress.vn\/wp-content\/uploads\/2023\/06\/HueBox-C1-4.jpg 943w\" sizes=\"auto, (max-width: 500px) 100vw, 500px\" \/><\/p>\n<table style=\"height: 246px;\" width=\"873\">\n<tbody>\n<tr>\n<td width=\"255\"><strong>K\u00edch th\u01b0\u1edbc v\u00e0 tr\u1ecdng l\u01b0\u1ee3ng<\/strong><\/td>\n<td width=\"180\"><strong>\u00a0<\/strong><\/td>\n<td width=\"92\"><strong>\u00a0<\/strong><\/td>\n<td width=\"192\"><strong>\u00a0<\/strong><\/td>\n<\/tr>\n<tr>\n<td width=\"255\"><strong>Th\u00f4ng s\u1ed1 k\u1ef9 thu\u1eadt<\/strong><\/td>\n<td width=\"180\"><strong>Gi\u00e1 tr\u1ecb<\/strong><\/td>\n<td width=\"92\"><strong>\u0110\u01a1n v\u1ecb<\/strong><\/td>\n<td width=\"192\"><strong>\u0110i\u1ec1u ki\u1ec7n<\/strong><\/td>\n<\/tr>\n<tr>\n<td width=\"255\">K\u00edch th\u01b0\u1edbc (D\u00e0i x R\u1ed9ng x Cao)<\/td>\n<td width=\"180\">94 x 46 x 21.5<\/td>\n<td width=\"92\">mm<\/td>\n<td width=\"192\">Dung sai +\/- 1mm<\/td>\n<\/tr>\n<tr>\n<td width=\"255\">M\u00e0u s\u1eafc<\/td>\n<td width=\"180\">\u0110en<\/td>\n<td width=\"92\"><\/td>\n<td width=\"192\"><\/td>\n<\/tr>\n<tr>\n<td width=\"255\">Tr\u1ecdng l\u01b0\u1ee3ng<\/td>\n<td width=\"180\">70<\/td>\n<td width=\"92\">gram<\/td>\n<td width=\"192\"><\/td>\n<\/tr>\n<\/tbody>\n<\/table>\n<h3>Video tr\u1ea3i nghi\u1ec7m s\u1ea3n ph\u1ea9m:<\/h3>\n<div class=\"video video-fit mb\" style=\"padding-top:56.25%;\"><p><iframe loading=\"lazy\" title=\"\u0110\u00e8n \u00e2m \u0111\u1ea5t th\u00f4ng minh RGBW - underground light - (c\u00f4ng ngh\u1ec7 DMX)\" width=\"1020\" height=\"574\" src=\"https:\/\/www.youtube.com\/embed\/TU98DnTyXFM?feature=oembed\" frameborder=\"0\" allow=\"accelerometer; autoplay; clipboard-write; encrypted-media; gyroscope; picture-in-picture; web-share\" allowfullscreen><\/iframe><\/p>\n<\/div>\n","protected":false},"excerpt":{"rendered":"<p>&nbsp; K\u00edch th\u01b0\u1edbc v\u00e0 tr\u1ecdng l\u01b0\u1ee3ng \u00a0 \u00a0 \u00a0 Th\u00f4ng s\u1ed1 k\u1ef9 thu\u1eadt Gi\u00e1 tr\u1ecb \u0110\u01a1n v\u1ecb \u0110i\u1ec1u ki\u1ec7n K\u00edch th\u01b0\u1edbc (D\u00e0i x R\u1ed9ng x Cao) 94 x 46 x 21.5 mm Dung sai +\/- 1mm M\u00e0u s\u1eafc \u0110en Tr\u1ecdng l\u01b0\u1ee3ng 70 gram Video tr\u1ea3i nghi\u1ec7m s\u1ea3n ph\u1ea9m:<\/p>\n","protected":false},"featured_media":9033,"comment_status":"open","ping_status":"closed","template":"","meta":{"_acf_changed":false,"inline_featured_image":false},"product_brand":[],"product_cat":[373,366,514,190,365],"product_tag":[486,416,483,487],"class_list":{"0":"post-7874","1":"product","2":"type-product","3":"status-publish","4":"has-post-thumbnail","6":"product_cat-den-dmx-spi-rgb","7":"product_cat-huebox-c","8":"product_cat-huedriver-dmx","9":"product_cat-module-dieu-khien","10":"product_cat-thiet-bi-dieu-khien-master","11":"product_tag-c4","12":"product_tag-dmx","13":"product_tag-huebox","14":"product_tag-landscape","16":"first","17":"instock","18":"shipping-taxable","19":"purchasable","20":"product-type-simple"},"acf":[],"_links":{"self":[{"href":"https:\/\/huepress.vn\/en\/wp-json\/wp\/v2\/product\/7874","targetHints":{"allow":["GET"]}}],"collection":[{"href":"https:\/\/huepress.vn\/en\/wp-json\/wp\/v2\/product"}],"about":[{"href":"https:\/\/huepress.vn\/en\/wp-json\/wp\/v2\/types\/product"}],"replies":[{"embeddable":true,"href":"https:\/\/huepress.vn\/en\/wp-json\/wp\/v2\/comments?post=7874"}],"wp:featuredmedia":[{"embeddable":true,"href":"https:\/\/huepress.vn\/en\/wp-json\/wp\/v2\/media\/9033"}],"wp:attachment":[{"href":"https:\/\/huepress.vn\/en\/wp-json\/wp\/v2\/media?parent=7874"}],"wp:term":[{"taxonomy":"product_brand","embeddable":true,"href":"https:\/\/huepress.vn\/en\/wp-json\/wp\/v2\/product_brand?post=7874"},{"taxonomy":"product_cat","embeddable":true,"href":"https:\/\/huepress.vn\/en\/wp-json\/wp\/v2\/product_cat?post=7874"},{"taxonomy":"product_tag","embeddable":true,"href":"https:\/\/huepress.vn\/en\/wp-json\/wp\/v2\/product_tag?post=7874"}],"curies":[{"name":"wp","href":"https:\/\/api.w.org\/{rel}","templated":true}]}}