{"id":7853,"date":"2023-06-15T11:33:10","date_gmt":"2023-06-15T04:33:10","guid":{"rendered":"https:\/\/huepress.vn\/?post_type=product&#038;p=7853"},"modified":"2024-04-01T20:23:49","modified_gmt":"2024-04-01T13:23:49","slug":"huebox-c3-hop-dieu-khien-cho-den-thong-minh-strip-rgb-ic-wifi-bluetooth-controler","status":"publish","type":"product","link":"https:\/\/huepress.vn\/en\/product\/huebox-c3-hop-dieu-khien-cho-den-thong-minh-strip-rgb-ic-wifi-bluetooth-controler\/","title":{"rendered":"HueBox C3 IC strip &#8211; H\u1ed9p \u0111i\u1ec1u khi\u1ec3n cho \u0111\u00e8n th\u00f4ng minh Strip RGB IC &#8211;  WiFi Bluetooth controler"},"content":{"rendered":"<h3>Video tr\u1ea3i nghi\u1ec7m s\u1ea3n ph\u1ea9m:<\/h3>\n<div class=\"video video-fit mb\" style=\"padding-top:56.25%;\"><p><iframe loading=\"lazy\" title=\"(HueBox C3) LED \u0111uo\u0302\u0309i tho\u0302ng minh Huepress - 1 module \u0111i\u1ec1u khi\u1ec3n c\u1ea3 100m LED\" width=\"1020\" height=\"574\" src=\"https:\/\/www.youtube.com\/embed\/VjIUwM0rQ6c?feature=oembed\" frameborder=\"0\" allow=\"accelerometer; autoplay; clipboard-write; encrypted-media; gyroscope; picture-in-picture; web-share\" allowfullscreen><\/iframe><\/p>\n<\/div>\n<p><img loading=\"lazy\" decoding=\"async\" class=\"size-medium wp-image-7840 aligncenter\" src=\"https:\/\/huepress.vn\/wp-content\/uploads\/2023\/06\/extension-HueBox-C-800x400.jpg\" alt=\"\" width=\"800\" height=\"400\" srcset=\"https:\/\/huepress.vn\/wp-content\/uploads\/2023\/06\/extension-HueBox-C-800x400.jpg 800w, https:\/\/huepress.vn\/wp-content\/uploads\/2023\/06\/extension-HueBox-C-1400x700.jpg 1400w, https:\/\/huepress.vn\/wp-content\/uploads\/2023\/06\/extension-HueBox-C-768x384.jpg 768w, https:\/\/huepress.vn\/wp-content\/uploads\/2023\/06\/extension-HueBox-C-1536x768.jpg 1536w, https:\/\/huepress.vn\/wp-content\/uploads\/2023\/06\/extension-HueBox-C-2048x1024.jpg 2048w, https:\/\/huepress.vn\/wp-content\/uploads\/2023\/06\/extension-HueBox-C-350x175.jpg 350w\" sizes=\"auto, (max-width: 800px) 100vw, 800px\" \/><\/p>\n<table style=\"height: 635px;\" width=\"873\">\n<tbody>\n<tr>\n<td colspan=\"2\" width=\"435\"><strong>Th\u00f4ng tin s\u1ea3n ph\u1ea9m<\/strong><\/td>\n<td width=\"92\"><strong>\u00a0<\/strong><\/td>\n<td width=\"192\"><strong>\u00a0<\/strong><\/td>\n<\/tr>\n<tr>\n<td colspan=\"4\" width=\"718\">T\u1ea5t c\u1ea3 c\u00e1c th\u00f4ng s\u1ed1 k\u1ef9 thu\u1eadt ti\u00eau chu\u1ea9n \u1edf 25 \u00b0C tr\u1eeb khi c\u00f3 quy \u0111\u1ecbnh kh\u00e1c.<\/td>\n<\/tr>\n<tr>\n<td width=\"255\"><strong>Th\u00f4ng s\u1ed1 \u0111i\u1ec7n<\/strong><\/td>\n<td width=\"180\"><strong>\u00a0<\/strong><\/td>\n<td width=\"92\"><strong>\u00a0<\/strong><\/td>\n<td width=\"192\"><strong>\u00a0<\/strong><\/td>\n<\/tr>\n<tr>\n<td width=\"255\"><strong>Th\u00f4ng s\u1ed1 k\u1ef9 thu\u1eadt<\/strong><\/td>\n<td width=\"180\"><strong>Gi\u00e1 tr\u1ecb<\/strong><\/td>\n<td width=\"92\"><strong>\u0110\u01a1n v\u1ecb<\/strong><\/td>\n<td width=\"192\"><strong>\u0110i\u1ec1u ki\u1ec7n<\/strong><\/td>\n<\/tr>\n<tr>\n<td width=\"255\">\u0110i\u1ec7n \u00e1p \u0111\u1ecbnh m\u1ee9c \u0111\u1ea7u v\u00e0o<\/td>\n<td width=\"180\">12 ~ 24<\/td>\n<td width=\"92\">Vdc<\/td>\n<td width=\"192\">Ph\u1ea1m vi \u0111i\u1ec1u khi\u1ec3n<\/td>\n<\/tr>\n<tr>\n<td width=\"255\">D\u00f2ng \u0111i\u1ec7n \u0111\u1ecbnh m\u1ee9c \u0111\u1ea7u v\u00e0o<\/td>\n<td width=\"180\">5<\/td>\n<td width=\"92\">A<\/td>\n<td width=\"192\">@ C\u00f4ng su\u1ea5t \u0111\u1ea7u ra t\u1ed1i \u0111a<\/td>\n<\/tr>\n<tr>\n<td width=\"255\">C\u00f4ng su\u1ea5t \u0111\u1ea7u v\u00e0o<\/td>\n<td width=\"180\">60<\/td>\n<td width=\"92\">W<\/td>\n<td width=\"192\">@ C\u00f4ng su\u1ea5t \u0111\u1ea7u ra t\u1ed1i \u0111a @ \u0110i\u1ec7n \u00e1p \u0111\u1ecbnh m\u1ee9c \u0111\u1ea7u v\u00e0o t\u1ed1i \u0111a<\/td>\n<\/tr>\n<tr>\n<td width=\"255\">D\u00f2ng \u0111i\u1ec7n \u0111\u1ecbnh m\u1ee9c \u0111\u1ea7u ra<\/td>\n<td width=\"180\">5<\/td>\n<td width=\"92\">A<\/td>\n<td width=\"192\">@D\u00f2ng \u0111i\u1ec7n t\u1ed1i \u0111a@T\u1ef7 l\u1ec7 ngh\u1ecbch v\u1edbi \u0111i\u1ec7n \u00e1p v\u00e0o<\/td>\n<\/tr>\n<tr>\n<td width=\"255\">C\u00f4ng su\u1ea5t ti\u00eau th\u1ee5<\/td>\n<td width=\"180\">0.1<\/td>\n<td width=\"92\">W<\/td>\n<td width=\"192\">@ \u0110i\u1ec7n \u00e1p \u0111\u1ecbnh m\u1ee9c \u0111\u1ea7u v\u00e0o<\/td>\n<\/tr>\n<tr>\n<td width=\"255\">Ch\u1ed1ng t\u00ednh \u0111i\u1ec7n<\/td>\n<td width=\"180\">4KV @ HBM, 8KV @ kh\u00f4ng kh\u00ed<\/td>\n<td width=\"92\"><\/td>\n<td width=\"192\"><\/td>\n<\/tr>\n<\/tbody>\n<\/table>\n<p><img loading=\"lazy\" decoding=\"async\" class=\"size-medium wp-image-7864 aligncenter\" src=\"https:\/\/huepress.vn\/wp-content\/uploads\/2023\/06\/huebox-C31-800x195.jpg\" alt=\"\" width=\"800\" height=\"195\" srcset=\"https:\/\/huepress.vn\/wp-content\/uploads\/2023\/06\/huebox-C31-800x195.jpg 800w, https:\/\/huepress.vn\/wp-content\/uploads\/2023\/06\/huebox-C31-768x187.jpg 768w, https:\/\/huepress.vn\/wp-content\/uploads\/2023\/06\/huebox-C31-350x85.jpg 350w, https:\/\/huepress.vn\/wp-content\/uploads\/2023\/06\/huebox-C31.jpg 1014w\" sizes=\"auto, (max-width: 800px) 100vw, 800px\" \/><\/p>\n<table style=\"height: 416px;\" width=\"871\">\n<tbody>\n<tr>\n<td width=\"255\"><strong>\u0110i d\u00e2y v\u00e0 k\u1ebft n\u1ed1i<\/strong><\/td>\n<td width=\"180\"><strong>\u00a0<\/strong><\/td>\n<td width=\"92\"><strong>\u00a0<\/strong><\/td>\n<td width=\"192\"><strong>\u00a0<\/strong><\/td>\n<\/tr>\n<tr>\n<td width=\"255\"><strong>Th\u00f4ng s\u1ed1 k\u1ef9 thu\u1eadt<\/strong><\/td>\n<td width=\"180\"><strong>Gi\u00e1 tr\u1ecb (mm2)<\/strong><\/td>\n<td width=\"92\"><strong>AWG<\/strong><\/td>\n<td width=\"192\"><strong>\u0110i\u1ec1u ki\u1ec7n<\/strong><\/td>\n<\/tr>\n<tr>\n<td width=\"255\">Lo\u1ea1i d\u00e2y \u0111\u1ea7u v\u00e0o<\/td>\n<td width=\"180\">0.8107<\/td>\n<td width=\"92\">18<\/td>\n<td width=\"192\"><\/td>\n<\/tr>\n<tr>\n<td width=\"255\">Lo\u1ea1i d\u00e2y \u0111\u1ea7u ra cho t\u1eebng k\u00eanh<\/td>\n<td width=\"180\">0.8107<\/td>\n<td width=\"92\">18<\/td>\n<td width=\"192\"><\/td>\n<\/tr>\n<tr>\n<td width=\"255\">Chi\u1ec1u d\u00e0i d\u00e2y<\/td>\n<td width=\"180\">150<\/td>\n<td width=\"92\"><\/td>\n<td width=\"192\"><\/td>\n<\/tr>\n<tr>\n<td width=\"255\">Jack k\u1ebft n\u1ed1i ngu\u1ed3n<\/td>\n<td width=\"180\">DC5521 F<\/td>\n<td width=\"92\">18<\/td>\n<td width=\"192\"><\/td>\n<\/tr>\n<tr>\n<td width=\"255\">Jack k\u1ebft n\u1ed1i \u0111\u00e8n<\/td>\n<td width=\"180\">JST-SM 3 ch\u00e2n<\/td>\n<td width=\"92\"><\/td>\n<td width=\"192\">@T\u00f9y ch\u1ecdn cho d\u00e2y LED IC D\u00f2ng \u0111\u1ecbnh m\u1ee9c &lt; 3A<\/td>\n<\/tr>\n<\/tbody>\n<\/table>\n<p>&nbsp;<\/p>\n<p><img loading=\"lazy\" decoding=\"async\" class=\"size-medium wp-image-7866 aligncenter\" src=\"https:\/\/huepress.vn\/wp-content\/uploads\/2023\/06\/huebox-C32-800x184.jpg\" alt=\"\" width=\"800\" height=\"184\" srcset=\"https:\/\/huepress.vn\/wp-content\/uploads\/2023\/06\/huebox-C32-800x184.jpg 800w, https:\/\/huepress.vn\/wp-content\/uploads\/2023\/06\/huebox-C32-768x177.jpg 768w, https:\/\/huepress.vn\/wp-content\/uploads\/2023\/06\/huebox-C32-350x80.jpg 350w, https:\/\/huepress.vn\/wp-content\/uploads\/2023\/06\/huebox-C32.jpg 1122w\" sizes=\"auto, (max-width: 800px) 100vw, 800px\" \/><\/p>\n<p><img loading=\"lazy\" decoding=\"async\" class=\"size-medium wp-image-7868 aligncenter\" src=\"https:\/\/huepress.vn\/wp-content\/uploads\/2023\/06\/huebox-C33-800x197.jpg\" alt=\"\" width=\"800\" height=\"197\" srcset=\"https:\/\/huepress.vn\/wp-content\/uploads\/2023\/06\/huebox-C33-800x197.jpg 800w, https:\/\/huepress.vn\/wp-content\/uploads\/2023\/06\/huebox-C33-768x189.jpg 768w, https:\/\/huepress.vn\/wp-content\/uploads\/2023\/06\/huebox-C33-350x86.jpg 350w, https:\/\/huepress.vn\/wp-content\/uploads\/2023\/06\/huebox-C33.jpg 893w\" sizes=\"auto, (max-width: 800px) 100vw, 800px\" \/><\/p>\n<table style=\"height: 248px;\" width=\"871\">\n<tbody>\n<tr>\n<td colspan=\"4\" width=\"100%\"><strong>\u0110\u1ecbnh ngh\u0129a d\u00e2y<\/strong><\/td>\n<\/tr>\n<tr>\n<td width=\"6%\"><strong>\u00a0<\/strong><\/td>\n<td width=\"26%\"><strong>Th\u00f4ng s\u1ed1 k\u1ef9 thu\u1eadt<\/strong><\/td>\n<td width=\"34%\"><strong>\u0110\u1ecbnh ngh\u0129a<\/strong><\/td>\n<td width=\"32%\"><strong>Ch\u00fa th\u00edch<\/strong><\/td>\n<\/tr>\n<tr>\n<td width=\"6%\">I<\/td>\n<td width=\"26%\">DC5521 F<\/td>\n<td width=\"34%\">Ngu\u1ed3n \u0111i\u1ec7n DC \u0111\u1ea7u v\u00e0o<\/td>\n<td width=\"32%\"><\/td>\n<\/tr>\n<tr>\n<td width=\"6%\">O<\/td>\n<td width=\"26%\">JST-SM 3 ch\u00e2n<\/td>\n<td width=\"34%\">Ngu\u1ed3n \u0111i\u1ec7n DC \u0111\u1ea7u ra v\u00e0 t\u00edn hi\u1ec7u \u0111i\u1ec1u khi\u1ec3n<\/td>\n<td width=\"32%\"><\/td>\n<\/tr>\n<\/tbody>\n<\/table>\n<p><img loading=\"lazy\" decoding=\"async\" class=\"size-medium wp-image-7828 aligncenter\" src=\"https:\/\/huepress.vn\/wp-content\/uploads\/2023\/06\/HueBox-C1-4-500x400.jpg\" alt=\"\" width=\"500\" height=\"400\" srcset=\"https:\/\/huepress.vn\/wp-content\/uploads\/2023\/06\/HueBox-C1-4-500x400.jpg 500w, https:\/\/huepress.vn\/wp-content\/uploads\/2023\/06\/HueBox-C1-4-768x614.jpg 768w, https:\/\/huepress.vn\/wp-content\/uploads\/2023\/06\/HueBox-C1-4-350x280.jpg 350w, https:\/\/huepress.vn\/wp-content\/uploads\/2023\/06\/HueBox-C1-4.jpg 943w\" sizes=\"auto, (max-width: 500px) 100vw, 500px\" \/><\/p>\n<table style=\"height: 246px;\" width=\"873\">\n<tbody>\n<tr>\n<td width=\"255\"><strong>K\u00edch th\u01b0\u1edbc v\u00e0 tr\u1ecdng l\u01b0\u1ee3ng<\/strong><\/td>\n<td width=\"180\"><strong>\u00a0<\/strong><\/td>\n<td width=\"92\"><strong>\u00a0<\/strong><\/td>\n<td width=\"192\"><strong>\u00a0<\/strong><\/td>\n<\/tr>\n<tr>\n<td width=\"255\"><strong>Th\u00f4ng s\u1ed1 k\u1ef9 thu\u1eadt<\/strong><\/td>\n<td width=\"180\"><strong>Gi\u00e1 tr\u1ecb<\/strong><\/td>\n<td width=\"92\"><strong>\u0110\u01a1n v\u1ecb<\/strong><\/td>\n<td width=\"192\"><strong>\u0110i\u1ec1u ki\u1ec7n<\/strong><\/td>\n<\/tr>\n<tr>\n<td width=\"255\">K\u00edch th\u01b0\u1edbc (D\u00e0i x R\u1ed9ng x Cao)<\/td>\n<td width=\"180\">94 x 46 x 21.5<\/td>\n<td width=\"92\">mm<\/td>\n<td width=\"192\">Dung sai +\/- 1mm<\/td>\n<\/tr>\n<tr>\n<td width=\"255\">M\u00e0u s\u1eafc<\/td>\n<td width=\"180\">\u0110en<\/td>\n<td width=\"92\"><\/td>\n<td width=\"192\"><\/td>\n<\/tr>\n<tr>\n<td width=\"255\">Tr\u1ecdng l\u01b0\u1ee3ng<\/td>\n<td width=\"180\">70<\/td>\n<td width=\"92\">gram<\/td>\n<td width=\"192\"><\/td>\n<\/tr>\n<\/tbody>\n<\/table>\n<p>&nbsp;<\/p>\n","protected":false},"excerpt":{"rendered":"<p>Video tr\u1ea3i nghi\u1ec7m s\u1ea3n ph\u1ea9m: Th\u00f4ng tin s\u1ea3n ph\u1ea9m \u00a0 \u00a0 T\u1ea5t c\u1ea3 c\u00e1c th\u00f4ng s\u1ed1 k\u1ef9 thu\u1eadt ti\u00eau chu\u1ea9n \u1edf 25 \u00b0C tr\u1eeb khi c\u00f3 quy \u0111\u1ecbnh kh\u00e1c. Th\u00f4ng s\u1ed1 \u0111i\u1ec7n \u00a0 \u00a0 \u00a0 Th\u00f4ng s\u1ed1 k\u1ef9 thu\u1eadt Gi\u00e1 tr\u1ecb \u0110\u01a1n v\u1ecb \u0110i\u1ec1u ki\u1ec7n \u0110i\u1ec7n \u00e1p \u0111\u1ecbnh m\u1ee9c \u0111\u1ea7u v\u00e0o 12 ~ 24 Vdc<\/p>\n","protected":false},"featured_media":7843,"comment_status":"open","ping_status":"closed","template":"","meta":{"_acf_changed":false,"inline_featured_image":false},"product_brand":[],"product_cat":[366,190,365],"product_tag":[484,483,485],"class_list":{"0":"post-7853","1":"product","2":"type-product","3":"status-publish","4":"has-post-thumbnail","6":"product_cat-huebox-c","7":"product_cat-module-dieu-khien","8":"product_cat-thiet-bi-dieu-khien-master","9":"product_tag-c3","10":"product_tag-huebox","11":"product_tag-strip-ic","13":"first","14":"instock","15":"shipping-taxable","16":"purchasable","17":"product-type-simple"},"acf":[],"_links":{"self":[{"href":"https:\/\/huepress.vn\/en\/wp-json\/wp\/v2\/product\/7853","targetHints":{"allow":["GET"]}}],"collection":[{"href":"https:\/\/huepress.vn\/en\/wp-json\/wp\/v2\/product"}],"about":[{"href":"https:\/\/huepress.vn\/en\/wp-json\/wp\/v2\/types\/product"}],"replies":[{"embeddable":true,"href":"https:\/\/huepress.vn\/en\/wp-json\/wp\/v2\/comments?post=7853"}],"wp:featuredmedia":[{"embeddable":true,"href":"https:\/\/huepress.vn\/en\/wp-json\/wp\/v2\/media\/7843"}],"wp:attachment":[{"href":"https:\/\/huepress.vn\/en\/wp-json\/wp\/v2\/media?parent=7853"}],"wp:term":[{"taxonomy":"product_brand","embeddable":true,"href":"https:\/\/huepress.vn\/en\/wp-json\/wp\/v2\/product_brand?post=7853"},{"taxonomy":"product_cat","embeddable":true,"href":"https:\/\/huepress.vn\/en\/wp-json\/wp\/v2\/product_cat?post=7853"},{"taxonomy":"product_tag","embeddable":true,"href":"https:\/\/huepress.vn\/en\/wp-json\/wp\/v2\/product_tag?post=7853"}],"curies":[{"name":"wp","href":"https:\/\/api.w.org\/{rel}","templated":true}]}}