{"id":7122,"date":"2023-02-23T14:00:18","date_gmt":"2023-02-23T07:00:18","guid":{"rendered":"https:\/\/huepress.vn\/?post_type=product&#038;p=7122"},"modified":"2024-05-24T09:36:32","modified_gmt":"2024-05-24T02:36:32","slug":"cong-tac-thong-minh-6-nut-myhue-smart-switch-s1","status":"publish","type":"product","link":"https:\/\/huepress.vn\/en\/product\/cong-tac-thong-minh-6-nut-myhue-smart-switch-s1\/","title":{"rendered":"C\u00f4ng t\u1eafc th\u00f4ng minh 6 n\u00fat myHue\u00ae Smart Switch S1"},"content":{"rendered":"<h3><strong>C\u00f4ng t\u1eafc th\u00f4ng minh 6 n\u00fat myHue\u00ae Scene Switch S1<\/strong><\/h3>\n<div>\u0110\u01b0\u1ee3c thi\u1ebft k\u1ebf cho vi\u1ec7c b\u1eadt\/ t\u1eaft v\u00e0 ch\u1ee9c n\u0103ng ki\u1ec3m so\u00e1t \u0111\u00e8n th\u00f4ng minh tu\u1ef3 ch\u1ec9nh CCT (d\u1ea3i m\u00e0u 2700K-6500K) c\u1ee7a b\u1ea1n.<\/div>\n<div><img loading=\"lazy\" decoding=\"async\" class=\"size-medium wp-image-7127 aligncenter\" src=\"https:\/\/huepress.vn\/wp-content\/uploads\/2023\/02\/cong-tac-6-nut1-400x400.jpg\" alt=\"\" width=\"400\" height=\"400\" srcset=\"https:\/\/huepress.vn\/wp-content\/uploads\/2023\/02\/cong-tac-6-nut1-400x400.jpg 400w, https:\/\/huepress.vn\/wp-content\/uploads\/2023\/02\/cong-tac-6-nut1-800x800.jpg 800w, https:\/\/huepress.vn\/wp-content\/uploads\/2023\/02\/cong-tac-6-nut1-280x280.jpg 280w, https:\/\/huepress.vn\/wp-content\/uploads\/2023\/02\/cong-tac-6-nut1-768x768.jpg 768w, https:\/\/huepress.vn\/wp-content\/uploads\/2023\/02\/cong-tac-6-nut1-350x350.jpg 350w, https:\/\/huepress.vn\/wp-content\/uploads\/2023\/02\/cong-tac-6-nut1-100x100.jpg 100w, https:\/\/huepress.vn\/wp-content\/uploads\/2023\/02\/cong-tac-6-nut1.jpg 960w\" sizes=\"auto, (max-width: 400px) 100vw, 400px\" \/><\/div>\n<div>&#8211; Thu\u1eadn ti\u1ec7n cho c\u1ea3 ng\u01b0\u1eddi gi\u00e0 v\u00e0 tr\u1ebb nh\u1ecf khi s\u1eed d\u1ee5ng \u0111i\u1ec1u khi\u1ec3n th\u00f4ng minh.<\/div>\n<div>&#8211; Thi\u1ebft k\u1ebf ti\u1ec7n d\u1ee5ng, d\u1ec5 d\u00e0ng c\u00e0i \u0111\u1eb7t, s\u1eed d\u1ee5ng pin c\u00f3 th\u1ec3 g\u1eafn \u1edf b\u1ea5t k\u1ef3 n\u01a1i n\u00e0o b\u1ea1n mu\u1ed1n.<\/div>\n<div style=\"text-align: center;\"><img loading=\"lazy\" decoding=\"async\" class=\"alignnone size-medium wp-image-7131\" src=\"https:\/\/huepress.vn\/wp-content\/uploads\/2023\/02\/cong-tac-6-nut3-400x400.jpg\" alt=\"\" width=\"400\" height=\"400\" srcset=\"https:\/\/huepress.vn\/wp-content\/uploads\/2023\/02\/cong-tac-6-nut3-400x400.jpg 400w, https:\/\/huepress.vn\/wp-content\/uploads\/2023\/02\/cong-tac-6-nut3-800x800.jpg 800w, https:\/\/huepress.vn\/wp-content\/uploads\/2023\/02\/cong-tac-6-nut3-280x280.jpg 280w, https:\/\/huepress.vn\/wp-content\/uploads\/2023\/02\/cong-tac-6-nut3-768x768.jpg 768w, https:\/\/huepress.vn\/wp-content\/uploads\/2023\/02\/cong-tac-6-nut3-350x350.jpg 350w, https:\/\/huepress.vn\/wp-content\/uploads\/2023\/02\/cong-tac-6-nut3-100x100.jpg 100w, https:\/\/huepress.vn\/wp-content\/uploads\/2023\/02\/cong-tac-6-nut3.jpg 960w\" sizes=\"auto, (max-width: 400px) 100vw, 400px\" \/><\/div>\n<div style=\"text-align: center;\"><img loading=\"lazy\" decoding=\"async\" class=\"alignnone size-medium wp-image-7133\" src=\"https:\/\/huepress.vn\/wp-content\/uploads\/2023\/02\/H255b7e8338d9426ca2bfa229c4b74609K.jpg_960x960-400x400.webp\" alt=\"\" width=\"400\" height=\"400\" srcset=\"https:\/\/huepress.vn\/wp-content\/uploads\/2023\/02\/H255b7e8338d9426ca2bfa229c4b74609K.jpg_960x960-400x400.webp 400w, https:\/\/huepress.vn\/wp-content\/uploads\/2023\/02\/H255b7e8338d9426ca2bfa229c4b74609K.jpg_960x960-800x800.webp 800w, https:\/\/huepress.vn\/wp-content\/uploads\/2023\/02\/H255b7e8338d9426ca2bfa229c4b74609K.jpg_960x960-280x280.webp 280w, https:\/\/huepress.vn\/wp-content\/uploads\/2023\/02\/H255b7e8338d9426ca2bfa229c4b74609K.jpg_960x960-768x768.webp 768w, https:\/\/huepress.vn\/wp-content\/uploads\/2023\/02\/H255b7e8338d9426ca2bfa229c4b74609K.jpg_960x960-350x350.webp 350w, https:\/\/huepress.vn\/wp-content\/uploads\/2023\/02\/H255b7e8338d9426ca2bfa229c4b74609K.jpg_960x960-100x100.webp 100w, https:\/\/huepress.vn\/wp-content\/uploads\/2023\/02\/H255b7e8338d9426ca2bfa229c4b74609K.jpg_960x960.webp 960w\" sizes=\"auto, (max-width: 400px) 100vw, 400px\" \/><\/div>\n<div><\/div>\n<div>&#8211; myHue Smart Swith S1 gi\u00fap \u0111i\u1ec1u khi\u1ec3n nhanh c\u00e1c t\u00e1c v\u1ee5 h\u1ec7 sinh th\u00e1i nh\u00e0 th\u00f4ng minh myHue nh\u01b0 l\u00e0m c\u00f4ng t\u1eafc 2 chi\u1ec1u \u0111\u00e8n c\u1ea7u thang, h\u00e0nh lang.<\/div>\n<div>&#8211; S\u1eed d\u1ee5ng v\u00e0 \u0111i\u1ec1u ch\u1ec9nh d\u1ec5 d\u00e0ng qua app myHue th\u00f4ng qua s\u00f3ng bluetooth mesh<\/div>\n<div>&#8211; 6 n\u00fat b\u1ea5m c\u01a1 \u0111i\u1ec1u khi\u1ec3n 6 ch\u1ee9c n\u0103ng kh\u00e1c nhau:<\/div>\n<div style=\"padding-left: 40px;\">1. \u0110i\u1ec1u khi\u1ec3n ON\/OFF<\/div>\n<div style=\"padding-left: 40px;\">2. \u0110i\u1ec1u khi\u1ec3n m\u1ee9c \u0111\u1ed9 s\u00e1ng t\u1ed1i c\u1ee7a \u0111\u00e8n\/ nh\u00f3m \u0111\u00e8n\/ph\u00f2ng m\u00e0 \u0111\u01b0\u1ee3c ch\u1ec9 \u0111\u1ecbnh tr\u00ean \u1ee9ng d\u1ee5ng myhue<\/div>\n<div style=\"padding-left: 40px;\">3. \u0110i\u1ec1u khi\u1ec3n CCT d\u1ea3i m\u00e0u t\u1eeb v\u00e0ng \u1ea5m \u0111\u1ec1n tr\u1eafng l\u1ea1nh 2700K-6500K<\/div>\n<div><\/div>\n<div>&#8211; Ph\u1ed1i h\u1ee3p ng\u1eef c\u1ea3nh v\u1edbi c\u00e1c thi\u1ebft b\u1ecb myHue kh\u00e1c.<\/div>\n<div>&#8211; D\u1ec5 d\u00e0ng chia s\u1ebb v\u1edbi nhi\u1ec1u ng\u01b0\u1eddi d\u00f9ng trong gia \u0111\u00ecnh c\u00f9ng s\u1eed d\u1ee5ng.<\/div>\n<h3>Tr\u1ea3i nghi\u1ec7m s\u1ea3n ph\u1ea9m:<\/h3>\n<p>Video demo s\u1ea3n ph\u1ea9m<\/p>\n<div class=\"video video-fit mb\" style=\"padding-top:56.25%;\"><p><iframe loading=\"lazy\" title=\"C\u00f4ng t\u1eafc ng\u1eef c\u1ea3nh c\u00f4ng t\u1eafc th\u00f4ng minh HuePress - Bluetooth Mesh\" width=\"1020\" height=\"574\" src=\"https:\/\/www.youtube.com\/embed\/33AQuwB1III?feature=oembed\" frameborder=\"0\" allow=\"accelerometer; autoplay; clipboard-write; encrypted-media; gyroscope; picture-in-picture; web-share\" allowfullscreen><\/iframe><\/p>\n<\/div>\n","protected":false},"excerpt":{"rendered":"<p>C\u00f4ng t\u1eafc th\u00f4ng minh 6 n\u00fat myHue\u00ae Scene Switch S1 \u0110\u01b0\u1ee3c thi\u1ebft k\u1ebf cho vi\u1ec7c b\u1eadt\/ t\u1eaft v\u00e0 ch\u1ee9c n\u0103ng ki\u1ec3m so\u00e1t \u0111\u00e8n th\u00f4ng minh tu\u1ef3 ch\u1ec9nh CCT (d\u1ea3i m\u00e0u 2700K-6500K) c\u1ee7a b\u1ea1n. &#8211; Thu\u1eadn ti\u1ec7n cho c\u1ea3 ng\u01b0\u1eddi gi\u00e0 v\u00e0 tr\u1ebb nh\u1ecf khi s\u1eed d\u1ee5ng \u0111i\u1ec1u khi\u1ec3n th\u00f4ng minh. &#8211; Thi\u1ebft k\u1ebf ti\u1ec7n d\u1ee5ng,<\/p>\n","protected":false},"featured_media":7123,"comment_status":"open","ping_status":"closed","template":"","meta":{"_acf_changed":false,"inline_featured_image":false},"product_brand":[],"product_cat":[380,379],"product_tag":[240,239,241,243,467,469,242],"class_list":{"0":"post-7122","1":"product","2":"type-product","3":"status-publish","4":"has-post-thumbnail","6":"product_cat-bang-dieu-khien-ux-panel","7":"product_cat-dieu-khien-chuc-nang","8":"product_tag-cong-tac-bluetooth","9":"product_tag-cong-tac-ngu-canh","10":"product_tag-cong-tac-thong-minh","11":"product_tag-myhue-scence-switch","12":"product_tag-remote","13":"product_tag-remote-ble","14":"product_tag-scence-switch","16":"first","17":"instock","18":"shipping-taxable","19":"purchasable","20":"product-type-simple"},"acf":[],"_links":{"self":[{"href":"https:\/\/huepress.vn\/en\/wp-json\/wp\/v2\/product\/7122","targetHints":{"allow":["GET"]}}],"collection":[{"href":"https:\/\/huepress.vn\/en\/wp-json\/wp\/v2\/product"}],"about":[{"href":"https:\/\/huepress.vn\/en\/wp-json\/wp\/v2\/types\/product"}],"replies":[{"embeddable":true,"href":"https:\/\/huepress.vn\/en\/wp-json\/wp\/v2\/comments?post=7122"}],"wp:featuredmedia":[{"embeddable":true,"href":"https:\/\/huepress.vn\/en\/wp-json\/wp\/v2\/media\/7123"}],"wp:attachment":[{"href":"https:\/\/huepress.vn\/en\/wp-json\/wp\/v2\/media?parent=7122"}],"wp:term":[{"taxonomy":"product_brand","embeddable":true,"href":"https:\/\/huepress.vn\/en\/wp-json\/wp\/v2\/product_brand?post=7122"},{"taxonomy":"product_cat","embeddable":true,"href":"https:\/\/huepress.vn\/en\/wp-json\/wp\/v2\/product_cat?post=7122"},{"taxonomy":"product_tag","embeddable":true,"href":"https:\/\/huepress.vn\/en\/wp-json\/wp\/v2\/product_tag?post=7122"}],"curies":[{"name":"wp","href":"https:\/\/api.w.org\/{rel}","templated":true}]}}