{"id":7110,"date":"2023-02-23T11:47:24","date_gmt":"2023-02-23T04:47:24","guid":{"rendered":"https:\/\/huepress.vn\/?post_type=product&#038;p=7110"},"modified":"2024-05-24T09:36:38","modified_gmt":"2024-05-24T02:36:38","slug":"den-spot-light-24v-mat-trau-phi-50-dai-mau-2700k-6500k","status":"publish","type":"product","link":"https:\/\/huepress.vn\/en\/product\/den-spot-light-24v-mat-trau-phi-50-dai-mau-2700k-6500k\/","title":{"rendered":"B\u00f3ng \u0111\u00e8n chi\u1ebfu \u0111i\u1ec3m Spotlight DC24V phi 50mm 2700K-6500K"},"content":{"rendered":"<p>B\u00f3ng \u0111\u00e8n chi\u1ebfu \u0111i\u1ec3m Spotlight DC24V<\/p>\n<p><img loading=\"lazy\" decoding=\"async\" class=\"size-medium wp-image-7111 aligncenter\" style=\"color: #333333;\" src=\"https:\/\/huepress.vn\/wp-content\/uploads\/2023\/02\/SP-huepress-50-400x400.jpg\" alt=\"\" width=\"400\" height=\"400\" srcset=\"https:\/\/huepress.vn\/wp-content\/uploads\/2023\/02\/SP-huepress-50-400x400.jpg 400w, https:\/\/huepress.vn\/wp-content\/uploads\/2023\/02\/SP-huepress-50-800x800.jpg 800w, https:\/\/huepress.vn\/wp-content\/uploads\/2023\/02\/SP-huepress-50-280x280.jpg 280w, https:\/\/huepress.vn\/wp-content\/uploads\/2023\/02\/SP-huepress-50-768x768.jpg 768w, https:\/\/huepress.vn\/wp-content\/uploads\/2023\/02\/SP-huepress-50-1536x1536.jpg 1536w, https:\/\/huepress.vn\/wp-content\/uploads\/2023\/02\/SP-huepress-50-2048x2048.jpg 2048w, https:\/\/huepress.vn\/wp-content\/uploads\/2023\/02\/SP-huepress-50-350x350.jpg 350w, https:\/\/huepress.vn\/wp-content\/uploads\/2023\/02\/SP-huepress-50-100x100.jpg 100w\" sizes=\"auto, (max-width: 400px) 100vw, 400px\" \/><\/p>\n<p><img loading=\"lazy\" decoding=\"async\" class=\"size-medium wp-image-7113 aligncenter\" src=\"https:\/\/huepress.vn\/wp-content\/uploads\/2023\/02\/SP-huepress-49-400x400.jpg\" alt=\"\" width=\"400\" height=\"400\" srcset=\"https:\/\/huepress.vn\/wp-content\/uploads\/2023\/02\/SP-huepress-49-400x400.jpg 400w, https:\/\/huepress.vn\/wp-content\/uploads\/2023\/02\/SP-huepress-49-800x800.jpg 800w, https:\/\/huepress.vn\/wp-content\/uploads\/2023\/02\/SP-huepress-49-280x280.jpg 280w, https:\/\/huepress.vn\/wp-content\/uploads\/2023\/02\/SP-huepress-49-768x768.jpg 768w, https:\/\/huepress.vn\/wp-content\/uploads\/2023\/02\/SP-huepress-49-1536x1536.jpg 1536w, https:\/\/huepress.vn\/wp-content\/uploads\/2023\/02\/SP-huepress-49-2048x2048.jpg 2048w, https:\/\/huepress.vn\/wp-content\/uploads\/2023\/02\/SP-huepress-49-350x350.jpg 350w, https:\/\/huepress.vn\/wp-content\/uploads\/2023\/02\/SP-huepress-49-100x100.jpg 100w\" sizes=\"auto, (max-width: 400px) 100vw, 400px\" \/><\/p>\n<div class=\"video video-fit mb\" style=\"padding-top:56.25%;\"><p><iframe loading=\"lazy\" title=\"\u0110\u00e8n chi\u1ebfu \u0111i\u1ec3m Spotlight DC24V 50mm g\u00f3c chi\u1ebfu 38 \u0111\u1ed9 8W\" width=\"1020\" height=\"574\" src=\"https:\/\/www.youtube.com\/embed\/_wMoxpjKkyk?feature=oembed\" frameborder=\"0\" allow=\"accelerometer; autoplay; clipboard-write; encrypted-media; gyroscope; picture-in-picture; web-share\" allowfullscreen><\/iframe><\/p>\n<\/div>\n<p>HuePress c\u00f3 gi\u1ea3i ph\u00e1p t\u00edch h\u1ee3p \u0111\u1ec3 t\u01b0\u01a1ng th\u00edch v\u1edbi chi\u1ebfc \u0111\u00e8n DC24V, n\u00e2ng cao tr\u1ea3i nghi\u1ec7m ng\u01b0\u1eddi d\u00f9ng. Ng\u01b0\u1eddi d\u00f9ng c\u00f3 th\u1ec3 tu\u1ef3 ch\u1ec9nh theo \u00fd c\u1ee7a m\u00ecnh, tr\u1ea3i nghi\u1ec7m h\u1ec7 sinh th\u00e1i nh\u00e0 th\u00f4ng minh, chi\u1ebfu s\u00e1ng th\u00f4ng minh c\u1ee7a HuePress<\/p>\n<div class=\"video video-fit mb\" style=\"padding-top:56.25%;\"><p><iframe loading=\"lazy\" title=\"(smarthome 50$)- Part 4 - Bi\u1ebfn m\u1ecdi lo\u1ea1i \u0111\u00e8n ray nam ch\u00e2m th\u00e0nh th\u00f4ng minh\" width=\"1020\" height=\"574\" src=\"https:\/\/www.youtube.com\/embed\/HUw_NtxN7GA?feature=oembed\" frameborder=\"0\" allow=\"accelerometer; autoplay; clipboard-write; encrypted-media; gyroscope; picture-in-picture; web-share\" allowfullscreen><\/iframe><\/p>\n<\/div>\n<p>K\u1ebft h\u1ee3p v\u1edbi c\u00f4ng t\u1eafc th\u00f4ng minh, c\u00f4ng t\u1eafc ng\u1eef c\u1ea3nh \u0111\u1ec3 vi\u1ec7c \u0111i\u1ec1u khi\u1ec3n \u00e1nh s\u00e1ng trong gia \u0111\u00ecnh tr\u1edf l\u00ean \u0111\u01a1n gi\u1ea3n v\u00e0 ti\u1ec7n d\u1ee5ng h\u01a1n<\/p>\n<div class=\"video video-fit mb\" style=\"padding-top:56.25%;\"><p><iframe loading=\"lazy\" title=\"C\u00f4ng t\u1eafc ng\u1eef c\u1ea3nh c\u00f4ng t\u1eafc th\u00f4ng minh HuePress - Bluetooth Mesh\" width=\"1020\" height=\"574\" src=\"https:\/\/www.youtube.com\/embed\/33AQuwB1III?feature=oembed\" frameborder=\"0\" allow=\"accelerometer; autoplay; clipboard-write; encrypted-media; gyroscope; picture-in-picture; web-share\" allowfullscreen><\/iframe><\/p>\n<\/div>\n","protected":false},"excerpt":{"rendered":"<p>B\u00f3ng \u0111\u00e8n chi\u1ebfu \u0111i\u1ec3m Spotlight DC24V HuePress c\u00f3 gi\u1ea3i ph\u00e1p t\u00edch h\u1ee3p \u0111\u1ec3 t\u01b0\u01a1ng th\u00edch v\u1edbi chi\u1ebfc \u0111\u00e8n DC24V, n\u00e2ng cao tr\u1ea3i nghi\u1ec7m ng\u01b0\u1eddi d\u00f9ng. Ng\u01b0\u1eddi d\u00f9ng c\u00f3 th\u1ec3 tu\u1ef3 ch\u1ec9nh theo \u00fd c\u1ee7a m\u00ecnh, tr\u1ea3i nghi\u1ec7m h\u1ec7 sinh th\u00e1i nh\u00e0 th\u00f4ng minh, chi\u1ebfu s\u00e1ng th\u00f4ng minh c\u1ee7a HuePress K\u1ebft h\u1ee3p v\u1edbi c\u00f4ng t\u1eafc th\u00f4ng<\/p>\n","protected":false},"featured_media":7111,"comment_status":"open","ping_status":"closed","template":"","meta":{"_acf_changed":false,"inline_featured_image":false},"product_brand":[],"product_cat":[173,183],"product_tag":[],"class_list":{"0":"post-7110","1":"product","2":"type-product","3":"status-publish","4":"has-post-thumbnail","6":"product_cat-indoor-chieu-sang-khoa-hoc","7":"product_cat-led-spotlight","9":"first","10":"instock","11":"shipping-taxable","12":"purchasable","13":"product-type-simple"},"acf":[],"_links":{"self":[{"href":"https:\/\/huepress.vn\/en\/wp-json\/wp\/v2\/product\/7110","targetHints":{"allow":["GET"]}}],"collection":[{"href":"https:\/\/huepress.vn\/en\/wp-json\/wp\/v2\/product"}],"about":[{"href":"https:\/\/huepress.vn\/en\/wp-json\/wp\/v2\/types\/product"}],"replies":[{"embeddable":true,"href":"https:\/\/huepress.vn\/en\/wp-json\/wp\/v2\/comments?post=7110"}],"wp:featuredmedia":[{"embeddable":true,"href":"https:\/\/huepress.vn\/en\/wp-json\/wp\/v2\/media\/7111"}],"wp:attachment":[{"href":"https:\/\/huepress.vn\/en\/wp-json\/wp\/v2\/media?parent=7110"}],"wp:term":[{"taxonomy":"product_brand","embeddable":true,"href":"https:\/\/huepress.vn\/en\/wp-json\/wp\/v2\/product_brand?post=7110"},{"taxonomy":"product_cat","embeddable":true,"href":"https:\/\/huepress.vn\/en\/wp-json\/wp\/v2\/product_cat?post=7110"},{"taxonomy":"product_tag","embeddable":true,"href":"https:\/\/huepress.vn\/en\/wp-json\/wp\/v2\/product_tag?post=7110"}],"curies":[{"name":"wp","href":"https:\/\/api.w.org\/{rel}","templated":true}]}}