{"id":6862,"date":"2022-12-07T16:01:58","date_gmt":"2022-12-07T09:01:58","guid":{"rendered":"https:\/\/huepress.vn\/?post_type=product&#038;p=6862"},"modified":"2024-05-24T09:36:53","modified_gmt":"2024-05-24T02:36:53","slug":"led-edison-st64","status":"publish","type":"product","link":"https:\/\/huepress.vn\/en\/product\/led-edison-st64\/","title":{"rendered":"B\u00f3ng \u0111\u00e8n led d\u00e2y t\u00f3c Bluetooth Mesh Filament Bulb ST64 \u0111ui E27 4W 2700K-6500K Edison vintage"},"content":{"rendered":"<div id=\"row-178136065\" class=\"row row-collapse\">\n<div id=\"col-1652197718\" class=\"col small-12 large-12\">\n<div class=\"col-inner box-shadow-1\">\n<div class=\"product-page-sections\">\n<div class=\"product-section\">\n<div class=\"row\">\n<div class=\"large-10 col pb-0 mb-0\">\n<div class=\"panel entry-content\">\n<h4><img loading=\"lazy\" decoding=\"async\" class=\"size-medium wp-image-6793 aligncenter\" src=\"https:\/\/huepress.vn\/wp-content\/uploads\/2022\/11\/filament-mesh-1-400x400.jpg\" alt=\"\" width=\"400\" height=\"400\" srcset=\"https:\/\/huepress.vn\/wp-content\/uploads\/2022\/11\/filament-mesh-1-400x400.jpg 400w, https:\/\/huepress.vn\/wp-content\/uploads\/2022\/11\/filament-mesh-1-800x800.jpg 800w, https:\/\/huepress.vn\/wp-content\/uploads\/2022\/11\/filament-mesh-1-280x280.jpg 280w, https:\/\/huepress.vn\/wp-content\/uploads\/2022\/11\/filament-mesh-1-768x768.jpg 768w, https:\/\/huepress.vn\/wp-content\/uploads\/2022\/11\/filament-mesh-1-350x350.jpg 350w, https:\/\/huepress.vn\/wp-content\/uploads\/2022\/11\/filament-mesh-1-100x100.jpg 100w, https:\/\/huepress.vn\/wp-content\/uploads\/2022\/11\/filament-mesh-1.jpg 1200w\" sizes=\"auto, (max-width: 400px) 100vw, 400px\" \/><\/h4>\n<h4>WiFi direct kh\u00f4ng c\u1ea7n b\u1ed9 chuy\u1ec3n Hub<\/h4>\n<p>S\u1ea3n ph\u1ea9m \u0111\u00e8n th\u00f4ng minh myHue\u00ae Filament c\u1ee7a ch\u00fang t\u00f4i, k\u1ebft n\u1ed1i bluetooth mesh, C\u00e1c \u0111\u00e8n s\u1ebd \u0111\u01b0\u1ee3c \u0111i\u1ec1u khi\u1ec3n t\u1ef1 \u0111\u1ed9ng 100% qua App myHue\u00ae.<\/p>\n<p><img loading=\"lazy\" decoding=\"async\" class=\"size-medium wp-image-6817 aligncenter\" src=\"https:\/\/huepress.vn\/wp-content\/uploads\/2022\/11\/filament-mesh-4_1-400x400.png\" alt=\"\" width=\"400\" height=\"400\" srcset=\"https:\/\/huepress.vn\/wp-content\/uploads\/2022\/11\/filament-mesh-4_1-400x400.png 400w, https:\/\/huepress.vn\/wp-content\/uploads\/2022\/11\/filament-mesh-4_1-800x800.png 800w, https:\/\/huepress.vn\/wp-content\/uploads\/2022\/11\/filament-mesh-4_1-280x280.png 280w, https:\/\/huepress.vn\/wp-content\/uploads\/2022\/11\/filament-mesh-4_1-768x768.png 768w, https:\/\/huepress.vn\/wp-content\/uploads\/2022\/11\/filament-mesh-4_1-350x350.png 350w, https:\/\/huepress.vn\/wp-content\/uploads\/2022\/11\/filament-mesh-4_1-100x100.png 100w, https:\/\/huepress.vn\/wp-content\/uploads\/2022\/11\/filament-mesh-4_1.png 1200w\" sizes=\"auto, (max-width: 400px) 100vw, 400px\" \/><\/p>\n<p><img loading=\"lazy\" decoding=\"async\" class=\"size-medium wp-image-6797 aligncenter\" src=\"https:\/\/huepress.vn\/wp-content\/uploads\/2022\/11\/filament-mesh-3-400x400.png\" alt=\"\" width=\"400\" height=\"400\" srcset=\"https:\/\/huepress.vn\/wp-content\/uploads\/2022\/11\/filament-mesh-3-400x400.png 400w, https:\/\/huepress.vn\/wp-content\/uploads\/2022\/11\/filament-mesh-3-800x800.png 800w, https:\/\/huepress.vn\/wp-content\/uploads\/2022\/11\/filament-mesh-3-280x280.png 280w, https:\/\/huepress.vn\/wp-content\/uploads\/2022\/11\/filament-mesh-3-768x768.png 768w, https:\/\/huepress.vn\/wp-content\/uploads\/2022\/11\/filament-mesh-3-350x350.png 350w, https:\/\/huepress.vn\/wp-content\/uploads\/2022\/11\/filament-mesh-3-100x100.png 100w, https:\/\/huepress.vn\/wp-content\/uploads\/2022\/11\/filament-mesh-3.png 1200w\" sizes=\"auto, (max-width: 400px) 100vw, 400px\" \/><\/p>\n<p><img loading=\"lazy\" decoding=\"async\" class=\"size-medium wp-image-6803 aligncenter\" src=\"https:\/\/huepress.vn\/wp-content\/uploads\/2022\/11\/filament-2-400x400.jpeg\" alt=\"\" width=\"400\" height=\"400\" srcset=\"https:\/\/huepress.vn\/wp-content\/uploads\/2022\/11\/filament-2-400x400.jpeg 400w, https:\/\/huepress.vn\/wp-content\/uploads\/2022\/11\/filament-2-800x800.jpeg 800w, https:\/\/huepress.vn\/wp-content\/uploads\/2022\/11\/filament-2-280x280.jpeg 280w, https:\/\/huepress.vn\/wp-content\/uploads\/2022\/11\/filament-2-768x768.jpeg 768w, https:\/\/huepress.vn\/wp-content\/uploads\/2022\/11\/filament-2-350x350.jpeg 350w, https:\/\/huepress.vn\/wp-content\/uploads\/2022\/11\/filament-2-100x100.jpeg 100w, https:\/\/huepress.vn\/wp-content\/uploads\/2022\/11\/filament-2.jpeg 1000w\" sizes=\"auto, (max-width: 400px) 100vw, 400px\" \/><\/p>\n<h4>2. T\u00f9y ch\u1ec9nh \u0111\u1ed9 s\u00e1ng<\/h4>\n<p>S\u1ea3n ph\u1ea9m \u0111\u00e8n th\u00f4ng minh myHue\u00ae Filament bluetooth mesh c\u00f3 nhi\u1ec1u ch\u1ebf \u0111\u1ed9 chi\u1ebfu s\u00e1ng v\u00e0 cho kh\u00e1ch h\u00e0ng tho\u1ea3 s\u1ee9c s\u00e1ng t\u1ea1o v\u00e0 l\u1ef1a ch\u1ecdn m\u00e0u y\u00eau th\u00edch, ph\u00f9 h\u1ee3p v\u1edbi kh\u00f4ng gian s\u1ed1ng, decor c\u1ee7a gia \u0111\u00ecnh m\u00ecnh.<\/p>\n<p><img loading=\"lazy\" decoding=\"async\" class=\"aligncenter wp-image-6438 size-medium\" src=\"https:\/\/huepress.vn\/wp-content\/uploads\/2022\/10\/3-Tu%CC%80y-chi%CC%89nh-do%CC%A3%CC%82-sa%CC%81ng-400x400.jpg\" sizes=\"auto, (max-width: 400px) 100vw, 400px\" srcset=\"https:\/\/huepress.vn\/wp-content\/uploads\/2022\/10\/3-Tu\u0300y-chi\u0309nh-do\u0323\u0302-sa\u0301ng-400x400.jpg 400w, https:\/\/huepress.vn\/wp-content\/uploads\/2022\/10\/3-Tu\u0300y-chi\u0309nh-do\u0323\u0302-sa\u0301ng-800x800.jpg 800w, https:\/\/huepress.vn\/wp-content\/uploads\/2022\/10\/3-Tu\u0300y-chi\u0309nh-do\u0323\u0302-sa\u0301ng-280x280.jpg 280w, https:\/\/huepress.vn\/wp-content\/uploads\/2022\/10\/3-Tu\u0300y-chi\u0309nh-do\u0323\u0302-sa\u0301ng-768x768.jpg 768w, https:\/\/huepress.vn\/wp-content\/uploads\/2022\/10\/3-Tu\u0300y-chi\u0309nh-do\u0323\u0302-sa\u0301ng-350x350.jpg 350w, https:\/\/huepress.vn\/wp-content\/uploads\/2022\/10\/3-Tu\u0300y-chi\u0309nh-do\u0323\u0302-sa\u0301ng-100x100.jpg 100w, https:\/\/huepress.vn\/wp-content\/uploads\/2022\/10\/3-Tu\u0300y-chi\u0309nh-do\u0323\u0302-sa\u0301ng.jpg 1200w\" alt=\"\" width=\"400\" height=\"400\" \/><\/p>\n<ul>\n<li>\u0110i\u1ec1u khi\u1ec3n theo nhi\u1ec7t \u0111\u1ed9 m\u00e0u Kelvin<\/li>\n<\/ul>\n<p>Dimming c\u00e1c m\u1ee9c c\u01b0\u1eddng \u0111\u1ed9 s\u00e1ng t\u1eeb 1 \u2013 100% v\u00e0 thay \u0111\u1ed5i nhi\u1ec7t \u0111\u1ed9 m\u00e0u t\u1eeb 2700K \u2013 6500K m\u1ed9t c\u00e1ch linh ho\u1ea1t<\/p>\n<p><img loading=\"lazy\" decoding=\"async\" class=\"size-medium wp-image-6801 aligncenter\" src=\"https:\/\/huepress.vn\/wp-content\/uploads\/2022\/11\/filament-mesh-5-400x400.jpg\" alt=\"\" width=\"400\" height=\"400\" srcset=\"https:\/\/huepress.vn\/wp-content\/uploads\/2022\/11\/filament-mesh-5-400x400.jpg 400w, https:\/\/huepress.vn\/wp-content\/uploads\/2022\/11\/filament-mesh-5-800x800.jpg 800w, https:\/\/huepress.vn\/wp-content\/uploads\/2022\/11\/filament-mesh-5-280x280.jpg 280w, https:\/\/huepress.vn\/wp-content\/uploads\/2022\/11\/filament-mesh-5-768x768.jpg 768w, https:\/\/huepress.vn\/wp-content\/uploads\/2022\/11\/filament-mesh-5-350x350.jpg 350w, https:\/\/huepress.vn\/wp-content\/uploads\/2022\/11\/filament-mesh-5-100x100.jpg 100w, https:\/\/huepress.vn\/wp-content\/uploads\/2022\/11\/filament-mesh-5.jpg 1500w\" sizes=\"auto, (max-width: 400px) 100vw, 400px\" \/><\/p>\n<p><img loading=\"lazy\" decoding=\"async\" class=\"size-medium wp-image-6809 aligncenter\" src=\"https:\/\/huepress.vn\/wp-content\/uploads\/2022\/11\/filament-15-400x400.jpg\" alt=\"\" width=\"400\" height=\"400\" srcset=\"https:\/\/huepress.vn\/wp-content\/uploads\/2022\/11\/filament-15-400x400.jpg 400w, https:\/\/huepress.vn\/wp-content\/uploads\/2022\/11\/filament-15-280x280.jpg 280w, https:\/\/huepress.vn\/wp-content\/uploads\/2022\/11\/filament-15-768x768.jpg 768w, https:\/\/huepress.vn\/wp-content\/uploads\/2022\/11\/filament-15-350x350.jpg 350w, https:\/\/huepress.vn\/wp-content\/uploads\/2022\/11\/filament-15-100x100.jpg 100w, https:\/\/huepress.vn\/wp-content\/uploads\/2022\/11\/filament-15.jpg 800w\" sizes=\"auto, (max-width: 400px) 100vw, 400px\" \/><\/p>\n<ul>\n<li>\u0110i\u1ec1u khi\u1ec3n k\u1ebft h\u1ee3p c\u00e1c \u0111\u00e8n 16 tri\u1ec7u m\u00e0u RBGW kh\u00e1c<\/li>\n<\/ul>\n<h4><img loading=\"lazy\" decoding=\"async\" class=\"size-medium wp-image-6440 aligncenter\" src=\"https:\/\/huepress.vn\/wp-content\/uploads\/2022\/10\/4-Ma%CC%80u-sa%CC%86%CC%81c-16-trie%CC%A3%CC%82u-400x400.jpg\" sizes=\"auto, (max-width: 400px) 100vw, 400px\" srcset=\"https:\/\/huepress.vn\/wp-content\/uploads\/2022\/10\/4-Ma\u0300u-sa\u0306\u0301c-16-trie\u0323\u0302u-400x400.jpg 400w, https:\/\/huepress.vn\/wp-content\/uploads\/2022\/10\/4-Ma\u0300u-sa\u0306\u0301c-16-trie\u0323\u0302u-800x800.jpg 800w, https:\/\/huepress.vn\/wp-content\/uploads\/2022\/10\/4-Ma\u0300u-sa\u0306\u0301c-16-trie\u0323\u0302u-280x280.jpg 280w, https:\/\/huepress.vn\/wp-content\/uploads\/2022\/10\/4-Ma\u0300u-sa\u0306\u0301c-16-trie\u0323\u0302u-768x768.jpg 768w, https:\/\/huepress.vn\/wp-content\/uploads\/2022\/10\/4-Ma\u0300u-sa\u0306\u0301c-16-trie\u0323\u0302u-350x350.jpg 350w, https:\/\/huepress.vn\/wp-content\/uploads\/2022\/10\/4-Ma\u0300u-sa\u0306\u0301c-16-trie\u0323\u0302u-100x100.jpg 100w, https:\/\/huepress.vn\/wp-content\/uploads\/2022\/10\/4-Ma\u0300u-sa\u0306\u0301c-16-trie\u0323\u0302u.jpg 1200w\" alt=\"\" width=\"400\" height=\"400\" \/><\/h4>\n<h4>4. \u0110i\u1ec1u khi\u1ec3n t\u1eeb xa<\/h4>\n<p>Do \u0111\u01b0\u1ee3c k\u1ebft n\u1ed1i qua Wifi IEEE 802.11b\/g\/n, 2.4GHz n\u00ean d\u00f9 b\u1ea1n kh\u00f4ng \u1edf trong ph\u1ea1m vi WiFi gia \u0111\u00ecnh th\u00ec b\u1ea1n v\u1eabn c\u00f3 th\u1ec3 \u0111i\u1ec1u khi\u1ec3n \u0111\u01b0\u1ee3c \u0111\u00e8n m\u1ed9t c\u00e1ch b\u00ecnh th\u01b0\u1eddng qua c\u00f4ng ngh\u1ec7 th\u00f4ng m\u00ecnh iOT c\u1ee7a \u0111\u00e8n th\u00f4ng minh myHue\u00ae Filament bluetooth mesh, \u0111i\u1ec1u n\u00e0y s\u1ebd gi\u00fap b\u1ea1n kh\u00f4ng b\u1ecb l\u00e3ng ph\u00ed ngu\u1ed3n \u0111i\u1ec7n khi ra ngo\u00e0i qu\u00ean kh\u00f4ng t\u1eaft \u0111\u00e8n, v\u00e0 tr\u00e1nh \u0111\u01b0\u1ee3c nhi\u1ec1u r\u1ee7i ro kh\u00e1c.<\/p>\n<p><img loading=\"lazy\" decoding=\"async\" class=\"size-medium wp-image-6356 aligncenter\" src=\"https:\/\/huepress.vn\/wp-content\/uploads\/2021\/06\/mo-ta-san-pham-myhue7-400x400.jpg\" sizes=\"auto, (max-width: 400px) 100vw, 400px\" srcset=\"https:\/\/huepress.vn\/wp-content\/uploads\/2021\/06\/mo-ta-san-pham-myhue7-400x400.jpg 400w, https:\/\/huepress.vn\/wp-content\/uploads\/2021\/06\/mo-ta-san-pham-myhue7-800x800.jpg 800w, https:\/\/huepress.vn\/wp-content\/uploads\/2021\/06\/mo-ta-san-pham-myhue7-280x280.jpg 280w, https:\/\/huepress.vn\/wp-content\/uploads\/2021\/06\/mo-ta-san-pham-myhue7-768x768.jpg 768w, https:\/\/huepress.vn\/wp-content\/uploads\/2021\/06\/mo-ta-san-pham-myhue7-350x350.jpg 350w, https:\/\/huepress.vn\/wp-content\/uploads\/2021\/06\/mo-ta-san-pham-myhue7-100x100.jpg 100w, https:\/\/huepress.vn\/wp-content\/uploads\/2021\/06\/mo-ta-san-pham-myhue7.jpg 900w\" alt=\"\" width=\"400\" height=\"400\" \/><\/p>\n<h4>5. Chi\u1ebfu s\u00e1ng theo c\u1ea3m x\u00fac<\/h4>\n<p><img loading=\"lazy\" decoding=\"async\" class=\"size-medium wp-image-6815 aligncenter\" src=\"https:\/\/huepress.vn\/wp-content\/uploads\/2022\/11\/filament-471x400.jpg\" alt=\"\" width=\"471\" height=\"400\" srcset=\"https:\/\/huepress.vn\/wp-content\/uploads\/2022\/11\/filament-471x400.jpg 471w, https:\/\/huepress.vn\/wp-content\/uploads\/2022\/11\/filament-941x800.jpg 941w, https:\/\/huepress.vn\/wp-content\/uploads\/2022\/11\/filament-768x653.jpg 768w, https:\/\/huepress.vn\/wp-content\/uploads\/2022\/11\/filament-350x298.jpg 350w, https:\/\/huepress.vn\/wp-content\/uploads\/2022\/11\/filament.jpg 1500w\" sizes=\"auto, (max-width: 471px) 100vw, 471px\" \/><\/p>\n<p>B\u1ea1n ho\u00e0n to\u00e0n c\u00f3 th\u1ec3 \u0111i\u1ec1u ch\u1ec9nh \u0111\u00e8n theo t\u1eadm tr\u1ea1ng c\u1ee7a m\u00ecnh.<\/p>\n<p><img loading=\"lazy\" decoding=\"async\" class=\"size-medium wp-image-6797 aligncenter\" src=\"https:\/\/huepress.vn\/wp-content\/uploads\/2022\/11\/filament-mesh-3-400x400.png\" alt=\"\" width=\"400\" height=\"400\" srcset=\"https:\/\/huepress.vn\/wp-content\/uploads\/2022\/11\/filament-mesh-3-400x400.png 400w, https:\/\/huepress.vn\/wp-content\/uploads\/2022\/11\/filament-mesh-3-800x800.png 800w, https:\/\/huepress.vn\/wp-content\/uploads\/2022\/11\/filament-mesh-3-280x280.png 280w, https:\/\/huepress.vn\/wp-content\/uploads\/2022\/11\/filament-mesh-3-768x768.png 768w, https:\/\/huepress.vn\/wp-content\/uploads\/2022\/11\/filament-mesh-3-350x350.png 350w, https:\/\/huepress.vn\/wp-content\/uploads\/2022\/11\/filament-mesh-3-100x100.png 100w, https:\/\/huepress.vn\/wp-content\/uploads\/2022\/11\/filament-mesh-3.png 1200w\" sizes=\"auto, (max-width: 400px) 100vw, 400px\" \/><\/p>\n<h4>7. C\u00e0i \u0111\u1eb7t nh\u00f3m v\u00e0 v\u1ecb tr\u00ed<\/h4>\n<p>B\u1ea1n ho\u00e0n to\u00e0n c\u00f3 th\u1ec3 \u0111i\u1ec1u khi\u1ec3n kh\u00f4ng gi\u1edbi h\u1ea1n c\u00e1c thi\u1ebft b\u1ecb trong h\u1ec7 sinh th\u00e1i Huepress, \u0111i\u1ec1u khi\u1ec3n theo nh\u00f3m, theo v\u1ecb tr\u1ecb (nh\u00e0, c\u01a1 quan)<\/p>\n<h4><img loading=\"lazy\" decoding=\"async\" class=\"aligncenter wp-image-6442 size-medium\" src=\"https:\/\/huepress.vn\/wp-content\/uploads\/2022\/10\/5-Ca%CC%80i-da%CC%A3%CC%86t-nho%CC%81m-va%CC%80-vi%CC%A3-tri%CC%81-400x400.jpg\" sizes=\"auto, (max-width: 400px) 100vw, 400px\" srcset=\"https:\/\/huepress.vn\/wp-content\/uploads\/2022\/10\/5-Ca\u0300i-da\u0323\u0306t-nho\u0301m-va\u0300-vi\u0323-tri\u0301-400x400.jpg 400w, https:\/\/huepress.vn\/wp-content\/uploads\/2022\/10\/5-Ca\u0300i-da\u0323\u0306t-nho\u0301m-va\u0300-vi\u0323-tri\u0301-800x800.jpg 800w, https:\/\/huepress.vn\/wp-content\/uploads\/2022\/10\/5-Ca\u0300i-da\u0323\u0306t-nho\u0301m-va\u0300-vi\u0323-tri\u0301-280x280.jpg 280w, https:\/\/huepress.vn\/wp-content\/uploads\/2022\/10\/5-Ca\u0300i-da\u0323\u0306t-nho\u0301m-va\u0300-vi\u0323-tri\u0301-768x768.jpg 768w, https:\/\/huepress.vn\/wp-content\/uploads\/2022\/10\/5-Ca\u0300i-da\u0323\u0306t-nho\u0301m-va\u0300-vi\u0323-tri\u0301-350x350.jpg 350w, https:\/\/huepress.vn\/wp-content\/uploads\/2022\/10\/5-Ca\u0300i-da\u0323\u0306t-nho\u0301m-va\u0300-vi\u0323-tri\u0301-100x100.jpg 100w, https:\/\/huepress.vn\/wp-content\/uploads\/2022\/10\/5-Ca\u0300i-da\u0323\u0306t-nho\u0301m-va\u0300-vi\u0323-tri\u0301.jpg 1200w\" alt=\"\" width=\"400\" height=\"400\" \/><\/h4>\n<h4>8. Chi\u1ebfu s\u00e1ng theo l\u1ecbch tr\u00ecnh<\/h4>\n<p>B\u1ea1n c\u00f3 th\u1ec3 c\u00e0i \u0111\u1eb7t c\u00e1c k\u1ecbch b\u1ea3n cho t\u1eebng kh\u00f4ng gian trong ng\u00f4i nh\u00e0 c\u1ee7a m\u00ecnh. Vi\u1ec7c n\u00e0y gi\u00fap b\u1ea1n ti\u1ebft ki\u1ec7m \u0111\u00e1ng k\u1ec3 th\u1eddi gian thay v\u00ec ph\u1ea3i ch\u1ecdn t\u1eebng m\u1ee9c c\u01b0\u1eddng \u0111\u1ed9 s\u00e1ng v\u00e0 nhi\u1ec7t \u0111\u1ed9 m\u00e0u. V\u1edbi t\u00ednh n\u0103ng n\u00e0y b\u1ea1n ch\u1ec9 c\u1ea7n 1 l\u1ea7n ch\u1ea1m l\u00e0 c\u00f3 th\u1ec3 ch\u1ec9nh \u0111\u01b0\u1ee3c c\u1ea3 kh\u00f4ng gian ph\u00f2ng theo k\u1ecbch b\u1ea3n \u0111\u00e3 l\u00ean s\u1eb5n t\u1eeb tr\u01b0\u1edbc<\/p>\n<h4><img loading=\"lazy\" decoding=\"async\" class=\"aligncenter wp-image-6446 size-medium\" src=\"https:\/\/huepress.vn\/wp-content\/uploads\/2022\/10\/7-Chie%CC%82%CC%81u-sa%CC%81ng-theo-li%CC%A3ch-tri%CC%80nh-400x400.jpg\" sizes=\"auto, (max-width: 400px) 100vw, 400px\" srcset=\"https:\/\/huepress.vn\/wp-content\/uploads\/2022\/10\/7-Chie\u0302\u0301u-sa\u0301ng-theo-li\u0323ch-tri\u0300nh-400x400.jpg 400w, https:\/\/huepress.vn\/wp-content\/uploads\/2022\/10\/7-Chie\u0302\u0301u-sa\u0301ng-theo-li\u0323ch-tri\u0300nh-800x800.jpg 800w, https:\/\/huepress.vn\/wp-content\/uploads\/2022\/10\/7-Chie\u0302\u0301u-sa\u0301ng-theo-li\u0323ch-tri\u0300nh-280x280.jpg 280w, https:\/\/huepress.vn\/wp-content\/uploads\/2022\/10\/7-Chie\u0302\u0301u-sa\u0301ng-theo-li\u0323ch-tri\u0300nh-768x768.jpg 768w, https:\/\/huepress.vn\/wp-content\/uploads\/2022\/10\/7-Chie\u0302\u0301u-sa\u0301ng-theo-li\u0323ch-tri\u0300nh-350x350.jpg 350w, https:\/\/huepress.vn\/wp-content\/uploads\/2022\/10\/7-Chie\u0302\u0301u-sa\u0301ng-theo-li\u0323ch-tri\u0300nh-100x100.jpg 100w, https:\/\/huepress.vn\/wp-content\/uploads\/2022\/10\/7-Chie\u0302\u0301u-sa\u0301ng-theo-li\u0323ch-tri\u0300nh.jpg 1200w\" alt=\"\" width=\"400\" height=\"400\" \/><\/h4>\n<h4>9. Chi\u1ebfu s\u00e1ng b\u00e1o th\u1ee9c<\/h4>\n<p><img loading=\"lazy\" decoding=\"async\" class=\"size-medium wp-image-6352 aligncenter\" src=\"https:\/\/huepress.vn\/wp-content\/uploads\/2021\/06\/mo-ta-san-pham-myhue5-400x400.jpg\" sizes=\"auto, (max-width: 400px) 100vw, 400px\" srcset=\"https:\/\/huepress.vn\/wp-content\/uploads\/2021\/06\/mo-ta-san-pham-myhue5-400x400.jpg 400w, https:\/\/huepress.vn\/wp-content\/uploads\/2021\/06\/mo-ta-san-pham-myhue5-800x800.jpg 800w, https:\/\/huepress.vn\/wp-content\/uploads\/2021\/06\/mo-ta-san-pham-myhue5-280x280.jpg 280w, https:\/\/huepress.vn\/wp-content\/uploads\/2021\/06\/mo-ta-san-pham-myhue5-768x768.jpg 768w, https:\/\/huepress.vn\/wp-content\/uploads\/2021\/06\/mo-ta-san-pham-myhue5-350x350.jpg 350w, https:\/\/huepress.vn\/wp-content\/uploads\/2021\/06\/mo-ta-san-pham-myhue5-100x100.jpg 100w, https:\/\/huepress.vn\/wp-content\/uploads\/2021\/06\/mo-ta-san-pham-myhue5.jpg 900w\" alt=\"\" width=\"400\" height=\"400\" \/><\/p>\n<p>Thay v\u00ec \u0111\u1eb7t chu\u00f4ng b\u00e1o th\u1ee9c b\u1eb1ng chu\u00f4ng, b\u1ea1n ho\u00e0n to\u00e0n c\u00f3 th\u00ea\u0309 h\u1eb9n gi\u1edd b\u00e2\u0323t \u0111\u00e8n \u0111\u00ea\u0309 b\u00e1o th\u1ee9c cho b\u00e9 con b\u1eb1ng \u00e1nh s\u00e1ng, gi\u00fap b\u00e9 tho\u1ea3i m\u00e1i h\u01a1n, kh\u00f4ng b\u1ecb gi\u00e2\u0323t m\u00ecnh v\u00e0o m\u00f4\u0303i s\u00e1ng.<\/p>\n<p><img loading=\"lazy\" decoding=\"async\" class=\"aligncenter wp-image-3056 size-medium\" src=\"https:\/\/huepress.vn\/wp-content\/uploads\/2022\/04\/sunset-400x400.png\" sizes=\"auto, (max-width: 400px) 100vw, 400px\" srcset=\"https:\/\/huepress.vn\/wp-content\/uploads\/2022\/04\/sunset-400x400.png 400w, https:\/\/huepress.vn\/wp-content\/uploads\/2022\/04\/sunset-350x350.png 350w, https:\/\/huepress.vn\/wp-content\/uploads\/2022\/04\/sunset-100x100.png 100w, https:\/\/huepress.vn\/wp-content\/uploads\/2022\/04\/sunset-280x280.png 280w, https:\/\/huepress.vn\/wp-content\/uploads\/2022\/04\/sunset-768x768.png 768w, https:\/\/huepress.vn\/wp-content\/uploads\/2022\/04\/sunset-150x150.png 150w, https:\/\/huepress.vn\/wp-content\/uploads\/2022\/04\/sunset.png 800w\" alt=\"\" width=\"400\" height=\"400\" \/><\/p>\n<h4>10. Dance theo nh\u1ea1c<\/h4>\n<p><img loading=\"lazy\" decoding=\"async\" class=\"size-medium wp-image-6348 aligncenter\" src=\"https:\/\/huepress.vn\/wp-content\/uploads\/2021\/06\/mo-ta-san-pham-myhue3-400x400.jpg\" sizes=\"auto, (max-width: 400px) 100vw, 400px\" srcset=\"https:\/\/huepress.vn\/wp-content\/uploads\/2021\/06\/mo-ta-san-pham-myhue3-400x400.jpg 400w, https:\/\/huepress.vn\/wp-content\/uploads\/2021\/06\/mo-ta-san-pham-myhue3-800x800.jpg 800w, https:\/\/huepress.vn\/wp-content\/uploads\/2021\/06\/mo-ta-san-pham-myhue3-280x280.jpg 280w, https:\/\/huepress.vn\/wp-content\/uploads\/2021\/06\/mo-ta-san-pham-myhue3-768x768.jpg 768w, https:\/\/huepress.vn\/wp-content\/uploads\/2021\/06\/mo-ta-san-pham-myhue3-350x350.jpg 350w, https:\/\/huepress.vn\/wp-content\/uploads\/2021\/06\/mo-ta-san-pham-myhue3-100x100.jpg 100w, https:\/\/huepress.vn\/wp-content\/uploads\/2021\/06\/mo-ta-san-pham-myhue3.jpg 900w\" alt=\"\" width=\"400\" height=\"400\" \/><\/p>\n<p>T\u00ednh n\u0103ng si\u00eau vi\u1ec7t h\u01a1n so v\u1edbi c\u00e1c d\u00f2ng \u0111\u00e8n th\u00f4ng minh tr\u00ean th\u1ecb tr\u01b0\u1eddng<\/p>\n<p><img loading=\"lazy\" decoding=\"async\" class=\"size-medium wp-image-6805 aligncenter\" src=\"https:\/\/huepress.vn\/wp-content\/uploads\/2022\/11\/filament-3-594x400.jpeg\" alt=\"\" width=\"594\" height=\"400\" srcset=\"https:\/\/huepress.vn\/wp-content\/uploads\/2022\/11\/filament-3-594x400.jpeg 594w, https:\/\/huepress.vn\/wp-content\/uploads\/2022\/11\/filament-3-768x517.jpeg 768w, https:\/\/huepress.vn\/wp-content\/uploads\/2022\/11\/filament-3-350x236.jpeg 350w, https:\/\/huepress.vn\/wp-content\/uploads\/2022\/11\/filament-3.jpeg 1000w\" sizes=\"auto, (max-width: 594px) 100vw, 594px\" \/><\/p>\n<\/div>\n<\/div>\n<\/div>\n<\/div>\n<\/div>\n<\/div>\n<\/div>\n<\/div>\n<div class=\"video video-fit mb\" style=\"padding-top:56.25%;\"><p><iframe loading=\"lazy\" title=\"B\u00f3ng \u0111\u00e8n led d\u00e2y t\u00f3c Bluetooth Mesh Filament Bulb ST64 E27 4W 2700K-6500K Edison vintage\" width=\"1020\" height=\"574\" src=\"https:\/\/www.youtube.com\/embed\/C-8lGecXvUU?feature=oembed\" frameborder=\"0\" allow=\"accelerometer; autoplay; clipboard-write; encrypted-media; gyroscope; picture-in-picture\" allowfullscreen><\/iframe><\/p>\n<\/div>\n<div class=\"video video-fit mb\" style=\"padding-top:56.25%;\"><p><iframe loading=\"lazy\" title=\"Hu\u031bo\u031b\u0301ng da\u0302\u0303n the\u0302m \u0111e\u0300n v\u00e0 \u0111ie\u0302\u0300u khie\u0302\u0309n Filament Ble Mesh khi l\u1eafp \u1edf ch\u00f9m \u0111\u00e8n decor trang tr\u00ed\" width=\"1020\" height=\"574\" src=\"https:\/\/www.youtube.com\/embed\/rAJF_2pjdV4?feature=oembed\" frameborder=\"0\" allow=\"accelerometer; autoplay; clipboard-write; encrypted-media; gyroscope; picture-in-picture\" allowfullscreen><\/iframe><\/p>\n<\/div>\n<div class=\"video video-fit mb\" style=\"padding-top:56.25%;\"><p><iframe loading=\"lazy\" title=\"\u0110i\u1ec1u khi\u1ec3n \u0111\u00e8n led th\u00f4ng minh myHue L1 th\u00f4ng qua tr\u1ee3 l\u00fd \u1ea3o Google Assistant\" width=\"1020\" height=\"574\" src=\"https:\/\/www.youtube.com\/embed\/VUJNWrc2qQs?feature=oembed\" frameborder=\"0\" allow=\"accelerometer; autoplay; clipboard-write; encrypted-media; gyroscope; picture-in-picture\" allowfullscreen><\/iframe><\/p>\n<\/div>\n","protected":false},"excerpt":{"rendered":"<p>WiFi direct kh\u00f4ng c\u1ea7n b\u1ed9 chuy\u1ec3n Hub S\u1ea3n ph\u1ea9m \u0111\u00e8n th\u00f4ng minh myHue\u00ae Filament c\u1ee7a ch\u00fang t\u00f4i, k\u1ebft n\u1ed1i bluetooth mesh, C\u00e1c \u0111\u00e8n s\u1ebd \u0111\u01b0\u1ee3c \u0111i\u1ec1u khi\u1ec3n t\u1ef1 \u0111\u1ed9ng 100% qua App myHue\u00ae. 2. T\u00f9y ch\u1ec9nh \u0111\u1ed9 s\u00e1ng S\u1ea3n ph\u1ea9m \u0111\u00e8n th\u00f4ng minh myHue\u00ae Filament bluetooth mesh c\u00f3 nhi\u1ec1u ch\u1ebf \u0111\u1ed9 chi\u1ebfu s\u00e1ng v\u00e0 cho<\/p>\n","protected":false},"featured_media":6791,"comment_status":"open","ping_status":"closed","template":"","meta":{"_acf_changed":false,"inline_featured_image":false},"product_brand":[],"product_cat":[542,369,371,17,265,173,18],"product_tag":[],"class_list":{"0":"post-6862","1":"product","2":"type-product","3":"status-publish","4":"has-post-thumbnail","6":"product_cat-den-roi-wifi-ble","7":"product_cat-den-thong-minh","8":"product_cat-den-ble-mesh","9":"product_cat-led-hot","10":"product_cat-myhuel1","11":"product_cat-indoor-chieu-sang-khoa-hoc","12":"product_cat-led-strip","14":"first","15":"instock","16":"featured","17":"shipping-taxable","18":"purchasable","19":"product-type-simple"},"acf":[],"_links":{"self":[{"href":"https:\/\/huepress.vn\/en\/wp-json\/wp\/v2\/product\/6862","targetHints":{"allow":["GET"]}}],"collection":[{"href":"https:\/\/huepress.vn\/en\/wp-json\/wp\/v2\/product"}],"about":[{"href":"https:\/\/huepress.vn\/en\/wp-json\/wp\/v2\/types\/product"}],"replies":[{"embeddable":true,"href":"https:\/\/huepress.vn\/en\/wp-json\/wp\/v2\/comments?post=6862"}],"wp:featuredmedia":[{"embeddable":true,"href":"https:\/\/huepress.vn\/en\/wp-json\/wp\/v2\/media\/6791"}],"wp:attachment":[{"href":"https:\/\/huepress.vn\/en\/wp-json\/wp\/v2\/media?parent=6862"}],"wp:term":[{"taxonomy":"product_brand","embeddable":true,"href":"https:\/\/huepress.vn\/en\/wp-json\/wp\/v2\/product_brand?post=6862"},{"taxonomy":"product_cat","embeddable":true,"href":"https:\/\/huepress.vn\/en\/wp-json\/wp\/v2\/product_cat?post=6862"},{"taxonomy":"product_tag","embeddable":true,"href":"https:\/\/huepress.vn\/en\/wp-json\/wp\/v2\/product_tag?post=6862"}],"curies":[{"name":"wp","href":"https:\/\/api.w.org\/{rel}","templated":true}]}}