{"id":6182,"date":"2022-10-06T10:42:26","date_gmt":"2022-10-06T03:42:26","guid":{"rendered":"https:\/\/huepress.vn\/?post_type=product&#038;p=6182"},"modified":"2024-04-01T23:32:07","modified_gmt":"2024-04-01T16:32:07","slug":"led-day-myhue-strip-l1-rgbcw","status":"publish","type":"product","link":"https:\/\/huepress.vn\/en\/product\/led-day-myhue-strip-l1-rgbcw\/","title":{"rendered":"Cu\u1ed9n 5m led myHue\u00ae RGBW 5050 60 pcs\/m (kh\u00f4ng k\u00e8m \u0111i\u1ec1u khi\u1ec3n)"},"content":{"rendered":"<div id=\"row-178136065\" class=\"row row-collapse\">\n<div id=\"col-1652197718\" class=\"col small-12 large-12\">\n<div class=\"col-inner box-shadow-1\">\n<div class=\"product-page-sections\">\n<div class=\"product-section\">\n<div class=\"row\">\n<div class=\"large-10 col pb-0 mb-0\">\n<div class=\"panel entry-content\">\n<h3>WiFi direct kh\u00f4ng c\u1ea7n b\u1ed9 chuy\u1ec3n Hub<\/h3>\n<p>S\u1ea3n ph\u1ea9m \u0111\u00e8n th\u00f4ng minh\u00a0myHue\u00ae Bulb c\u1ee7a ch\u00fang t\u00f4i, k\u1ebft n\u1ed1i tr\u1ef1c ti\u1ebfp v\u1edbi Wifi IEEE 802.11b\/g\/n, 2.4GHz\u00a0 c\u00e1 nh\u00e2n c\u1ee7a gia \u0111\u00ecnh v\u00e0 kh\u00f4ng c\u1ea7n b\u1ea5t k\u00ec m\u1ed9t chuy\u1ec3n hay b\u1ed9 k\u1ebft n\u1ed1i c\u0169ng nh\u01b0 \u0111i\u1ec1u khi\u1ec3n\u00a0 trung gian n\u00e0o. \u0110\u00e8n s\u1ebd \u0111\u01b0\u1ee3c \u0111i\u1ec1u khi\u1ec3n t\u1ef1 \u0111\u1ed9ng 100% qua App myHue\u00ae.<\/p>\n<p><img loading=\"lazy\" decoding=\"async\" class=\"size-medium wp-image-6421 aligncenter\" src=\"https:\/\/huepress.vn\/wp-content\/uploads\/2022\/10\/2Custom-400x400.jpg\" alt=\"\" width=\"400\" height=\"400\" srcset=\"https:\/\/huepress.vn\/wp-content\/uploads\/2022\/10\/2Custom-400x400.jpg 400w, https:\/\/huepress.vn\/wp-content\/uploads\/2022\/10\/2Custom-800x800.jpg 800w, https:\/\/huepress.vn\/wp-content\/uploads\/2022\/10\/2Custom-280x280.jpg 280w, https:\/\/huepress.vn\/wp-content\/uploads\/2022\/10\/2Custom-768x768.jpg 768w, https:\/\/huepress.vn\/wp-content\/uploads\/2022\/10\/2Custom-350x350.jpg 350w, https:\/\/huepress.vn\/wp-content\/uploads\/2022\/10\/2Custom-100x100.jpg 100w, https:\/\/huepress.vn\/wp-content\/uploads\/2022\/10\/2Custom.jpg 1024w\" sizes=\"auto, (max-width: 400px) 100vw, 400px\" \/><\/p>\n<p>\u00a0<\/p>\n<\/div>\n<\/div>\n<\/div>\n<\/div>\n<\/div>\n<\/div>\n<\/div>\n<\/div>\n<div class=\"video video-fit mb\" style=\"padding-top:56.25%;\"><p><iframe loading=\"lazy\" title=\"[UNBOX] \u0110\u00e8n led d\u00e2y myHue Strip L1\" width=\"1020\" height=\"574\" src=\"https:\/\/www.youtube.com\/embed\/GY51WHEkXmY?feature=oembed\" frameborder=\"0\" allow=\"accelerometer; autoplay; clipboard-write; encrypted-media; gyroscope; picture-in-picture\" allowfullscreen><\/iframe><\/p>\n<\/div>\n<div class=\"video video-fit mb\" style=\"padding-top:56.25%;\"><p><iframe loading=\"lazy\" title=\"Trang tr\u00ed Tivi trong 5 ph\u00fat nhanh ch\u00f3ng th\u1ec3 hi\u1ec7n \u0111\u1ec9nh cao c\u00f4ng ngh\u1ec7 Smart led\" width=\"1020\" height=\"574\" src=\"https:\/\/www.youtube.com\/embed\/8h43iVuvLNA?feature=oembed\" frameborder=\"0\" allow=\"accelerometer; autoplay; clipboard-write; encrypted-media; gyroscope; picture-in-picture\" allowfullscreen><\/iframe><\/p>\n<\/div>\n","protected":false},"excerpt":{"rendered":"<p>WiFi direct kh\u00f4ng c\u1ea7n b\u1ed9 chuy\u1ec3n Hub S\u1ea3n ph\u1ea9m \u0111\u00e8n th\u00f4ng minh\u00a0myHue\u00ae Bulb c\u1ee7a ch\u00fang t\u00f4i, k\u1ebft n\u1ed1i tr\u1ef1c ti\u1ebfp v\u1edbi Wifi IEEE 802.11b\/g\/n, 2.4GHz\u00a0 c\u00e1 nh\u00e2n c\u1ee7a gia \u0111\u00ecnh v\u00e0 kh\u00f4ng c\u1ea7n b\u1ea5t k\u00ec m\u1ed9t chuy\u1ec3n hay b\u1ed9 k\u1ebft n\u1ed1i c\u0169ng nh\u01b0 \u0111i\u1ec1u khi\u1ec3n\u00a0 trung gian n\u00e0o. \u0110\u00e8n s\u1ebd \u0111\u01b0\u1ee3c \u0111i\u1ec1u khi\u1ec3n t\u1ef1 \u0111\u1ed9ng<\/p>\n","protected":false},"featured_media":6185,"comment_status":"open","ping_status":"closed","template":"","meta":{"_acf_changed":false,"inline_featured_image":false},"product_brand":[],"product_cat":[17,369,18,374,265,173],"product_tag":[540,261],"class_list":{"0":"post-6182","1":"product","2":"type-product","3":"status-publish","4":"has-post-thumbnail","6":"product_cat-led-hot","7":"product_cat-den-thong-minh","8":"product_cat-led-strip","9":"product_cat-led-strip-2","10":"product_cat-myhuel1","11":"product_cat-indoor-chieu-sang-khoa-hoc","12":"product_tag-led-strip","13":"product_tag-rgbw","15":"first","16":"instock","17":"shipping-taxable","18":"purchasable","19":"product-type-simple"},"acf":[],"_links":{"self":[{"href":"https:\/\/huepress.vn\/en\/wp-json\/wp\/v2\/product\/6182","targetHints":{"allow":["GET"]}}],"collection":[{"href":"https:\/\/huepress.vn\/en\/wp-json\/wp\/v2\/product"}],"about":[{"href":"https:\/\/huepress.vn\/en\/wp-json\/wp\/v2\/types\/product"}],"replies":[{"embeddable":true,"href":"https:\/\/huepress.vn\/en\/wp-json\/wp\/v2\/comments?post=6182"}],"wp:featuredmedia":[{"embeddable":true,"href":"https:\/\/huepress.vn\/en\/wp-json\/wp\/v2\/media\/6185"}],"wp:attachment":[{"href":"https:\/\/huepress.vn\/en\/wp-json\/wp\/v2\/media?parent=6182"}],"wp:term":[{"taxonomy":"product_brand","embeddable":true,"href":"https:\/\/huepress.vn\/en\/wp-json\/wp\/v2\/product_brand?post=6182"},{"taxonomy":"product_cat","embeddable":true,"href":"https:\/\/huepress.vn\/en\/wp-json\/wp\/v2\/product_cat?post=6182"},{"taxonomy":"product_tag","embeddable":true,"href":"https:\/\/huepress.vn\/en\/wp-json\/wp\/v2\/product_tag?post=6182"}],"curies":[{"name":"wp","href":"https:\/\/api.w.org\/{rel}","templated":true}]}}