{"id":3271,"date":"2022-04-13T13:25:56","date_gmt":"2022-04-13T06:25:56","guid":{"rendered":"https:\/\/huepress.vn\/?post_type=product&#038;p=3271"},"modified":"2022-12-23T14:45:29","modified_gmt":"2022-12-23T07:45:29","slug":"den-led-thong-minh-myhue-spotlight-outdoor","status":"publish","type":"product","link":"https:\/\/huepress.vn\/en\/product\/den-led-thong-minh-myhue-spotlight-outdoor\/","title":{"rendered":"\u0110\u00e8n led th\u00f4ng minh myHue\u00ae spotlight outdoor \u0111\u00e8n v\u01b0\u1eddn"},"content":{"rendered":"<h2><i><span style=\"font-weight: 400;\">T\u00ean s\u1ea3n ph\u1ea9m: \u0110\u00e8n led <\/span><\/i><i><span style=\"font-weight: 400;\">myHue\u00ae<\/span><\/i><i><span style=\"font-weight: 400;\"> Spotlight ngo\u00e0i tr\u1eddi\u00a0<\/span><\/i><\/h2>\n<h3><span style=\"font-weight: 400;\">Model: Spotlight L1<\/span><\/h3>\n<p style=\"text-align: center;\"><img loading=\"lazy\" decoding=\"async\" class=\"alignnone wp-image-3281 size-medium\" src=\"https:\/\/huepress.vn\/wp-content\/uploads\/2022\/04\/KAOTLTSMS3A_2-1-600x400.webp\" alt=\"\" width=\"600\" height=\"400\" srcset=\"https:\/\/huepress.vn\/wp-content\/uploads\/2022\/04\/KAOTLTSMS3A_2-1-600x400.webp 600w, https:\/\/huepress.vn\/wp-content\/uploads\/2022\/04\/KAOTLTSMS3A_2-1-350x233.webp 350w, https:\/\/huepress.vn\/wp-content\/uploads\/2022\/04\/KAOTLTSMS3A_2-1-150x100.webp 150w, https:\/\/huepress.vn\/wp-content\/uploads\/2022\/04\/KAOTLTSMS3A_2-1.webp 753w\" sizes=\"auto, (max-width: 600px) 100vw, 600px\" \/><\/p>\n<h4><span style=\"font-weight: 400;\">S\u1ea3n ph\u1ea9m \u0111\u00e8n tr\u1ea7n cao c\u1ea5p th\u00f4ng minh <\/span><span style=\"font-weight: 400;\">myHue\u00ae Ceiling l\u00e0 s\u1ea3n ph\u1ea9m n\u1eb1m trong d\u00f2ng s\u1ea3n ph\u1ea9m \u0111\u1ea7u ti\u00ean myHue L1 c\u1ee7a C\u00f4ng ty CP \u00e1nh s\u00e1ng s\u1ed1 Huepress.<\/span><\/h4>\n<p><span style=\"font-weight: 400;\">S\u1ea3n ph\u1ea9m l\u00e0 th\u00e0nh qu\u1ea3 c\u1ee7a qu\u00e1 tr\u00ecnh x\u1ea5p x\u1ec9 10 n\u0103m kinh nghi\u1ec7m R&amp;D qu\u1ed1c t\u1ebf v\u1ec1 c\u00f4ng ngh\u1ec7 IoT, LiFi s\u1ed1 h\u00f3a \u00e1nh s\u00e1ng, AI, v\u00e0 big data, HuePress cung c\u1ea5p c\u00e1c gi\u1ea3i ph\u00e1p \u0111\u00e8n th\u00f4ng minh \u0111\u00fang ngh\u0129a \u201c<\/span><b>science of lighting<\/b><span style=\"font-weight: 400;\">\u201d<\/span><\/p>\n<h2 style=\"text-align: center;\"><img loading=\"lazy\" decoding=\"async\" class=\"alignnone wp-image-3272 size-medium\" src=\"https:\/\/huepress.vn\/wp-content\/uploads\/2022\/04\/6402002cv12d-400x400.jpg\" alt=\"\" width=\"400\" height=\"400\" srcset=\"https:\/\/huepress.vn\/wp-content\/uploads\/2022\/04\/6402002cv12d-400x400.jpg 400w, https:\/\/huepress.vn\/wp-content\/uploads\/2022\/04\/6402002cv12d-scaled-350x350.jpg 350w, https:\/\/huepress.vn\/wp-content\/uploads\/2022\/04\/6402002cv12d-scaled-100x100.jpg 100w, https:\/\/huepress.vn\/wp-content\/uploads\/2022\/04\/6402002cv12d-800x800.jpg 800w, https:\/\/huepress.vn\/wp-content\/uploads\/2022\/04\/6402002cv12d-280x280.jpg 280w, https:\/\/huepress.vn\/wp-content\/uploads\/2022\/04\/6402002cv12d-768x768.jpg 768w, https:\/\/huepress.vn\/wp-content\/uploads\/2022\/04\/6402002cv12d-1536x1536.jpg 1536w, https:\/\/huepress.vn\/wp-content\/uploads\/2022\/04\/6402002cv12d-2048x2048.jpg 2048w, https:\/\/huepress.vn\/wp-content\/uploads\/2022\/04\/6402002cv12d-scaled-150x150.jpg 150w\" sizes=\"auto, (max-width: 400px) 100vw, 400px\" \/><\/h2>\n<h4><i><span style=\"font-weight: 400;\">T\u00ednh n\u0103ng c\u1ee7a \u0111\u00e8n th\u00f4ng minh myHue\u00ae GU10 Spotlight L1<\/span><\/i><span style=\"font-weight: 400;\">\u00a0<\/span><i><span style=\"font-weight: 400;\">:<\/span><\/i><\/h4>\n<ol>\n<li style=\"list-style-type: none;\">\n<ol>\n<li style=\"font-weight: 400;\"><span style=\"font-weight: 400;\">WiFi direct kh\u00f4ng c\u1ea7n b\u1ed9 chuy\u1ec3n Hub<\/span><\/li>\n<li style=\"font-weight: 400;\"><span style=\"font-weight: 400;\">T\u00f9y ch\u1ec9nh \u0111\u1ed9 s\u00e1ng<\/span><\/li>\n<li style=\"font-weight: 400;\"><span style=\"font-weight: 400;\">\u0110i\u1ec1u khi\u1ec3n ngay c\u1ea3 khi m\u1ea5t m\u1ea1ng<\/span><\/li>\n<li style=\"font-weight: 400;\"><span style=\"font-weight: 400;\">\u0110i\u1ec1u khi\u1ec3n t\u1eeb xa<\/span><\/li>\n<li style=\"font-weight: 400;\"><span style=\"font-weight: 400;\">Chi\u1ebfu s\u00e1ng theo c\u1ea3m x\u00fac\u00a0<\/span><\/li>\n<li style=\"font-weight: 400;\"><span style=\"font-weight: 400;\">\u0110i\u1ec1u khi\u1ec3n gi\u1ecdng n\u00f3i ti\u1ebfng Anh\/Vi\u1ec7t<\/span><\/li>\n<li style=\"font-weight: 400;\"><span style=\"font-weight: 400;\">C\u00e0i \u0111\u1eb7t nh\u00f3m v\u00e0 v\u1ecb tr\u00ed<\/span><\/li>\n<li style=\"font-weight: 400;\"><span style=\"font-weight: 400;\">Chi\u1ebfu s\u00e1ng theo l\u1ecbch tr\u00ecnh<\/span><\/li>\n<li style=\"font-weight: 400;\"><span style=\"font-weight: 400;\">Chi\u1ebfu s\u00e1ng b\u00e1o th\u1ee9c<\/span><\/li>\n<li style=\"font-weight: 400;\"><span style=\"font-weight: 400;\">Dance theo nh\u1ea1c<\/span><\/li>\n<\/ol>\n<\/li>\n<\/ol>\n<p style=\"padding-left: 80px;\"><span style=\"font-weight: 400;\">1.WiFi direct kh\u00f4ng c\u1ea7n b\u1ed9 chuy\u1ec3n Hub<\/span><\/p>\n<p><span style=\"font-weight: 400;\">S\u1ea3n ph\u1ea9m \u0111\u00e8n th\u00f4ng minh <\/span><span style=\"font-weight: 400;\">myHue\u00ae <\/span><i><span style=\"font-weight: 400;\">Spotlight <\/span><\/i><span style=\"font-weight: 400;\">c\u1ee7a ch\u00fang t\u00f4i, k\u1ebft n\u1ed1i tr\u1ef1c ti\u1ebfp v\u1edbi Wifi IEEE 802.11b\/g\/n, 2.4GHz\u00a0 c\u00e1 nh\u00e2n c\u1ee7a gia \u0111\u00ecnh v\u00e0 kh\u00f4ng c\u1ea7n b\u1ea5t k\u00ec m\u1ed9t chuy\u1ec3n hay b\u1ed9 k\u1ebft n\u1ed1i c\u0169ng nh\u01b0 \u0111i\u1ec1u khi\u1ec3n\u00a0 trung gian n\u00e0o. \u0110\u00e8n s\u1ebd \u0111\u01b0\u1ee3c \u0111i\u1ec1u khi\u1ec3n t\u1ef1 \u0111\u1ed9ng 100% qua App myHue\u00ae.<\/span><\/p>\n<h2 style=\"text-align: center;\"><img loading=\"lazy\" decoding=\"async\" class=\"alignnone wp-image-3273 size-medium\" src=\"https:\/\/huepress.vn\/wp-content\/uploads\/2022\/04\/6402002cv13d-400x400.jpg\" alt=\"\" width=\"400\" height=\"400\" srcset=\"https:\/\/huepress.vn\/wp-content\/uploads\/2022\/04\/6402002cv13d-400x400.jpg 400w, https:\/\/huepress.vn\/wp-content\/uploads\/2022\/04\/6402002cv13d-scaled-350x350.jpg 350w, https:\/\/huepress.vn\/wp-content\/uploads\/2022\/04\/6402002cv13d-scaled-100x100.jpg 100w, https:\/\/huepress.vn\/wp-content\/uploads\/2022\/04\/6402002cv13d-800x800.jpg 800w, https:\/\/huepress.vn\/wp-content\/uploads\/2022\/04\/6402002cv13d-280x280.jpg 280w, https:\/\/huepress.vn\/wp-content\/uploads\/2022\/04\/6402002cv13d-768x768.jpg 768w, https:\/\/huepress.vn\/wp-content\/uploads\/2022\/04\/6402002cv13d-1536x1536.jpg 1536w, https:\/\/huepress.vn\/wp-content\/uploads\/2022\/04\/6402002cv13d-2048x2048.jpg 2048w, https:\/\/huepress.vn\/wp-content\/uploads\/2022\/04\/6402002cv13d-scaled-150x150.jpg 150w\" sizes=\"auto, (max-width: 400px) 100vw, 400px\" \/><\/h2>\n<p style=\"text-align: center;\">\u0110i\u1ec1u khi\u1ec3n qua app myHue<\/p>\n<p style=\"padding-left: 80px;\"><span style=\"font-weight: 400;\">2. T\u00f9y ch\u1ec9nh \u0111\u1ed9 s\u00e1ng<\/span><\/p>\n<p><span style=\"font-weight: 400;\">S\u1ea3n ph\u1ea9m \u0111\u00e8n th\u00f4ng minh <\/span><span style=\"font-weight: 400;\">myHue\u00ae <\/span><i><span style=\"font-weight: 400;\">Spotlight <\/span><\/i><span style=\"font-weight: 400;\">c\u00f3 nhi\u1ec1u ch\u1ebf \u0111\u1ed9 chi\u1ebfu s\u00e1ng v\u00e0 cho kh\u00e1ch h\u00e0ng tho\u1ea3 s\u1ee9c s\u00e1ng t\u1ea1o v\u00e0 l\u1ef1a ch\u1ecdn m\u00e0u y\u00eau th\u00edch, ph\u00f9 h\u1ee3p v\u1edbi kh\u00f4ng gian s\u1ed1ng, decor c\u1ee7a gia \u0111\u00ecnh m\u00ecnh.<\/span><\/p>\n<ul>\n<li style=\"font-weight: 400;\"><span style=\"font-weight: 400;\">\u0110i\u1ec1u khi\u1ec3n theo nhi\u1ec7t \u0111\u1ed9 m\u00e0u Kelvin\u00a0<\/span><\/li>\n<\/ul>\n<p>Dimming c\u00e1c m\u1ee9c c\u01b0\u1eddng \u0111\u1ed9 s\u00e1ng t\u1eeb 1 &#8211; 100% v\u00e0 thay \u0111\u1ed5i nhi\u1ec7t \u0111\u1ed9 m\u00e0u t\u1eeb 2700K &#8211; 6500K m\u1ed9t c\u00e1ch linh ho\u1ea1t<\/p>\n<p><img loading=\"lazy\" decoding=\"async\" class=\"aligncenter wp-image-3188 size-full\" src=\"https:\/\/huepress.vn\/wp-content\/uploads\/2022\/04\/myHue-GU10-WiFi-Smart-Light-Bulb-Led-Spotlight-17.jpg\" alt=\"\" width=\"750\" height=\"750\" srcset=\"https:\/\/huepress.vn\/wp-content\/uploads\/2022\/04\/myHue-GU10-WiFi-Smart-Light-Bulb-Led-Spotlight-17.jpg 750w, https:\/\/huepress.vn\/wp-content\/uploads\/2022\/04\/myHue-GU10-WiFi-Smart-Light-Bulb-Led-Spotlight-17-350x350.jpg 350w, https:\/\/huepress.vn\/wp-content\/uploads\/2022\/04\/myHue-GU10-WiFi-Smart-Light-Bulb-Led-Spotlight-17-100x100.jpg 100w, https:\/\/huepress.vn\/wp-content\/uploads\/2022\/04\/myHue-GU10-WiFi-Smart-Light-Bulb-Led-Spotlight-17-400x400.jpg 400w, https:\/\/huepress.vn\/wp-content\/uploads\/2022\/04\/myHue-GU10-WiFi-Smart-Light-Bulb-Led-Spotlight-17-280x280.jpg 280w, https:\/\/huepress.vn\/wp-content\/uploads\/2022\/04\/myHue-GU10-WiFi-Smart-Light-Bulb-Led-Spotlight-17-150x150.jpg 150w\" sizes=\"auto, (max-width: 750px) 100vw, 750px\" \/><\/p>\n<ul>\n<li style=\"font-weight: 400;\"><span style=\"font-weight: 400;\">\u0110i\u1ec1u khi\u1ec3n 16 tri\u1ec7u m\u00e0u RBG v\u1edbi ch\u1ec9 s\u1ed1 CRI &gt;80% cho m\u00e0u s\u1eafc lu\u00f4n trung th\u1ef1c v\u00e0 tho\u1ea3i m\u00e1i<\/span><\/li>\n<\/ul>\n<p style=\"padding-left: 80px;\"><span style=\"font-weight: 400;\">3. \u0110i\u1ec1u khi\u1ec3n ngay c\u1ea3 khi m\u1ea5t internet<\/span><\/p>\n<p><span style=\"font-weight: 400;\">Do \u0111\u01b0\u1ee3c k\u1ebft n\u1ed1i qua <\/span><span style=\"font-weight: 400;\">Wifi 802.11b\/g\/n, 2.4GHz n\u00ean b\u1ea1n \u0111i\u1ec1u khi\u1ec3n \u0111\u01b0\u1ee3c \u0111\u00e8n th\u00f4ng minh qua m\u1ea1ng WiFi c\u1ee7a gia \u0111\u00ecnh m\u00e0 kh\u00f4ng c\u1ea7n k\u1ebft n\u1ed1i internet<\/span><\/p>\n<p style=\"padding-left: 80px;\"><span style=\"font-weight: 400;\">4. \u0110i\u1ec1u khi\u1ec3n t\u1eeb xa<\/span><\/p>\n<p><span style=\"font-weight: 400;\">Do \u0111\u01b0\u1ee3c k\u1ebft n\u1ed1i qua <\/span><span style=\"font-weight: 400;\">Wifi IEEE 802.11b\/g\/n, 2.4GHz n\u00ean d\u00f9 b\u1ea1n kh\u00f4ng \u1edf trong ph\u1ea1m vi WiFi gia \u0111\u00ecnh th\u00ec b\u1ea1n v\u1eabn c\u00f3 th\u1ec3 \u0111i\u1ec1u khi\u1ec3n \u0111\u01b0\u1ee3c \u0111\u00e8n m\u1ed9t c\u00e1ch b\u00ecnh th\u01b0\u1eddng qua c\u00f4ng ngh\u1ec7 th\u00f4ng m\u00ecnh iOT c\u1ee7a <\/span><span style=\"font-weight: 400;\">\u0111\u00e8n th\u00f4ng minh <\/span><span style=\"font-weight: 400;\">myHue\u00ae Downlight, \u0111i\u1ec1u n\u00e0y s\u1ebd gi\u00fap b\u1ea1n kh\u00f4ng b\u1ecb l\u00e3ng ph\u00ed ngu\u1ed3n \u0111i\u1ec7n khi ra ngo\u00e0i qu\u00ean kh\u00f4ng t\u1eaft \u0111\u00e8n, v\u00e0 tr\u00e1nh \u0111\u01b0\u1ee3c nhi\u1ec1u r\u1ee7i ro kh\u00e1c.<\/span><\/p>\n<p style=\"padding-left: 80px;\"><span style=\"font-weight: 400;\">5. Chi\u1ebfu s\u00e1ng theo c\u1ea3m x\u00fac\u00a0<\/span><\/p>\n<p><span style=\"font-weight: 400;\">B\u1ea1n ho\u00e0n to\u00e0n c\u00f3 th\u1ec3 \u0111i\u1ec1u ch\u1ec9nh \u0111\u00e8n theo t\u1eadm tr\u1ea1ng c\u1ee7a m\u00ecnh.<\/span><\/p>\n<p style=\"text-align: center;\"><img loading=\"lazy\" decoding=\"async\" class=\"wp-image-3168 aligncenter\" src=\"https:\/\/huepress.vn\/wp-content\/uploads\/2022\/04\/myHue-Smart-Ceiling-Light-RGBCW-19.jpg\" alt=\"\" width=\"800\" height=\"533\" srcset=\"https:\/\/huepress.vn\/wp-content\/uploads\/2022\/04\/myHue-Smart-Ceiling-Light-RGBCW-19.jpg 960w, https:\/\/huepress.vn\/wp-content\/uploads\/2022\/04\/myHue-Smart-Ceiling-Light-RGBCW-19-350x233.jpg 350w, https:\/\/huepress.vn\/wp-content\/uploads\/2022\/04\/myHue-Smart-Ceiling-Light-RGBCW-19-600x400.jpg 600w, https:\/\/huepress.vn\/wp-content\/uploads\/2022\/04\/myHue-Smart-Ceiling-Light-RGBCW-19-768x512.jpg 768w, https:\/\/huepress.vn\/wp-content\/uploads\/2022\/04\/myHue-Smart-Ceiling-Light-RGBCW-19-150x100.jpg 150w\" sizes=\"auto, (max-width: 800px) 100vw, 800px\" \/><\/p>\n<p style=\"padding-left: 80px;\"><span style=\"font-weight: 400;\">6. \u0110i\u1ec1u khi\u1ec3n gi\u1ecdng n\u00f3i ti\u1ebfng Anh\/Vi\u1ec7t<\/span><\/p>\n<p><img loading=\"lazy\" decoding=\"async\" class=\"wp-image-3189 size-large aligncenter\" src=\"https:\/\/huepress.vn\/wp-content\/uploads\/2022\/04\/myHue-GU10-WiFi-Smart-Light-Bulb-Led-Spotlight-18-800x800.jpg\" alt=\"\" width=\"800\" height=\"800\" srcset=\"https:\/\/huepress.vn\/wp-content\/uploads\/2022\/04\/myHue-GU10-WiFi-Smart-Light-Bulb-Led-Spotlight-18-800x800.jpg 800w, https:\/\/huepress.vn\/wp-content\/uploads\/2022\/04\/myHue-GU10-WiFi-Smart-Light-Bulb-Led-Spotlight-18-350x350.jpg 350w, https:\/\/huepress.vn\/wp-content\/uploads\/2022\/04\/myHue-GU10-WiFi-Smart-Light-Bulb-Led-Spotlight-18-100x100.jpg 100w, https:\/\/huepress.vn\/wp-content\/uploads\/2022\/04\/myHue-GU10-WiFi-Smart-Light-Bulb-Led-Spotlight-18-400x400.jpg 400w, https:\/\/huepress.vn\/wp-content\/uploads\/2022\/04\/myHue-GU10-WiFi-Smart-Light-Bulb-Led-Spotlight-18-280x280.jpg 280w, https:\/\/huepress.vn\/wp-content\/uploads\/2022\/04\/myHue-GU10-WiFi-Smart-Light-Bulb-Led-Spotlight-18-768x768.jpg 768w, https:\/\/huepress.vn\/wp-content\/uploads\/2022\/04\/myHue-GU10-WiFi-Smart-Light-Bulb-Led-Spotlight-18-150x150.jpg 150w, https:\/\/huepress.vn\/wp-content\/uploads\/2022\/04\/myHue-GU10-WiFi-Smart-Light-Bulb-Led-Spotlight-18.jpg 1001w\" sizes=\"auto, (max-width: 800px) 100vw, 800px\" \/><\/p>\n<p style=\"padding-left: 80px;\"><span style=\"font-weight: 400;\">7. C\u00e0i \u0111\u1eb7t nh\u00f3m v\u00e0 v\u1ecb tr\u00ed<\/span><\/p>\n<p><span style=\"font-weight: 400;\">B\u1ea1n ho\u00e0n to\u00e0n c\u00f3 th\u1ec3 \u0111i\u1ec1u khi\u1ec3n kh\u00f4ng gi\u1edbi h\u1ea1n c\u00e1c thi\u1ebft b\u1ecb trong h\u1ec7 sinh th\u00e1i Huepress, \u0111i\u1ec1u khi\u1ec3n theo nh\u00f3m, theo v\u1ecb tr\u1ecb (nh\u00e0, c\u01a1 quan)<\/span><\/p>\n<p><img loading=\"lazy\" decoding=\"async\" class=\"aligncenter wp-image-3183 size-large\" src=\"https:\/\/huepress.vn\/wp-content\/uploads\/2022\/04\/myHue-Smart-Ceiling-Light-RGBCW-02-800x800.jpg\" alt=\"\" width=\"800\" height=\"800\" srcset=\"https:\/\/huepress.vn\/wp-content\/uploads\/2022\/04\/myHue-Smart-Ceiling-Light-RGBCW-02-800x800.jpg 800w, https:\/\/huepress.vn\/wp-content\/uploads\/2022\/04\/myHue-Smart-Ceiling-Light-RGBCW-02-350x350.jpg 350w, https:\/\/huepress.vn\/wp-content\/uploads\/2022\/04\/myHue-Smart-Ceiling-Light-RGBCW-02-100x100.jpg 100w, https:\/\/huepress.vn\/wp-content\/uploads\/2022\/04\/myHue-Smart-Ceiling-Light-RGBCW-02-400x400.jpg 400w, https:\/\/huepress.vn\/wp-content\/uploads\/2022\/04\/myHue-Smart-Ceiling-Light-RGBCW-02-280x280.jpg 280w, https:\/\/huepress.vn\/wp-content\/uploads\/2022\/04\/myHue-Smart-Ceiling-Light-RGBCW-02-768x768.jpg 768w, https:\/\/huepress.vn\/wp-content\/uploads\/2022\/04\/myHue-Smart-Ceiling-Light-RGBCW-02-150x150.jpg 150w, https:\/\/huepress.vn\/wp-content\/uploads\/2022\/04\/myHue-Smart-Ceiling-Light-RGBCW-02.jpg 1000w\" sizes=\"auto, (max-width: 800px) 100vw, 800px\" \/><\/p>\n<p style=\"padding-left: 80px;\"><span style=\"font-weight: 400;\">8. Chi\u1ebfu s\u00e1ng theo l\u1ecbch tr\u00ecnh<\/span><\/p>\n<p>B\u1ea1n c\u00f3 th\u1ec3 c\u00e0i \u0111\u1eb7t c\u00e1c k\u1ecbch b\u1ea3n cho t\u1eebng kh\u00f4ng gian trong ng\u00f4i nh\u00e0 c\u1ee7a m\u00ecnh. Vi\u1ec7c n\u00e0y gi\u00fap b\u1ea1n ti\u1ebft ki\u1ec7m \u0111\u00e1ng k\u1ec3 th\u1eddi gian thay v\u00ec ph\u1ea3i ch\u1ecdn t\u1eebng m\u1ee9c c\u01b0\u1eddng \u0111\u1ed9 s\u00e1ng v\u00e0 nhi\u1ec7t \u0111\u1ed9 m\u00e0u. V\u1edbi t\u00ednh n\u0103ng n\u00e0y b\u1ea1n ch\u1ec9 c\u1ea7n 1 l\u1ea7n ch\u1ea1m l\u00e0 c\u00f3 th\u1ec3 ch\u1ec9nh \u0111\u01b0\u1ee3c c\u1ea3 kh\u00f4ng gian ph\u00f2ng theo k\u1ecbch b\u1ea3n \u0111\u00e3 l\u00ean s\u1eb5n t\u1eeb tr\u01b0\u1edbc<\/p>\n<p><img loading=\"lazy\" decoding=\"async\" class=\"alignnone wp-image-3169 aligncenter\" src=\"https:\/\/huepress.vn\/wp-content\/uploads\/2022\/04\/myHue-Smart-Ceiling-Light-RGBCW-20.jpg\" alt=\"\" width=\"800\" height=\"532\" srcset=\"https:\/\/huepress.vn\/wp-content\/uploads\/2022\/04\/myHue-Smart-Ceiling-Light-RGBCW-20.jpg 1000w, https:\/\/huepress.vn\/wp-content\/uploads\/2022\/04\/myHue-Smart-Ceiling-Light-RGBCW-20-350x233.jpg 350w, https:\/\/huepress.vn\/wp-content\/uploads\/2022\/04\/myHue-Smart-Ceiling-Light-RGBCW-20-602x400.jpg 602w, https:\/\/huepress.vn\/wp-content\/uploads\/2022\/04\/myHue-Smart-Ceiling-Light-RGBCW-20-768x511.jpg 768w, https:\/\/huepress.vn\/wp-content\/uploads\/2022\/04\/myHue-Smart-Ceiling-Light-RGBCW-20-150x100.jpg 150w\" sizes=\"auto, (max-width: 800px) 100vw, 800px\" \/><\/p>\n<p style=\"padding-left: 80px;\"><span style=\"font-weight: 400;\">9. Chi\u1ebfu s\u00e1ng b\u00e1o th\u1ee9c<\/span><\/p>\n<p><img loading=\"lazy\" decoding=\"async\" class=\"aligncenter wp-image-3055 size-large\" src=\"https:\/\/huepress.vn\/wp-content\/uploads\/2022\/04\/sunset-800x800.jpg\" alt=\"\" width=\"800\" height=\"800\" srcset=\"https:\/\/huepress.vn\/wp-content\/uploads\/2022\/04\/sunset-800x800.jpg 800w, https:\/\/huepress.vn\/wp-content\/uploads\/2022\/04\/sunset-350x350.jpg 350w, https:\/\/huepress.vn\/wp-content\/uploads\/2022\/04\/sunset-100x100.jpg 100w, https:\/\/huepress.vn\/wp-content\/uploads\/2022\/04\/sunset-400x400.jpg 400w, https:\/\/huepress.vn\/wp-content\/uploads\/2022\/04\/sunset-280x280.jpg 280w, https:\/\/huepress.vn\/wp-content\/uploads\/2022\/04\/sunset-768x768.jpg 768w, https:\/\/huepress.vn\/wp-content\/uploads\/2022\/04\/sunset-150x150.jpg 150w, https:\/\/huepress.vn\/wp-content\/uploads\/2022\/04\/sunset.jpg 1001w\" sizes=\"auto, (max-width: 800px) 100vw, 800px\" \/><\/p>\n<p>Thay v\u00ec \u0111\u1eb7t chu\u00f4ng b\u00e1o th\u1ee9c b\u1eb1ng chu\u00f4ng, b\u1ea1n ho\u00e0n to\u00e0n c\u00f3 th\u00ea\u0309 h\u1eb9n gi\u1edd b\u00e2\u0323t \u0111\u00e8n \u0111\u00ea\u0309 b\u00e1o th\u1ee9c cho b\u00e9 con b\u1eb1ng \u00e1nh s\u00e1ng, gi\u00fap b\u00e9 tho\u1ea3i m\u00e1i h\u01a1n, kh\u00f4ng b\u1ecb gi\u00e2\u0323t m\u00ecnh v\u00e0o m\u00f4\u0303i s\u00e1ng.<\/p>\n<p style=\"padding-left: 80px;\"><span style=\"font-weight: 400;\">10. Dance theo nh\u1ea1c<\/span><\/p>\n<p>&nbsp;<\/p>\n<p><strong>T\u00ednh n\u0103ng si\u00eau vi\u1ec7t h\u01a1n so v\u1edbi c\u00e1c d\u00f2ng \u0111\u00e8n th\u00f4ng minh tr\u00ean th\u1ecb tr\u01b0\u1eddng<\/strong><\/p>\n<p style=\"text-align: center;\"><img loading=\"lazy\" decoding=\"async\" class=\"aligncenter wp-image-1808 size-large\" src=\"https:\/\/huepress.vn\/wp-content\/uploads\/2021\/06\/9-800x800.jpg\" alt=\"\" width=\"800\" height=\"800\" srcset=\"https:\/\/huepress.vn\/wp-content\/uploads\/2021\/06\/9-800x800.jpg 800w, https:\/\/huepress.vn\/wp-content\/uploads\/2021\/06\/9-350x350.jpg 350w, https:\/\/huepress.vn\/wp-content\/uploads\/2021\/06\/9-100x100.jpg 100w, https:\/\/huepress.vn\/wp-content\/uploads\/2021\/06\/9-400x400.jpg 400w, https:\/\/huepress.vn\/wp-content\/uploads\/2021\/06\/9-280x280.jpg 280w, https:\/\/huepress.vn\/wp-content\/uploads\/2021\/06\/9-768x768.jpg 768w, https:\/\/huepress.vn\/wp-content\/uploads\/2021\/06\/9-1536x1536.jpg 1536w, https:\/\/huepress.vn\/wp-content\/uploads\/2021\/06\/9-150x150.jpg 150w, https:\/\/huepress.vn\/wp-content\/uploads\/2021\/06\/9.jpg 2000w\" sizes=\"auto, (max-width: 800px) 100vw, 800px\" \/><\/p>\n<p style=\"text-align: center;\">Kh\u00e1m ph\u00e1 t\u00e0i nguy\u00ean \u00e1nh s\u00e1ng v\u00f4 t\u1eadn v\u1edbi App<\/p>\n<p style=\"text-align: center;\"><img loading=\"lazy\" decoding=\"async\" class=\"alignnone wp-image-3193 size-large\" src=\"https:\/\/huepress.vn\/wp-content\/uploads\/2022\/04\/myHue-GU10-WiFi-Smart-Light-Bulb-Led-Spotlight-23-800x800.jpg\" alt=\"\" width=\"800\" height=\"800\" srcset=\"https:\/\/huepress.vn\/wp-content\/uploads\/2022\/04\/myHue-GU10-WiFi-Smart-Light-Bulb-Led-Spotlight-23-800x800.jpg 800w, https:\/\/huepress.vn\/wp-content\/uploads\/2022\/04\/myHue-GU10-WiFi-Smart-Light-Bulb-Led-Spotlight-23-350x350.jpg 350w, https:\/\/huepress.vn\/wp-content\/uploads\/2022\/04\/myHue-GU10-WiFi-Smart-Light-Bulb-Led-Spotlight-23-100x100.jpg 100w, https:\/\/huepress.vn\/wp-content\/uploads\/2022\/04\/myHue-GU10-WiFi-Smart-Light-Bulb-Led-Spotlight-23-400x400.jpg 400w, https:\/\/huepress.vn\/wp-content\/uploads\/2022\/04\/myHue-GU10-WiFi-Smart-Light-Bulb-Led-Spotlight-23-280x280.jpg 280w, https:\/\/huepress.vn\/wp-content\/uploads\/2022\/04\/myHue-GU10-WiFi-Smart-Light-Bulb-Led-Spotlight-23-768x768.jpg 768w, https:\/\/huepress.vn\/wp-content\/uploads\/2022\/04\/myHue-GU10-WiFi-Smart-Light-Bulb-Led-Spotlight-23-150x150.jpg 150w, https:\/\/huepress.vn\/wp-content\/uploads\/2022\/04\/myHue-GU10-WiFi-Smart-Light-Bulb-Led-Spotlight-23.jpg 1200w\" sizes=\"auto, (max-width: 800px) 100vw, 800px\" \/><\/p>\n<p style=\"text-align: center;\">\u00c1nh s\u00e1ng l\u00fd t\u01b0\u1edfng cho ng\u00f4i nh\u00e0<\/p>\n<p style=\"text-align: center;\">V\u00f4 v\u00e0n t\u00ednh n\u0103ng th\u00f4ng minh v\u01b0\u1ee3t tr\u1ed9i kh\u00e1c<\/p>\n","protected":false},"excerpt":{"rendered":"<p>T\u00ean s\u1ea3n ph\u1ea9m: \u0110\u00e8n led myHue\u00ae Spotlight ngo\u00e0i tr\u1eddi\u00a0 Model: Spotlight L1 S\u1ea3n ph\u1ea9m \u0111\u00e8n tr\u1ea7n cao c\u1ea5p th\u00f4ng minh myHue\u00ae Ceiling l\u00e0 s\u1ea3n ph\u1ea9m n\u1eb1m trong d\u00f2ng s\u1ea3n ph\u1ea9m \u0111\u1ea7u ti\u00ean myHue L1 c\u1ee7a C\u00f4ng ty CP \u00e1nh s\u00e1ng s\u1ed1 Huepress. S\u1ea3n ph\u1ea9m l\u00e0 th\u00e0nh qu\u1ea3 c\u1ee7a qu\u00e1 tr\u00ecnh x\u1ea5p x\u1ec9 10 n\u0103m kinh<\/p>\n","protected":false},"featured_media":3276,"comment_status":"open","ping_status":"closed","template":"","meta":{"_acf_changed":false,"inline_featured_image":false},"product_brand":[],"product_cat":[181],"product_tag":[119,252,254,110,113,108,253,114,103,102],"class_list":{"0":"post-3271","1":"product","2":"type-product","3":"status-publish","4":"has-post-thumbnail","6":"product_cat-outdoor-spotlight","7":"product_tag-den-dieu-khien-bang-giong-noi","8":"product_tag-den-gu10","9":"product_tag-den-led-spotlight","10":"product_tag-den-myhue-l1","11":"product_tag-den-myhue-thong-minh","12":"product_tag-den-rgbcw","13":"product_tag-den-spotlight-thong-minh","14":"product_tag-den-thong-minh-viet-nam","15":"product_tag-led-smart","16":"product_tag-myhue","18":"first","19":"outofstock","20":"shipping-taxable","21":"product-type-simple"},"acf":[],"_links":{"self":[{"href":"https:\/\/huepress.vn\/en\/wp-json\/wp\/v2\/product\/3271","targetHints":{"allow":["GET"]}}],"collection":[{"href":"https:\/\/huepress.vn\/en\/wp-json\/wp\/v2\/product"}],"about":[{"href":"https:\/\/huepress.vn\/en\/wp-json\/wp\/v2\/types\/product"}],"replies":[{"embeddable":true,"href":"https:\/\/huepress.vn\/en\/wp-json\/wp\/v2\/comments?post=3271"}],"wp:featuredmedia":[{"embeddable":true,"href":"https:\/\/huepress.vn\/en\/wp-json\/wp\/v2\/media\/3276"}],"wp:attachment":[{"href":"https:\/\/huepress.vn\/en\/wp-json\/wp\/v2\/media?parent=3271"}],"wp:term":[{"taxonomy":"product_brand","embeddable":true,"href":"https:\/\/huepress.vn\/en\/wp-json\/wp\/v2\/product_brand?post=3271"},{"taxonomy":"product_cat","embeddable":true,"href":"https:\/\/huepress.vn\/en\/wp-json\/wp\/v2\/product_cat?post=3271"},{"taxonomy":"product_tag","embeddable":true,"href":"https:\/\/huepress.vn\/en\/wp-json\/wp\/v2\/product_tag?post=3271"}],"curies":[{"name":"wp","href":"https:\/\/api.w.org\/{rel}","templated":true}]}}