{"id":3143,"date":"2022-04-08T11:17:11","date_gmt":"2022-04-08T04:17:11","guid":{"rendered":"https:\/\/huepress.vn\/?post_type=product&#038;p=3143"},"modified":"2023-08-10T09:02:28","modified_gmt":"2023-08-10T02:02:28","slug":"cong-tac-ngu-canh-thong-minh-4-nut-myhue-scene-switch-s1","status":"publish","type":"product","link":"https:\/\/huepress.vn\/en\/product\/cong-tac-ngu-canh-thong-minh-4-nut-myhue-scene-switch-s1\/","title":{"rendered":"C\u00f4ng t\u1eafc ng\u1eef c\u1ea3nh th\u00f4ng minh 4 n\u00fat myHue\u00ae Scene Switch S1"},"content":{"rendered":"<h3><strong>C\u00f4ng t\u1eafc ng\u1eef c\u1ea3nh th\u00f4ng minh 4 n\u00fat myHue\u00ae Scene Switch S1<\/strong><\/h3>\n<h3>Video tr\u1ea3i nghi\u1ec7m s\u1ea3n ph\u1ea9m:<\/h3>\n<div class=\"video video-fit mb\" style=\"padding-top:56.25%;\"><p><iframe loading=\"lazy\" title=\"T\u1ea1o k\u1ecbch b\u1ea3n LiFi-Home v\u1edbi c\u00f4ng t\u1eafc ng\u1eef c\u1ea3nh Scene-Switch\" width=\"1020\" height=\"765\" src=\"https:\/\/www.youtube.com\/embed\/mYsom5e9FiM?feature=oembed\" frameborder=\"0\" allow=\"accelerometer; autoplay; clipboard-write; encrypted-media; gyroscope; picture-in-picture; web-share\" allowfullscreen><\/iframe><\/p>\n<\/div>\n<p>&nbsp;<\/p>\n<h3><strong>Chi ti\u1ebft:<\/strong><\/h3>\n<div>\u0110\u01b0\u1ee3c thi\u1ebft k\u1ebf cho vi\u1ec7c b\u1eadt\/ t\u1eaft ng\u1eef c\u1ea3nh ki\u1ec3m so\u00e1t nh\u00e0 th\u00f4ng minh c\u1ee7a b\u1ea1n.<\/div>\n<div><img loading=\"lazy\" decoding=\"async\" class=\"alignnone size-full wp-image-3145\" src=\"https:\/\/huepress.vn\/wp-content\/uploads\/2022\/04\/myHue-Smart-Scence-Swith-01.01.jpg\" alt=\"\" width=\"1000\" height=\"1000\" srcset=\"https:\/\/huepress.vn\/wp-content\/uploads\/2022\/04\/myHue-Smart-Scence-Swith-01.01.jpg 1000w, https:\/\/huepress.vn\/wp-content\/uploads\/2022\/04\/myHue-Smart-Scence-Swith-01.01-350x350.jpg 350w, https:\/\/huepress.vn\/wp-content\/uploads\/2022\/04\/myHue-Smart-Scence-Swith-01.01-100x100.jpg 100w, https:\/\/huepress.vn\/wp-content\/uploads\/2022\/04\/myHue-Smart-Scence-Swith-01.01-400x400.jpg 400w, https:\/\/huepress.vn\/wp-content\/uploads\/2022\/04\/myHue-Smart-Scence-Swith-01.01-800x800.jpg 800w, https:\/\/huepress.vn\/wp-content\/uploads\/2022\/04\/myHue-Smart-Scence-Swith-01.01-280x280.jpg 280w, https:\/\/huepress.vn\/wp-content\/uploads\/2022\/04\/myHue-Smart-Scence-Swith-01.01-768x768.jpg 768w, https:\/\/huepress.vn\/wp-content\/uploads\/2022\/04\/myHue-Smart-Scence-Swith-01.01-150x150.jpg 150w\" sizes=\"auto, (max-width: 1000px) 100vw, 1000px\" \/><\/div>\n<div><\/div>\n<div>&#8211; Thu\u1eadn ti\u1ec7n cho c\u1ea3 ng\u01b0\u1eddi gi\u00e0 v\u00e0 tr\u1ebb nh\u1ecf khi s\u1eed d\u1ee5ng \u0111i\u1ec1u khi\u1ec3n th\u00f4ng minh.<\/div>\n<div>&#8211; Thi\u1ebft k\u1ebf ti\u1ec7n d\u1ee5ng, d\u1ec5 d\u00e0ng c\u00e0i \u0111\u1eb7t, s\u1eed d\u1ee5ng pin c\u00f3 th\u1ec3 g\u1eafn \u1edf b\u1ea5t k\u1ef3 n\u01a1i n\u00e0o b\u1ea1n mu\u1ed1n.<\/div>\n<div style=\"text-align: center;\"><img loading=\"lazy\" decoding=\"async\" class=\"alignnone size-full wp-image-3149\" src=\"https:\/\/huepress.vn\/wp-content\/uploads\/2022\/04\/myHue-Smart-Scence-Swith-14-scaled.jpg\" alt=\"\" width=\"2560\" height=\"1811\" srcset=\"https:\/\/huepress.vn\/wp-content\/uploads\/2022\/04\/myHue-Smart-Scence-Swith-14-scaled.jpg 2560w, https:\/\/huepress.vn\/wp-content\/uploads\/2022\/04\/myHue-Smart-Scence-Swith-14-scaled-350x248.jpg 350w, https:\/\/huepress.vn\/wp-content\/uploads\/2022\/04\/myHue-Smart-Scence-Swith-14-566x400.jpg 566w, https:\/\/huepress.vn\/wp-content\/uploads\/2022\/04\/myHue-Smart-Scence-Swith-14-1131x800.jpg 1131w, https:\/\/huepress.vn\/wp-content\/uploads\/2022\/04\/myHue-Smart-Scence-Swith-14-768x543.jpg 768w, https:\/\/huepress.vn\/wp-content\/uploads\/2022\/04\/myHue-Smart-Scence-Swith-14-1536x1086.jpg 1536w, https:\/\/huepress.vn\/wp-content\/uploads\/2022\/04\/myHue-Smart-Scence-Swith-14-2048x1448.jpg 2048w, https:\/\/huepress.vn\/wp-content\/uploads\/2022\/04\/myHue-Smart-Scence-Swith-14-scaled-150x106.jpg 150w\" sizes=\"auto, (max-width: 2560px) 100vw, 2560px\" \/><\/div>\n<div>&#8211; myHue Scence Swith S1 gi\u00fap \u0111i\u1ec1u khi\u1ec3n nhanh c\u00e1c t\u00e1c v\u1ee5 ng\u1eef c\u1ea3nh h\u1ec7 sinh th\u00e1i nh\u00e0 th\u00f4ng minh myHue nh\u01b0 l\u00e0m c\u00f4ng t\u1eafc 2 chi\u1ec1u \u0111\u00e8n c\u1ea7u thang, h\u00e0nh lang.<\/div>\n<div style=\"text-align: center;\"><img loading=\"lazy\" decoding=\"async\" class=\"alignnone size-full wp-image-3147\" src=\"https:\/\/huepress.vn\/wp-content\/uploads\/2022\/04\/myHue-Smart-Scence-Swith-15-scaled.jpg\" alt=\"\" width=\"2560\" height=\"1811\" srcset=\"https:\/\/huepress.vn\/wp-content\/uploads\/2022\/04\/myHue-Smart-Scence-Swith-15-scaled.jpg 2560w, https:\/\/huepress.vn\/wp-content\/uploads\/2022\/04\/myHue-Smart-Scence-Swith-15-scaled-350x248.jpg 350w, https:\/\/huepress.vn\/wp-content\/uploads\/2022\/04\/myHue-Smart-Scence-Swith-15-565x400.jpg 565w, https:\/\/huepress.vn\/wp-content\/uploads\/2022\/04\/myHue-Smart-Scence-Swith-15-1131x800.jpg 1131w, https:\/\/huepress.vn\/wp-content\/uploads\/2022\/04\/myHue-Smart-Scence-Swith-15-768x543.jpg 768w, https:\/\/huepress.vn\/wp-content\/uploads\/2022\/04\/myHue-Smart-Scence-Swith-15-1536x1087.jpg 1536w, https:\/\/huepress.vn\/wp-content\/uploads\/2022\/04\/myHue-Smart-Scence-Swith-15-2048x1449.jpg 2048w, https:\/\/huepress.vn\/wp-content\/uploads\/2022\/04\/myHue-Smart-Scence-Swith-15-scaled-150x106.jpg 150w\" sizes=\"auto, (max-width: 2560px) 100vw, 2560px\" \/> <img loading=\"lazy\" decoding=\"async\" class=\"alignnone wp-image-3150 size-full\" src=\"https:\/\/huepress.vn\/wp-content\/uploads\/2022\/04\/myHue-Smart-Scence-Swith-04.01-logo.jpg\" alt=\"\" width=\"750\" height=\"544\" srcset=\"https:\/\/huepress.vn\/wp-content\/uploads\/2022\/04\/myHue-Smart-Scence-Swith-04.01-logo.jpg 750w, https:\/\/huepress.vn\/wp-content\/uploads\/2022\/04\/myHue-Smart-Scence-Swith-04.01-logo-350x254.jpg 350w, https:\/\/huepress.vn\/wp-content\/uploads\/2022\/04\/myHue-Smart-Scence-Swith-04.01-logo-551x400.jpg 551w, https:\/\/huepress.vn\/wp-content\/uploads\/2022\/04\/myHue-Smart-Scence-Swith-04.01-logo-150x109.jpg 150w\" sizes=\"auto, (max-width: 750px) 100vw, 750px\" \/><\/div>\n<div>&#8211; S\u1eed d\u1ee5ng v\u00e0 \u0111i\u1ec1u ch\u1ec9nh d\u1ec5 d\u00e0ng qua app myHue th\u00f4ng qua s\u00f3ng bluetooth<\/div>\n<div>&#8211; 4 n\u00fat b\u1ea5m c\u01a1 \u0111i\u1ec1u khi\u1ec3n 4 ng\u1eef c\u1ea3nh c\u00e0i \u0111\u1eb7t tr\u00ean app \u0111i\u1ec7n tho\u1ea1i.<\/div>\n<div>&#8211; Ph\u1ed1i h\u1ee3p ng\u1eef c\u1ea3nh v\u1edbi c\u00e1c thi\u1ebft b\u1ecb myHue kh\u00e1c.<\/div>\n<div>&#8211; D\u1ec5 d\u00e0ng chia s\u1ebb v\u1edbi nhi\u1ec1u ng\u01b0\u1eddi d\u00f9ng trong gia \u0111\u00ecnh c\u00f9ng s\u1eed d\u1ee5ng.<\/div>\n","protected":false},"excerpt":{"rendered":"<p>C\u00f4ng t\u1eafc ng\u1eef c\u1ea3nh th\u00f4ng minh 4 n\u00fat myHue\u00ae Scene Switch S1 Video tr\u1ea3i nghi\u1ec7m s\u1ea3n ph\u1ea9m: &nbsp; Chi ti\u1ebft: \u0110\u01b0\u1ee3c thi\u1ebft k\u1ebf cho vi\u1ec7c b\u1eadt\/ t\u1eaft ng\u1eef c\u1ea3nh ki\u1ec3m so\u00e1t nh\u00e0 th\u00f4ng minh c\u1ee7a b\u1ea1n. &#8211; Thu\u1eadn ti\u1ec7n cho c\u1ea3 ng\u01b0\u1eddi gi\u00e0 v\u00e0 tr\u1ebb nh\u1ecf khi s\u1eed d\u1ee5ng \u0111i\u1ec1u khi\u1ec3n th\u00f4ng minh. &#8211; Thi\u1ebft<\/p>\n","protected":false},"featured_media":3145,"comment_status":"open","ping_status":"closed","template":"","meta":{"_acf_changed":false,"inline_featured_image":false},"product_brand":[],"product_cat":[377,375],"product_tag":[240,239,241,243,242],"class_list":{"0":"post-3143","1":"product","2":"type-product","3":"status-publish","4":"has-post-thumbnail","6":"product_cat-cong-tac-kich-ban-scene-switch","7":"product_cat-dieu-khien-thong-minh-2","8":"product_tag-cong-tac-bluetooth","9":"product_tag-cong-tac-ngu-canh","10":"product_tag-cong-tac-thong-minh","11":"product_tag-myhue-scence-switch","12":"product_tag-scence-switch","14":"first","15":"instock","16":"shipping-taxable","17":"purchasable","18":"product-type-simple"},"acf":[],"_links":{"self":[{"href":"https:\/\/huepress.vn\/en\/wp-json\/wp\/v2\/product\/3143","targetHints":{"allow":["GET"]}}],"collection":[{"href":"https:\/\/huepress.vn\/en\/wp-json\/wp\/v2\/product"}],"about":[{"href":"https:\/\/huepress.vn\/en\/wp-json\/wp\/v2\/types\/product"}],"replies":[{"embeddable":true,"href":"https:\/\/huepress.vn\/en\/wp-json\/wp\/v2\/comments?post=3143"}],"wp:featuredmedia":[{"embeddable":true,"href":"https:\/\/huepress.vn\/en\/wp-json\/wp\/v2\/media\/3145"}],"wp:attachment":[{"href":"https:\/\/huepress.vn\/en\/wp-json\/wp\/v2\/media?parent=3143"}],"wp:term":[{"taxonomy":"product_brand","embeddable":true,"href":"https:\/\/huepress.vn\/en\/wp-json\/wp\/v2\/product_brand?post=3143"},{"taxonomy":"product_cat","embeddable":true,"href":"https:\/\/huepress.vn\/en\/wp-json\/wp\/v2\/product_cat?post=3143"},{"taxonomy":"product_tag","embeddable":true,"href":"https:\/\/huepress.vn\/en\/wp-json\/wp\/v2\/product_tag?post=3143"}],"curies":[{"name":"wp","href":"https:\/\/api.w.org\/{rel}","templated":true}]}}