{"id":10357,"date":"2025-01-15T10:55:25","date_gmt":"2025-01-15T03:55:25","guid":{"rendered":"https:\/\/huepress.vn\/?post_type=product&#038;p=10357"},"modified":"2025-01-15T11:04:27","modified_gmt":"2025-01-15T04:04:27","slug":"rs485-dali-pro-master-controller","status":"publish","type":"product","link":"https:\/\/huepress.vn\/en\/product\/rs485-dali-pro-master-controller\/","title":{"rendered":"RS485 DALI PRO- Hub qu\u1ea3n l\u00fd wired v\u00e0 wireless"},"content":{"rendered":"<h2>T\u1ed5ng quan RS485-DALI-Pro:<\/h2>\n<div class=\"slider-wrapper relative\" id=\"slider-1157694132\" >\n    <div class=\"slider slider-nav-circle slider-nav-large slider-nav-light slider-style-normal\"\n        data-flickity-options='{\n            \"cellAlign\": \"center\",\n            \"imagesLoaded\": true,\n            \"lazyLoad\": 1,\n            \"freeScroll\": false,\n            \"wrapAround\": true,\n            \"autoPlay\": 6000,\n            \"pauseAutoPlayOnHover\" : true,\n            \"prevNextButtons\": true,\n            \"contain\" : true,\n            \"adaptiveHeight\" : true,\n            \"dragThreshold\" : 10,\n            \"percentPosition\": true,\n            \"pageDots\": true,\n            \"rightToLeft\": false,\n            \"draggable\": true,\n            \"selectedAttraction\": 0.1,\n            \"parallax\" : 0,\n            \"friction\": 0.6        }'\n        >\n        \n\t<div class=\"img has-hover x md-x lg-x y md-y lg-y\" id=\"image_2112063212\">\n\t\t\t\t\t\t\t\t<div class=\"img-inner dark\" >\n\t\t\t<img loading=\"lazy\" decoding=\"async\" width=\"1020\" height=\"697\" src=\"https:\/\/huepress.vn\/wp-content\/uploads\/2023\/06\/Slide1.png\" class=\"attachment-large size-large\" alt=\"\" srcset=\"https:\/\/huepress.vn\/wp-content\/uploads\/2023\/06\/Slide1.png 1054w, https:\/\/huepress.vn\/wp-content\/uploads\/2023\/06\/Slide1-586x400.png 586w, https:\/\/huepress.vn\/wp-content\/uploads\/2023\/06\/Slide1-768x525.png 768w, https:\/\/huepress.vn\/wp-content\/uploads\/2023\/06\/Slide1-350x239.png 350w\" sizes=\"auto, (max-width: 1020px) 100vw, 1020px\" \/>\t\t\t\t\t\t\n\t\t\t\t\t<\/div>\n\t\t\t\t\t\t\t\t\n<style>\n#image_2112063212 {\n  width: 100%;\n}\n<\/style>\n\t<\/div>\n\t\n\t<div class=\"img has-hover x md-x lg-x y md-y lg-y\" id=\"image_1582775767\">\n\t\t\t\t\t\t\t\t<div class=\"img-inner dark\" >\n\t\t\t<img loading=\"lazy\" decoding=\"async\" width=\"1020\" height=\"697\" src=\"https:\/\/huepress.vn\/wp-content\/uploads\/2023\/06\/Slide2-1.png\" class=\"attachment-large size-large\" alt=\"\" srcset=\"https:\/\/huepress.vn\/wp-content\/uploads\/2023\/06\/Slide2-1.png 1054w, https:\/\/huepress.vn\/wp-content\/uploads\/2023\/06\/Slide2-1-586x400.png 586w, https:\/\/huepress.vn\/wp-content\/uploads\/2023\/06\/Slide2-1-768x525.png 768w, https:\/\/huepress.vn\/wp-content\/uploads\/2023\/06\/Slide2-1-350x239.png 350w\" sizes=\"auto, (max-width: 1020px) 100vw, 1020px\" \/>\t\t\t\t\t\t\n\t\t\t\t\t<\/div>\n\t\t\t\t\t\t\t\t\n<style>\n#image_1582775767 {\n  width: 100%;\n}\n<\/style>\n\t<\/div>\n\t\n\t<div class=\"img has-hover x md-x lg-x y md-y lg-y\" id=\"image_1988420528\">\n\t\t\t\t\t\t\t\t<div class=\"img-inner dark\" >\n\t\t\t<img loading=\"lazy\" decoding=\"async\" width=\"1020\" height=\"697\" src=\"https:\/\/huepress.vn\/wp-content\/uploads\/2023\/06\/Slide3-1.png\" class=\"attachment-large size-large\" alt=\"\" srcset=\"https:\/\/huepress.vn\/wp-content\/uploads\/2023\/06\/Slide3-1.png 1054w, https:\/\/huepress.vn\/wp-content\/uploads\/2023\/06\/Slide3-1-586x400.png 586w, https:\/\/huepress.vn\/wp-content\/uploads\/2023\/06\/Slide3-1-768x525.png 768w, https:\/\/huepress.vn\/wp-content\/uploads\/2023\/06\/Slide3-1-350x239.png 350w\" sizes=\"auto, (max-width: 1020px) 100vw, 1020px\" \/>\t\t\t\t\t\t\n\t\t\t\t\t<\/div>\n\t\t\t\t\t\t\t\t\n<style>\n#image_1988420528 {\n  width: 100%;\n}\n<\/style>\n\t<\/div>\n\t\n     <\/div>\n\n     <div class=\"loading-spin dark large centered\"><\/div>\n\n\t<\/div>\n\n\n\t<div id=\"gap-1775641012\" class=\"gap-element clearfix\" style=\"display:block; height:auto;\">\n\t\t\n<style>\n#gap-1775641012 {\n  padding-top: 30px;\n}\n<\/style>\n\t<\/div>\n\t\n<h3>Video tr\u1ea3i nghi\u1ec7m s\u1ea3n ph\u1ea9m RS485-DALI Pro:<\/h3>\n<div class=\"video video-fit mb\" style=\"padding-top:56.25%;\"><p><iframe loading=\"lazy\" title=\"DALI wireless lighting cho v\u0103n ph\u00f2ng th\u00f4ng minh - t\u00f9y ch\u1ec9nh \u0111\u1ed9 s\u00e1ng \u0111\u1ed9 \u1ea5m\" width=\"1020\" height=\"574\" src=\"https:\/\/www.youtube.com\/embed\/fxMopgHvA8M?feature=oembed\" frameborder=\"0\" allow=\"accelerometer; autoplay; clipboard-write; encrypted-media; gyroscope; picture-in-picture; web-share\" referrerpolicy=\"strict-origin-when-cross-origin\" allowfullscreen><\/iframe><\/p>\n<\/div>\n<p>&nbsp;<\/p>\n","protected":false},"excerpt":{"rendered":"<p>T\u1ed5ng quan RS485-DALI-Pro: Video tr\u1ea3i nghi\u1ec7m s\u1ea3n ph\u1ea9m RS485-DALI Pro: &nbsp;<\/p>\n","protected":false},"featured_media":9918,"comment_status":"open","ping_status":"closed","template":"","meta":{"_acf_changed":false,"inline_featured_image":false},"product_brand":[],"product_cat":[373,365,366,513,180,190],"product_tag":[417,422,420,421,508,416,691,418,483,419],"class_list":{"0":"post-10357","1":"product","2":"type-product","3":"status-publish","4":"has-post-thumbnail","6":"product_cat-den-dmx-spi-rgb","7":"product_cat-thiet-bi-dieu-khien-master","8":"product_cat-huebox-c","9":"product_cat-huedriver-dali","10":"product_cat-den-chong-nuoc","11":"product_cat-module-dieu-khien","12":"product_tag-600w","13":"product_tag-am-thanh-anh-sang","14":"product_tag-ble-mesh","15":"product_tag-chieu-sang-canh-quan","16":"product_tag-dali","17":"product_tag-dmx","18":"product_tag-dmx-pro","19":"product_tag-dual-song","20":"product_tag-huebox","21":"product_tag-wifi","23":"first","24":"instock","25":"shipping-taxable","26":"purchasable","27":"product-type-simple"},"acf":[],"_links":{"self":[{"href":"https:\/\/huepress.vn\/en\/wp-json\/wp\/v2\/product\/10357","targetHints":{"allow":["GET"]}}],"collection":[{"href":"https:\/\/huepress.vn\/en\/wp-json\/wp\/v2\/product"}],"about":[{"href":"https:\/\/huepress.vn\/en\/wp-json\/wp\/v2\/types\/product"}],"replies":[{"embeddable":true,"href":"https:\/\/huepress.vn\/en\/wp-json\/wp\/v2\/comments?post=10357"}],"wp:featuredmedia":[{"embeddable":true,"href":"https:\/\/huepress.vn\/en\/wp-json\/wp\/v2\/media\/9918"}],"wp:attachment":[{"href":"https:\/\/huepress.vn\/en\/wp-json\/wp\/v2\/media?parent=10357"}],"wp:term":[{"taxonomy":"product_brand","embeddable":true,"href":"https:\/\/huepress.vn\/en\/wp-json\/wp\/v2\/product_brand?post=10357"},{"taxonomy":"product_cat","embeddable":true,"href":"https:\/\/huepress.vn\/en\/wp-json\/wp\/v2\/product_cat?post=10357"},{"taxonomy":"product_tag","embeddable":true,"href":"https:\/\/huepress.vn\/en\/wp-json\/wp\/v2\/product_tag?post=10357"}],"curies":[{"name":"wp","href":"https:\/\/api.w.org\/{rel}","templated":true}]}}