{"id":10246,"date":"2024-10-21T19:16:51","date_gmt":"2024-10-21T12:16:51","guid":{"rendered":"https:\/\/huepress.vn\/?post_type=product&#038;p=10246"},"modified":"2024-12-17T06:38:57","modified_gmt":"2024-12-16T23:38:57","slug":"mr16-rgb-ic-spi-spotlight","status":"publish","type":"product","link":"https:\/\/huepress.vn\/en\/product\/mr16-rgb-ic-spi-spotlight\/","title":{"rendered":"MR16 RGB IC &#8211; \u0111\u00e8n spotlight RGB c\u00f3 chip \u0111\u1ecba ch\u1ec9"},"content":{"rendered":"<h3>Tr\u1ea3i nghi\u1ec7m s\u1ea3n ph\u1ea9m \u0111\u00e8n DMX<\/h3>\n<p>C\u00f4ng ngh\u1ec7 DMX-SPI chi\u1ebfu s\u00e1ng c\u1ea3nh quan t\u00f2a nh\u00e0, s\u00e2n v\u01b0\u1eddn, b\u1ec3 b\u01a1i<\/p>\n<div class=\"video video-fit mb\" style=\"padding-top:56.25%;\"><p><iframe loading=\"lazy\" title=\"MR16 RGB-IC spotlight - \u0110i\u1ec1u khi\u1ec3n m\u00e0u RGB t\u1eebng \u0111\u00e8n n\u1ed1i ti\u1ebfp nhau\" width=\"1020\" height=\"574\" src=\"https:\/\/www.youtube.com\/embed\/w7TXCcmHr34?feature=oembed\" frameborder=\"0\" allow=\"accelerometer; autoplay; clipboard-write; encrypted-media; gyroscope; picture-in-picture; web-share\" referrerpolicy=\"strict-origin-when-cross-origin\" allowfullscreen><\/iframe><\/p>\n<\/div>\n<p>&nbsp;<\/p>\n<p><img loading=\"lazy\" decoding=\"async\" class=\"size-medium wp-image-10251 aligncenter\" src=\"https:\/\/huepress.vn\/wp-content\/uploads\/2024\/10\/b2-381x400.png\" alt=\"\" width=\"381\" height=\"400\" srcset=\"https:\/\/huepress.vn\/wp-content\/uploads\/2024\/10\/b2-381x400.png 381w, https:\/\/huepress.vn\/wp-content\/uploads\/2024\/10\/b2-762x800.png 762w, https:\/\/huepress.vn\/wp-content\/uploads\/2024\/10\/b2-768x807.png 768w, https:\/\/huepress.vn\/wp-content\/uploads\/2024\/10\/b2-350x368.png 350w, https:\/\/huepress.vn\/wp-content\/uploads\/2024\/10\/b2.png 1345w\" sizes=\"auto, (max-width: 381px) 100vw, 381px\" \/><\/p>\n<p><img loading=\"lazy\" decoding=\"async\" class=\"size-medium wp-image-10253 aligncenter\" src=\"https:\/\/huepress.vn\/wp-content\/uploads\/2024\/10\/Picture1-711x400.jpg\" alt=\"\" width=\"711\" height=\"400\" srcset=\"https:\/\/huepress.vn\/wp-content\/uploads\/2024\/10\/Picture1-711x400.jpg 711w, https:\/\/huepress.vn\/wp-content\/uploads\/2024\/10\/Picture1-1400x788.jpg 1400w, https:\/\/huepress.vn\/wp-content\/uploads\/2024\/10\/Picture1-768x432.jpg 768w, https:\/\/huepress.vn\/wp-content\/uploads\/2024\/10\/Picture1-1536x864.jpg 1536w, https:\/\/huepress.vn\/wp-content\/uploads\/2024\/10\/Picture1-2048x1152.jpg 2048w, https:\/\/huepress.vn\/wp-content\/uploads\/2024\/10\/Picture1-350x197.jpg 350w\" sizes=\"auto, (max-width: 711px) 100vw, 711px\" \/><\/p>\n","protected":false},"excerpt":{"rendered":"<p>Tr\u1ea3i nghi\u1ec7m s\u1ea3n ph\u1ea9m \u0111\u00e8n DMX C\u00f4ng ngh\u1ec7 DMX-SPI chi\u1ebfu s\u00e1ng c\u1ea3nh quan t\u00f2a nh\u00e0, s\u00e2n v\u01b0\u1eddn, b\u1ec3 b\u01a1i &nbsp;<\/p>\n","protected":false},"featured_media":10256,"comment_status":"open","ping_status":"closed","template":"","meta":{"_acf_changed":false,"inline_featured_image":false},"product_brand":[],"product_cat":[373,180,181],"product_tag":[],"class_list":{"0":"post-10246","1":"product","2":"type-product","3":"status-publish","4":"has-post-thumbnail","6":"product_cat-den-dmx-spi-rgb","7":"product_cat-den-chong-nuoc","8":"product_cat-outdoor-spotlight","10":"first","11":"instock","12":"shipping-taxable","13":"purchasable","14":"product-type-simple"},"acf":[],"_links":{"self":[{"href":"https:\/\/huepress.vn\/en\/wp-json\/wp\/v2\/product\/10246","targetHints":{"allow":["GET"]}}],"collection":[{"href":"https:\/\/huepress.vn\/en\/wp-json\/wp\/v2\/product"}],"about":[{"href":"https:\/\/huepress.vn\/en\/wp-json\/wp\/v2\/types\/product"}],"replies":[{"embeddable":true,"href":"https:\/\/huepress.vn\/en\/wp-json\/wp\/v2\/comments?post=10246"}],"wp:featuredmedia":[{"embeddable":true,"href":"https:\/\/huepress.vn\/en\/wp-json\/wp\/v2\/media\/10256"}],"wp:attachment":[{"href":"https:\/\/huepress.vn\/en\/wp-json\/wp\/v2\/media?parent=10246"}],"wp:term":[{"taxonomy":"product_brand","embeddable":true,"href":"https:\/\/huepress.vn\/en\/wp-json\/wp\/v2\/product_brand?post=10246"},{"taxonomy":"product_cat","embeddable":true,"href":"https:\/\/huepress.vn\/en\/wp-json\/wp\/v2\/product_cat?post=10246"},{"taxonomy":"product_tag","embeddable":true,"href":"https:\/\/huepress.vn\/en\/wp-json\/wp\/v2\/product_tag?post=10246"}],"curies":[{"name":"wp","href":"https:\/\/api.w.org\/{rel}","templated":true}]}}