{"id":10219,"date":"2024-10-17T05:22:51","date_gmt":"2024-10-16T22:22:51","guid":{"rendered":"https:\/\/huepress.vn\/?post_type=product&#038;p=10219"},"modified":"2025-02-25T11:49:03","modified_gmt":"2025-02-25T04:49:03","slug":"dali-2-led-driver-cct-400w-vdc","status":"publish","type":"product","link":"https:\/\/huepress.vn\/en\/product\/dali-2-led-driver-cct-400w-vdc\/","title":{"rendered":"DALI-2 led driver CCT RGBW 400W (ngu\u1ed3n 12V-48V) h\u1ed7 tr\u1ee3 push Dim"},"content":{"rendered":"<p>&nbsp;<\/p>\n<h3>DALI-2 led driver \u0111i\u1ec1u khi\u1ec3n \u0110\u1ed9 s\u00e1ng v\u00e0 m\u00e0u CCT qua push dim<\/h3>\n<div class=\"video video-fit mb\" style=\"padding-top:56.25%;\"><p><iframe loading=\"lazy\" title=\"DALI-2 lighting h\u1ec7 th\u1ed1ng m\u1ed9t driver cho m\u1ed9t l\u1ed9 \u0111\u00e8n max 600W\" width=\"1020\" height=\"574\" src=\"https:\/\/www.youtube.com\/embed\/gHA94ANq5_8?feature=oembed\" frameborder=\"0\" allow=\"accelerometer; autoplay; clipboard-write; encrypted-media; gyroscope; picture-in-picture; web-share\" referrerpolicy=\"strict-origin-when-cross-origin\" allowfullscreen><\/iframe><\/p>\n<\/div>\n<p>&nbsp;<\/p>\n<h3>DALI-2 led driver \u0111i\u1ec1u khi\u1ec3n \u0110\u1ed9 s\u00e1ng v\u00e0 m\u00e0u CCT qua Knob Dimmer:<\/h3>\n<div class=\"video video-fit mb\" style=\"padding-top:56.25%;\"><p><iframe loading=\"lazy\" title=\"DALI Knob Dimmer - B\u1ea3o h\u00e0nh 5 n\u0103m #huepress #smart_light #Dali\" width=\"1020\" height=\"574\" src=\"https:\/\/www.youtube.com\/embed\/1efGXJYb7Sk?feature=oembed\" frameborder=\"0\" allow=\"accelerometer; autoplay; clipboard-write; encrypted-media; gyroscope; picture-in-picture; web-share\" allowfullscreen><\/iframe><\/p>\n<\/div>\n<h3>DALI-2 led driver \u0111i\u1ec1u khi\u1ec3n \u0110\u1ed9 s\u00e1ng v\u00e0 m\u00e0u CCT qua App:<\/h3>\n<div class=\"video video-fit mb\" style=\"padding-top:56.25%;\"><p><iframe loading=\"lazy\" title=\"(LiFi Building) H\u1ec7 th\u1ed1ng ph\u1ee9c h\u1ee3p IoT cho to\u00e0 nh\u00e0 - DALI DMX KNX IoT\" width=\"1020\" height=\"574\" src=\"https:\/\/www.youtube.com\/embed\/nYCBmsSxq8M?feature=oembed\" frameborder=\"0\" allow=\"accelerometer; autoplay; clipboard-write; encrypted-media; gyroscope; picture-in-picture; web-share\" allowfullscreen><\/iframe><\/p>\n<\/div>\n","protected":false},"excerpt":{"rendered":"<p>&nbsp; DALI-2 led driver \u0111i\u1ec1u khi\u1ec3n \u0110\u1ed9 s\u00e1ng v\u00e0 m\u00e0u CCT qua push dim &nbsp; DALI-2 led driver \u0111i\u1ec1u khi\u1ec3n \u0110\u1ed9 s\u00e1ng v\u00e0 m\u00e0u CCT qua Knob Dimmer: DALI-2 led driver \u0111i\u1ec1u khi\u1ec3n \u0110\u1ed9 s\u00e1ng v\u00e0 m\u00e0u CCT qua App:<\/p>\n","protected":false},"featured_media":10220,"comment_status":"open","ping_status":"closed","template":"","meta":{"_acf_changed":false,"inline_featured_image":false},"product_brand":[],"product_cat":[365,513,190],"product_tag":[515],"class_list":{"0":"post-10219","1":"product","2":"type-product","3":"status-publish","4":"has-post-thumbnail","6":"product_cat-thiet-bi-dieu-khien-master","7":"product_cat-huedriver-dali","8":"product_cat-module-dieu-khien","9":"product_tag-dali-dali-2-led-driver-bridgelux","11":"first","12":"instock","13":"shipping-taxable","14":"purchasable","15":"product-type-simple"},"acf":[],"_links":{"self":[{"href":"https:\/\/huepress.vn\/en\/wp-json\/wp\/v2\/product\/10219","targetHints":{"allow":["GET"]}}],"collection":[{"href":"https:\/\/huepress.vn\/en\/wp-json\/wp\/v2\/product"}],"about":[{"href":"https:\/\/huepress.vn\/en\/wp-json\/wp\/v2\/types\/product"}],"replies":[{"embeddable":true,"href":"https:\/\/huepress.vn\/en\/wp-json\/wp\/v2\/comments?post=10219"}],"wp:featuredmedia":[{"embeddable":true,"href":"https:\/\/huepress.vn\/en\/wp-json\/wp\/v2\/media\/10220"}],"wp:attachment":[{"href":"https:\/\/huepress.vn\/en\/wp-json\/wp\/v2\/media?parent=10219"}],"wp:term":[{"taxonomy":"product_brand","embeddable":true,"href":"https:\/\/huepress.vn\/en\/wp-json\/wp\/v2\/product_brand?post=10219"},{"taxonomy":"product_cat","embeddable":true,"href":"https:\/\/huepress.vn\/en\/wp-json\/wp\/v2\/product_cat?post=10219"},{"taxonomy":"product_tag","embeddable":true,"href":"https:\/\/huepress.vn\/en\/wp-json\/wp\/v2\/product_tag?post=10219"}],"curies":[{"name":"wp","href":"https:\/\/api.w.org\/{rel}","templated":true}]}}