{"id":10213,"date":"2024-10-11T09:59:27","date_gmt":"2024-10-11T02:59:27","guid":{"rendered":"https:\/\/huepress.vn\/?post_type=product&#038;p=10213"},"modified":"2024-11-05T10:01:39","modified_gmt":"2024-11-05T03:01:39","slug":"remote-rf-2-4g-cct-4zone","status":"publish","type":"product","link":"https:\/\/huepress.vn\/en\/product\/remote-rf-2-4g-cct-4zone\/","title":{"rendered":"Remote RF 2.4G 4 Zone- \u0111i\u1ec1u khi\u1ec3n c\u1ea9m tay h\u1ec7 CCT"},"content":{"rendered":"<h3>Video tr\u1ea3i nghi\u1ec7m s\u1ea3n ph\u1ea9m:<\/h3>\n<div class=\"video video-fit mb\" style=\"padding-top:56.25%;\"><p><iframe loading=\"lazy\" title=\"(HueBox C Series) - Vali cho \u0110\u1ea1i l\u00fd - HuePress\" width=\"1020\" height=\"574\" src=\"https:\/\/www.youtube.com\/embed\/fL7HZ9_2m3A?feature=oembed\" frameborder=\"0\" allow=\"accelerometer; autoplay; clipboard-write; encrypted-media; gyroscope; picture-in-picture; web-share\" allowfullscreen><\/iframe><\/p>\n<\/div>\n<p>&nbsp;<\/p>\n<h3><strong>Th\u00f4ng tin:<\/strong><\/h3>\n<p class=\"QN2lPu\" style=\"padding-left: 40px;\">\u25cf \u00c1p d\u1ee5ng cho b\u1ed9 \u0111i\u1ec1u khi\u1ec3n LED hai m\u00e0u (tr\u1eafng \u1ea5m + tr\u1eafng l\u1ea1nh).<\/p>\n<p class=\"QN2lPu\" style=\"padding-left: 40px;\">\u25cf B\u00e1nh xe c\u1ea3m \u1ee9ng \u0111i\u1ec1u ch\u1ec9nh m\u00e0u si\u00eau nh\u1ea1y.<\/p>\n<p class=\"QN2lPu\" style=\"padding-left: 40px;\">\u25cf M\u1ed7i \u0111i\u1ec1u khi\u1ec3n t\u1eeb xa c\u00f3 th\u1ec3 kh\u1edbp v\u1edbi m\u1ed9t ho\u1eb7c nhi\u1ec1u b\u1ed9 thu.<\/p>\n<p class=\"QN2lPu\" style=\"padding-left: 40px;\">\u25cf Ch\u1ea1y b\u1eb1ng pin AAAx2.<\/p>\n<p class=\"QN2lPu\" style=\"padding-left: 40px;\">\u25cf Ho\u1ea1t \u0111\u1ed9ng v\u1edbi \u0111\u00e8n b\u00e1o LED.<\/p>\n<p>&nbsp;<\/p>\n","protected":false},"excerpt":{"rendered":"<p>Video tr\u1ea3i nghi\u1ec7m s\u1ea3n ph\u1ea9m: &nbsp; Th\u00f4ng tin: \u25cf \u00c1p d\u1ee5ng cho b\u1ed9 \u0111i\u1ec1u khi\u1ec3n LED hai m\u00e0u (tr\u1eafng \u1ea5m + tr\u1eafng l\u1ea1nh). \u25cf B\u00e1nh xe c\u1ea3m \u1ee9ng \u0111i\u1ec1u ch\u1ec9nh m\u00e0u si\u00eau nh\u1ea1y. \u25cf M\u1ed7i \u0111i\u1ec1u khi\u1ec3n t\u1eeb xa c\u00f3 th\u1ec3 kh\u1edbp v\u1edbi m\u1ed9t ho\u1eb7c nhi\u1ec1u b\u1ed9 thu. \u25cf Ch\u1ea1y b\u1eb1ng pin AAAx2. \u25cf Ho\u1ea1t<\/p>\n","protected":false},"featured_media":10211,"comment_status":"open","ping_status":"closed","template":"","meta":{"_acf_changed":false,"inline_featured_image":false},"product_brand":[],"product_cat":[380,378],"product_tag":[701,425,702],"class_list":{"0":"post-10213","1":"product","2":"type-product","3":"status-publish","4":"has-post-thumbnail","6":"product_cat-bang-dieu-khien-ux-panel","7":"product_cat-dieu-khien-cam-tay","8":"product_tag-4-zone","9":"product_tag-cct","10":"product_tag-remote-2-4g","12":"first","13":"instock","14":"shipping-taxable","15":"purchasable","16":"product-type-simple"},"acf":[],"_links":{"self":[{"href":"https:\/\/huepress.vn\/en\/wp-json\/wp\/v2\/product\/10213","targetHints":{"allow":["GET"]}}],"collection":[{"href":"https:\/\/huepress.vn\/en\/wp-json\/wp\/v2\/product"}],"about":[{"href":"https:\/\/huepress.vn\/en\/wp-json\/wp\/v2\/types\/product"}],"replies":[{"embeddable":true,"href":"https:\/\/huepress.vn\/en\/wp-json\/wp\/v2\/comments?post=10213"}],"wp:featuredmedia":[{"embeddable":true,"href":"https:\/\/huepress.vn\/en\/wp-json\/wp\/v2\/media\/10211"}],"wp:attachment":[{"href":"https:\/\/huepress.vn\/en\/wp-json\/wp\/v2\/media?parent=10213"}],"wp:term":[{"taxonomy":"product_brand","embeddable":true,"href":"https:\/\/huepress.vn\/en\/wp-json\/wp\/v2\/product_brand?post=10213"},{"taxonomy":"product_cat","embeddable":true,"href":"https:\/\/huepress.vn\/en\/wp-json\/wp\/v2\/product_cat?post=10213"},{"taxonomy":"product_tag","embeddable":true,"href":"https:\/\/huepress.vn\/en\/wp-json\/wp\/v2\/product_tag?post=10213"}],"curies":[{"name":"wp","href":"https:\/\/api.w.org\/{rel}","templated":true}]}}