{"id":10198,"date":"2024-10-11T09:44:50","date_gmt":"2024-10-11T02:44:50","guid":{"rendered":"https:\/\/huepress.vn\/?post_type=product&#038;p=10198"},"modified":"2024-11-05T10:02:38","modified_gmt":"2024-11-05T03:02:38","slug":"cct-panel-cam-ung-220v-dmx-rf","status":"publish","type":"product","link":"https:\/\/huepress.vn\/en\/product\/cct-panel-cam-ung-220v-dmx-rf\/","title":{"rendered":"CCT panel c\u1ea3m \u1ee9ng 220V 4 Zone- \u0111i\u1ec1u khi\u1ec3n \u0111\u00e8n CCT- DMX +RF 2.4G (c\u00f3 h\u1ed7 tr\u1ee3 remote)"},"content":{"rendered":"<h3>Video tr\u1ea3i nghi\u1ec7m s\u1ea3n ph\u1ea9m:<\/h3>\n<div class=\"video video-fit mb\" style=\"padding-top:56.25%;\"><p>https:\/\/www.youtube.com\/watch?v=S_aFQTEvO7o<\/p>\n<\/div>\n<p><strong>S\u01a1 \u0111\u1ed3 \u0111\u1ea5u n\u1ed1i:<\/strong><\/p>\n<ul>\n<li>B\u1ea3ng \u0111i\u1ec1u khi\u1ec3n c\u1ea3m \u1ee9ng Ltech \u0111\u01b0\u1ee3c \u0111\u1ea5u tr\u1ef1c ti\u1ebfp c\u00e1p DMX v\u1edbi Hub t\u00edch h\u1ee3p c\u1ee7a HuePress.<\/li>\n<li>Tr\u00ean App HuePress, c\u1ea7n c\u1ea5u h\u00ecnh 4 zone t\u00f9y \u00fd<\/li>\n<\/ul>\n<p><img loading=\"lazy\" decoding=\"async\" class=\"size-medium wp-image-10196 aligncenter\" src=\"https:\/\/huepress.vn\/wp-content\/uploads\/2024\/10\/TOUCH-Picture1-716x400.png\" alt=\"\" width=\"716\" height=\"400\" srcset=\"https:\/\/huepress.vn\/wp-content\/uploads\/2024\/10\/TOUCH-Picture1-716x400.png 716w, https:\/\/huepress.vn\/wp-content\/uploads\/2024\/10\/TOUCH-Picture1-1400x782.png 1400w, https:\/\/huepress.vn\/wp-content\/uploads\/2024\/10\/TOUCH-Picture1-768x429.png 768w, https:\/\/huepress.vn\/wp-content\/uploads\/2024\/10\/TOUCH-Picture1-1536x858.png 1536w, https:\/\/huepress.vn\/wp-content\/uploads\/2024\/10\/TOUCH-Picture1-2048x1143.png 2048w, https:\/\/huepress.vn\/wp-content\/uploads\/2024\/10\/TOUCH-Picture1-350x195.png 350w\" sizes=\"auto, (max-width: 716px) 100vw, 716px\" \/><\/p>\n\t<div id=\"gap-1568571987\" class=\"gap-element clearfix\" style=\"display:block; height:auto;\">\n\t\t\n<style>\n#gap-1568571987 {\n  padding-top: 30px;\n}\n<\/style>\n\t<\/div>\n\t\n<h3>Video tr\u1ea3i nghi\u1ec7m s\u1ea3n ph\u1ea9m:<\/h3>\n<div class=\"video video-fit mb\" style=\"padding-top:56.25%;\"><p><iframe loading=\"lazy\" title=\"(HueBox C Series) - Vali cho \u0110\u1ea1i l\u00fd - HuePress\" width=\"1020\" height=\"574\" src=\"https:\/\/www.youtube.com\/embed\/fL7HZ9_2m3A?feature=oembed\" frameborder=\"0\" allow=\"accelerometer; autoplay; clipboard-write; encrypted-media; gyroscope; picture-in-picture; web-share\" allowfullscreen><\/iframe><\/p>\n<\/div>\n\t<div id=\"gap-1325808303\" class=\"gap-element clearfix\" style=\"display:block; height:auto;\">\n\t\t\n<style>\n#gap-1325808303 {\n  padding-top: 30px;\n}\n<\/style>\n\t<\/div>\n\t\n<h1 class=\"gt-block\"><strong>1. Gi\u1edbi thi\u1ec7u<\/strong><\/h1>\n<p class=\"gt-block\"><strong>B\u1ea3ng \u0111i\u1ec1u khi\u1ec3n c\u1ea3m \u1ee9ng th\u00f4ng minh &#8211; H\u1ec7 m\u00e0u CCT <\/strong><strong>(RF 2.4G+ DMX)<\/strong><\/p>\n<p><img loading=\"lazy\" decoding=\"async\" class=\"size-medium wp-image-10203 aligncenter\" src=\"https:\/\/huepress.vn\/wp-content\/uploads\/2024\/10\/Capture-1-800x342.png\" alt=\"\" width=\"800\" height=\"342\" srcset=\"https:\/\/huepress.vn\/wp-content\/uploads\/2024\/10\/Capture-1-800x342.png 800w, https:\/\/huepress.vn\/wp-content\/uploads\/2024\/10\/Capture-1-768x328.png 768w, https:\/\/huepress.vn\/wp-content\/uploads\/2024\/10\/Capture-1-350x150.png 350w, https:\/\/huepress.vn\/wp-content\/uploads\/2024\/10\/Capture-1.png 817w\" sizes=\"auto, (max-width: 800px) 100vw, 800px\" \/><\/p>\n<p><img loading=\"lazy\" decoding=\"async\" class=\"size-medium wp-image-10205 aligncenter\" src=\"https:\/\/huepress.vn\/wp-content\/uploads\/2024\/10\/Capture2.png\" alt=\"\" width=\"774\" height=\"207\" srcset=\"https:\/\/huepress.vn\/wp-content\/uploads\/2024\/10\/Capture2.png 774w, https:\/\/huepress.vn\/wp-content\/uploads\/2024\/10\/Capture2-768x205.png 768w, https:\/\/huepress.vn\/wp-content\/uploads\/2024\/10\/Capture2-350x94.png 350w\" sizes=\"auto, (max-width: 774px) 100vw, 774px\" \/><\/p>\n<p><strong>Thi\u1ebft l\u1eadp CCT panel th\u00e0nh b\u1ea3ng \u0111i\u1ec1u khi\u1ec3n kh\u00f4ng d\u00e2y (wireless)<\/strong><\/p>\n<p><img loading=\"lazy\" decoding=\"async\" class=\"size-medium wp-image-10207 aligncenter\" src=\"https:\/\/huepress.vn\/wp-content\/uploads\/2024\/10\/Capture3-1-697x400.png\" alt=\"\" width=\"697\" height=\"400\" srcset=\"https:\/\/huepress.vn\/wp-content\/uploads\/2024\/10\/Capture3-1-697x400.png 697w, https:\/\/huepress.vn\/wp-content\/uploads\/2024\/10\/Capture3-1-768x441.png 768w, https:\/\/huepress.vn\/wp-content\/uploads\/2024\/10\/Capture3-1-350x201.png 350w, https:\/\/huepress.vn\/wp-content\/uploads\/2024\/10\/Capture3-1.png 852w\" sizes=\"auto, (max-width: 697px) 100vw, 697px\" \/><\/p>\n<div class=\"57be77cde1a6ddba353152d58844f9cf\" data-index=\"5\">\n<p><strong><span id=\"product_introduction\">Remote c\u00f3 th\u1ec3 h\u1ed7 tr\u1ee3:<\/span><\/strong><\/p>\n<p>&nbsp;<\/p>\n<\/div>\n<p><img loading=\"lazy\" decoding=\"async\" class=\"alignnone size-medium wp-image-10209\" src=\"https:\/\/huepress.vn\/wp-content\/uploads\/2024\/10\/1.avif\" alt=\"\" width=\"400\" height=\"400\" \/> <img loading=\"lazy\" decoding=\"async\" class=\"alignnone size-medium wp-image-10211\" src=\"https:\/\/huepress.vn\/wp-content\/uploads\/2024\/10\/2.avif\" alt=\"\" width=\"400\" height=\"400\" \/><\/p>\n<p class=\"gt-block\">\n","protected":false},"excerpt":{"rendered":"<p>Video tr\u1ea3i nghi\u1ec7m s\u1ea3n ph\u1ea9m: S\u01a1 \u0111\u1ed3 \u0111\u1ea5u n\u1ed1i: B\u1ea3ng \u0111i\u1ec1u khi\u1ec3n c\u1ea3m \u1ee9ng Ltech \u0111\u01b0\u1ee3c \u0111\u1ea5u tr\u1ef1c ti\u1ebfp c\u00e1p DMX v\u1edbi Hub t\u00edch h\u1ee3p c\u1ee7a HuePress. Tr\u00ean App HuePress, c\u1ea7n c\u1ea5u h\u00ecnh 4 zone t\u00f9y \u00fd Video tr\u1ea3i nghi\u1ec7m s\u1ea3n ph\u1ea9m: 1. Gi\u1edbi thi\u1ec7u B\u1ea3ng \u0111i\u1ec1u khi\u1ec3n c\u1ea3m \u1ee9ng th\u00f4ng minh &#8211; H\u1ec7 m\u00e0u<\/p>\n","protected":false},"featured_media":10201,"comment_status":"open","ping_status":"closed","template":"","meta":{"_acf_changed":false,"inline_featured_image":false},"product_brand":[],"product_cat":[380,381,514],"product_tag":[521,416,552,260,261,551],"class_list":{"0":"post-10198","1":"product","2":"type-product","3":"status-publish","4":"has-post-thumbnail","6":"product_cat-bang-dieu-khien-ux-panel","7":"product_cat-touch-panel-gan-tuong","8":"product_cat-huedriver-dmx","9":"product_tag-ble","10":"product_tag-dmx","11":"product_tag-pannel","12":"product_tag-rgb","13":"product_tag-rgbw","14":"product_tag-touch","16":"first","17":"instock","18":"sale","19":"shipping-taxable","20":"purchasable","21":"product-type-simple"},"acf":[],"_links":{"self":[{"href":"https:\/\/huepress.vn\/en\/wp-json\/wp\/v2\/product\/10198","targetHints":{"allow":["GET"]}}],"collection":[{"href":"https:\/\/huepress.vn\/en\/wp-json\/wp\/v2\/product"}],"about":[{"href":"https:\/\/huepress.vn\/en\/wp-json\/wp\/v2\/types\/product"}],"replies":[{"embeddable":true,"href":"https:\/\/huepress.vn\/en\/wp-json\/wp\/v2\/comments?post=10198"}],"wp:featuredmedia":[{"embeddable":true,"href":"https:\/\/huepress.vn\/en\/wp-json\/wp\/v2\/media\/10201"}],"wp:attachment":[{"href":"https:\/\/huepress.vn\/en\/wp-json\/wp\/v2\/media?parent=10198"}],"wp:term":[{"taxonomy":"product_brand","embeddable":true,"href":"https:\/\/huepress.vn\/en\/wp-json\/wp\/v2\/product_brand?post=10198"},{"taxonomy":"product_cat","embeddable":true,"href":"https:\/\/huepress.vn\/en\/wp-json\/wp\/v2\/product_cat?post=10198"},{"taxonomy":"product_tag","embeddable":true,"href":"https:\/\/huepress.vn\/en\/wp-json\/wp\/v2\/product_tag?post=10198"}],"curies":[{"name":"wp","href":"https:\/\/api.w.org\/{rel}","templated":true}]}}