{"id":10181,"date":"2024-10-11T06:10:13","date_gmt":"2024-10-10T23:10:13","guid":{"rendered":"https:\/\/huepress.vn\/?post_type=product&#038;p=10181"},"modified":"2024-11-05T10:50:36","modified_gmt":"2024-11-05T03:50:36","slug":"dmx-knob-cong-tac-xoay-220v-dmx-rf-24g","status":"publish","type":"product","link":"https:\/\/huepress.vn\/en\/product\/dmx-knob-cong-tac-xoay-220v-dmx-rf-24g\/","title":{"rendered":"DMX Knob c\u00f4ng t\u1eafc xoay 220V &#8211; \u0111i\u1ec1u khi\u1ec3n \u0111\u00e8n CCT RF 2.4G DMX512"},"content":{"rendered":"<h3>Video tr\u1ea3i nghi\u1ec7m s\u1ea3n ph\u1ea9m:<\/h3>\n<div class=\"video video-fit mb\" style=\"padding-top:56.25%;\"><p><iframe loading=\"lazy\" title=\"C\u00f4ng t\u1eafc xoay \u0111\u1ed5i m\u00e0u CCT v\u00e0 Dim (k\u00e8m remote) - Knob Dim.CCT c\u00f3 h\u1ed7 tr\u1ee3 App\" width=\"1020\" height=\"574\" src=\"https:\/\/www.youtube.com\/embed\/nhCrRA7tLq8?feature=oembed\" frameborder=\"0\" allow=\"accelerometer; autoplay; clipboard-write; encrypted-media; gyroscope; picture-in-picture; web-share\" referrerpolicy=\"strict-origin-when-cross-origin\" allowfullscreen><\/iframe><\/p>\n<\/div>\n<h3><strong>S\u01a1 \u0111\u1ed3 \u0111\u1ea5u n\u1ed1i:<\/strong><\/h3>\n<ul>\n<li>B\u1ea3ng \u0111i\u1ec1u khi\u1ec3n c\u1ea3m \u1ee9ng Ltech \u0111\u01b0\u1ee3c \u0111\u1ea5u tr\u1ef1c ti\u1ebfp c\u00e1p DMX v\u1edbi Hub t\u00edch h\u1ee3p c\u1ee7a HuePress.<\/li>\n<li>Tr\u00ean App HuePress, c\u1ea7n c\u1ea5u h\u00ecnh 4 zone t\u00f9y \u00fd, sau \u0111\u00f3 c\u00e1c Zone n\u00e0y s\u1ebd \u0111\u01b0\u1ee3c t\u1ef1 \u0111\u1ed9ng \u0111\u1ed3ng b\u1ed9 v\u1edbi 4 Zone c\u1ee7a b\u1ea3ng \u0111i\u1ec1u khi\u1ec3n Ltech.<\/li>\n<\/ul>\n<p><img loading=\"lazy\" decoding=\"async\" class=\"wp-image-10194 aligncenter\" src=\"https:\/\/huepress.vn\/wp-content\/uploads\/2024\/10\/KNOB-Picture2-716x400.png\" alt=\"\" width=\"834\" height=\"466\" srcset=\"https:\/\/huepress.vn\/wp-content\/uploads\/2024\/10\/KNOB-Picture2-716x400.png 716w, https:\/\/huepress.vn\/wp-content\/uploads\/2024\/10\/KNOB-Picture2-1400x782.png 1400w, https:\/\/huepress.vn\/wp-content\/uploads\/2024\/10\/KNOB-Picture2-768x429.png 768w, https:\/\/huepress.vn\/wp-content\/uploads\/2024\/10\/KNOB-Picture2-1536x858.png 1536w, https:\/\/huepress.vn\/wp-content\/uploads\/2024\/10\/KNOB-Picture2-2048x1144.png 2048w, https:\/\/huepress.vn\/wp-content\/uploads\/2024\/10\/KNOB-Picture2-350x196.png 350w\" sizes=\"auto, (max-width: 834px) 100vw, 834px\" \/><\/p>\n<div id=\"gap-1194199631\" class=\"gap-element clearfix\"><\/div>\n<h1 class=\"gt-block\"><strong>1. Gi\u1edbi thi\u1ec7u<\/strong><\/h1>\n<p class=\"gt-block\"><strong>B\u1ed9 \u0111i\u1ec1u khi\u1ec3n xoay th\u00f4ng minh LTECH \u2013 H\u1ec7 m\u00e0u CCT <\/strong><strong>(RF+ DMX)<\/strong><\/p>\n<ul>\n<li style=\"list-style-type: none;\">\n<ul>\n<li>Dim<\/li>\n<li>\u0110\u1ed5i m\u00e0u CCT<\/li>\n<\/ul>\n<\/li>\n<\/ul>\n<h3><strong>H\u01b0\u1edbng d\u1eabn c\u00e0i \u0111\u1eb7t:<\/strong><\/h3>\n<p><img loading=\"lazy\" decoding=\"async\" class=\"size-medium wp-image-10187 aligncenter\" src=\"https:\/\/huepress.vn\/wp-content\/uploads\/2024\/10\/Capture-2-800x379.png\" alt=\"\" width=\"800\" height=\"379\" srcset=\"https:\/\/huepress.vn\/wp-content\/uploads\/2024\/10\/Capture-2-800x379.png 800w, https:\/\/huepress.vn\/wp-content\/uploads\/2024\/10\/Capture-2-768x364.png 768w, https:\/\/huepress.vn\/wp-content\/uploads\/2024\/10\/Capture-2-350x166.png 350w, https:\/\/huepress.vn\/wp-content\/uploads\/2024\/10\/Capture-2.png 929w\" sizes=\"auto, (max-width: 800px) 100vw, 800px\" \/><\/p>\n<h3><strong>K\u00edch th\u01b0\u1edbc v\u00e0 l\u1eafp \u0111\u1eb7t:<\/strong><\/h3>\n<p><img loading=\"lazy\" decoding=\"async\" class=\"size-medium wp-image-10189 aligncenter\" src=\"https:\/\/huepress.vn\/wp-content\/uploads\/2024\/10\/Capture-588x400.png\" alt=\"\" width=\"588\" height=\"400\" srcset=\"https:\/\/huepress.vn\/wp-content\/uploads\/2024\/10\/Capture-588x400.png 588w, https:\/\/huepress.vn\/wp-content\/uploads\/2024\/10\/Capture-768x522.png 768w, https:\/\/huepress.vn\/wp-content\/uploads\/2024\/10\/Capture-350x238.png 350w, https:\/\/huepress.vn\/wp-content\/uploads\/2024\/10\/Capture.png 879w\" sizes=\"auto, (max-width: 588px) 100vw, 588px\" \/><\/p>\n<h3><strong>C\u00e0i \u0111\u1eb7t RF 2.4G (b\u1ed5 sung th\u00eam cho k\u1ebft n\u1ed1i DMX)<\/strong><\/h3>\n<p><img loading=\"lazy\" decoding=\"async\" class=\"size-medium wp-image-10191 aligncenter\" src=\"https:\/\/huepress.vn\/wp-content\/uploads\/2024\/10\/Capture3-621x400.png\" alt=\"\" width=\"621\" height=\"400\" srcset=\"https:\/\/huepress.vn\/wp-content\/uploads\/2024\/10\/Capture3-621x400.png 621w, https:\/\/huepress.vn\/wp-content\/uploads\/2024\/10\/Capture3-768x495.png 768w, https:\/\/huepress.vn\/wp-content\/uploads\/2024\/10\/Capture3-350x226.png 350w, https:\/\/huepress.vn\/wp-content\/uploads\/2024\/10\/Capture3.png 923w\" sizes=\"auto, (max-width: 621px) 100vw, 621px\" \/><\/p>\n<p>&nbsp;<\/p>\n","protected":false},"excerpt":{"rendered":"<p>Video tr\u1ea3i nghi\u1ec7m s\u1ea3n ph\u1ea9m: S\u01a1 \u0111\u1ed3 \u0111\u1ea5u n\u1ed1i: B\u1ea3ng \u0111i\u1ec1u khi\u1ec3n c\u1ea3m \u1ee9ng Ltech \u0111\u01b0\u1ee3c \u0111\u1ea5u tr\u1ef1c ti\u1ebfp c\u00e1p DMX v\u1edbi Hub t\u00edch h\u1ee3p c\u1ee7a HuePress. Tr\u00ean App HuePress, c\u1ea7n c\u1ea5u h\u00ecnh 4 zone t\u00f9y \u00fd, sau \u0111\u00f3 c\u00e1c Zone n\u00e0y s\u1ebd \u0111\u01b0\u1ee3c t\u1ef1 \u0111\u1ed9ng \u0111\u1ed3ng b\u1ed9 v\u1edbi 4 Zone c\u1ee7a b\u1ea3ng \u0111i\u1ec1u khi\u1ec3n<\/p>\n","protected":false},"featured_media":10182,"comment_status":"open","ping_status":"closed","template":"","meta":{"_acf_changed":false,"inline_featured_image":false},"product_brand":[],"product_cat":[380,382,514],"product_tag":[425,554,416,553],"class_list":{"0":"post-10181","1":"product","2":"type-product","3":"status-publish","4":"has-post-thumbnail","6":"product_cat-bang-dieu-khien-ux-panel","7":"product_cat-cong-tac-xoay-knob","8":"product_cat-huedriver-dmx","9":"product_tag-cct","10":"product_tag-dim","11":"product_tag-dmx","12":"product_tag-knob","14":"first","15":"instock","16":"shipping-taxable","17":"purchasable","18":"product-type-simple"},"acf":[],"_links":{"self":[{"href":"https:\/\/huepress.vn\/en\/wp-json\/wp\/v2\/product\/10181","targetHints":{"allow":["GET"]}}],"collection":[{"href":"https:\/\/huepress.vn\/en\/wp-json\/wp\/v2\/product"}],"about":[{"href":"https:\/\/huepress.vn\/en\/wp-json\/wp\/v2\/types\/product"}],"replies":[{"embeddable":true,"href":"https:\/\/huepress.vn\/en\/wp-json\/wp\/v2\/comments?post=10181"}],"wp:featuredmedia":[{"embeddable":true,"href":"https:\/\/huepress.vn\/en\/wp-json\/wp\/v2\/media\/10182"}],"wp:attachment":[{"href":"https:\/\/huepress.vn\/en\/wp-json\/wp\/v2\/media?parent=10181"}],"wp:term":[{"taxonomy":"product_brand","embeddable":true,"href":"https:\/\/huepress.vn\/en\/wp-json\/wp\/v2\/product_brand?post=10181"},{"taxonomy":"product_cat","embeddable":true,"href":"https:\/\/huepress.vn\/en\/wp-json\/wp\/v2\/product_cat?post=10181"},{"taxonomy":"product_tag","embeddable":true,"href":"https:\/\/huepress.vn\/en\/wp-json\/wp\/v2\/product_tag?post=10181"}],"curies":[{"name":"wp","href":"https:\/\/api.w.org\/{rel}","templated":true}]}}