{"id":10172,"date":"2024-10-11T05:48:04","date_gmt":"2024-10-10T22:48:04","guid":{"rendered":"https:\/\/huepress.vn\/?post_type=product&#038;p=10172"},"modified":"2024-11-05T10:53:25","modified_gmt":"2024-11-05T03:53:25","slug":"ltech-touch-panel-cct-dmx-ble","status":"publish","type":"product","link":"https:\/\/huepress.vn\/en\/product\/ltech-touch-panel-cct-dmx-ble\/","title":{"rendered":"LTECH panel c\u00f4ng t\u1eafc c\u1ea3m \u1ee9ng 12V 24V 4Zone &#8211; \u0111\u00e8n CCT h\u1ec7 DMX + BLE"},"content":{"rendered":"<h3>Video h\u01b0\u1edbng d\u1eabn c\u00e0i \u0111\u1eb7t v\u1edbi APP:<\/h3>\n<div class=\"video video-fit mb\" style=\"padding-top:56.25%;\"><p><iframe loading=\"lazy\" title=\"(Ltech CCT 4 zone) H\u01b0\u1edbng d\u1eabn th\u00eam c\u00f4ng t\u1eafc v\u00e0o Hub v\u00e0 \u0111i\u1ec1u khi\u1ec3n\" width=\"1020\" height=\"574\" src=\"https:\/\/www.youtube.com\/embed\/D47a9KckCmk?feature=oembed\" frameborder=\"0\" allow=\"accelerometer; autoplay; clipboard-write; encrypted-media; gyroscope; picture-in-picture; web-share\" referrerpolicy=\"strict-origin-when-cross-origin\" allowfullscreen><\/iframe><\/p>\n<\/div>\n<h3><strong>S\u01a1 \u0111\u1ed3 \u0111\u1ea5u n\u1ed1i:<\/strong><\/h3>\n<ul>\n<li>B\u1ea3ng \u0111i\u1ec1u khi\u1ec3n c\u1ea3m \u1ee9ng Ltech \u0111\u01b0\u1ee3c \u0111\u1ea5u tr\u1ef1c ti\u1ebfp c\u00e1p DMX v\u1edbi Hub t\u00edch h\u1ee3p c\u1ee7a HuePress.<\/li>\n<li>Tr\u00ean App HuePress, c\u1ea7n c\u1ea5u h\u00ecnh 4 zone t\u00f9y \u00fd, sau \u0111\u00f3 c\u00e1c Zone n\u00e0y s\u1ebd \u0111\u01b0\u1ee3c t\u1ef1 \u0111\u1ed9ng \u0111\u1ed3ng b\u1ed9 v\u1edbi 4 Zone c\u1ee7a b\u1ea3ng \u0111i\u1ec1u khi\u1ec3n Ltech.<\/li>\n<\/ul>\n<p><img loading=\"lazy\" decoding=\"async\" class=\"size-medium wp-image-10196 aligncenter\" src=\"https:\/\/huepress.vn\/wp-content\/uploads\/2024\/10\/TOUCH-Picture1-716x400.png\" alt=\"\" width=\"716\" height=\"400\" srcset=\"https:\/\/huepress.vn\/wp-content\/uploads\/2024\/10\/TOUCH-Picture1-716x400.png 716w, https:\/\/huepress.vn\/wp-content\/uploads\/2024\/10\/TOUCH-Picture1-1400x782.png 1400w, https:\/\/huepress.vn\/wp-content\/uploads\/2024\/10\/TOUCH-Picture1-768x429.png 768w, https:\/\/huepress.vn\/wp-content\/uploads\/2024\/10\/TOUCH-Picture1-1536x858.png 1536w, https:\/\/huepress.vn\/wp-content\/uploads\/2024\/10\/TOUCH-Picture1-2048x1143.png 2048w, https:\/\/huepress.vn\/wp-content\/uploads\/2024\/10\/TOUCH-Picture1-350x195.png 350w\" sizes=\"auto, (max-width: 716px) 100vw, 716px\" \/><\/p>\n\t<div id=\"gap-1964986525\" class=\"gap-element clearfix\" style=\"display:block; height:auto;\">\n\t\t\n<style>\n#gap-1964986525 {\n  padding-top: 30px;\n}\n<\/style>\n\t<\/div>\n\t\n<h3>Video tr\u1ea3i nghi\u1ec7m s\u1ea3n ph\u1ea9m:<\/h3>\n<div class=\"video video-fit mb\" style=\"padding-top:56.25%;\"><p><iframe loading=\"lazy\" title=\"(Ltech x HuePress) B\u1ea3ng \u0111i\u1ec1u khi\u1ec3n m\u00e0u \u0111\u00e8n cao c\u1ea5p 4 Zone \u0111\u1ed9c l\u1eadp\" width=\"1020\" height=\"574\" src=\"https:\/\/www.youtube.com\/embed\/PeR9t5BHX10?feature=oembed\" frameborder=\"0\" allow=\"accelerometer; autoplay; clipboard-write; encrypted-media; gyroscope; picture-in-picture; web-share\" referrerpolicy=\"strict-origin-when-cross-origin\" allowfullscreen><\/iframe><\/p>\n<\/div>\n\t<div id=\"gap-465981583\" class=\"gap-element clearfix\" style=\"display:block; height:auto;\">\n\t\t\n<style>\n#gap-465981583 {\n  padding-top: 30px;\n}\n<\/style>\n\t<\/div>\n\t\n<h1 class=\"gt-block\"><strong>1. Gi\u1edbi thi\u1ec7u<\/strong><\/h1>\n<p class=\"gt-block\"><strong>B\u1ea3ng \u0111i\u1ec1u khi\u1ec3n c\u1ea3m \u1ee9ng th\u00f4ng minh LTECH &#8211; H\u1ec7 m\u00e0u CCT <\/strong><strong>(Bluetooth + DMX)<\/strong><\/p>\n<p><img decoding=\"async\" class=\"aligncenter\" src=\"https:\/\/manuals.plus\/wp-content\/uploads\/2022\/03\/LTECH-UB1-Intelligent-Touch-Panel-Bluetooth-DMX-Programmable-550x356.png\" alt=\"B\u1ea3ng \u0111i\u1ec1u khi\u1ec3n c\u1ea3m \u1ee9ng th\u00f4ng minh LTECH UB1 Bluetooth DMX c\u00f3 th\u1ec3 l\u1eadp tr\u00ecnh\" \/><\/p>\n<div class=\"57be77cde1a6ddba353152d58844f9cf\" data-index=\"5\">\n<p><strong><span id=\"product_introduction\">Gi\u01a1i thi\u00ea\u0323u sa\u0309n ph\u00e2\u0309m<\/span><\/strong><\/p>\n<p>B\u1ea3ng \u0111i\u1ec1u khi\u1ec3n c\u1ea3m \u1ee9ng th\u00f4ng minh l\u00e0 m\u1ed9t c\u00f4ng t\u1eafc \u00e2m t\u01b0\u1eddng c\u01a1 b\u1ea3n c\u1ee7a M\u1ef9, t\u00edch h\u1ee3p Bluetooth h 5.0 SIG Mesh v\u00e0 t\u00edn hi\u1ec7u DMX.<\/p>\n<p>N\u00f3 l\u00e0 m\u1ed9t thi\u1ebft k\u1ebf \u0111\u01a1n gi\u1ea3n nh\u01b0ng thanh l\u1ecbch v\u1edbi khung nh\u00f4m h\u00e0ng kh\u00f4ng CNC v\u00e0 k\u00ednh c\u01b0\u1eddng l\u1ef1c 2.5D. B\u1ea3ng \u0111i\u1ec1u khi\u1ec3n ph\u00f9 h\u1ee3p cho c\u00e1c \u1ee9ng d\u1ee5ng \u0111i\u1ec1u khi\u1ec3n \u00e1nh s\u00e1ng \u0111a c\u1ea3nh v\u00e0 \u0111a v\u00f9ng. L\u00e0m vi\u1ec7c v\u1edbi h\u1ec7 th\u1ed1ng Bluetooth (k\u1ebft n\u1ed1i v\u1edbi App Ltech) gi\u00fap thu\u1eadn ti\u1ec7n v\u00e0 th\u00f4ng minh h\u01a1n.<\/p>\n<\/div>\n<p><img decoding=\"async\" class=\"aligncenter\" src=\"https:\/\/manuals.plus\/wp-content\/uploads\/2022\/03\/LTECH-UB1-Intelligent-Touch-Panel-Bluetooth-DMX-Programmable-Product-Size-508x550.png\" alt=\"B\u1ea3ng \u0111i\u1ec1u khi\u1ec3n c\u1ea3m \u1ee9ng th\u00f4ng minh LTECH UB1 C\u00f3 th\u1ec3 l\u1eadp tr\u00ecnh Bluetooth DMX - K\u00edch th\u01b0\u1edbc s\u1ea3n ph\u1ea9m\" \/><\/p>\n<h1 class=\"gt-block\"><strong>2. H\u01b0\u1edbng d\u1eabn k\u1ebft n\u1ed1i App Ltech qua BLE<\/strong><\/h1>\n<p class=\"gt-block\"><strong>L\u01b0u \u00fd:<\/strong> App LiFi Home v\u00e0 c\u00e1c n\u1ec1n t\u1ea3ng smarthome to\u00e0n c\u1ea7u th\u00ec kh\u00f4ng c\u1ea7n k\u1ebft n\u1ed1i hay c\u1ea5u h\u00ecnh b\u1ed9 Ltech panel g\u1eafn t\u01b0\u1eddng (ch\u1ec9 c\u1ea7n thi\u1ebft l\u1eadp 4 Zone ph\u00f9 h\u1ee3p)<\/p>\n<h3 class=\"gt-block\"><strong>2.1. H\u01b0\u1edbng d\u1eabn v\u1edbi Ltech App:<\/strong><br \/>\nT\u1ea1o nh\u00e0 n\u1ebfu b\u1ea1n l\u00e0 ng\u01b0\u1eddi d\u00f9ng m\u1edbi.<\/h3>\n<p class=\"gt-block\">Nh\u1ea5p v\u00e0o bi\u1ec3u t\u01b0\u1ee3ng \u201c+\u201d \u1edf g\u00f3c tr\u00ean b\u00ean ph\u1ea3i v\u00e0 truy c\u1eadp danh s\u00e1ch \u201cTh\u00eam thi\u1ebft b\u1ecb\u201d.<\/p>\n<p class=\"gt-block\">L\u00e0m theo l\u1eddi nh\u1eafc \u0111\u1ec3 th\u00eam tr\u00ecnh \u0111i\u1ec1u khi\u1ec3n \u0111\u00e8n LED tr\u01b0\u1edbc, sau \u0111\u00f3 ch\u1ecdn \u201cB\u1ea3ng \u0111i\u1ec1u khi\u1ec3n LED-B\u1ea3ng \u0111i\u1ec1u khi\u1ec3n c\u1ea3m \u1ee9ng\u201d t\u1eeb danh s\u00e1ch thi\u1ebft b\u1ecb.<\/p>\n<p class=\"gt-block\">L\u00e0m theo l\u1eddi nh\u1eafc \u0111\u1ec3 k\u00edch ho\u1ea1t thi\u1ebft b\u1ecb, sau \u0111\u00f3 nh\u1ea5p v\u00e0o \u201cT\u00ecm ki\u1ebfm qua Bluetooth\u201d \u0111\u1ec3 th\u00eam thi\u1ebft b\u1ecb.<\/p>\n<p class=\"gt-block\"><strong>2.2. C\u00e1ch \u0111\u1eb7t l\u1ea1i thi\u1ebft b\u1ecb v\u1ec1 m\u1eb7c \u0111\u1ecbnh ban \u0111\u1ea7u: <\/strong><\/p>\n<p class=\"gt-block\">Khi b\u1ea3ng \u0111i\u1ec1u khi\u1ec3n \u0111\u01b0\u1ee3c b\u1eadt ngu\u1ed3n (\u0111\u00e8n b\u00e1o m\u00e0u tr\u1eafng), nh\u1ea5n v\u00e0 gi\u1eef ph\u00edm A v\u00e0 ph\u00edm D trong 6s. N\u1ebfu t\u1ea5t c\u1ea3 c\u00e1c \u0111\u00e8n b\u00e1o c\u1ee7a b\u1ea3ng \u0111i\u1ec1u khi\u1ec3n nh\u1ea5p nh\u00e1y nhi\u1ec1u l\u1ea7n, \u0111i\u1ec1u \u0111\u00f3 c\u00f3 ngh\u0129a l\u00e0 thi\u1ebft b\u1ecb \u0111\u00e3 \u0111\u01b0\u1ee3c \u0111\u1eb7t l\u1ea1i v\u1ec1 c\u00e0i \u0111\u1eb7t g\u1ed1c.<\/p>\n<p class=\"gt-block\"><img loading=\"lazy\" decoding=\"async\" class=\"alignnone size-medium wp-image-2497194 aligncenter\" src=\"https:\/\/manuals.plus\/wp-content\/uploads\/2022\/03\/LTECH-UB1-Intelligent-Touch-Panel-Bluetooth-DMX-Programmable-ED-driver-550x324.png\" sizes=\"auto, (max-width: 550px) 100vw, 550px\" srcset=\"https:\/\/manuals.plus\/wp-content\/uploads\/2022\/03\/LTECH-UB1-Intelligent-Touch-Panel-Bluetooth-DMX-Programmable-ED-driver-550x324.png 550w, https:\/\/manuals.plus\/wp-content\/uploads\/2022\/03\/LTECH-UB1-Intelligent-Touch-Panel-Bluetooth-DMX-Programmable-ED-driver-1024x603.png 1024w, https:\/\/manuals.plus\/wp-content\/uploads\/2022\/03\/LTECH-UB1-Intelligent-Touch-Panel-Bluetooth-DMX-Programmable-ED-driver-768x452.png 768w, https:\/\/manuals.plus\/wp-content\/uploads\/2022\/03\/LTECH-UB1-Intelligent-Touch-Panel-Bluetooth-DMX-Programmable-ED-driver.png 1227w\" alt=\"B\u1ea3ng \u0111i\u1ec1u khi\u1ec3n c\u1ea3m \u1ee9ng th\u00f4ng minh LTECH UB1 C\u00f3 th\u1ec3 l\u1eadp tr\u00ecnh Bluetooth DMX - Tr\u00ecnh \u0111i\u1ec1u khi\u1ec3n ED\" width=\"550\" height=\"324\" \/><\/p>\n<h3 class=\"gt-block\"><strong>2.3. C\u00e1ch li\u00ean k\u1ebft \u0111\u00e8n \/ nh\u00f3m \u00e1nh s\u00e1ng v\u00e0 l\u01b0u c\u1ea3nh<\/strong><\/h3>\n<p class=\"gt-block\">Sau khi gh\u00e9p n\u1ed1i, h\u00e3y truy c\u1eadp v\u00e0o giao di\u1ec7n \u0111i\u1ec1u khi\u1ec3n v\u00e0 ch\u1ecdn n\u00fat cho \u00e1nh s\u00e1ng v\u00f9ng m\u00e0 b\u1ea1n s\u1ebd ch\u1ec9nh s\u1eeda. B\u1ea1n c\u00f3 th\u1ec3 li\u00ean k\u1ebft \u0111\u00e8n v\u00e0 nh\u00f3m \u00e1nh s\u00e1ng v\u1edbi c\u00e1c n\u00fat.<br \/>\nC\u1ea3nh c\u1ee5c b\u1ed9: Sau khi \u0111i\u1ec1u ch\u1ec9nh \u00e1nh s\u00e1ng v\u00f9ng sang tr\u1ea1ng th\u00e1i th\u00edch h\u1ee3p, h\u00e3y nh\u1ea5p v\u00e0o \u201cL\u01b0u\u201d v\u00e0 l\u00e0m theo l\u1eddi nh\u1eafc \u0111\u1ec3 l\u01b0u tr\u1ea1ng th\u00e1i chi\u1ebfu s\u00e1ng v\u00f9ng trong c\u1ea3nh. Sau khi l\u01b0u, nh\u1ea5p v\u00e0o n\u00fat c\u1ea3nh t\u01b0\u01a1ng \u1ee9ng \u0111\u1ec3 th\u1ef1c hi\u1ec7n c\u1ea3nh chi\u1ebfu s\u00e1ng c\u1ee5c b\u1ed9 hi\u1ec7n t\u1ea1i (H\u1ed7 tr\u1ee3 16 c\u1ea3nh hi\u1ec7n t\u1ea1i).<\/p>\n<p><img loading=\"lazy\" decoding=\"async\" class=\"alignnone size-medium wp-image-2497172 aligncenter\" src=\"https:\/\/manuals.plus\/wp-content\/uploads\/2022\/03\/LTECH-UB1-Intelligent-Touch-Panel-Bluetooth-DMX-Programmable-light-550x322.png\" sizes=\"auto, (max-width: 550px) 100vw, 550px\" srcset=\"https:\/\/manuals.plus\/wp-content\/uploads\/2022\/03\/LTECH-UB1-Intelligent-Touch-Panel-Bluetooth-DMX-Programmable-light-550x322.png 550w, https:\/\/manuals.plus\/wp-content\/uploads\/2022\/03\/LTECH-UB1-Intelligent-Touch-Panel-Bluetooth-DMX-Programmable-light-1024x600.png 1024w, https:\/\/manuals.plus\/wp-content\/uploads\/2022\/03\/LTECH-UB1-Intelligent-Touch-Panel-Bluetooth-DMX-Programmable-light-768x450.png 768w, https:\/\/manuals.plus\/wp-content\/uploads\/2022\/03\/LTECH-UB1-Intelligent-Touch-Panel-Bluetooth-DMX-Programmable-light.png 1234w\" alt=\"B\u1ea3ng \u0111i\u1ec1u khi\u1ec3n c\u1ea3m \u1ee9ng th\u00f4ng minh LTECH UB1 Bluetooth DMX c\u00f3 th\u1ec3 l\u1eadp tr\u00ecnh - \u00e1nh s\u00e1ng\" width=\"550\" height=\"322\" \/><\/p>\n<p><strong>2.4. C\u00e1ch k\u1ebft n\u1ed1i \u0111i\u1ec1u khi\u1ec3n t\u1eeb xa Bluetooth \/ c\u00f4ng t\u1eafc kh\u00f4ng d\u00e2y th\u00f4ng minh Bluetooth c\u1ee7a Ltech<\/strong><\/p>\n<p>Vui l\u00f2ng tham kh\u1ea3o h\u01b0\u1edbng d\u1eabn s\u1eed d\u1ee5ng \u0111i\u1ec1u khi\u1ec3n t\u1eeb xa Bluetooth \/ c\u00f4ng t\u1eafc kh\u00f4ng d\u00e2y th\u00f4ng minh Bluetooth. Sau khi th\u00eam thi\u1ebft b\u1ecb, h\u00e3y truy c\u1eadp giao di\u1ec7n \u0111i\u1ec1u khi\u1ec3n v\u00e0 li\u00ean k\u1ebft c\u00e1c b\u1ea3ng c\u1ea3m \u1ee9ng th\u00f4ng minh t\u01b0\u01a1ng \u1ee9ng.<img loading=\"lazy\" decoding=\"async\" class=\"alignnone size-medium wp-image-2497188 aligncenter\" src=\"https:\/\/manuals.plus\/wp-content\/uploads\/2022\/03\/LTECH-UB1-Intelligent-Touch-Panel-Bluetooth-DMX-Programmable-bluetooth-550x322.png\" sizes=\"auto, (max-width: 550px) 100vw, 550px\" srcset=\"https:\/\/manuals.plus\/wp-content\/uploads\/2022\/03\/LTECH-UB1-Intelligent-Touch-Panel-Bluetooth-DMX-Programmable-bluetooth-550x322.png 550w, https:\/\/manuals.plus\/wp-content\/uploads\/2022\/03\/LTECH-UB1-Intelligent-Touch-Panel-Bluetooth-DMX-Programmable-bluetooth-1024x599.png 1024w, https:\/\/manuals.plus\/wp-content\/uploads\/2022\/03\/LTECH-UB1-Intelligent-Touch-Panel-Bluetooth-DMX-Programmable-bluetooth-768x449.png 768w, https:\/\/manuals.plus\/wp-content\/uploads\/2022\/03\/LTECH-UB1-Intelligent-Touch-Panel-Bluetooth-DMX-Programmable-bluetooth.png 1227w\" alt=\"B\u1ea3ng \u0111i\u1ec1u khi\u1ec3n c\u1ea3m \u1ee9ng th\u00f4ng minh LTECH UB1 C\u00f3 th\u1ec3 l\u1eadp tr\u00ecnh Bluetooth DMX - bluetooth\" width=\"550\" height=\"322\" \/><\/p>\n<h3 class=\"gt-block\"><strong>2.5. Ch\u1ebf \u0111\u1ed9 b\u00ecnh th\u01b0\u1eddng v\u00e0 ch\u1ebf \u0111\u1ed9 n\u00e2ng cao<\/strong><\/h3>\n<p class=\"gt-block\">Ch\u1ebf \u0111\u1ed9 b\u00ecnh th\u01b0\u1eddng: Nh\u1ea5p v\u00e0o bi\u1ec3u t\u01b0\u1ee3ng \u201cCh\u1ebf \u0111\u1ed9\u201d v\u00e0 truy c\u1eadp giao di\u1ec7n ch\u1ebf \u0111\u1ed9. Nh\u1ea5p v\u00e0o v\u00f9ng tr\u1ed1ng c\u1ee7a ch\u1ebf \u0111\u1ed9 v\u00e0 n\u00f3 c\u00f3 th\u1ec3 \u0111\u01b0\u1ee3c th\u1ef1c thi. C\u00f3 t\u1ed5ng c\u1ed9ng 12 ch\u1ebf \u0111\u1ed9 b\u00ecnh th\u01b0\u1eddng c\u00f3 th\u1ec3 ch\u1ec9nh s\u1eeda \u0111\u1ec3 \u0111\u00e1p \u1ee9ng nhu c\u1ea7u chung c\u1ee7a kh\u00e1ch h\u00e0ng (Hi\u1ec7n t\u1ea1i, ch\u1ec9 c\u00f3 RGBW &amp; RGBWY h\u1ed7 tr\u1ee3 c\u00e1c ch\u1ebf \u0111\u1ed9 b\u00ecnh th\u01b0\u1eddng). Ch\u1ebf \u0111\u1ed9 n\u00e2ng cao: Nh\u1ea5p v\u00e0o v\u00f9ng tr\u1ed1ng c\u1ee7a ch\u1ebf \u0111\u1ed9 v\u00e0 n\u00f3 c\u00f3 th\u1ec3 \u0111\u01b0\u1ee3c th\u1ef1c thi. C\u00f3 t\u1ed5ng c\u1ed9ng 8 ch\u1ebf \u0111\u1ed9 n\u00e2ng cao c\u00f3 th\u1ec3 ch\u1ec9nh s\u1eeda \u0111\u00e1p \u1ee9ng nhu c\u1ea7u chung c\u1ee7a kh\u00e1ch h\u00e0ng.<img loading=\"lazy\" decoding=\"async\" class=\"alignnone wp-image-2497193 aligncenter\" src=\"https:\/\/manuals.plus\/wp-content\/uploads\/2022\/03\/LTECH-UB1-Intelligent-Touch-Panel-Bluetooth-DMX-Programmable-customers-550x494.png\" sizes=\"auto, (max-width: 360px) 100vw, 360px\" srcset=\"https:\/\/manuals.plus\/wp-content\/uploads\/2022\/03\/LTECH-UB1-Intelligent-Touch-Panel-Bluetooth-DMX-Programmable-customers-550x494.png 550w, https:\/\/manuals.plus\/wp-content\/uploads\/2022\/03\/LTECH-UB1-Intelligent-Touch-Panel-Bluetooth-DMX-Programmable-customers-768x690.png 768w, https:\/\/manuals.plus\/wp-content\/uploads\/2022\/03\/LTECH-UB1-Intelligent-Touch-Panel-Bluetooth-DMX-Programmable-customers.png 797w\" alt=\"B\u1ea3ng \u0111i\u1ec1u khi\u1ec3n c\u1ea3m \u1ee9ng th\u00f4ng minh LTECH UB1 Bluetooth DMX c\u00f3 th\u1ec3 l\u1eadp tr\u00ecnh - kh\u00e1ch h\u00e0ng\" width=\"360\" height=\"323\" \/><\/p>\n<p>Ch\u1ec9nh s\u1eeda ch\u1ebf \u0111\u1ed9: Chuy\u1ec3n sang menu \u201cT\u00f4i\u201d v\u00e0 nh\u1ea5p v\u00e0o \u201cC\u00e0i \u0111\u1eb7t ch\u1ebf \u0111\u1ed9 chi\u1ebfu s\u00e1ng\u201d. Sau khi ch\u1ecdn lo\u1ea1i \u0111\u00e8n chi\u1ebfu s\u00e1ng, h\u00e3y nh\u1ea5p v\u00e0o v\u00f9ng tr\u1ed1ng c\u1ee7a ch\u1ebf \u0111\u1ed9 \u0111\u1ec3 truy c\u1eadp v\u00e0o giao di\u1ec7n ch\u1ebf \u0111\u1ed9 c\u00f3 th\u1ec3 ch\u1ec9nh s\u1eeda v\u00e0 ch\u1ec9nh s\u1eeda n\u00f3.<img loading=\"lazy\" decoding=\"async\" class=\"size-medium wp-image-2497196 aligncenter\" src=\"https:\/\/manuals.plus\/wp-content\/uploads\/2022\/03\/LTECH-UB1-Intelligent-Touch-Panel-Bluetooth-DMX-Programmable-editable-550x300.png\" sizes=\"auto, (max-width: 550px) 100vw, 550px\" srcset=\"https:\/\/manuals.plus\/wp-content\/uploads\/2022\/03\/LTECH-UB1-Intelligent-Touch-Panel-Bluetooth-DMX-Programmable-editable-550x300.png 550w, https:\/\/manuals.plus\/wp-content\/uploads\/2022\/03\/LTECH-UB1-Intelligent-Touch-Panel-Bluetooth-DMX-Programmable-editable-1024x559.png 1024w, https:\/\/manuals.plus\/wp-content\/uploads\/2022\/03\/LTECH-UB1-Intelligent-Touch-Panel-Bluetooth-DMX-Programmable-editable-768x420.png 768w, https:\/\/manuals.plus\/wp-content\/uploads\/2022\/03\/LTECH-UB1-Intelligent-Touch-Panel-Bluetooth-DMX-Programmable-editable.png 1318w\" alt=\"B\u1ea3ng \u0111i\u1ec1u khi\u1ec3n c\u1ea3m \u1ee9ng th\u00f4ng minh LTECH UB1 Bluetooth DMX c\u00f3 th\u1ec3 l\u1eadp tr\u00ecnh - c\u00f3 th\u1ec3 ch\u1ec9nh s\u1eeda\" width=\"550\" height=\"300\" \/><\/p>\n<p>Sau khi ho\u00e0n t\u1ea5t ch\u1ec9nh s\u1eeda, h\u00e3y nh\u1ea5p v\u00e0o \u201c\u00c1p d\u1ee5ng\u201d v\u00e0 ch\u1ebf \u0111\u1ed9 n\u00e0y c\u00f3 th\u1ec3 \u0111\u01b0\u1ee3c \u00e1p d\u1ee5ng cho thi\u1ebft b\u1ecb.<img loading=\"lazy\" decoding=\"async\" class=\"alignnone size-medium wp-image-2497197 aligncenter\" src=\"https:\/\/manuals.plus\/wp-content\/uploads\/2022\/03\/LTECH-UB1-Intelligent-Touch-Panel-Bluetooth-DMX-Programmable-editing-550x308.png\" sizes=\"auto, (max-width: 550px) 100vw, 550px\" srcset=\"https:\/\/manuals.plus\/wp-content\/uploads\/2022\/03\/LTECH-UB1-Intelligent-Touch-Panel-Bluetooth-DMX-Programmable-editing-550x308.png 550w, https:\/\/manuals.plus\/wp-content\/uploads\/2022\/03\/LTECH-UB1-Intelligent-Touch-Panel-Bluetooth-DMX-Programmable-editing-1024x574.png 1024w, https:\/\/manuals.plus\/wp-content\/uploads\/2022\/03\/LTECH-UB1-Intelligent-Touch-Panel-Bluetooth-DMX-Programmable-editing-768x430.png 768w, https:\/\/manuals.plus\/wp-content\/uploads\/2022\/03\/LTECH-UB1-Intelligent-Touch-Panel-Bluetooth-DMX-Programmable-editing.png 1281w\" alt=\"B\u1ea3ng \u0111i\u1ec1u khi\u1ec3n c\u1ea3m \u1ee9ng th\u00f4ng minh LTECH UB1 Bluetooth DMX c\u00f3 th\u1ec3 l\u1eadp tr\u00ecnh - ch\u1ec9nh s\u1eeda\" width=\"550\" height=\"308\" \/><\/p>\n<h3 class=\"gt-block\"><strong>2.6. C\u00e1ch chia s\u1ebb quy\u1ec1n ki\u1ec3m so\u00e1t ng\u00f4i nh\u00e0 c\u1ee7a b\u1ea1n qua app Ltech<\/strong><\/h3>\n<p class=\"gt-block\">M\u00f4 h\u00ecnh chia s\u1ebb nh\u00e0 \u0111\u01b0\u1ee3c \u00e1p d\u1ee5ng c\u00f3 th\u1ec3 chia s\u1ebb nh\u00e0 ho\u1eb7c chuy\u1ec3n ng\u01b0\u1eddi s\u00e1ng l\u1eadp nh\u00e0 cho c\u00e1c th\u00e0nh vi\u00ean kh\u00e1c trong nh\u00e0. Chuy\u1ec3n sang menu \u201cT\u00f4i\u201d v\u00e0 ch\u1ecdn \u201cQu\u1ea3n l\u00fd nh\u00e0\u201d. Nh\u1ea5p v\u00e0o nh\u00e0 b\u1ea1n mu\u1ed1n chia s\u1ebb v\u00e0 nh\u1ea5p v\u00e0o \u201cTh\u00eam th\u00e0nh vi\u00ean\u201d, sau \u0111\u00f3 l\u00e0m theo l\u1eddi nh\u1eafc \u0111\u1ec3 ho\u00e0n t\u1ea5t vi\u1ec7c chia s\u1ebb nh\u00e0.<img loading=\"lazy\" decoding=\"async\" class=\"alignnone size-medium wp-image-2497190 aligncenter\" src=\"https:\/\/manuals.plus\/wp-content\/uploads\/2022\/03\/LTECH-UB1-Intelligent-Touch-Panel-Bluetooth-DMX-Programmable-contro-1l-550x323.png\" sizes=\"auto, (max-width: 550px) 100vw, 550px\" srcset=\"https:\/\/manuals.plus\/wp-content\/uploads\/2022\/03\/LTECH-UB1-Intelligent-Touch-Panel-Bluetooth-DMX-Programmable-contro-1l-550x323.png 550w, https:\/\/manuals.plus\/wp-content\/uploads\/2022\/03\/LTECH-UB1-Intelligent-Touch-Panel-Bluetooth-DMX-Programmable-contro-1l-1024x602.png 1024w, https:\/\/manuals.plus\/wp-content\/uploads\/2022\/03\/LTECH-UB1-Intelligent-Touch-Panel-Bluetooth-DMX-Programmable-contro-1l-768x451.png 768w, https:\/\/manuals.plus\/wp-content\/uploads\/2022\/03\/LTECH-UB1-Intelligent-Touch-Panel-Bluetooth-DMX-Programmable-contro-1l.png 1224w\" alt=\"B\u1ea3ng \u0111i\u1ec1u khi\u1ec3n c\u1ea3m \u1ee9ng th\u00f4ng minh LTECH UB1 C\u00f3 th\u1ec3 l\u1eadp tr\u00ecnh Bluetooth DMX - \u0111i\u1ec1u khi\u1ec3n 1l\" width=\"550\" height=\"323\" \/><\/p>\n","protected":false},"excerpt":{"rendered":"<p>Video h\u01b0\u1edbng d\u1eabn c\u00e0i \u0111\u1eb7t v\u1edbi APP: S\u01a1 \u0111\u1ed3 \u0111\u1ea5u n\u1ed1i: B\u1ea3ng \u0111i\u1ec1u khi\u1ec3n c\u1ea3m \u1ee9ng Ltech \u0111\u01b0\u1ee3c \u0111\u1ea5u tr\u1ef1c ti\u1ebfp c\u00e1p DMX v\u1edbi Hub t\u00edch h\u1ee3p c\u1ee7a HuePress. Tr\u00ean App HuePress, c\u1ea7n c\u1ea5u h\u00ecnh 4 zone t\u00f9y \u00fd, sau \u0111\u00f3 c\u00e1c Zone n\u00e0y s\u1ebd \u0111\u01b0\u1ee3c t\u1ef1 \u0111\u1ed9ng \u0111\u1ed3ng b\u1ed9 v\u1edbi 4 Zone c\u1ee7a b\u1ea3ng<\/p>\n","protected":false},"featured_media":10173,"comment_status":"open","ping_status":"closed","template":"","meta":{"_acf_changed":false,"inline_featured_image":false},"product_brand":[],"product_cat":[380,381,514],"product_tag":[521,416,700,552,260,261,551],"class_list":{"0":"post-10172","1":"product","2":"type-product","3":"status-publish","4":"has-post-thumbnail","6":"product_cat-bang-dieu-khien-ux-panel","7":"product_cat-touch-panel-gan-tuong","8":"product_cat-huedriver-dmx","9":"product_tag-ble","10":"product_tag-dmx","11":"product_tag-ltech","12":"product_tag-pannel","13":"product_tag-rgb","14":"product_tag-rgbw","15":"product_tag-touch","17":"first","18":"instock","19":"sale","20":"shipping-taxable","21":"purchasable","22":"product-type-simple"},"acf":[],"_links":{"self":[{"href":"https:\/\/huepress.vn\/en\/wp-json\/wp\/v2\/product\/10172","targetHints":{"allow":["GET"]}}],"collection":[{"href":"https:\/\/huepress.vn\/en\/wp-json\/wp\/v2\/product"}],"about":[{"href":"https:\/\/huepress.vn\/en\/wp-json\/wp\/v2\/types\/product"}],"replies":[{"embeddable":true,"href":"https:\/\/huepress.vn\/en\/wp-json\/wp\/v2\/comments?post=10172"}],"wp:featuredmedia":[{"embeddable":true,"href":"https:\/\/huepress.vn\/en\/wp-json\/wp\/v2\/media\/10173"}],"wp:attachment":[{"href":"https:\/\/huepress.vn\/en\/wp-json\/wp\/v2\/media?parent=10172"}],"wp:term":[{"taxonomy":"product_brand","embeddable":true,"href":"https:\/\/huepress.vn\/en\/wp-json\/wp\/v2\/product_brand?post=10172"},{"taxonomy":"product_cat","embeddable":true,"href":"https:\/\/huepress.vn\/en\/wp-json\/wp\/v2\/product_cat?post=10172"},{"taxonomy":"product_tag","embeddable":true,"href":"https:\/\/huepress.vn\/en\/wp-json\/wp\/v2\/product_tag?post=10172"}],"curies":[{"name":"wp","href":"https:\/\/api.w.org\/{rel}","templated":true}]}}