{"id":4747,"date":"2021-12-21T15:04:01","date_gmt":"2021-12-21T08:04:01","guid":{"rendered":"https:\/\/huepress.vn\/cong-nghe-moi\/"},"modified":"2023-03-21T11:38:32","modified_gmt":"2023-03-21T04:38:32","slug":"new-technology","status":"publish","type":"page","link":"https:\/\/huepress.vn\/en\/new-technology\/","title":{"rendered":"New technology"},"content":{"rendered":"  <div id=\"page-header-1768049492\" class=\"page-header-wrapper\">\n  <div class=\"page-title dark featured-title\">\n\n    \n    <div class=\"page-title-inner container align-center flex-row medium-flex-wrap\" >\n              <div class=\"title-wrapper flex-col text-left medium-text-center\">\n          <h1 class=\"entry-title mb-0\">\n            New technology          <\/h1>\n        <\/div>\n                    <div class=\"title-content flex-col flex-right text-right medium-text-center\">\n        <div class=\"title-breadcrumbs pb-half pt-half\"><nav class=\"woocommerce-breadcrumb breadcrumbs \" aria-label=\"Breadcrumb\">Home<\/nav><\/div>      <\/div>\n    <\/div>\n\n       <\/div>\n    <\/div>\n  \n\n\t<section class=\"section\" id=\"section_194500127\">\n\t\t<div class=\"section-bg fill\" >\n\t\t\t\t\t\t\t\t\t\n\t\t\t\n\n\t\t<\/div>\n\n\t\t\n\n\t\t<div class=\"section-content relative\">\n\t\t\t\n<div class=\"row align-middle align-center row-divided\"  id=\"row-1902658901\">\n\n\t<div id=\"col-1068412428\" class=\"col medium-4 small-12 large-4\"  >\n\t\t\t\t<div class=\"col-inner\"  >\n\t\t\t\n\t\t\t\n\t<div id=\"text-1650296886\" class=\"text\">\n\t\t\n<h3 style=\"text-align: center;\">DIGITAL LIGHT USING LIFI TECHNOLOGY<\/h3>\n<ul>\n<li>When light is data, light is resource<\/li>\n<li>Patented pioneering technology<\/li>\n<\/ul>\n\t\t\n<style>\n#text-1650296886 {\n  text-align: left;\n}\n<\/style>\n\t<\/div>\n\t\n<a href=\"https:\/\/huepress.vn\/anh-sang-so-su-dung-cong-nghe-lifi\" class=\"button primary box-shadow-2 box-shadow-3-hover\" style=\"border-radius:99px;\">\n\t\t<span>Detail<\/span>\n\t<i class=\"icon-angle-right\" aria-hidden=\"true\"><\/i><\/a>\n\n\t\t<\/div>\n\t\t\t\t\t<\/div>\n\n\t\n\n\t<div id=\"col-342760874\" class=\"col medium-5 small-12 large-5\"  >\n\t\t\t\t<div class=\"col-inner\"  >\n\t\t\t\n\t\t\t\n\t<div class=\"img has-hover x md-x lg-x y md-y lg-y\" id=\"image_476323126\">\n\t\t\t\t\t\t\t\t<div class=\"img-inner dark\" >\n\t\t\t<img loading=\"lazy\" decoding=\"async\" width=\"1020\" height=\"765\" src=\"https:\/\/huepress.vn\/wp-content\/uploads\/2021\/08\/CS1-scaled-1-1067x800.jpg\" class=\"attachment-large size-large\" alt=\"\" srcset=\"https:\/\/huepress.vn\/wp-content\/uploads\/2021\/08\/CS1-scaled-1-1067x800.jpg 1067w, https:\/\/huepress.vn\/wp-content\/uploads\/2021\/08\/CS1-scaled-1-350x263.jpg 350w, https:\/\/huepress.vn\/wp-content\/uploads\/2021\/08\/CS1-scaled-1-533x400.jpg 533w, https:\/\/huepress.vn\/wp-content\/uploads\/2021\/08\/CS1-scaled-1-768x576.jpg 768w, https:\/\/huepress.vn\/wp-content\/uploads\/2021\/08\/CS1-scaled-1-1536x1152.jpg 1536w, https:\/\/huepress.vn\/wp-content\/uploads\/2021\/08\/CS1-scaled-1-2048x1536.jpg 2048w, https:\/\/huepress.vn\/wp-content\/uploads\/2021\/08\/CS1-scaled-1-150x113.jpg 150w\" sizes=\"auto, (max-width: 1020px) 100vw, 1020px\" \/>\t\t\t\t\t\t\n\t\t\t\t\t<\/div>\n\t\t\t\t\t\t\t\t\n<style>\n#image_476323126 {\n  width: 100%;\n}\n<\/style>\n\t<\/div>\n\t\n\t\t<\/div>\n\t\t\t\t\t<\/div>\n\n\t\n<\/div>\n<div class=\"row\"  id=\"row-2055127630\">\n\n\t<div id=\"col-1521559457\" class=\"col medium-11 small-12 large-11\"  >\n\t\t\t\t<div class=\"col-inner text-center\"  >\n\t\t\t\n\t\t\t\n\t<div id=\"text-3387698669\" class=\"text\">\n\t\t\n<h3><strong>HUE LAMP USE ENDLESS LIGHT RESOURCES<\/strong><\/h3>\n<ul>\n<li>Hue lighting customizes colors among millions of colors<\/li>\n<li>Hue lighting custom white light and custom brightness CCT<\/li>\n<li>Hue lighting customizes the combined light mode set by each user<\/li>\n<\/ul>\n\t\t\n<style>\n#text-3387698669 {\n  text-align: center;\n}\n<\/style>\n\t<\/div>\n\t\n<a href=\"https:\/\/huepress.vn\/en\/myhue-lights-take-advantage-of-endless-light-resources\/\" class=\"button primary is-bevel box-shadow-2 box-shadow-3-hover lowercase\" style=\"border-radius:99px;\">\n\t\t<span>Detail<\/span>\n\t<i class=\"icon-angle-right\" aria-hidden=\"true\"><\/i><\/a>\n\n\t<div class=\"img has-hover x md-x lg-x y md-y lg-y\" id=\"image_2129435182\">\n\t\t\t\t\t\t\t\t<div class=\"img-inner dark\" style=\"margin:20px 20px 20px 20px;\">\n\t\t\t<img loading=\"lazy\" decoding=\"async\" width=\"992\" height=\"444\" src=\"https:\/\/huepress.vn\/wp-content\/uploads\/2022\/03\/myhue-L1_1.png\" class=\"attachment-large size-large\" alt=\"\" srcset=\"https:\/\/huepress.vn\/wp-content\/uploads\/2022\/03\/myhue-L1_1.png 992w, https:\/\/huepress.vn\/wp-content\/uploads\/2022\/03\/myhue-L1_1-350x157.png 350w, https:\/\/huepress.vn\/wp-content\/uploads\/2022\/03\/myhue-L1_1-800x358.png 800w, https:\/\/huepress.vn\/wp-content\/uploads\/2022\/03\/myhue-L1_1-768x344.png 768w, https:\/\/huepress.vn\/wp-content\/uploads\/2022\/03\/myhue-L1_1-150x67.png 150w\" sizes=\"auto, (max-width: 992px) 100vw, 992px\" \/>\t\t\t\t\t\t\n\t\t\t\t\t<\/div>\n\t\t\t\t\t\t\t\t\n<style>\n#image_2129435182 {\n  width: 100%;\n}\n<\/style>\n\t<\/div>\n\t\n<a href=\"https:\/\/huepress.vn\/tai-sao-mot-smarthome-hop-ly-lai-khong-can-toi-hub\" class=\"button primary\" >\n\t\t<span>Why no Hub?<\/span>\n\t<\/a>\n\n<a href=\"https:\/\/huepress.vn\/bao-mat-tuyet-doi\" class=\"button primary\" >\n\t\t<span>Absolute security<\/span>\n\t<\/a>\n\n<a href=\"https:\/\/huepress.vn\/khoa-hoc-trong-toi-uu-dieu-khien\" class=\"button primary\" >\n\t\t<span>UX science<\/span>\n\t<\/a>\n\n<a href=\"https:\/\/huepress.vn\/camera-thuc-te-tang-cuong\" class=\"button primary\" >\n\t\t<span>AR . Augmented Reality<\/span>\n\t<\/a>\n\n\t\t<\/div>\n\t\t\t\t\t<\/div>\n\n\t\n<\/div>\n<div class=\"row align-center\"  id=\"row-1048691834\">\n\n\t<div id=\"col-1179853727\" class=\"col small-12 large-12\"  >\n\t\t\t\t<div class=\"col-inner text-center\"  >\n\t\t\t\n\t\t\t\n<div class=\"is-divider divider clearfix\" style=\"height:4px;\"><\/div>\n<h3>H\u1ec6 SINH TH\u00c1I C\u00d4NG NGH\u1ec6 HUE<\/h3>\n<div class=\"row row-collapse align-middle align-center\"  id=\"row-492083073\">\n\n\t<div id=\"col-575798231\" class=\"col medium-2 small-12 large-2\"  >\n\t\t\t\t<div class=\"col-inner\"  >\n\t\t\t\n\t\t\t\n\t\t<\/div>\n\t\t\t\t\t<\/div>\n\n\t\n\n\t<div id=\"col-1935887439\" class=\"col medium-8 small-12 large-8\"  >\n\t\t\t\t<div class=\"col-inner text-center\" style=\"background-color:rgb(149, 181, 119);\" >\n\t\t\t\n\t\t\t\n\t<div id=\"text-132384920\" class=\"text\">\n\t\t\n<h5>APP ECO-SYSTEM (HUE ECO-SYSTEM)<\/h5>\n<p>HueLiFi Lab research and development<\/p>\n\t\t\n<style>\n#text-132384920 {\n  color: rgb(0,0,0);\n}\n#text-132384920 > * {\n  color: rgb(0,0,0);\n}\n<\/style>\n\t<\/div>\n\t\n\t\t<\/div>\n\t\t\t\t\n<style>\n#col-1935887439 > .col-inner {\n  padding: 20px 0px 20px 0px;\n}\n<\/style>\n\t<\/div>\n\n\t\n\n\t<div id=\"col-29755290\" class=\"col medium-2 small-12 large-2\"  >\n\t\t\t\t<div class=\"col-inner\"  >\n\t\t\t\n\t\t\t\n\t\t<\/div>\n\t\t\t\t\t<\/div>\n\n\t\n<\/div>\n<div class=\"row row-collapse align-middle align-center\"  id=\"row-888777794\">\n\n\t<div id=\"col-1777332667\" class=\"col medium-2 small-12 large-2\"  >\n\t\t\t\t<div class=\"col-inner\"  >\n\t\t\t\n\t\t\t\n\t\t<\/div>\n\t\t\t\t\t<\/div>\n\n\t\n\n\t<div id=\"col-493216034\" class=\"col medium-8 small-12 large-8\"  >\n\t\t\t\t<div class=\"col-inner text-center\" style=\"background-color:rgb(176, 207, 148);\" >\n\t\t\t\n\t\t\t\n\t<div id=\"text-3263111856\" class=\"text\">\n\t\t\n<h5>DATA SERVER<\/h5>\n<p>HueLiFi Lab research, development, security controlled by Amazon Web Service<\/p>\n\t\t\n<style>\n#text-3263111856 {\n  color: rgb(0,0,0);\n}\n#text-3263111856 > * {\n  color: rgb(0,0,0);\n}\n<\/style>\n\t<\/div>\n\t\n\t\t<\/div>\n\t\t\t\t\n<style>\n#col-493216034 > .col-inner {\n  padding: 20px 0px 20px 0px;\n}\n<\/style>\n\t<\/div>\n\n\t\n\n\t<div id=\"col-1282867505\" class=\"col medium-2 small-12 large-2\"  >\n\t\t\t\t<div class=\"col-inner\"  >\n\t\t\t\n\t\t\t\n\t\t<\/div>\n\t\t\t\t\t<\/div>\n\n\t\n<\/div>\n<div class=\"row row-collapse align-middle align-center\"  id=\"row-1947698667\">\n\n\t<div id=\"col-529040406\" class=\"col medium-2 small-12 large-2\"  >\n\t\t\t\t<div class=\"col-inner\"  >\n\t\t\t\n\t\t\t\n\t\t<\/div>\n\t\t\t\t\t<\/div>\n\n\t\n\n\t<div id=\"col-1546040796\" class=\"col medium-8 small-12 large-8\"  >\n\t\t\t\t<div class=\"col-inner text-center\" style=\"background-color:rgb(202, 223, 183);\" >\n\t\t\t\n\t\t\t\n\t<div id=\"text-1857429871\" class=\"text\">\n\t\t\n<h5>SMART APP (ANDROID, IOS, WEB)<\/h5>\n<p>HueLiFi Lab research and development<\/p>\n\t\t\n<style>\n#text-1857429871 {\n  color: rgb(0,0,0);\n}\n#text-1857429871 > * {\n  color: rgb(0,0,0);\n}\n<\/style>\n\t<\/div>\n\t\n\t\t<\/div>\n\t\t\t\t\n<style>\n#col-1546040796 > .col-inner {\n  padding: 20px 0px 20px 0px;\n}\n<\/style>\n\t<\/div>\n\n\t\n\n\t<div id=\"col-1126568423\" class=\"col medium-2 small-12 large-2\"  >\n\t\t\t\t<div class=\"col-inner\"  >\n\t\t\t\n\t\t\t\n\t\t<\/div>\n\t\t\t\t\t<\/div>\n\n\t\n<\/div>\n<div class=\"row row-collapse align-middle align-center\"  id=\"row-1204427349\">\n\n\t<div id=\"col-1458654561\" class=\"col medium-2 small-12 large-2\"  >\n\t\t\t\t<div class=\"col-inner\"  >\n\t\t\t\n\t\t\t\n\t\t<\/div>\n\t\t\t\t\t<\/div>\n\n\t\n\n\t<div id=\"col-61450330\" class=\"col medium-4 small-12 large-4\"  >\n\t\t\t\t<div class=\"col-inner text-center\" style=\"background-color:rgb(228, 239, 219);\" >\n\t\t\t\n\t<div class=\"is-border\"\n\t\tstyle=\"border-color:rgb(255, 255, 255);border-width:0px 2px 0px 0px;\">\n\t<\/div>\n\t\t\t\n\t<div id=\"text-3204366924\" class=\"text\">\n\t\t\n<h5><strong>LAMP FEATURES AND FIRMWARE LAMP<\/strong><\/h5>\n<p>HueLiFi Lab research and development<\/p>\n\t\t\n<style>\n#text-3204366924 {\n  color: rgb(0,0,0);\n}\n#text-3204366924 > * {\n  color: rgb(0,0,0);\n}\n<\/style>\n\t<\/div>\n\t\n\t\t<\/div>\n\t\t\t\t\n<style>\n#col-61450330 > .col-inner {\n  padding: 20px 0px 20px 0px;\n}\n<\/style>\n\t<\/div>\n\n\t\n\n\t<div id=\"col-1336334285\" class=\"col medium-4 small-12 large-4\"  >\n\t\t\t\t<div class=\"col-inner text-center\" style=\"background-color:rgb(228, 239, 219);\" >\n\t\t\t\n\t\t\t\n\t<div id=\"text-859547639\" class=\"text\">\n\t\t\n<h5><strong>INTERNATIONAL STANDARD HARDWARE<\/strong><\/h5>\n<p>International partner in charge of production<\/p>\n\t\t\n<style>\n#text-859547639 {\n  color: rgb(0,0,0);\n}\n#text-859547639 > * {\n  color: rgb(0,0,0);\n}\n<\/style>\n\t<\/div>\n\t\n\t\t<\/div>\n\t\t\t\t\n<style>\n#col-1336334285 > .col-inner {\n  padding: 20px 0px 20px 0px;\n}\n<\/style>\n\t<\/div>\n\n\t\n\n\t<div id=\"col-1099047686\" class=\"col medium-2 small-12 large-2\"  >\n\t\t\t\t<div class=\"col-inner\"  >\n\t\t\t\n\t\t\t\n\t\t<\/div>\n\t\t\t\t\t<\/div>\n\n\t\n<\/div>\n<a href=\"https:\/\/huepress.vn\/he-sinh-thai-cong-nghe-hue\" class=\"button primary\" >\n\t\t<span>The Hue-Eco System<\/span>\n\t<\/a>\n\n\t\t<\/div>\n\t\t\t\t\t<\/div>\n\n\t\n<\/div>\n<div class=\"row align-center\"  id=\"row-388555504\">\n\n\t<div id=\"col-898677299\" class=\"col small-12 large-12\"  >\n\t\t\t\t<div class=\"col-inner text-center\"  >\n\t\t\t\n\t\t\t\n<div class=\"is-divider divider clearfix\" style=\"height:4px;\"><\/div>\n<h3>AMAZON ALEXA H\u1ed6 TR\u1ee2 \u0110\u00c8N MYHUE<\/h3>\n<div class=\"video video-fit mb\" style=\"padding-top:56.25%;\"><p><iframe loading=\"lazy\" title=\"(Global SmartHome Platform) Alexa voice control\" width=\"1020\" height=\"574\" src=\"https:\/\/www.youtube.com\/embed\/fARk9qI3XBo?feature=oembed\" frameborder=\"0\" allow=\"accelerometer; autoplay; clipboard-write; encrypted-media; gyroscope; picture-in-picture\" allowfullscreen><\/iframe><\/p>\n<\/div>\n\t\t<\/div>\n\t\t\t\t\t<\/div>\n\n\t\n<\/div>\n<div class=\"row align-center\"  id=\"row-1575451794\">\n\n\t<div id=\"col-45401634\" class=\"col small-12 large-12\"  >\n\t\t\t\t<div class=\"col-inner text-center\"  >\n\t\t\t\n\t\t\t\n<div class=\"is-divider divider clearfix\" style=\"height:4px;\"><\/div>\n<h3>APPLE SIRI SHORTCUT H\u1ed6 TR\u1ee2 \u0110\u00c8N MYHUE<\/h3>\n<div class=\"video video-fit mb\" style=\"padding-top:56.25%;\"><p><iframe loading=\"lazy\" title=\"(Global SmartHome Platform) Siri Shortcuts 2\" width=\"1020\" height=\"574\" src=\"https:\/\/www.youtube.com\/embed\/8-exJ_tZ1eE?feature=oembed\" frameborder=\"0\" allow=\"accelerometer; autoplay; clipboard-write; encrypted-media; gyroscope; picture-in-picture\" allowfullscreen><\/iframe><\/p>\n<\/div>\n\t\t<\/div>\n\t\t\t\t\t<\/div>\n\n\t\n<\/div>\n<div class=\"row align-center\"  id=\"row-1058639023\">\n\n\t<div id=\"col-551437876\" class=\"col small-12 large-12\"  >\n\t\t\t\t<div class=\"col-inner text-center\"  >\n\t\t\t\n\t\t\t\n<div class=\"is-divider divider clearfix\" style=\"height:4px;\"><\/div>\n<h3>GOOGLE HOME H\u1ed6 TR\u1ee2 \u0110\u00c8N MYHUE &#8211; SO S\u00c1NH V\u1edaI WIZ<\/h3>\n<div class=\"video video-fit mb\" style=\"padding-top:56.25%;\"><p><iframe loading=\"lazy\" title=\"myHue vs Wiz - Tr\u1ea3i nghi\u1ec7m \u0111\u00e8n th\u00f4ng minh HUEPRESS v\u1edbi WIZ\" width=\"1020\" height=\"574\" src=\"https:\/\/www.youtube.com\/embed\/IdyhoLOKSUg?feature=oembed\" frameborder=\"0\" allow=\"accelerometer; autoplay; clipboard-write; encrypted-media; gyroscope; picture-in-picture\" allowfullscreen><\/iframe><\/p>\n<\/div>\n\t\t<\/div>\n\t\t\t\t\t<\/div>\n\n\t\n<\/div>\n<div class=\"row align-center\"  id=\"row-909380147\">\n\n\t<div id=\"col-1945427302\" class=\"col small-12 large-12\"  >\n\t\t\t\t<div class=\"col-inner text-center\"  >\n\t\t\t\n\t\t\t\n<div class=\"is-divider divider clearfix\" style=\"height:4px;\"><\/div>\n<h3>IFTTT H\u1ed6 TR\u1ee2 \u0110\u00c8N MYHUE<\/h3>\n<div class=\"video video-fit mb\" style=\"padding-top:56.25%;\"><p><iframe loading=\"lazy\" title=\"(Global SmartHome Platform) IFTTT -  party effect mode\" width=\"1020\" height=\"574\" src=\"https:\/\/www.youtube.com\/embed\/69_yxwU0Dzk?feature=oembed\" frameborder=\"0\" allow=\"accelerometer; autoplay; clipboard-write; encrypted-media; gyroscope; picture-in-picture; web-share\" referrerpolicy=\"strict-origin-when-cross-origin\" allowfullscreen><\/iframe><\/p>\n<\/div>\n\t\t<\/div>\n\t\t\t\t\t<\/div>\n\n\t\n<\/div>\n<div class=\"text-center\"><div class=\"is-divider divider clearfix\" style=\"max-width:1px;\"><\/div><\/div>\n<div class=\"is-divider divider clearfix\" ><\/div>\n\t<div id=\"gap-1686430824\" class=\"gap-element clearfix\" style=\"display:block; height:auto;\">\n\t\t\n<style>\n#gap-1686430824 {\n  padding-top: 30px;\n}\n<\/style>\n\t<\/div>\n\t\n\t<div id=\"gap-137446449\" class=\"gap-element clearfix\" style=\"display:block; height:auto;\">\n\t\t\n<style>\n#gap-137446449 {\n  padding-top: 30px;\n}\n<\/style>\n\t<\/div>\n\t\n\t<div id=\"gap-904374828\" class=\"gap-element clearfix\" style=\"display:block; height:auto;\">\n\t\t\n<style>\n#gap-904374828 {\n  padding-top: 30px;\n}\n<\/style>\n\t<\/div>\n\t\n\t\t<\/div>\n\n\t\t\n<style>\n#section_194500127 {\n  padding-top: 30px;\n  padding-bottom: 30px;\n}\n<\/style>\n\t<\/section>\n\t\n","protected":false},"excerpt":{"rendered":"","protected":false},"author":1,"featured_media":0,"parent":0,"menu_order":0,"comment_status":"closed","ping_status":"closed","template":"page-transparent-header-light.php","meta":{"_acf_changed":false,"inline_featured_image":false,"footnotes":""},"class_list":["post-4747","page","type-page","status-publish","hentry"],"acf":[],"_links":{"self":[{"href":"https:\/\/huepress.vn\/en\/wp-json\/wp\/v2\/pages\/4747","targetHints":{"allow":["GET"]}}],"collection":[{"href":"https:\/\/huepress.vn\/en\/wp-json\/wp\/v2\/pages"}],"about":[{"href":"https:\/\/huepress.vn\/en\/wp-json\/wp\/v2\/types\/page"}],"author":[{"embeddable":true,"href":"https:\/\/huepress.vn\/en\/wp-json\/wp\/v2\/users\/1"}],"replies":[{"embeddable":true,"href":"https:\/\/huepress.vn\/en\/wp-json\/wp\/v2\/comments?post=4747"}],"version-history":[{"count":2,"href":"https:\/\/huepress.vn\/en\/wp-json\/wp\/v2\/pages\/4747\/revisions"}],"predecessor-version":[{"id":7442,"href":"https:\/\/huepress.vn\/en\/wp-json\/wp\/v2\/pages\/4747\/revisions\/7442"}],"wp:attachment":[{"href":"https:\/\/huepress.vn\/en\/wp-json\/wp\/v2\/media?parent=4747"}],"curies":[{"name":"wp","href":"https:\/\/api.w.org\/{rel}","templated":true}]}}