{"id":4744,"date":"2022-02-14T09:37:30","date_gmt":"2022-02-14T02:37:30","guid":{"rendered":"https:\/\/huepress.vn\/cookie-notice\/"},"modified":"2024-09-12T14:52:45","modified_gmt":"2024-09-12T07:52:45","slug":"cookie-notice","status":"publish","type":"page","link":"https:\/\/huepress.vn\/en\/cookie-notice\/","title":{"rendered":"Cookie Notice"},"content":{"rendered":"  <div id=\"page-header-1838407847\" class=\"page-header-wrapper\">\n  <div class=\"page-title dark featured-title\">\n\n    \n    <div class=\"page-title-inner container align-center text-center flex-row-col medium-flex-wrap\" >\n              <div class=\"title-wrapper flex-col\">\n          <h1 class=\"entry-title mb-0\">\n            Cookie Notice          <\/h1>\n        <\/div>\n                    <div class=\"title-content flex-col\">\n        <div class=\"title-breadcrumbs pb-half pt-half\"><nav class=\"woocommerce-breadcrumb breadcrumbs \" aria-label=\"Breadcrumb\">Home<\/nav><\/div>      <\/div>\n    <\/div>\n\n       <\/div>\n    <\/div>\n  \n\n\t<section class=\"section\" id=\"section_1316788447\">\n\t\t<div class=\"section-bg fill\" >\n\t\t\t\t\t\t\t\t\t\n\t\t\t\n\n\t\t<\/div>\n\n\t\t\n\n\t\t<div class=\"section-content relative\">\n\t\t\t\n<div class=\"row row-small\"  id=\"row-1959371977\">\n\n\t<div id=\"col-1747342337\" class=\"col huepress-menu-huongdan medium-4 small-12 large-4\"  >\n\t\t\t\t<div class=\"col-inner\"  >\n\t\t\t\n\t\t\t\n<ul class=\"sidebar-wrapper ul-reset\"><\/ul>\n\t\t<\/div>\n\t\t\t\t\t<\/div>\n\n\t\n\n\t<div id=\"col-986569884\" class=\"col medium-8 small-12 large-8\"  >\n\t\t\t\t<div class=\"col-inner\"  >\n\t\t\t\n\t\t\t\n<h2><strong>Th\u00f4ng tin v\u1ec1 cookie<\/strong><\/h2>\n<p>Ch\u00fang t\u00f4i nh\u1eb1m m\u1ee5c \u0111\u00edch l\u00e0m cho tr\u1ea3i nghi\u1ec7m tr\u1ef1c tuy\u1ebfn v\u00e0 t\u01b0\u01a1ng t\u00e1c c\u1ee7a b\u1ea1n v\u1edbi c\u00e1c trang web c\u1ee7a ch\u00fang t\u00f4i mang t\u00ednh th\u00f4ng tin, ph\u00f9 h\u1ee3p v\u00e0 h\u1ed7 tr\u1ee3 nhi\u1ec1u nh\u1ea5t c\u00f3 th\u1ec3. M\u1ed9t c\u00e1ch \u0111\u1ec3 \u0111\u1ea1t \u0111\u01b0\u1ee3c \u0111i\u1ec1u n\u00e0y l\u00e0 s\u1eed d\u1ee5ng cookie ho\u1eb7c c\u00e1c k\u1ef9 thu\u1eadt t\u01b0\u01a1ng t\u1ef1 \u0111\u1ec3 l\u01b0u tr\u1eef th\u00f4ng tin v\u1ec1 vi\u1ec7c b\u1ea1n truy c\u1eadp trang web c\u1ee7a ch\u00fang t\u00f4i tr\u00ean m\u00e1y t\u00ednh c\u1ee7a b\u1ea1n. Ch\u00fang t\u00f4i c\u1ea3m th\u1ea5y r\u1eb1ng \u0111i\u1ec1u r\u1ea5t quan tr\u1ecdng l\u00e0 b\u1ea1n ph\u1ea3i bi\u1ebft trang web c\u1ee7a ch\u00fang t\u00f4i s\u1eed d\u1ee5ng cookie n\u00e0o v\u00e0 cho m\u1ee5c \u0111\u00edch g\u00ec. \u0110i\u1ec1u n\u00e0y s\u1ebd gi\u00fap b\u1ea3o v\u1ec7 quy\u1ec1n ri\u00eang t\u01b0 c\u1ee7a b\u1ea1n, \u0111\u1ed3ng th\u1eddi \u0111\u1ea3m b\u1ea3o trang web c\u1ee7a ch\u00fang t\u00f4i th\u00e2n thi\u1ec7n v\u1edbi ng\u01b0\u1eddi d\u00f9ng nh\u1ea5t c\u00f3 th\u1ec3. D\u01b0\u1edbi \u0111\u00e2y, b\u1ea1n c\u00f3 th\u1ec3 \u0111\u1ecdc th\u00eam v\u1ec1 c\u00e1c cookie \u0111\u01b0\u1ee3c s\u1eed d\u1ee5ng b\u1edfi v\u00e0 th\u00f4ng qua trang web c\u1ee7a ch\u00fang t\u00f4i v\u00e0 m\u1ee5c \u0111\u00edch m\u00e0 ch\u00fang \u0111\u01b0\u1ee3c s\u1eed d\u1ee5ng. \u0110\u00e2y l\u00e0 tuy\u00ean b\u1ed1 v\u1ec1 quy\u1ec1n ri\u00eang t\u01b0 v\u00e0 vi\u1ec7c s\u1eed d\u1ee5ng cookie c\u1ee7a ch\u00fang t\u00f4i, kh\u00f4ng ph\u1ea3i l\u00e0 h\u1ee3p \u0111\u1ed3ng ho\u1eb7c th\u1ecfa thu\u1eadn.<\/p>\n<h2><strong>Cookies l\u00e0 g\u00ec?<\/strong><\/h2>\n<p>Cookie l\u00e0 c\u00e1c t\u1ec7p v\u0103n b\u1ea3n nh\u1ecf \u0111\u01b0\u1ee3c l\u01b0u tr\u1eef tr\u00ean \u0111\u0129a c\u1ee9ng c\u1ee7a m\u00e1y t\u00ednh khi b\u1ea1n truy c\u1eadp c\u00e1c trang web nh\u1ea5t \u0111\u1ecbnh. T\u1ea1i HuePress, ch\u00fang t\u00f4i c\u00f3 th\u1ec3 s\u1eed d\u1ee5ng c\u00e1c k\u1ef9 thu\u1eadt t\u01b0\u01a1ng t\u1ef1, ch\u1eb3ng h\u1ea1n nh\u01b0 pixel, \u0111\u00e8n hi\u1ec7u web, v.v. V\u00ec l\u1ee3i \u00edch nh\u1ea5t qu\u00e1n, t\u1ea5t c\u1ea3 c\u00e1c k\u1ef9 thu\u1eadt n\u00e0y k\u1ebft h\u1ee3p l\u1ea1i s\u1ebd \u0111\u01b0\u1ee3c \u0111\u1eb7t t\u00ean l\u00e0 &#8216;cookie&#8217;.<\/p>\n<p>&nbsp;<\/p>\n<h2><strong>T\u1ea1i sao nh\u1eefng cookie n\u00e0y \u0111\u01b0\u1ee3c s\u1eed d\u1ee5ng?<\/strong><\/h2>\n<p>Cookie c\u00f3 th\u1ec3 \u0111\u01b0\u1ee3c s\u1eed d\u1ee5ng cho nhi\u1ec1u m\u1ee5c \u0111\u00edch kh\u00e1c nhau. V\u00ed d\u1ee5: cookie c\u00f3 th\u1ec3 \u0111\u01b0\u1ee3c s\u1eed d\u1ee5ng \u0111\u1ec3 cho th\u1ea5y r\u1eb1ng b\u1ea1n \u0111\u00e3 truy c\u1eadp trang web c\u1ee7a ch\u00fang t\u00f4i tr\u01b0\u1edbc \u0111\u00e2y v\u00e0 \u0111\u1ec3 x\u00e1c \u0111\u1ecbnh ph\u1ea7n n\u00e0o c\u1ee7a trang web m\u00e0 b\u1ea1n c\u00f3 th\u1ec3 quan t\u00e2m nh\u1ea5t. Cookie c\u0169ng c\u00f3 th\u1ec3 c\u1ea3i thi\u1ec7n tr\u1ea3i nghi\u1ec7m tr\u1ef1c tuy\u1ebfn c\u1ee7a b\u1ea1n b\u1eb1ng c\u00e1ch l\u01b0u tr\u1eef c\u00e1c t\u00f9y ch\u1ecdn c\u1ee7a b\u1ea1n trong qu\u00e1 tr\u00ecnh b\u1ea1n truy c\u1eadp trang web c\u1ee7a ch\u00fang t\u00f4i.<\/p>\n<h2><strong>Cookie t\u1eeb c\u00e1c b\u00ean th\u1ee9 ba<\/strong><\/h2>\n<p>C\u00e1c b\u00ean th\u1ee9 ba (b\u00ean ngo\u00e0i ch\u00fang t\u00f4i) c\u0169ng c\u00f3 th\u1ec3 l\u01b0u tr\u1eef cookie tr\u00ean m\u00e1y t\u00ednh c\u1ee7a b\u1ea1n trong qu\u00e1 tr\u00ecnh b\u1ea1n truy c\u1eadp c\u00e1c trang web c\u1ee7a huepress.vn. C\u00e1c cookie gi\u00e1n ti\u1ebfp n\u00e0y t\u01b0\u01a1ng t\u1ef1 nh\u01b0 cookie tr\u1ef1c ti\u1ebfp nh\u01b0ng \u0111\u1ebfn t\u1eeb m\u1ed9t mi\u1ec1n kh\u00e1c (kh\u00f4ng ph\u1ea3i ch\u00fang t\u00f4i) v\u1edbi mi\u1ec1n m\u00e0 b\u1ea1n \u0111ang truy c\u1eadp.<\/p>\n<p>&nbsp;<\/p>\n<h2>Kh\u00f4ng theo d\u00f5i t\u00edn hi\u1ec7u<\/h2>\n<p>HuePress r\u1ea5t coi tr\u1ecdng quy\u1ec1n ri\u00eang t\u01b0 v\u00e0 b\u1ea3o m\u1eadt, \u0111\u1ed3ng th\u1eddi c\u1ed1 g\u1eafng \u0111\u1eb7t ng\u01b0\u1eddi d\u00f9ng trang web c\u1ee7a ch\u00fang t\u00f4i l\u00ean h\u00e0ng \u0111\u1ea7u trong t\u1ea5t c\u1ea3 c\u00e1c kh\u00eda c\u1ea1nh kinh doanh c\u1ee7a ch\u00fang t\u00f4i. HuePress s\u1eed d\u1ee5ng cookie \u0111\u1ec3 gi\u00fap b\u1ea1n khai th\u00e1c t\u1ed1i \u0111a c\u00e1c trang web c\u1ee7a HuePress.<\/p>\n<p>Xin l\u01b0u \u00fd r\u1eb1ng HuePress hi\u1ec7n kh\u00f4ng s\u1eed d\u1ee5ng gi\u1ea3i ph\u00e1p k\u1ef9 thu\u1eadt cho ph\u00e9p ch\u00fang t\u00f4i ph\u1ea3n h\u1ed3i c\u00e1c t\u00edn hi\u1ec7u &#8216;Kh\u00f4ng theo d\u00f5i&#8217; c\u1ee7a tr\u00ecnh duy\u1ec7t c\u1ee7a b\u1ea1n. Tuy nhi\u00ean, \u0111\u1ec3 qu\u1ea3n l\u00fd c\u00e1c t\u00f9y ch\u1ecdn cookie c\u1ee7a b\u1ea1n, b\u1ea1n c\u00f3 th\u1ec3 thay \u0111\u1ed5i c\u00e0i \u0111\u1eb7t cookie trong c\u00e0i \u0111\u1eb7t tr\u00ecnh duy\u1ec7t c\u1ee7a m\u00ecnh b\u1ea5t k\u1ef3 l\u00fac n\u00e0o. B\u1ea1n c\u00f3 th\u1ec3 ch\u1ea5p nh\u1eadn t\u1ea5t c\u1ea3 ho\u1eb7c m\u1ed9t s\u1ed1 cookie. N\u1ebfu b\u1ea1n t\u1eaft cookie c\u1ee7a ch\u00fang t\u00f4i trong c\u00e0i \u0111\u1eb7t tr\u00ecnh duy\u1ec7t c\u1ee7a m\u00ecnh, b\u1ea1n c\u00f3 th\u1ec3 th\u1ea5y r\u1eb1ng m\u1ed9t s\u1ed1 ph\u1ea7n nh\u1ea5t \u0111\u1ecbnh c\u1ee7a (c\u00e1c) trang web c\u1ee7a ch\u00fang t\u00f4i s\u1ebd kh\u00f4ng ho\u1ea1t \u0111\u1ed9ng. V\u00ed d\u1ee5: b\u1ea1n c\u00f3 th\u1ec3 g\u1eb7p kh\u00f3 kh\u0103n khi \u0111\u0103ng nh\u1eadp ho\u1eb7c mua h\u00e0ng tr\u1ef1c tuy\u1ebfn.<\/p>\n<p>B\u1ea1n c\u00f3 th\u1ec3 t\u00ecm th\u00eam th\u00f4ng tin v\u1ec1 c\u00e1ch thay \u0111\u1ed5i c\u00e0i \u0111\u1eb7t cookie cho tr\u00ecnh duy\u1ec7t m\u00e0 b\u1ea1n s\u1eed d\u1ee5ng t\u1eeb danh s\u00e1ch sau:<\/p>\n<p><a href=\"https:\/\/www.google.com\/intl\/en\/policies\/technologies\/managing\/\">https:\/\/www.google.com\/intl\/vi\/policies\/technologies\/managing\/<\/a><\/p>\n<p><a href=\"https:\/\/support.mozilla.org\/en-US\/kb\/cookies-information-websites-store-on-your-computer?redirectlocale=en-US&amp;redirectslug=Cookies#w_cookie-settings\">http:\/\/support.mozilla.com\/en-US\/kb\/Cookies#w_cookie-settings<\/a><\/p>\n<p><a href=\"https:\/\/support.microsoft.com\/en-us\/help\/17442\/windows-internet-explorer-delete-manage-cookies\">http:\/\/windows.microsoft.com\/en-US\/windows-vista\/Block-or-allow-cookies<\/a><\/p>\n<p><a href=\"https:\/\/www.apple.com\/safari\/\">http:\/\/www.apple.com\/safari\/features.html#security<\/a><\/p>\n<p>Tr\u00ean c\u00e1c trang HuePress, cookie Flash c\u0169ng c\u00f3 th\u1ec3 \u0111\u01b0\u1ee3c s\u1eed d\u1ee5ng. Cookie Flash c\u00f3 th\u1ec3 b\u1ecb x\u00f3a b\u1eb1ng c\u00e1ch qu\u1ea3n l\u00fd c\u00e0i \u0111\u1eb7t Flash Player c\u1ee7a b\u1ea1n. T\u00f9y thu\u1ed9c v\u00e0o phi\u00ean b\u1ea3n Internet Explorer (ho\u1eb7c tr\u00ecnh duy\u1ec7t kh\u00e1c) v\u00e0 tr\u00ecnh ph\u00e1t \u0111a ph\u01b0\u01a1ng ti\u1ec7n m\u00e0 b\u1ea1n s\u1eed d\u1ee5ng, b\u1ea1n c\u00f3 th\u1ec3 qu\u1ea3n l\u00fd cookie Flash b\u1eb1ng tr\u00ecnh duy\u1ec7t c\u1ee7a m\u00ecnh. B\u1ea1n c\u00f3 th\u1ec3 qu\u1ea3n l\u00fd Flash Cookies b\u1eb1ng c\u00e1ch truy c\u1eadp<a href=\"http:\/\/www.macromedia.com\/support\/documentation\/en\/flashplayer\/help\/settings_manager07.html\">Trang web c\u1ee7a Adobe<\/a>. Xin l\u01b0u \u00fd r\u1eb1ng vi\u1ec7c h\u1ea1n ch\u1ebf s\u1eed d\u1ee5ng Flash Cookies c\u00f3 th\u1ec3 \u1ea3nh h\u01b0\u1edfng \u0111\u1ebfn c\u00e1c t\u00ednh n\u0103ng c\u00f3 s\u1eb5n cho b\u1ea1n.<\/p>\n<h2>Th\u00f4ng tin th\u00eam v\u1ec1 lo\u1ea1i cookie \u0111\u01b0\u1ee3c s\u1eed d\u1ee5ng tr\u00ean c\u00e1c trang web Cookie \u0111\u1ea3m b\u1ea3o r\u1eb1ng trang web ho\u1ea1t \u0111\u1ed9ng b\u00ecnh th\u01b0\u1eddng<\/h2>\n<p>Nh\u1eefng cookie n\u00e0y l\u00e0 c\u1ea7n thi\u1ebft \u0111\u1ec3 gi\u00fap b\u1ea1n c\u00f3 th\u1ec3 l\u01b0\u1edbt (c\u00e1c) trang web huepress v\u00e0 s\u1eed d\u1ee5ng c\u00e1c ch\u1ee9c n\u0103ng c\u1ee7a trang web, ch\u1eb3ng h\u1ea1n nh\u01b0 truy c\u1eadp c\u00e1c khu v\u1ef1c \u0111\u01b0\u1ee3c b\u1ea3o v\u1ec7 c\u1ee7a trang web. N\u1ebfu kh\u00f4ng c\u00f3 c\u00e1c cookie n\u00e0y, c\u00e1c ch\u1ee9c n\u0103ng nh\u01b0 v\u1eady, bao g\u1ed3m gi\u1ecf mua h\u00e0ng v\u00e0 thanh to\u00e1n \u0111i\u1ec7n t\u1eed, kh\u00f4ng th\u1ec3 th\u1ef1c hi\u1ec7n \u0111\u01b0\u1ee3c.<\/p>\n<p>Trang web c\u1ee7a ch\u00fang t\u00f4i s\u1eed d\u1ee5ng cookie cho:<\/p>\n<ol>\n<li>Ghi nh\u1edb c\u00e1c s\u1ea3n ph\u1ea9m m\u00e0 b\u1ea1n th\u00eam v\u00e0o gi\u1ecf h\u00e0ng c\u1ee7a m\u00ecnh khi mua h\u00e0ng tr\u1ef1c tuy\u1ebfn<\/li>\n<li>Ghi nh\u1edb th\u00f4ng tin b\u1ea1n \u0111i\u1ec1n v\u00e0o c\u00e1c trang kh\u00e1c nhau khi thanh to\u00e1n ho\u1eb7c \u0111\u1eb7t h\u00e0ng \u0111\u1ec3 b\u1ea1n kh\u00f4ng ph\u1ea3i \u0111i\u1ec1n nhi\u1ec1u l\u1ea7n v\u00e0o t\u1ea5t c\u1ea3 c\u00e1c chi ti\u1ebft c\u1ee7a m\u00ecnh<\/li>\n<li>Chuy\u1ec3n th\u00f4ng tin t\u1eeb trang n\u00e0y sang trang ti\u1ebfp theo, ch\u1eb3ng h\u1ea1n nh\u01b0 n\u1ebfu m\u1ed9t cu\u1ed9c kh\u1ea3o s\u00e1t d\u00e0i \u0111ang \u0111\u01b0\u1ee3c \u0111i\u1ec1n v\u00e0o ho\u1eb7c n\u1ebfu b\u1ea1n c\u1ea7n \u0111i\u1ec1n v\u00e0o m\u1ed9t s\u1ed1 l\u01b0\u1ee3ng l\u1edbn th\u00f4ng tin chi ti\u1ebft cho m\u1ed9t \u0111\u01a1n \u0111\u1eb7t h\u00e0ng tr\u1ef1c tuy\u1ebfn<\/li>\n<li>L\u01b0u tr\u1eef c\u00e1c t\u00f9y ch\u1ecdn nh\u01b0 ng\u00f4n ng\u1eef, v\u1ecb tr\u00ed, s\u1ed1 l\u01b0\u1ee3ng k\u1ebft qu\u1ea3 t\u00ecm ki\u1ebfm \u0111\u01b0\u1ee3c hi\u1ec3n th\u1ecb, v.v.<\/li>\n<li>L\u01b0u tr\u1eef c\u00e0i \u0111\u1eb7t \u0111\u1ec3 hi\u1ec3n th\u1ecb video t\u1ed1i \u01b0u, ch\u1eb3ng h\u1ea1n nh\u01b0 k\u00edch th\u01b0\u1edbc b\u1ed9 \u0111\u1ec7m v\u00e0 chi ti\u1ebft \u0111\u1ed9 ph\u00e2n gi\u1ea3i m\u00e0n h\u00ecnh c\u1ee7a b\u1ea1n<\/li>\n<li>\u0110\u1ecdc c\u00e0i \u0111\u1eb7t tr\u00ecnh duy\u1ec7t c\u1ee7a b\u1ea1n \u0111\u1ec3 ch\u00fang t\u00f4i c\u00f3 th\u1ec3 hi\u1ec3n th\u1ecb trang web c\u1ee7a m\u00ecnh m\u1ed9t c\u00e1ch t\u1ed1i \u01b0u tr\u00ean m\u00e0n h\u00ecnh c\u1ee7a b\u1ea1n<\/li>\n<li>X\u00e1c \u0111\u1ecbnh v\u1ecb tr\u00ed s\u1eed d\u1ee5ng sai trang web v\u00e0 d\u1ecbch v\u1ee5 c\u1ee7a ch\u00fang t\u00f4i, ch\u1eb3ng h\u1ea1n nh\u01b0 b\u1eb1ng c\u00e1ch ghi l\u1ea1i nhi\u1ec1u l\u1ea7n \u0111\u0103ng nh\u1eadp kh\u00f4ng th\u00e0nh c\u00f4ng li\u00ean ti\u1ebfp<\/li>\n<li>T\u1ea3i trang web m\u1ed9t c\u00e1ch \u0111\u1ed3ng \u0111\u1ec1u \u0111\u1ec3 n\u00f3 v\u1eabn c\u00f3 th\u1ec3 truy c\u1eadp \u0111\u01b0\u1ee3c<\/li>\n<li>Cung c\u1ea5p t\u00f9y ch\u1ecdn l\u01b0u tr\u1eef chi ti\u1ebft \u0111\u0103ng nh\u1eadp \u0111\u1ec3 b\u1ea1n kh\u00f4ng ph\u1ea3i nh\u1eadp ch\u00fang m\u1ed7i l\u1ea7n<\/li>\n<li>L\u00e0m cho n\u00f3 c\u00f3 th\u1ec3 \u0111\u1eb7t m\u1ed9t ph\u1ea3n \u1ee9ng tr\u00ean trang web c\u1ee7a ch\u00fang t\u00f4i<\/li>\n<\/ol>\n<h2>Cookie cho ph\u00e9p ch\u00fang t\u00f4i \u0111o l\u01b0\u1eddng vi\u1ec7c s\u1eed d\u1ee5ng trang web<\/h2>\n<p>C\u00e1c cookie n\u00e0y thu th\u1eadp th\u00f4ng tin v\u1ec1 h\u00e0nh vi l\u01b0\u1edbt web c\u1ee7a kh\u00e1ch truy c\u1eadp v\u00e0o c\u00e1c trang web c\u1ee7a ch\u00fang t\u00f4i, ch\u1eb3ng h\u1ea1n nh\u01b0 trang n\u00e0o \u0111\u01b0\u1ee3c truy c\u1eadp th\u01b0\u1eddng xuy\u00ean v\u00e0 li\u1ec7u kh\u00e1ch truy c\u1eadp c\u00f3 nh\u1eadn \u0111\u01b0\u1ee3c th\u00f4ng b\u00e1o l\u1ed7i hay kh\u00f4ng. B\u1eb1ng c\u00e1ch l\u00e0m n\u00e0y, ch\u00fang t\u00f4i c\u00f3 th\u1ec3 l\u00e0m cho c\u1ea5u tr\u00fac, \u0111i\u1ec1u h\u01b0\u1edbng v\u00e0 n\u1ed9i dung c\u1ee7a trang web th\u00e2n thi\u1ec7n v\u1edbi ng\u01b0\u1eddi d\u00f9ng nh\u1ea5t c\u00f3 th\u1ec3 cho b\u1ea1n. Ch\u00fang t\u00f4i kh\u00f4ng li\u00ean k\u1ebft c\u00e1c s\u1ed1 li\u1ec7u th\u1ed1ng k\u00ea v\u00e0 c\u00e1c b\u00e1o c\u00e1o kh\u00e1c v\u1edbi m\u1ecdi ng\u01b0\u1eddi. Ch\u00fang t\u00f4i s\u1eed d\u1ee5ng cookie cho:<\/p>\n<ol>\n<li>Theo d\u00f5i s\u1ed1 l\u01b0\u1ee3ng kh\u00e1ch truy c\u1eadp v\u00e0o c\u00e1c trang web c\u1ee7a ch\u00fang t\u00f4i<\/li>\n<li>Theo d\u00f5i kho\u1ea3ng th\u1eddi gian m\u00e0 m\u1ed7i kh\u00e1ch truy c\u1eadp d\u00e0nh cho c\u00e1c trang web c\u1ee7a ch\u00fang t\u00f4i<\/li>\n<li>X\u00e1c \u0111\u1ecbnh th\u1ee9 t\u1ef1 m\u00e0 kh\u00e1ch truy c\u1eadp v\u00e0o c\u00e1c trang kh\u00e1c nhau tr\u00ean trang web c\u1ee7a ch\u00fang t\u00f4i<\/li>\n<li>\u0110\u00e1nh gi\u00e1 ph\u1ea7n n\u00e0o tr\u00ean trang web c\u1ee7a ch\u00fang t\u00f4i c\u1ea7n \u0111\u01b0\u1ee3c c\u1ea3i thi\u1ec7n<\/li>\n<li>T\u1ed1i \u01b0u h\u00f3a trang web<\/li>\n<\/ol>\n<h2>Cookie \u0111\u1ec3 hi\u1ec3n th\u1ecb qu\u1ea3ng c\u00e1o<\/h2>\n<p>Trang web c\u1ee7a ch\u00fang t\u00f4i hi\u1ec3n th\u1ecb qu\u1ea3ng c\u00e1o (ho\u1eb7c tin nh\u1eafn video) cho b\u1ea1n, c\u00f3 th\u1ec3 s\u1eed d\u1ee5ng cookie.<\/p>\n<p>B\u1eb1ng c\u00e1ch s\u1eed d\u1ee5ng cookie, ch\u00fang t\u00f4i c\u00f3 th\u1ec3:<\/p>\n<p>&nbsp;<\/p>\n<ol>\n<li>theo d\u00f5i nh\u1eefng qu\u1ea3ng c\u00e1o n\u00e0o b\u1ea1n \u0111\u00e3 \u0111\u01b0\u1ee3c hi\u1ec3n th\u1ecb \u0111\u1ec3 kh\u00f4ng ph\u1ea3i l\u00fac n\u00e0o b\u1ea1n c\u0169ng \u0111\u01b0\u1ee3c hi\u1ec3n th\u1ecb nh\u1eefng qu\u1ea3ng c\u00e1o gi\u1ed1ng nhau<\/li>\n<li>theo d\u00f5i s\u1ed1 l\u01b0\u1ee3ng kh\u00e1ch truy c\u1eadp nh\u1ea5p v\u00e0o qu\u1ea3ng c\u00e1o<\/li>\n<li>theo d\u00f5i c\u00f3 bao nhi\u00eau \u0111\u01a1n h\u00e0ng \u0111\u01b0\u1ee3c \u0111\u1eb7t theo c\u00e1ch c\u1ee7a qu\u1ea3ng c\u00e1o<\/li>\n<\/ol>\n<p>Tuy nhi\u00ean, ngay c\u1ea3 khi nh\u1eefng cookie \u0111\u00f3 kh\u00f4ng \u0111\u01b0\u1ee3c s\u1eed d\u1ee5ng, b\u1ea1n v\u1eabn c\u00f3 th\u1ec3 \u0111\u01b0\u1ee3c hi\u1ec3n th\u1ecb nh\u1eefng qu\u1ea3ng c\u00e1o kh\u00f4ng s\u1eed d\u1ee5ng cookie. V\u00ed d\u1ee5, nh\u1eefng qu\u1ea3ng c\u00e1o n\u00e0y c\u00f3 th\u1ec3 \u0111\u01b0\u1ee3c s\u1eeda \u0111\u1ed5i theo n\u1ed9i dung c\u1ee7a trang web. B\u1ea1n c\u00f3 th\u1ec3 so s\u00e1nh lo\u1ea1i qu\u1ea3ng c\u00e1o Internet li\u00ean quan \u0111\u1ebfn n\u1ed9i dung n\u00e0y v\u1edbi qu\u1ea3ng c\u00e1o tr\u00ean truy\u1ec1n h\u00ecnh. Gi\u1ea3 s\u1eed, b\u1ea1n \u0111ang xem m\u1ed9t ch\u01b0\u01a1ng tr\u00ecnh n\u1ea5u \u0103n tr\u00ean TV, b\u1ea1n s\u1ebd th\u01b0\u1eddng th\u1ea5y qu\u1ea3ng c\u00e1o v\u1ec1 c\u00e1c s\u1ea3n ph\u1ea9m n\u1ea5u \u0103n trong th\u1eddi gian qu\u1ea3ng c\u00e1o ngh\u1ec9 khi ch\u01b0\u01a1ng tr\u00ecnh n\u00e0y \u0111ang b\u1eadt.<\/p>\n<p>&nbsp;<\/p>\n<h2>Cookie cho n\u1ed9i dung li\u00ean quan \u0111\u1ebfn h\u00e0nh vi c\u1ee7a m\u1ed9t trang web<\/h2>\n<p>M\u1ee5c \u0111\u00edch c\u1ee7a ch\u00fang t\u00f4i l\u00e0 cung c\u1ea5p cho kh\u00e1ch truy c\u1eadp trang web c\u1ee7a ch\u00fang t\u00f4i th\u00f4ng tin ph\u00f9 h\u1ee3p nh\u1ea5t c\u00f3 th\u1ec3 v\u1edbi h\u1ecd. Do \u0111\u00f3, ch\u00fang t\u00f4i c\u1ed1 g\u1eafng \u0111i\u1ec1u ch\u1ec9nh trang web c\u1ee7a m\u00ecnh c\u00e0ng nhi\u1ec1u c\u00e0ng t\u1ed1t cho m\u1ecdi kh\u00e1ch truy c\u1eadp. Ch\u00fang t\u00f4i l\u00e0m \u0111i\u1ec1u n\u00e0y kh\u00f4ng ch\u1ec9 th\u00f4ng qua n\u1ed9i dung c\u1ee7a trang web c\u1ee7a ch\u00fang t\u00f4i, m\u00e0 c\u00f2n th\u00f4ng qua c\u00e1c qu\u1ea3ng c\u00e1o \u0111\u01b0\u1ee3c hi\u1ec3n th\u1ecb.<\/p>\n<p>\u0110\u1ec3 c\u00f3 th\u1ec3 th\u1ef1c hi\u1ec7n nh\u1eefng \u0111i\u1ec1u ch\u1ec9nh n\u00e0y, ch\u00fang t\u00f4i c\u1ed1 g\u1eafng c\u00f3 \u0111\u01b0\u1ee3c b\u1ee9c tranh v\u1ec1 s\u1edf th\u00edch c\u00f3 th\u1ec3 c\u00f3 c\u1ee7a b\u1ea1n tr\u00ean c\u01a1 s\u1edf c\u00e1c trang web huepress.vn m\u00e0 b\u1ea1n truy c\u1eadp \u0111\u1ec3 ph\u00e1t tri\u1ec3n h\u1ed3 s\u01a1 \u0111\u01b0\u1ee3c ph\u00e2n \u0111o\u1ea1n. D\u1ef1a tr\u00ean nh\u1eefng s\u1edf th\u00edch n\u00e0y, ch\u00fang t\u00f4i sau \u0111\u00f3 \u0111i\u1ec1u ch\u1ec9nh n\u1ed9i dung v\u00e0 c\u00e1c qu\u1ea3ng c\u00e1o tr\u00ean trang web c\u1ee7a m\u00ecnh cho c\u00e1c nh\u00f3m kh\u00e1ch h\u00e0ng kh\u00e1c nhau. V\u00ed d\u1ee5: d\u1ef1a tr\u00ean h\u00e0nh vi l\u01b0\u1edbt s\u00f3ng c\u1ee7a b\u1ea1n, b\u1ea1n c\u00f3 th\u1ec3 c\u00f3 s\u1edf th\u00edch t\u01b0\u01a1ng t\u1ef1 v\u1edbi th\u1ec3 lo\u1ea1i &#8216;nam gi\u1edbi trong \u0111\u1ed9 tu\u1ed5i t\u1eeb 30 \u0111\u1ebfn 45, \u0111\u00e3 k\u1ebft h\u00f4n v\u1edbi con c\u00e1i v\u00e0 quan t\u00e2m \u0111\u1ebfn b\u00f3ng \u0111\u00e1 &#8220;. T\u1ea5t nhi\u00ean, nh\u00f3m n\u00e0y s\u1ebd \u0111\u01b0\u1ee3c hi\u1ec3n th\u1ecb c\u00e1c qu\u1ea3ng c\u00e1o kh\u00e1c nhau \u0111\u1ed1i v\u1edbi danh m\u1ee5c &#8216;n\u1eef, \u0111\u1ed9 tu\u1ed5i t\u1eeb 20 \u0111\u1ebfn 30, \u0111\u1ed9c th\u00e2n v\u00e0 th\u00edch \u0111i du l\u1ecbch&#8217;. Ch\u00fang t\u00f4i khuy\u00ean b\u1ea1n n\u00ean mua s\u1ea3n ph\u1ea9m y\u00eau th\u00edch v\u1edbi m\u1ee9c gi\u00e1 c\u1ef1c k\u1ef3 \u01b0u \u0111\u00e3i c\u00f9ng d\u1ecbch v\u1ee5 giao h\u00e0ng mi\u1ec5n ph\u00ed v\u00e0 b\u1ea1n c\u0169ng c\u00f3 th\u1ec3 nh\u1eadn h\u00e0ng t\u1ea1i c\u1eeda h\u00e0ng ngay trong ng\u00e0y.<\/p>\n<p>C\u00e1c b\u00ean th\u1ee9 ba \u0111\u1eb7t cookie qua trang web c\u1ee7a ch\u00fang t\u00f4i c\u0169ng c\u00f3 th\u1ec3 c\u1ed1 g\u1eafng t\u00ecm hi\u1ec3u s\u1edf th\u00edch c\u1ee7a b\u1ea1n theo c\u00e1ch n\u00e0y. Trong tr\u01b0\u1eddng h\u1ee3p n\u00e0y, th\u00f4ng tin v\u1ec1 l\u01b0\u1ee3t truy c\u1eadp trang web hi\u1ec7n t\u1ea1i c\u1ee7a b\u1ea1n c\u00f3 th\u1ec3 \u0111\u01b0\u1ee3c k\u1ebft h\u1ee3p v\u1edbi th\u00f4ng tin t\u1eeb nh\u1eefng l\u01b0\u1ee3t truy c\u1eadp tr\u01b0\u1edbc \u0111\u00f3 v\u00e0o c\u00e1c trang web kh\u00e1c kh\u00f4ng ph\u1ea3i c\u1ee7a ch\u00fang t\u00f4i.<\/p>\n<p>Ngay c\u1ea3 khi nh\u1eefng cookie \u0111\u00f3 kh\u00f4ng \u0111\u01b0\u1ee3c s\u1eed d\u1ee5ng, xin l\u01b0u \u00fd r\u1eb1ng b\u1ea1n s\u1ebd \u0111\u01b0\u1ee3c cung c\u1ea5p c\u00e1c qu\u1ea3ng c\u00e1o tr\u00ean trang web c\u1ee7a ch\u00fang t\u00f4i; tuy nhi\u00ean, nh\u1eefng qu\u1ea3ng c\u00e1o n\u00e0y s\u1ebd kh\u00f4ng ph\u00f9 h\u1ee3p v\u1edbi s\u1edf th\u00edch c\u1ee7a b\u1ea1n.<\/p>\n<p>Nh\u1eefng cookie n\u00e0y l\u00e0m cho n\u00f3 c\u00f3 th\u1ec3:<\/p>\n<ol>\n<li>c\u00e1c trang web \u0111\u1ec3 ghi l\u1ea1i l\u01b0\u1ee3t truy c\u1eadp c\u1ee7a b\u1ea1n v\u00e0 k\u1ebft qu\u1ea3 l\u00e0 \u0111\u1ec3 \u0111\u00e1nh gi\u00e1 s\u1edf th\u00edch c\u1ee7a b\u1ea1n<\/li>\n<li>m\u1ed9t s\u00e9c s\u1ebd \u0111\u01b0\u1ee3c ch\u1ea1y \u0111\u1ec3 xem li\u1ec7u b\u1ea1n \u0111\u00e3 nh\u1ea5p v\u00e0o m\u1ed9t qu\u1ea3ng c\u00e1o hay ch\u01b0a<\/li>\n<li>th\u00f4ng tin v\u1ec1 h\u00e0nh vi l\u01b0\u1edbt web c\u1ee7a b\u1ea1n s\u1ebd \u0111\u01b0\u1ee3c chuy\u1ec3n \u0111\u1ebfn c\u00e1c trang web kh\u00e1c<\/li>\n<li>c\u00e1c d\u1ecbch v\u1ee5 c\u1ee7a b\u00ean th\u1ee9 ba \u0111\u01b0\u1ee3c s\u1eed d\u1ee5ng \u0111\u1ec3 hi\u1ec3n th\u1ecb qu\u1ea3ng c\u00e1o cho b\u1ea1n<\/li>\n<li>nhi\u1ec1u qu\u1ea3ng c\u00e1o th\u00fa v\u1ecb h\u01a1n s\u1ebd \u0111\u01b0\u1ee3c hi\u1ec3n th\u1ecb tr\u00ean c\u01a1 s\u1edf s\u1eed d\u1ee5ng ph\u01b0\u01a1ng ti\u1ec7n truy\u1ec1n th\u00f4ng x\u00e3 h\u1ed9i c\u1ee7a b\u1ea1n<\/li>\n<\/ol>\n<p>&nbsp;<\/p>\n<h2>Cookie \u0111\u1ec3 chia s\u1ebb n\u1ed9i dung trang web c\u1ee7a ch\u00fang t\u00f4i qua m\u1ea1ng x\u00e3 h\u1ed9i<\/h2>\n<p>C\u00e1c b\u00e0i b\u00e1o, h\u00ecnh \u1ea3nh v\u00e0 video m\u00e0 b\u1ea1n xem tr\u00ean trang web c\u1ee7a ch\u00fang t\u00f4i c\u00f3 th\u1ec3 \u0111\u01b0\u1ee3c chia s\u1ebb v\u00e0 th\u00edch qua m\u1ea1ng x\u00e3 h\u1ed9i b\u1eb1ng c\u00e1c n\u00fat b\u1ea5m. Cookie t\u1eeb c\u00e1c b\u00ean truy\u1ec1n th\u00f4ng x\u00e3 h\u1ed9i \u0111\u01b0\u1ee3c s\u1eed d\u1ee5ng \u0111\u1ec3 cho ph\u00e9p c\u00e1c n\u00fat n\u00e0y ho\u1ea1t \u0111\u1ed9ng, \u0111\u1ec3 ch\u00fang nh\u1eadn ra b\u1ea1n khi b\u1ea1n mu\u1ed1n chia s\u1ebb m\u1ed9t b\u00e0i b\u00e1o ho\u1eb7c video.<\/p>\n<p>Nh\u1eefng cookie n\u00e0y l\u00e0m cho n\u00f3 c\u00f3 th\u1ec3:<\/p>\n<ol>\n<li>ng\u01b0\u1eddi d\u00f9ng \u0111\u00e3 \u0111\u0103ng nh\u1eadp c\u1ee7a ph\u01b0\u01a1ng ti\u1ec7n truy\u1ec1n th\u00f4ng x\u00e3 h\u1ed9i \u0111\u01b0\u1ee3c ch\u1ecdn \u0111\u1ec3 chia s\u1ebb v\u00e0 th\u00edch m\u1ed9t s\u1ed1 n\u1ed9i dung nh\u1ea5t \u0111\u1ecbnh t\u1eeb trang web c\u1ee7a ch\u00fang t\u00f4i tr\u1ef1c ti\u1ebfp<\/li>\n<\/ol>\n<p>C\u00e1c b\u00ean truy\u1ec1n th\u00f4ng x\u00e3 h\u1ed9i n\u00e0y c\u0169ng c\u00f3 th\u1ec3 thu th\u1eadp d\u1eef li\u1ec7u c\u00e1 nh\u00e2n c\u1ee7a b\u1ea1n cho c\u00e1c m\u1ee5c \u0111\u00edch ri\u00eang c\u1ee7a h\u1ecd. HuePress kh\u00f4ng \u1ea3nh h\u01b0\u1edfng \u0111\u1ebfn c\u00e1ch c\u00e1c b\u00ean truy\u1ec1n th\u00f4ng x\u00e3 h\u1ed9i n\u00e0y s\u1eed d\u1ee5ng d\u1eef li\u1ec7u c\u00e1 nh\u00e2n c\u1ee7a b\u1ea1n. \u0110\u1ec3 bi\u1ebft th\u00eam th\u00f4ng tin v\u1ec1 cookie do c\u00e1c b\u00ean truy\u1ec1n th\u00f4ng x\u00e3 h\u1ed9i \u0111\u1eb7t ra v\u00e0 d\u1eef li\u1ec7u c\u00f3 th\u1ec3 m\u00e0 h\u1ecd thu th\u1eadp \u0111\u01b0\u1ee3c, vui l\u00f2ng tham kh\u1ea3o (c\u00e1c) tuy\u00ean b\u1ed1 v\u1ec1 quy\u1ec1n ri\u00eang t\u01b0 do ch\u00ednh c\u00e1c b\u00ean truy\u1ec1n th\u00f4ng x\u00e3 h\u1ed9i \u0111\u01b0a ra.<\/p>\n<p>&nbsp;<\/p>\n<h2>K\u1ebft lu\u1eadn<\/h2>\n<p>Ch\u00fang t\u00f4i c\u00f3 th\u1ec3 s\u1eeda \u0111\u1ed5i Th\u00f4ng b\u00e1o Cookie n\u00e0y theo th\u1eddi gian, v\u00ed d\u1ee5, v\u00ec trang web c\u1ee7a ch\u00fang t\u00f4i ho\u1eb7c c\u00e1c quy t\u1eafc li\u00ean quan \u0111\u1ebfn cookie thay \u0111\u1ed5i. Ch\u00fang t\u00f4i c\u00f3 quy\u1ec1n s\u1eeda \u0111\u1ed5i n\u1ed9i dung c\u1ee7a Th\u00f4ng b\u00e1o Cookie v\u00e0 c\u00e1c cookie c\u00f3 trong danh s\u00e1ch v\u00e0o b\u1ea5t k\u1ef3 l\u00fac n\u00e0o v\u00e0 kh\u00f4ng c\u1ea7n th\u00f4ng b\u00e1o. Th\u00f4ng b\u00e1o Cookie m\u1edbi s\u1ebd c\u00f3 hi\u1ec7u l\u1ef1c khi \u0111\u01b0\u1ee3c \u0111\u0103ng. N\u1ebfu b\u1ea1n kh\u00f4ng \u0111\u1ed3ng \u00fd v\u1edbi th\u00f4ng b\u00e1o s\u1eeda \u0111\u1ed5i, b\u1ea1n n\u00ean thay \u0111\u1ed5i t\u00f9y ch\u1ecdn c\u1ee7a m\u00ecnh ho\u1eb7c c\u00e2n nh\u1eafc vi\u1ec7c ng\u1eebng s\u1eed d\u1ee5ng c\u00e1c trang HuePress. B\u1eb1ng c\u00e1ch ti\u1ebfp t\u1ee5c truy c\u1eadp ho\u1eb7c s\u1eed d\u1ee5ng c\u00e1c d\u1ecbch v\u1ee5 c\u1ee7a ch\u00fang t\u00f4i sau khi c\u00e1c thay \u0111\u1ed5i c\u00f3 hi\u1ec7u l\u1ef1c, b\u1ea1n \u0111\u1ed3ng \u00fd b\u1ecb r\u00e0ng bu\u1ed9c b\u1edfi Th\u00f4ng b\u00e1o Cookie \u0111\u00e3 s\u1eeda \u0111\u1ed5i. B\u1ea1n c\u00f3 th\u1ec3 tham kh\u1ea3o trang web n\u00e0y \u0111\u1ec3 bi\u1ebft phi\u00ean b\u1ea3n m\u1edbi nh\u1ea5t.<\/p>\n<p>N\u1ebfu b\u1ea1n c\u00f3 th\u00eam b\u1ea5t k\u1ef3 c\u00e2u h\u1ecfi v\u00e0 \/ ho\u1eb7c nh\u1eadn x\u00e9t n\u00e0o, vui l\u00f2ng li\u00ean h\u1ec7 ch\u00fang t\u00f4i.<br \/>\n\t\t<\/div>\n\t\t\t\t\t<\/div>\n\n\t\n<\/div>\n\t\t<\/div>\n\n\t\t\n<style>\n#section_1316788447 {\n  padding-top: 30px;\n  padding-bottom: 30px;\n}\n<\/style>\n\t<\/section>\n\t\n","protected":false},"excerpt":{"rendered":"","protected":false},"author":1,"featured_media":0,"parent":0,"menu_order":0,"comment_status":"closed","ping_status":"closed","template":"","meta":{"_acf_changed":false,"inline_featured_image":false,"footnotes":""},"class_list":["post-4744","page","type-page","status-publish","hentry"],"acf":[],"_links":{"self":[{"href":"https:\/\/huepress.vn\/en\/wp-json\/wp\/v2\/pages\/4744","targetHints":{"allow":["GET"]}}],"collection":[{"href":"https:\/\/huepress.vn\/en\/wp-json\/wp\/v2\/pages"}],"about":[{"href":"https:\/\/huepress.vn\/en\/wp-json\/wp\/v2\/types\/page"}],"author":[{"embeddable":true,"href":"https:\/\/huepress.vn\/en\/wp-json\/wp\/v2\/users\/1"}],"replies":[{"embeddable":true,"href":"https:\/\/huepress.vn\/en\/wp-json\/wp\/v2\/comments?post=4744"}],"version-history":[{"count":1,"href":"https:\/\/huepress.vn\/en\/wp-json\/wp\/v2\/pages\/4744\/revisions"}],"predecessor-version":[{"id":10144,"href":"https:\/\/huepress.vn\/en\/wp-json\/wp\/v2\/pages\/4744\/revisions\/10144"}],"wp:attachment":[{"href":"https:\/\/huepress.vn\/en\/wp-json\/wp\/v2\/media?parent=4744"}],"curies":[{"name":"wp","href":"https:\/\/api.w.org\/{rel}","templated":true}]}}