{"id":4683,"date":"2021-12-20T15:37:40","date_gmt":"2021-12-20T08:37:40","guid":{"rendered":"https:\/\/huepress.vn\/team\/"},"modified":"2025-02-16T07:31:05","modified_gmt":"2025-02-16T00:31:05","slug":"team","status":"publish","type":"page","link":"https:\/\/huepress.vn\/en\/team\/","title":{"rendered":"Team"},"content":{"rendered":"\n  <div class=\"banner has-hover\" id=\"banner-1343780212\">\n          <div class=\"banner-inner fill\">\n        <div class=\"banner-bg fill\" >\n            <img loading=\"lazy\" decoding=\"async\" width=\"1020\" height=\"765\" src=\"https:\/\/huepress.vn\/wp-content\/uploads\/2023\/11\/z4891637904849_96d68509f3822e3eb39ed13446151415-1067x800.jpg\" class=\"bg attachment-large size-large\" alt=\"\" \/>                        <div class=\"overlay\"><\/div>            \n                    <\/div>\n\t\t\n        <div class=\"banner-layers container\">\n            <div class=\"fill banner-link\"><\/div>            \n        <\/div>\n      <\/div>\n\n            \n<style>\n#banner-1343780212 {\n  padding-top: 40%;\n}\n#banner-1343780212 .overlay {\n  background-color: rgba(0, 0, 0, 0.2);\n}\n#banner-1343780212 .banner-bg img {\n  object-position: 50% 0%;\n}\n<\/style>\n  <\/div>\n\n\n\n\t<section class=\"section\" id=\"section_1378741034\">\n\t\t<div class=\"section-bg fill\" >\n\t\t\t\t\t\t\t\t\t\n\t\t\t\n\n\t\t<\/div>\n\n\t\t\n\n\t\t<div class=\"section-content relative\">\n\t\t\t\n<div class=\"row\"  id=\"row-471338561\">\n\n\t<div id=\"col-172177133\" class=\"col small-12 large-12\"  >\n\t\t\t\t<div class=\"col-inner\" style=\"background-color:rgb(255,255,255);\" >\n\t\t\t\n\t\t\t\n<div class=\"row align-center\"  id=\"row-300031893\">\n\n\t<div id=\"col-1021177032\" class=\"col medium-9 small-10 large-7\"  >\n\t\t\t\t<div class=\"col-inner text-center\"  >\n\t\t\t\n\t\t\t\n\t<div id=\"text-2855599861\" class=\"text\">\n\t\t\n<h2 style=\"text-align: center;\">Team<\/h2>\n<p style=\"text-align: center;\"><strong>HUEPRESS: HUE \u2013 SCIENCE \u2013 GLOBAL<\/strong><\/p>\n<p>V\u1edbi nh\u1eefng n\u1ed7 l\u1ef1c nghi\u00ean c\u1ee9u v\u00e0 ph\u00e1t tri\u1ec3n m\u1ea1nh m\u1ebd trong su\u1ed1t 10 n\u0103m qua, c\u00f4ng ty HUEPRESS \u0111\u01b0\u1ee3c x\u00e2y d\u1ef1ng t\u1eeb th\u00e0nh qu\u1ea3, c\u00f4ng s\u1ee9c v\u00e0 l\u00f2ng nhi\u1ec7t huy\u1ebft c\u1ee7a to\u00e0n th\u1ec3 th\u00e0nh vi\u00ean c\u00f4ng ty, m\u1ed9t \u0111\u1ed9i ng\u0169 tr\u1ebb t\u00e0i n\u0103ng, nhi\u1ec7t huy\u1ebft v\u00e0 t\u1eadn t\u1ee5y.<\/p>\n\t\t\n<style>\n#text-2855599861 {\n  text-align: left;\n}\n<\/style>\n\t<\/div>\n\t\n\t\t<\/div>\n\t\t\t\t\n<style>\n#col-1021177032 > .col-inner {\n  margin: 20px 0px 20px 0px;\n}\n<\/style>\n\t<\/div>\n\n\t\n<\/div>\n\t\t<\/div>\n\t\t\t\t\n<style>\n#col-172177133 > .col-inner {\n  padding: 50px 0px 0px 0px;\n  margin: -70px 0px 0px 0px;\n}\n<\/style>\n\t<\/div>\n\n\t\n<\/div>\n\t\t<\/div>\n\n\t\t\n<style>\n#section_1378741034 {\n  padding-top: 30px;\n  padding-bottom: 30px;\n}\n<\/style>\n\t<\/section>\n\t\n\n\t<section class=\"section\" id=\"section_1248661998\">\n\t\t<div class=\"section-bg fill\" >\n\t\t\t\t\t\t\t\t\t\n\t\t\t\n\n\t\t<\/div>\n\n\t\t\n\n\t\t<div class=\"section-content relative\">\n\t\t\t\n<div class=\"row align-center\"  id=\"row-1604019080\">\n\n\t<div id=\"col-650589552\" class=\"col medium-11 small-12 large-10\"  >\n\t\t\t\t<div class=\"col-inner\"  >\n\t\t\t\n\t\t\t\n<span class=\"scroll-to\" data-label=\"Scroll to: #ceo\" data-bullet=\"true\" data-link=\"#ceo\" data-title=\"CEO\"><a name=\"ceo\"><\/a><\/span>\n<div class=\"row\"  id=\"row-428667961\">\n\n\t<div id=\"col-212640123\" class=\"col small-12 large-12\"  >\n\t\t\t\t<div class=\"col-inner\"  >\n\t\t\t\n\t\t\t\n<div class=\"row row-collapse align-middle\"  id=\"row-1294261885\">\n\n\t<div id=\"col-1082178999\" class=\"col medium-5 small-12 large-4\"  >\n\t\t\t\t<div class=\"col-inner\"  >\n\t\t\t\n\t\t\t\n\n  <div class=\"banner has-hover\" id=\"banner-1589881279\">\n          <div class=\"banner-inner fill\">\n        <div class=\"banner-bg fill\" >\n            <img loading=\"lazy\" decoding=\"async\" width=\"546\" height=\"546\" src=\"https:\/\/huepress.vn\/wp-content\/uploads\/2016\/06\/Trang-avatar.jpg\" class=\"bg attachment-original size-original\" alt=\"\" \/>                                    \n                    <\/div>\n\t\t\n        <div class=\"banner-layers container\">\n            <div class=\"fill banner-link\"><\/div>            \n        <\/div>\n      <\/div>\n\n            \n<style>\n#banner-1589881279 {\n  padding-top: 400px;\n  background-color: rgb(244, 244, 244);\n}\n#banner-1589881279 .banner-bg img {\n  object-position: 44% 53%;\n}\n@media (min-width:550px) {\n  #banner-1589881279 {\n    padding-top: 500px;\n  }\n}\n<\/style>\n  <\/div>\n\n\n\t\t<\/div>\n\t\t\t\t\t<\/div>\n\n\t\n\n\t<div id=\"col-1725927479\" class=\"col team-sorted-info medium-7 small-12 large-8\"  >\n\t\t\t\t<div class=\"col-inner\"  >\n\t\t\t\n\t\t\t\n<h2>Mr. Tr\u00e0ng Nguy\u1ec5n<\/h2>\n<h6>CEO @ HUEPRESS<\/h6>\n\t<div id=\"gap-1190699165\" class=\"gap-element clearfix\" style=\"display:block; height:auto;\">\n\t\t\n<style>\n#gap-1190699165 {\n  padding-top: 20px;\n}\n<\/style>\n\t<\/div>\n\t\n<p>Tr\u00e0ng Nguy\u1ec5n, nh\u00e0 khoa h\u1ecdc v\u00e0 l\u00e0 doanh nh\u00e2n v\u1ec1 c\u00f4ng v\u1ec7 th\u00f4ng tin v\u00e0 c\u00e1c c\u00f4ng ngh\u1ec7 \u0111\u1ed9c quy\u1ec1n s\u00e1ng ch\u1ebf nh\u01b0 LiFi, IoT, gi\u1ea3i ph\u00e1p chi\u1ebfu s\u00e1ng lighting, n\u0103ng l\u01b0\u1ee3ng green energy cho t\u00f2a nh\u00e0, v\u00e0 smart city.<\/p>\n<p>V\u1edbi ch\u1ec9 s\u1ed1 khoa h\u1ecdc Google Scholar cao (h-index 15 v\u00e0 h-10 index 23), c\u00e1c xu\u1ea5t b\u1ea3n c\u1ee7a Tr\u00e0ng \u0111\u01b0\u1ee3c gi\u1edbi khoa h\u1ecdc c\u00f4ng nh\u1eadn. Song song v\u1edbi \u0111\u00f3, t\u00ednh th\u1ef1c ti\u1ec5n c\u1ee7a c\u00e1c c\u00f4ng tr\u00ecnh n\u00e0y c\u0169ng r\u1ea5t l\u1edbn, trong \u0111\u00f3 c\u00f3 6 c\u00f4ng ngh\u1ec7 l\u00f5i \u0111\u01b0\u1ee3c Tr\u00e0ng \u0111\u00f3ng g\u00f3p trong chu\u1ea9n c\u00f4ng ngh\u1ec7 IEEE 802.15.7-2018 std., l\u00e0 m\u1ed9t chu\u1ea9n giao ti\u1ebfp \u00e1nh s\u00e1ng kh\u00f4ng d\u00e2y (song song v\u1edbi 3 c\u00f4ng ngh\u1ec7 l\u00f5i c\u1ee7a Intel v\u00e0 Panasonic trong chu\u1ea9n n\u00e0y). T\u00ednh \u1ee9ng d\u1ee5ng v\u00e0 \u0111\u1ed9c \u0111\u00e1o c\u0169ng \u0111\u01b0\u1ee3c ghi nh\u1eadn v\u1edbi g\u1ea7n 50 s\u00e1ng ch\u1ebf \u0111\u1ed9c quy\u1ec1n tr\u00ean kh\u1eafp th\u1ebf gi\u1edbi (M\u1ef9, H\u00e0n, v\u00e0 Vi\u1ec7t Nam).<\/p>\n<p>C\u00e1c nghi\u00ean c\u1ee9u khoa h\u1ecdc c\u1ee7a Tr\u00e0ng xoay quanh Truy\u1ec1n th\u00f4ng kh\u00f4ng d\u00e2y quang h\u1ecdc (OWC), M\u1ea1ng quang h\u1ecdc, H\u1ec7 th\u1ed1ng kh\u00f4ng d\u00e2y, Truy\u1ec1n th\u00f4ng camera quang h\u1ecdc (OCC) v\u00e0 c\u00e1c d\u1ecbch v\u1ee5 th\u1ef1c t\u1ebf t\u0103ng c\u01b0\u1eddng (Augmented Reality AR) qua \u00e1nh s\u00e1ng.<\/p>\n<div class=\"is-divider divider clearfix\" style=\"margin-top:1.2em;margin-bottom:1.2em;max-width:100%;height:2px;background-color:rgba(0, 0, 0, 0.09);\"><\/div>\n<div class=\"row row-small\"  id=\"row-89575642\">\n\n\t<div id=\"col-1835385533\" class=\"col medium-12 small-12 large-7\"  >\n\t\t\t\t<div class=\"col-inner\"  >\n\t\t\t\n\t\t\t\n<div class=\"social-icons follow-icons full-width text-left\" style=\"font-size:90%\"><a href=\"https:\/\/scholar.google.com\/citations?user=4nmVz20AAAAJ&#038;hl=en\" target=\"_blank\" data-label=\"Facebook\" class=\"icon primary button circle tooltip facebook\" title=\"Follow on Facebook\" aria-label=\"Follow on Facebook\" rel=\"noopener nofollow\"><i class=\"icon-facebook\" aria-hidden=\"true\"><\/i><\/a><a href=\"mailto:trang.nguyen@strath.ac.uk\" data-label=\"E-mail\" target=\"_blank\" class=\"icon primary button circle tooltip email\" title=\"Send us an email\" aria-label=\"Send us an email\" rel=\"nofollow noopener\"><i class=\"icon-envelop\" aria-hidden=\"true\"><\/i><\/a><a href=\"https:\/\/www.linkedin.com\/in\/trang--nguyen\/\" data-label=\"LinkedIn\" target=\"_blank\" class=\"icon primary button circle tooltip linkedin\" title=\"Follow on LinkedIn\" aria-label=\"Follow on LinkedIn\" rel=\"noopener nofollow\"><i class=\"icon-linkedin\" aria-hidden=\"true\"><\/i><\/a><\/div>\n\t\t<\/div>\n\t\t\t\t\t<\/div>\n\n\t\n\n\t<div id=\"col-2021776176\" class=\"col medium-12 small-12 large-5\"  >\n\t\t\t\t<div class=\"col-inner\"  >\n\t\t\t\n\t\t\t\n\t\t<\/div>\n\t\t\t\t\t<\/div>\n\n\t\n<\/div>\n\t\t<\/div>\n\t\t\t\t\n<style>\n#col-1725927479 > .col-inner {\n  padding: 20px 20px 20px 20px;\n}\n<\/style>\n\t<\/div>\n\n\t\n<\/div>\n\t\t<\/div>\n\t\t\t\t\n<style>\n#col-212640123 > .col-inner {\n  margin: 10px 0px 10px 0px;\n}\n<\/style>\n\t<\/div>\n\n\t\n\n<style>\n#row-428667961 > .col > .col-inner {\n  background-color: rgb(255,255,255);\n}\n<\/style>\n<\/div>\n<span class=\"scroll-to\" data-label=\"Scroll to: #cio\" data-bullet=\"true\" data-link=\"#cio\" data-title=\"CIO\"><a name=\"cio\"><\/a><\/span>\n<div class=\"row\"  id=\"row-1087047479\">\n\n\t<div id=\"col-502726643\" class=\"col small-12 large-12\"  >\n\t\t\t\t<div class=\"col-inner\"  >\n\t\t\t\n\t\t\t\n<div class=\"row row-collapse align-middle\"  id=\"row-175544996\">\n\n\t<div id=\"col-1460030743\" class=\"col team-sorted-info medium-7 small-12 large-8\"  >\n\t\t\t\t<div class=\"col-inner\"  >\n\t\t\t\n\t\t\t\n<h2>Mr. \u0110\u0103ng To\u00e0n<\/h2>\n<h6>Chief Information Officer (CIO) <\/h6>\n\t<div id=\"gap-205696567\" class=\"gap-element clearfix\" style=\"display:block; height:auto;\">\n\t\t\n<style>\n#gap-205696567 {\n  padding-top: 20px;\n}\n<\/style>\n\t<\/div>\n\t\n<p>Mr. To\u00e0n c\u00f3 nhi\u1ec1u kinh nghi\u1ec7m trong vi\u1ec7c ch\u1ec9 \u0111\u1ea1o c\u00e1c d\u1ef1 \u00e1n k\u1ef9 thu\u1eadt l\u1edbn v\u1edbi vai tr\u00f2 l\u00e0 tr\u01b0\u1edfng nh\u00f3m k\u1ef9 thu\u1eadt t\u1ea1i c\u00e1c c\u00f4ng ty h\u00e0ng \u0111\u1ea7u t\u1ea1i Vi\u1ec7t Nam v\u00e0 th\u1ebf gi\u1edbi.<\/p>\n<p>\u00d4ng c\u00f3 t\u1ea7m nh\u00ecn r\u1ed9ng v\u1ec1 t\u1ea5t c\u1ea3 c\u00e1c h\u1ec7 th\u1ed1ng k\u1ef9 thu\u1eadt ch\u00ednh, \u0111i\u1ec1u n\u00e0y s\u1ebd \u0111\u00f3ng vai tr\u00f2 quan tr\u1ecdng trong vi\u1ec7c tri\u1ec3n khai d\u1ef1 \u00e1n gi\u1ea3i ph\u00e1p doanh nghi\u1ec7p c\u1ee7a HUEPRESS.<\/p>\n<p>Kinh nghi\u1ec7m l\u00e0m vi\u1ec7c:<\/p>\n<p style=\"padding-left: 40px;\">1. Datapal LLC (4\/2021 &#8211; Hi\u1ec7n t\u1ea1i): \u0110\u1ed3ng s\u00e1ng l\u1eadp, Gi\u00e1m \u0111\u1ed1c qu\u1ed1c gia<\/p>\n<p style=\"padding-left: 40px;\">2. BigData VINGROUP (3\/2019 &#8211; Hi\u1ec7n t\u1ea1i): Ki\u1ebfn tr\u00fac s\u01b0 ph\u1ea7n m\u1ec1m, Tr\u01b0\u1edfng nh\u00f3m c\u00f4ng ngh\u1ec7 d\u1eef li\u1ec7u l\u1edbn, Trung t\u00e2m tin h\u1ecdc y sinh<\/p>\n<p style=\"padding-left: 40px;\">3. Cinnamon AI (6\/2018 &#8211; 3\/2019): Tr\u01b0\u1edfng nh\u00f3m k\u1ef9 thu\u1eadt<\/p>\n<p style=\"padding-left: 40px;\">4. Viosoft Vietnam (8\/2015 &#8211; 6\/2018): K\u1ef9 s\u01b0 ph\u00e1t tri\u1ec3n s\u1ea3n ph\u1ea9m<\/p>\n<p style=\"padding-left: 40px;\">5. Samsung Electronics (8\/2013 &#8211; 8\/2015): Tr\u01b0\u1edfng nh\u00f3m k\u1ef9 thu\u1eadt<\/p>\n<p style=\"padding-left: 40px;\">\u00a0<\/p>\n<div class=\"is-divider divider clearfix\" style=\"margin-top:1.2em;margin-bottom:1.2em;max-width:100%;height:2px;background-color:rgba(0, 0, 0, 0.09);\"><\/div>\n\t\t<\/div>\n\t\t\t\t\n<style>\n#col-1460030743 > .col-inner {\n  padding: 20px 20px 20px 20px;\n}\n<\/style>\n\t<\/div>\n\n\t\n\n\t<div id=\"col-1697655866\" class=\"col medium-5 small-12 large-4 small-col-first\"  >\n\t\t\t\t<div class=\"col-inner\"  >\n\t\t\t\n\t\t\t\n\n  <div class=\"banner has-hover\" id=\"banner-1927554048\">\n          <div class=\"banner-inner fill\">\n        <div class=\"banner-bg fill\" >\n            <img loading=\"lazy\" decoding=\"async\" width=\"422\" height=\"471\" src=\"https:\/\/huepress.vn\/wp-content\/uploads\/2022\/10\/13131700_1098362683557796_4279819126032559943_o.jpg\" class=\"bg attachment-original size-original\" alt=\"\" \/>                                    \n                    <\/div>\n\t\t\n        <div class=\"banner-layers container\">\n            <div class=\"fill banner-link\"><\/div>            \n        <\/div>\n      <\/div>\n\n            \n<style>\n#banner-1927554048 {\n  padding-top: 400px;\n  background-color: rgb(244, 244, 244);\n}\n#banner-1927554048 .banner-bg img {\n  object-position: 50% 52%;\n}\n@media (min-width:550px) {\n  #banner-1927554048 {\n    padding-top: 500px;\n  }\n}\n<\/style>\n  <\/div>\n\n\n\t\t<\/div>\n\t\t\t\t\t<\/div>\n\n\t\n<\/div>\n\t\t<\/div>\n\t\t\t\t\n<style>\n#col-502726643 > .col-inner {\n  margin: 10px 0px 10px 0px;\n}\n<\/style>\n\t<\/div>\n\n\t\n\n<style>\n#row-1087047479 > .col > .col-inner {\n  background-color: rgb(255,255,255);\n}\n<\/style>\n<\/div>\n<span class=\"scroll-to\" data-label=\"Scroll to: #cso\" data-bullet=\"true\" data-link=\"#cso\" data-title=\"AI lead\"><a name=\"cso\"><\/a><\/span>\n<div class=\"row\"  id=\"row-25838709\">\n\n\t<div id=\"col-1375488578\" class=\"col small-12 large-12\"  >\n\t\t\t\t<div class=\"col-inner\"  >\n\t\t\t\n\t\t\t\n<div class=\"row row-collapse align-middle\"  id=\"row-1132630319\">\n\n\t<div id=\"col-804484846\" class=\"col medium-5 small-12 large-4 small-col-first\"  >\n\t\t\t\t<div class=\"col-inner\"  >\n\t\t\t\n\t\t\t\n\n  <div class=\"banner has-hover\" id=\"banner-1257748023\">\n          <div class=\"banner-inner fill\">\n        <div class=\"banner-bg fill\" >\n            <img loading=\"lazy\" decoding=\"async\" width=\"858\" height=\"963\" src=\"https:\/\/huepress.vn\/wp-content\/uploads\/2023\/09\/Nhaan_n.jpg\" class=\"bg attachment-original size-original\" alt=\"\" \/>                                    \n                    <\/div>\n\t\t\n        <div class=\"banner-layers container\">\n            <div class=\"fill banner-link\"><\/div>            \n        <\/div>\n      <\/div>\n\n            \n<style>\n#banner-1257748023 {\n  padding-top: 400px;\n  background-color: rgb(244, 244, 244);\n}\n#banner-1257748023 .banner-bg img {\n  object-position: 49% 56%;\n}\n@media (min-width:550px) {\n  #banner-1257748023 {\n    padding-top: 500px;\n  }\n}\n<\/style>\n  <\/div>\n\n\n\t\t<\/div>\n\t\t\t\t\t<\/div>\n\n\t\n\n\t<div id=\"col-1108352977\" class=\"col team-sorted-info medium-7 small-12 large-8\"  >\n\t\t\t\t<div class=\"col-inner\"  >\n\t\t\t\n\t\t\t\n\t<div id=\"text-1733500586\" class=\"text\">\n\t\t\n<h2>Mr. \u0110\u1ee9c Nh\u00e2n<\/h2>\n<h6>AI Application team lead<\/h6>\n<p>Nhan Nguyen l\u00e0 nghi\u00ean c\u1ee9u vi\u00ean chuy\u00ean ng\u00e0nh k\u1ef9 thu\u1eadt \u0111i\u1ec7n v\u00e0 ng\u00f4n ng\u1eef t\u1ef1 nhi\u00ean v\u00e0 c\u01a1 th\u1ec3 ng\u01b0\u1eddi s\u1eed d\u1ee5ng AI h\u1ecdc s\u00e2u, d\u1eef li\u1ec7u l\u1edbn v\u00e0 h\u1ec7 \u0111i\u1ec1u h\u00e0nh robot (ROS). Anh \u0111\u00e3 ho\u00e0n th\u00e0nh kh\u00f3a ti\u1ebfn s\u0129 y sinh v\u1ec1 h\u00ecnh \u1ea3nh y khoa v\u00e0 x\u1eed l\u00fd t\u00edn hi\u1ec7u, c\u00f3 nhi\u1ec1u c\u00f4ng tr\u00ecnh khoa h\u1ecdc th\u1ef1c ti\u1ec5n \u0111\u01b0\u1ee3c c\u00f4ng b\u1ed1 tr\u00ean c\u00e1c t\u1ea1p ch\u00ed h\u1ed9i ngh\u1ecb h\u00e0ng \u0111\u1ea7u th\u1ebf gi\u1edbi trong l\u0129nh v\u1ef1c h\u1ecdc s\u00e2u, AI v\u00e0 d\u1eef li\u1ec7u l\u1edbn nh\u01b0 IEEE, ISMRM, ICMRI v\u00e0 IOP.<\/p>\n<p>Anh \u0111\u00e3 l\u00e0m vi\u1ec7c t\u1ea1i c\u00e1c t\u1eadp \u0111o\u00e0n trong v\u00e0 ngo\u00e0i n\u01b0\u1edbc nh\u01b0 Dridone (H\u00e0n Qu\u1ed1c), Toshiba (Vi\u1ec7t Nam), &#8230; v\u00e0 l\u00e0 vi\u1ec7n s\u0129 Vi\u1ec7n H\u00e0n l\u00e2m Khoa h\u1ecdc v\u00e0 C\u00f4ng ngh\u1ec7 Vi\u1ec7t Nam.<\/p>\n<p>T\u1eeb n\u0103m 2020, anh \u0111\u1ea3m nhi\u1ec7m vai tr\u00f2 Tr\u01b0\u1edfng nh\u00f3m k\u1ef9 thu\u1eadt t\u1ea1i C\u00f4ng ty TNHH HuePress. Hi\u1ec7n t\u1ea1i, Nhan c\u0169ng l\u00e0 Tr\u1ee3 l\u00fd qu\u1ea3n l\u00fd v\u00e0 Nghi\u00ean c\u1ee9u vi\u00ean t\u1ea1i C\u00f4ng ty TNHH Gridone t\u1ea1i H\u00e0n Qu\u1ed1c, chuy\u00ean v\u1ec1 x\u1eed l\u00fd ng\u00f4n ng\u1eef t\u1ef1 nhi\u00ean v\u00e0 m\u00f4 h\u00ecnh ng\u00f4n ng\u1eef l\u1edbn.<\/p>\n\t\t\n<style>\n#text-1733500586 {\n  text-align: left;\n}\n<\/style>\n\t<\/div>\n\t\n\t<div id=\"gap-521541042\" class=\"gap-element clearfix\" style=\"display:block; height:auto;\">\n\t\t\n<style>\n#gap-521541042 {\n  padding-top: 20px;\n}\n<\/style>\n\t<\/div>\n\t\n<div class=\"is-divider divider clearfix\" style=\"margin-top:1.2em;margin-bottom:1.2em;max-width:100%;height:2px;background-color:rgba(0, 0, 0, 0.09);\"><\/div>\n\t\t<\/div>\n\t\t\t\t\n<style>\n#col-1108352977 > .col-inner {\n  padding: 20px 20px 20px 20px;\n}\n<\/style>\n\t<\/div>\n\n\t\n<\/div>\n\t\t<\/div>\n\t\t\t\t\n<style>\n#col-1375488578 > .col-inner {\n  margin: 10px 0px 10px 0px;\n}\n<\/style>\n\t<\/div>\n\n\t\n<\/div>\n<span class=\"scroll-to\" data-label=\"Scroll to: #CFO\" data-bullet=\"true\" data-link=\"#CFO\" data-title=\"LiFi lead\"><a name=\"CFO\"><\/a><\/span>\n<div class=\"row\"  id=\"row-1306649037\">\n\n\t<div id=\"col-41119687\" class=\"col small-12 large-12\"  >\n\t\t\t\t<div class=\"col-inner\"  >\n\t\t\t\n\t\t\t\n<div class=\"row row-collapse align-middle\"  id=\"row-1422821385\">\n\n\t<div id=\"col-392388256\" class=\"col team-sorted-info medium-7 small-12 large-8\"  >\n\t\t\t\t<div class=\"col-inner\"  >\n\t\t\t\n\t\t\t\n<h2>Mr. Huy Nguyen <\/h2>\n<h6>LiFi and AI Team lead  <\/h6>\n\t<div id=\"gap-2005714013\" class=\"gap-element clearfix\" style=\"display:block; height:auto;\">\n\t\t\n<style>\n#gap-2005714013 {\n  padding-top: 20px;\n}\n<\/style>\n\t<\/div>\n\t\n<p>C\u00e1c l\u0129nh v\u1ef1c nghi\u00ean c\u1ee9u c\u1ee7a Mr. Huy bao g\u1ed3m Truy\u1ec1n th\u00f4ng kh\u00f4ng d\u00e2y quang (OWC), M\u1ea1ng quang, H\u1ec7 th\u1ed1ng kh\u00f4ng d\u00e2y, \u0110\u1ed9 trung th\u1ef1c \u00e1nh s\u00e1ng (Li-Fi), Truy\u1ec1n th\u00f4ng camera quang (OCC) v\u00e0 Tr\u00ed tu\u1ec7 nh\u00e2n t\u1ea1o (AI) cho c\u00e1c h\u1ec7 th\u1ed1ng truy\u1ec1n th\u00f4ng.<\/p>\n<p>Mr. Huy \u0111\u00e3 thi\u1ebft k\u1ebf v\u00e0 tri\u1ec3n khai m\u1ed9t bi\u1ebfn th\u1ec3 c\u1ee7a c\u00e1c h\u1ec7 th\u1ed1ng OWC\/OCC. Ch\u1ee7 y\u1ebfu t\u1eeb n\u0103m 2019 \u0111\u1ebfn nay, \u00f4ng \u0111\u00e3 xu\u1ea5t b\u1ea3n 11 b\u00e0i b\u00e1o tr\u00ean t\u1ea1p ch\u00ed SCI v\u00e0 +30 b\u00e0i b\u00e1o h\u1ed9i ngh\u1ecb trong khi \u00f4ng c\u00f3 \u0111\u00f3ng g\u00f3p ch\u1ee7 y\u1ebfu cho 6 b\u1eb1ng s\u00e1ng ch\u1ebf\/\u1ee9ng d\u1ee5ng qu\u1ed1c t\u1ebf (USA) + 50 b\u1eb1ng s\u00e1ng ch\u1ebf\/\u1ee9ng d\u1ee5ng kh\u00e1c c\u1ee7a H\u00e0n Qu\u1ed1c.<\/p>\n<p>Hi\u1ec7n t\u1ea1i, Mr. Huy ho\u00e0n t\u1ea5t th\u1ee7 t\u1ee5c th\u00f4i vi\u1ec7c v\u1edbi t\u01b0 c\u00e1ch l\u00e0 Nh\u00e0 nghi\u00ean c\u1ee9u sau ti\u1ebfn s\u0129 t\u1ea1i Ph\u00f2ng th\u00ed nghi\u1ec7m Truy\u1ec1n th\u00f4ng kh\u00f4ng d\u00e2y v\u00e0 Tr\u00ed tu\u1ec7 nh\u00e2n t\u1ea1o (WiComAI Lab), v\u00e0 \u0111\u1ea7u qu\u00e2n cho HuePress.<\/p>\n<div class=\"is-divider divider clearfix\" style=\"margin-top:1.2em;margin-bottom:1.2em;max-width:100%;height:2px;background-color:rgba(0, 0, 0, 0.09);\"><\/div>\n\t\t<\/div>\n\t\t\t\t\n<style>\n#col-392388256 > .col-inner {\n  padding: 20px 20px 20px 20px;\n}\n<\/style>\n\t<\/div>\n\n\t\n\n\t<div id=\"col-886134626\" class=\"col medium-5 small-12 large-4 small-col-first\"  >\n\t\t\t\t<div class=\"col-inner\"  >\n\t\t\t\n\t\t\t\n\n  <div class=\"banner has-hover\" id=\"banner-244352038\">\n          <div class=\"banner-inner fill\">\n        <div class=\"banner-bg fill\" >\n            <img loading=\"lazy\" decoding=\"async\" width=\"407\" height=\"520\" src=\"https:\/\/huepress.vn\/wp-content\/uploads\/2025\/02\/HUY.jpg\" class=\"bg attachment-original size-original\" alt=\"\" \/>                                    \n                    <\/div>\n\t\t\n        <div class=\"banner-layers container\">\n            <div class=\"fill banner-link\"><\/div>            \n        <\/div>\n      <\/div>\n\n            \n<style>\n#banner-244352038 {\n  padding-top: 400px;\n  background-color: rgb(244, 244, 244);\n}\n#banner-244352038 .banner-bg img {\n  object-position: 50% 52%;\n}\n@media (min-width:550px) {\n  #banner-244352038 {\n    padding-top: 500px;\n  }\n}\n<\/style>\n  <\/div>\n\n\n\t\t<\/div>\n\t\t\t\t\t<\/div>\n\n\t\n<\/div>\n\t\t<\/div>\n\t\t\t\t\n<style>\n#col-41119687 > .col-inner {\n  margin: 10px 0px 10px 0px;\n}\n<\/style>\n\t<\/div>\n\n\t\n\n<style>\n#row-1306649037 > .col > .col-inner {\n  background-color: rgb(255,255,255);\n}\n<\/style>\n<\/div>\n<span class=\"scroll-to\" data-label=\"Scroll to: #cao\" data-bullet=\"true\" data-link=\"#cao\" data-title=\"Scientific lead\"><a name=\"cao\"><\/a><\/span>\n<div class=\"row\"  id=\"row-2134591374\">\n\n\t<div id=\"col-1358981223\" class=\"col small-12 large-12\"  >\n\t\t\t\t<div class=\"col-inner\"  >\n\t\t\t\n\t\t\t\n<div class=\"row row-collapse align-middle\"  id=\"row-1039371462\">\n\n\t<div id=\"col-1654155557\" class=\"col medium-5 small-12 large-4 small-col-first\"  >\n\t\t\t\t<div class=\"col-inner\"  >\n\t\t\t\n\t\t\t\n\n  <div class=\"banner has-hover\" id=\"banner-1614695774\">\n          <div class=\"banner-inner fill\">\n        <div class=\"banner-bg fill\" >\n            <img loading=\"lazy\" decoding=\"async\" width=\"838\" height=\"875\" src=\"https:\/\/huepress.vn\/wp-content\/uploads\/2025\/02\/449481573_7924321880964583_9113317459668669780_n.jpg\" class=\"bg attachment-original size-original\" alt=\"\" \/>                                    \n                    <\/div>\n\t\t\n        <div class=\"banner-layers container\">\n            <div class=\"fill banner-link\"><\/div>            \n        <\/div>\n      <\/div>\n\n            \n<style>\n#banner-1614695774 {\n  padding-top: 400px;\n  background-color: rgb(244, 244, 244);\n}\n#banner-1614695774 .banner-bg img {\n  object-position: 49% 56%;\n}\n@media (min-width:550px) {\n  #banner-1614695774 {\n    padding-top: 500px;\n  }\n}\n<\/style>\n  <\/div>\n\n\n\t\t<\/div>\n\t\t\t\t\t<\/div>\n\n\t\n\n\t<div id=\"col-801752246\" class=\"col team-sorted-info medium-7 small-12 large-8\"  >\n\t\t\t\t<div class=\"col-inner\"  >\n\t\t\t\n\t\t\t\n\t<div id=\"text-1645628265\" class=\"text\">\n\t\t\n<h2>Mr. Duy Th\u00f4ng<\/h2>\n<h6>Scientific Researcher (Smart City)<\/h6>\n<p>TS. Nguy\u1ec5n Duy Th\u00f4ng, nh\u00e0 nghi\u00ean c\u1ee9u chuy\u00ean s\u00e2u v\u1ec1 h\u1ec7 th\u1ed1ng vi\u1ec5n th\u00f4ng t\u1ed1c \u0111\u1ed9 cao, h\u1ec7 th\u1ed1ng c\u00e1p quang v\u00e0 h\u1ec7 th\u1ed1ng LiFi t\u1ed1c \u0111\u1ed9 cao.<\/p>\n<p>C\u00e1c nghi\u00ean c\u1ee9u chuy\u00ean s\u00e2u bao g\u1ed3m:<\/p>\n<ul>\n<li style=\"list-style-type: none;\">\n<ul>\n<li>M\u1ea1ng LiFi cho v\u1ec7 tinh<\/li>\n<li>M\u1ea1ng LiFi cho oto t\u1ef1 l\u00e1i<\/li>\n<li>M\u1ea1ng LiFi cho d\u00e2n d\u1ee5ng<\/li>\n<\/ul>\n<\/li>\n<\/ul>\n\t\t\n<style>\n#text-1645628265 {\n  text-align: left;\n}\n<\/style>\n\t<\/div>\n\t\n\t<div id=\"gap-142333247\" class=\"gap-element clearfix\" style=\"display:block; height:auto;\">\n\t\t\n<style>\n#gap-142333247 {\n  padding-top: 20px;\n}\n<\/style>\n\t<\/div>\n\t\n<div class=\"is-divider divider clearfix\" style=\"margin-top:1.2em;margin-bottom:1.2em;max-width:100%;height:2px;background-color:rgba(0, 0, 0, 0.09);\"><\/div>\n\t\t<\/div>\n\t\t\t\t\n<style>\n#col-801752246 > .col-inner {\n  padding: 20px 20px 20px 20px;\n}\n<\/style>\n\t<\/div>\n\n\t\n<\/div>\n\t\t<\/div>\n\t\t\t\t\n<style>\n#col-1358981223 > .col-inner {\n  margin: 10px 0px 10px 0px;\n}\n<\/style>\n\t<\/div>\n\n\t\n<\/div>\n\t\t<\/div>\n\t\t\t\t\t<\/div>\n\n\t\n\n<style>\n#row-1604019080 > .col > .col-inner {\n  padding: 50px 0px 20px 0px;\n}\n@media (min-width:550px) {\n  #row-1604019080 > .col > .col-inner {\n    padding: 100px 0px 50px 0px;\n  }\n}\n<\/style>\n<\/div>\n\t\t<\/div>\n\n\t\t\n<style>\n#section_1248661998 {\n  padding-top: 30px;\n  padding-bottom: 30px;\n  background-color: rgb(244, 244, 244);\n}\n<\/style>\n\t<\/section>\n\t\n","protected":false},"excerpt":{"rendered":"","protected":false},"author":1,"featured_media":0,"parent":0,"menu_order":0,"comment_status":"closed","ping_status":"closed","template":"","meta":{"_acf_changed":false,"inline_featured_image":false,"footnotes":""},"class_list":["post-4683","page","type-page","status-publish","hentry"],"acf":[],"_links":{"self":[{"href":"https:\/\/huepress.vn\/en\/wp-json\/wp\/v2\/pages\/4683","targetHints":{"allow":["GET"]}}],"collection":[{"href":"https:\/\/huepress.vn\/en\/wp-json\/wp\/v2\/pages"}],"about":[{"href":"https:\/\/huepress.vn\/en\/wp-json\/wp\/v2\/types\/page"}],"author":[{"embeddable":true,"href":"https:\/\/huepress.vn\/en\/wp-json\/wp\/v2\/users\/1"}],"replies":[{"embeddable":true,"href":"https:\/\/huepress.vn\/en\/wp-json\/wp\/v2\/comments?post=4683"}],"version-history":[{"count":12,"href":"https:\/\/huepress.vn\/en\/wp-json\/wp\/v2\/pages\/4683\/revisions"}],"predecessor-version":[{"id":10383,"href":"https:\/\/huepress.vn\/en\/wp-json\/wp\/v2\/pages\/4683\/revisions\/10383"}],"wp:attachment":[{"href":"https:\/\/huepress.vn\/en\/wp-json\/wp\/v2\/media?parent=4683"}],"curies":[{"name":"wp","href":"https:\/\/api.w.org\/{rel}","templated":true}]}}